{"id":59,"date":"2024-04-04T07:15:54","date_gmt":"2024-04-04T04:15:54","guid":{"rendered":"https:\/\/sisu.ut.ee\/ope\/1-uldsatted\/"},"modified":"2024-04-16T14:49:21","modified_gmt":"2024-04-16T11:49:21","slug":"1-uldsatted","status":"publish","type":"page","link":"https:\/\/sisu.ut.ee\/ope\/1-uldsatted\/","title":{"rendered":"I. \u00dclds\u00e4tted"},"content":{"rendered":"<p style=\"text-align: left;\"><strong><br>\n1. <\/strong>Doktori\u00f5ppe eeskiri (edaspidi: eeskiri) reguleerib doktori\u00f5ppes \u00f5ppimist, doktorit\u00f6\u00f6de kohta esitatavaid n\u00f5udeid ning doktorikraadi taotlemise ja andmise korda Tartu \u00dclikoolis (edaspidi: \u00fclikool).<\/p>\n<p style=\"text-align: left;\"><\/p><div class=\"accordion mb-3\">\n        <div class=\"accordion-item accordion-item--white\">\n        <h2 class=\"accordion-header\" id=\"accordion-69d579b4a9575-heading\">\n            <button class=\"accordion-button collapsed\" type=\"button\" data-bs-toggle=\"collapse\" data-bs-target=\"#accordion-69d579b4a9575-collapse\" aria-expanded=\"true\" aria-controls=\"accordion-69d579b4a9575-collapse\">Hea tava<\/button>\n        <\/h2>\n        <div id=\"accordion-69d579b4a9575-collapse\" class=\"accordion-collapse collapse\" aria-labelledby=\"accordion-69d579b4a9575-heading\">\n            <div class=\"accordion-body\">Doktori\u00f5ppe eesm\u00e4rgid ja \u00fcldised p\u00f5him\u00f5tted leiad <a title=\"\" href=\"https:\/\/ut.ee\/sites\/default\/files\/inline-files\/doktorioppe_hea_tava.pdf\" target=\"_blank\" rel=\"noopener\" data-url=\"https:\/\/ut.ee\/sites\/default\/files\/inline-files\/doktorioppe_hea_tava.pdf\"><span style=\"color: #0099ff;\">doktori\u00f5ppe heast tavast<\/span><\/a>. Tutvu \u00fclikooli heade tavadega, sh hea teadustavaga, <a title=\"\" href=\"https:\/\/www.ut.ee\/et\/ulikoolist\/head-tavad-ulikoolis\" target=\"_blank\" rel=\"noopener\" data-url=\"https:\/\/www.ut.ee\/et\/ulikoolist\/head-tavad-ulikoolis\"><span style=\"color: #0099ff;\">v\u00e4lisveebis<\/span><\/a>.\u00a0<\/div>\n        <\/div>\n        <\/div>\n    <\/div>\n<p style=\"text-align: left;\"><strong>2. <\/strong>Kui dekaan ei ole teadusprodekaani m\u00e4\u00e4ranud, t\u00e4idab eeskirjaga teadusprodekaanile pandud kohustusi doktori\u00f5ppe eest vastutav prodekaan v\u00f5i kui teda pole m\u00e4\u00e4ratud, siis dekaan ise.<\/p>\n<p style=\"text-align: justify;\"><strong>3.<\/strong> \u00dclikooli ametlik \u00f5ppekorralduse infovahetuskeskkond on \u00f5ppeinfos\u00fcsteem.<\/p>\n<p style=\"text-align: justify;\"><\/p><div class=\"accordion mb-3\">\n        <div class=\"accordion-item accordion-item--white\">\n        <h2 class=\"accordion-header\" id=\"accordion-69d579b4a9588-heading\">\n            <button class=\"accordion-button collapsed\" type=\"button\" data-bs-toggle=\"collapse\" data-bs-target=\"#accordion-69d579b4a9588-collapse\" aria-expanded=\"true\" aria-controls=\"accordion-69d579b4a9588-collapse\">Juhendid<\/button>\n        <\/h2>\n        <div id=\"accordion-69d579b4a9588-collapse\" class=\"accordion-collapse collapse\" aria-labelledby=\"accordion-69d579b4a9588-heading\">\n            <div class=\"accordion-body\">\u00d5ppekavad, kursuste ainekavad, tunniplaanid, \u00f5ppet\u00f6\u00f6tulemused ja \u00fcli\u00f5pilasega seotud korraldused paiknevad \u00fclikooli \u00f5ppeinfos\u00fcsteemis (\u00d5IS). <a title=\"\" href=\"https:\/\/ois2.ut.ee\/#\/dashboard\" target=\"_blank\" rel=\"noopener\" data-url=\"https:\/\/ois2.ut.ee\/#\/dashboard\"><span style=\"color: #0099ff;\">\u00d5ppeinfos\u00fcsteemi<\/span><\/a> sisselogimiseks on vaja \u00fclikooli arvutiv\u00f5rgu kasutajanime ja parooli. \u00d5ISi <a title=\"\" href=\"https:\/\/wiki.ut.ee\/pages\/viewpage.action?pageId=15606090\" target=\"_blank\" rel=\"noopener\" data-url=\"https:\/\/wiki.ut.ee\/pages\/viewpage.action?pageId=15606090\"><span style=\"color: #0099ff;\">info ja juhendid<\/span><\/a>.<\/div>\n        <\/div>\n        <\/div>\n    <\/div>\n<p style=\"text-align: justify;\"><strong>4. <\/strong>Eeskirjaga reguleerimata \u00f5ppekorralduslikes k\u00fcsimustes, sealhulgas eeskirjas reguleerimata \u00f5ppekorralduslike otsuste vaidlustamisel ja v\u00e4\u00e4ritu k\u00e4itumise juhtumite menetlemisel kehtivad doktorandi, k\u00fclalisdoktorandi ja eksterni kohta \u00fcli\u00f5pilase \u00f5igused ja kohustused ning p\u00f5him\u00f5tted, mis on s\u00e4testatud \u00f5ppekorralduseeskirjas. Sellisel juhul on \u00f5ppeprodekaanile v\u00f5i \u00f5ppeprorektorile antud \u00f5igused ja kohustused vastavalt teadusprodekaanil ja teadusprorektoril.<\/p>\n<p style=\"text-align: justify;\">\n<\/p>","protected":false},"excerpt":{"rendered":"<p>1. Doktori\u00f5ppe eeskiri (edaspidi: eeskiri) reguleerib doktori\u00f5ppes \u00f5ppimist, doktorit\u00f6\u00f6de kohta esitatavaid n\u00f5udeid ning doktorikraadi taotlemise ja andmise korda Tartu \u00dclikoolis (edaspidi: \u00fclikool). Hea tava Doktori\u00f5ppe eesm\u00e4rgid ja \u00fcldised p\u00f5him\u00f5tted leiad doktori\u00f5ppe heast tavast. Tutvu \u00fclikooli heade tavadega, sh hea teadustavaga, &#8230;<\/p>\n","protected":false},"author":228,"featured_media":0,"parent":0,"menu_order":0,"comment_status":"closed","ping_status":"closed","template":"","meta":{"_acf_changed":false,"inline_featured_image":false,"footnotes":""},"class_list":["post-59","page","type-page","status-publish","hentry"],"acf":[],"_links":{"self":[{"href":"https:\/\/sisu.ut.ee\/ope\/wp-json\/wp\/v2\/pages\/59","targetHints":{"allow":["GET"]}}],"collection":[{"href":"https:\/\/sisu.ut.ee\/ope\/wp-json\/wp\/v2\/pages"}],"about":[{"href":"https:\/\/sisu.ut.ee\/ope\/wp-json\/wp\/v2\/types\/page"}],"author":[{"embeddable":true,"href":"https:\/\/sisu.ut.ee\/ope\/wp-json\/wp\/v2\/users\/228"}],"replies":[{"embeddable":true,"href":"https:\/\/sisu.ut.ee\/ope\/wp-json\/wp\/v2\/comments?post=59"}],"version-history":[{"count":4,"href":"https:\/\/sisu.ut.ee\/ope\/wp-json\/wp\/v2\/pages\/59\/revisions"}],"predecessor-version":[{"id":1409,"href":"https:\/\/sisu.ut.ee\/ope\/wp-json\/wp\/v2\/pages\/59\/revisions\/1409"}],"wp:attachment":[{"href":"https:\/\/sisu.ut.ee\/ope\/wp-json\/wp\/v2\/media?parent=59"}],"curies":[{"name":"wp","href":"https:\/\/api.w.org\/{rel}","templated":true}]}}