{"id":58,"date":"2024-04-04T07:15:54","date_gmt":"2024-04-04T04:15:54","guid":{"rendered":"https:\/\/sisu.ut.ee\/ope\/atesteerimiseks-vajalikud-dokumendid\/"},"modified":"2025-05-19T16:11:44","modified_gmt":"2025-05-19T13:11:44","slug":"atesteerimiseks-vajalikud-dokumendid","status":"publish","type":"page","link":"https:\/\/sisu.ut.ee\/ope\/atesteerimiseks-vajalikud-dokumendid\/","title":{"rendered":"II.5.3. Atesteerimiseks vajalikud dokumendid"},"content":{"rendered":"<p style=\"text-align: justify;\"><strong><br><a id=\"70\" name=\"70\"><\/a>70. <\/strong>Doktori\u00f5ppes \u00f5ppija sisestab atesteerimiseks vajalikud dokumendid \u00f5ppeinfos\u00fcsteemi v\u00e4hemalt kaheksa t\u00f6\u00f6p\u00e4eva enne atesteerimise kuup\u00e4eva.<\/p>\n<p style=\"text-align: justify;\"><strong><a id=\"71\" name=\"71\"><\/a>71. <\/strong>Atesteerimiskomisjonile tuleb esitada doktori\u00f5ppes \u00f5ppija ja juhendaja(te) kinnitatud <a title=\"\" href=\"https:\/\/adr.ut.ee\/?page=pub_get_ttxt_dokv_file&amp;pid=140548726&amp;lang=est&amp;u=20220824074529&amp;desktop=57835&amp;r_url=%2F%3Fpage%3Dpub_list_dynobj%26pid%3D%26tid%3D70993%26u%3D20220824074529\" target=\"_blank\" rel=\"noopener\" data-url=\"https:\/\/adr.ut.ee\/?page=pub_get_ttxt_dokv_file&amp;pid=140548726&amp;lang=est&amp;u=20220824074529&amp;desktop=57835&amp;r_url=%2F%3Fpage%3Dpub_list_dynobj%26pid%3D%26tid%3D70993%26u%3D20220824074529\">atesteerimisaruanne<\/a> ja perioodiplaan ning valdkonna atesteerimiskorras n\u00f5utud lisamaterjalid. Individuaalplaan tuleb esitada esimese aasta esimeseks atesteerimiseks ja edaspidi juhul, kui seda soovitakse muuta.<\/p>\n<p style=\"text-align: justify;\"><strong>72. <\/strong>Kui atesteerimisaruandega taotletakse V\u00d5TA-t v\u00f5i \u00f5pingute ajal v\u00e4ljaspool \u00fclikooli saadud \u00f5pi- ja t\u00f6\u00f6kogemuse arvestamist doktori\u00f5ppe programmi t\u00e4itmiseks <a title=\"\" href=\"https:\/\/sisu.ut.ee\/ope\/uldised-pohimotted\/#:~:text=alusel%20v%C3%A4lismaal%20%C3%B5ppijaks.-,30.,-Varasemate%20%C3%B5pingute%20ja\" target=\"_blank\" rel=\"noopener\" data-url=\"https:\/\/sisu.ut.ee\/ope\/%C3%BCldised-p%C3%B5him%C3%B5tted?lang=et#30\">punkti 30<\/a> alusel, tuleb selleks enne atesteerimisaruande esitamist saada n\u00f5usolek doktori\u00f5ppe programmi eriala juhilt.<\/p>\n\n\n<p><\/p>\n","protected":false},"excerpt":{"rendered":"<p>70. Doktori\u00f5ppes \u00f5ppija sisestab atesteerimiseks vajalikud dokumendid \u00f5ppeinfos\u00fcsteemi v\u00e4hemalt kaheksa t\u00f6\u00f6p\u00e4eva enne atesteerimise kuup\u00e4eva. 71. Atesteerimiskomisjonile tuleb esitada doktori\u00f5ppes \u00f5ppija ja juhendaja(te) kinnitatud atesteerimisaruanne ja perioodiplaan ning valdkonna atesteerimiskorras n\u00f5utud lisamaterjalid. Individuaalplaan tuleb esitada esimese aasta esimeseks atesteerimiseks ja edaspidi &#8230;<\/p>\n","protected":false},"author":228,"featured_media":0,"parent":0,"menu_order":0,"comment_status":"closed","ping_status":"closed","template":"","meta":{"_acf_changed":false,"inline_featured_image":false,"footnotes":""},"class_list":["post-58","page","type-page","status-publish","hentry"],"acf":[],"_links":{"self":[{"href":"https:\/\/sisu.ut.ee\/ope\/wp-json\/wp\/v2\/pages\/58","targetHints":{"allow":["GET"]}}],"collection":[{"href":"https:\/\/sisu.ut.ee\/ope\/wp-json\/wp\/v2\/pages"}],"about":[{"href":"https:\/\/sisu.ut.ee\/ope\/wp-json\/wp\/v2\/types\/page"}],"author":[{"embeddable":true,"href":"https:\/\/sisu.ut.ee\/ope\/wp-json\/wp\/v2\/users\/228"}],"replies":[{"embeddable":true,"href":"https:\/\/sisu.ut.ee\/ope\/wp-json\/wp\/v2\/comments?post=58"}],"version-history":[{"count":6,"href":"https:\/\/sisu.ut.ee\/ope\/wp-json\/wp\/v2\/pages\/58\/revisions"}],"predecessor-version":[{"id":1877,"href":"https:\/\/sisu.ut.ee\/ope\/wp-json\/wp\/v2\/pages\/58\/revisions\/1877"}],"wp:attachment":[{"href":"https:\/\/sisu.ut.ee\/ope\/wp-json\/wp\/v2\/media?parent=58"}],"curies":[{"name":"wp","href":"https:\/\/api.w.org\/{rel}","templated":true}]}}