{"id":57,"date":"2024-04-04T07:15:54","date_gmt":"2024-04-04T04:15:54","guid":{"rendered":"https:\/\/sisu.ut.ee\/ope\/doktoritoo-ulesehitus\/"},"modified":"2025-05-19T16:26:35","modified_gmt":"2025-05-19T13:26:35","slug":"doktoritoo-ulesehitus","status":"publish","type":"page","link":"https:\/\/sisu.ut.ee\/ope\/doktoritoo-ulesehitus\/","title":{"rendered":"III.4.6. Doktorit\u00f6\u00f6 \u00fclesehitus"},"content":{"rendered":"<p style=\"text-align: justify;\"><strong><br>\n<a id=\"121\" name=\"121\"><\/a>121.<\/strong> Doktorit\u00f6\u00f6 \u00fclesehitus on j\u00e4rgmine:<\/p>\n<p style=\"text-align: justify; margin-left: 40px;\"><strong>121.1. <\/strong>tiitellehed;<br>\n<strong>121.2.<\/strong> sisukord (\u201eContents\u201c);<br>\n<strong>121.3. <\/strong>doktorit\u00f6\u00f6 aluseks olevate autori teaduspublikatsioonide, patentide, patenditaotluste ja rakenduslike lahenduste nimekiri (\u201eList of publications\u201c);<br>\n<strong>121.4. <\/strong>doktorit\u00f6\u00f6 autori panuse kirjeldus mitme autoriga teaduspublikatsioonis, leiutises v\u00f5i rakenduslikus lahenduses (\u201eAuthor\u2019s contribution to the publications\u201c);<br>\n<strong>121.5.<\/strong> sissejuhatus (\u201eIntroduction\u201c);<br>\n<strong><a id=\"121.6\" name=\"121.6\"><\/a>121.6.<\/strong> t\u00f6\u00f6 p\u00f5hiosa, mis sisaldab:<\/p>\n<p style=\"text-align: justify; margin-left: 80px;\"><strong>121.6.1.<\/strong> \u00fclevaadet uurimisvaldkonna hetkeseisust ja uurimisprobleemi kohast selles;<br>\n<strong>121.6.2.<\/strong> uurimis\u00fclesande p\u00fcstitust;<br>\n<strong>121.6.3.<\/strong> kaitsmisele esitatavaid v\u00e4iteid;<br>\n<strong>121.6.4.<\/strong> metoodika kirjeldust;<br>\n<strong>121.6.5.<\/strong> uurimis\u00fclesande lahendamise k\u00e4iku v\u00f5i t\u00f5estust;<br>\n<strong>121.6.6. <\/strong>diskussiooni ja j\u00e4reldusi;<br>\n<strong>121.6.7.<\/strong> kokkuv\u00f5tet;<\/p>\n<p style=\"text-align: justify; margin-left: 40px;\"><strong>121.7.<\/strong> kasutatud kirjanduse loetelu (\u201eReferences\u201c);<br>\n<strong>121.8.<\/strong> t\u00f6\u00f6 eri osade sisu ammendav eestikeelne kokkuv\u00f5te, kui doktorit\u00f6\u00f6 on kirjutatud v\u00f5\u00f5rkeeles, ja v\u00f5\u00f5rkeelne kokkuv\u00f5te, kui doktorit\u00f6\u00f6 on kirjutatud eesti keeles (\u201eAbstract\u201c);<br>\n<strong>121.9.<\/strong> autori eesti- ja ingliskeelne elulugu, mis sisaldab nime, s\u00fcnniaega, \u00fclikooli l\u00f5petamise j\u00e4rel kehtivat e-posti aadressi, haridus- ja t\u00f6\u00f6k\u00e4iku, infot uurimist\u00f6\u00f6 p\u00f5hisuundade ning publikatsioonide, patentide, patenditaotluste ja rakenduslike lahenduste kohta ning kuuluvust erialaorganisatsioonidesse (<a title=\"\" href=\"https:\/\/adr.ut.ee\/?page=pub_get_ttxt_dokv_file&amp;pid=125715&amp;lang=est&amp;u=20220824075620&amp;desktop=57835&amp;r_url=%2F%3Fpage%3Dpub_list_dynobj%26pid%3D%26tid%3D70993%26u%3D20220824075620\" target=\"_blank\" rel=\"noopener\" data-url=\"https:\/\/adr.ut.ee\/?page=pub_get_ttxt_dokv_file&amp;pid=125715&amp;lang=est&amp;u=20220824075620&amp;desktop=57835&amp;r_url=%2F%3Fpage%3Dpub_list_dynobj%26pid%3D%26tid%3D70993%26u%3D20220824075620\">\u201eCurriculum vitae\u201c<\/a>).<\/p>\n","protected":false},"excerpt":{"rendered":"<p>121. Doktorit\u00f6\u00f6 \u00fclesehitus on j\u00e4rgmine: 121.1. tiitellehed; 121.2. sisukord (\u201eContents\u201c); 121.3. doktorit\u00f6\u00f6 aluseks olevate autori teaduspublikatsioonide, patentide, patenditaotluste ja rakenduslike lahenduste nimekiri (\u201eList of publications\u201c); 121.4. doktorit\u00f6\u00f6 autori panuse kirjeldus mitme autoriga teaduspublikatsioonis, leiutises v\u00f5i rakenduslikus lahenduses (\u201eAuthor\u2019s contribution to &#8230;<\/p>\n","protected":false},"author":228,"featured_media":0,"parent":0,"menu_order":0,"comment_status":"closed","ping_status":"closed","template":"","meta":{"_acf_changed":false,"inline_featured_image":false,"footnotes":""},"class_list":["post-57","page","type-page","status-publish","hentry"],"acf":[],"_links":{"self":[{"href":"https:\/\/sisu.ut.ee\/ope\/wp-json\/wp\/v2\/pages\/57","targetHints":{"allow":["GET"]}}],"collection":[{"href":"https:\/\/sisu.ut.ee\/ope\/wp-json\/wp\/v2\/pages"}],"about":[{"href":"https:\/\/sisu.ut.ee\/ope\/wp-json\/wp\/v2\/types\/page"}],"author":[{"embeddable":true,"href":"https:\/\/sisu.ut.ee\/ope\/wp-json\/wp\/v2\/users\/228"}],"replies":[{"embeddable":true,"href":"https:\/\/sisu.ut.ee\/ope\/wp-json\/wp\/v2\/comments?post=57"}],"version-history":[{"count":3,"href":"https:\/\/sisu.ut.ee\/ope\/wp-json\/wp\/v2\/pages\/57\/revisions"}],"predecessor-version":[{"id":1886,"href":"https:\/\/sisu.ut.ee\/ope\/wp-json\/wp\/v2\/pages\/57\/revisions\/1886"}],"wp:attachment":[{"href":"https:\/\/sisu.ut.ee\/ope\/wp-json\/wp\/v2\/media?parent=57"}],"curies":[{"name":"wp","href":"https:\/\/api.w.org\/{rel}","templated":true}]}}