{"id":56,"date":"2024-04-04T07:15:54","date_gmt":"2024-04-04T04:15:54","guid":{"rendered":"https:\/\/sisu.ut.ee\/ope\/teaduspublikatsioonide-ja-katuspeatuki-nouded\/"},"modified":"2025-05-19T16:25:22","modified_gmt":"2025-05-19T13:25:22","slug":"teaduspublikatsioonide-ja-katuspeatuki-nouded","status":"publish","type":"page","link":"https:\/\/sisu.ut.ee\/ope\/teaduspublikatsioonide-ja-katuspeatuki-nouded\/","title":{"rendered":"III.4.4. Teaduspublikatsioonide ja katuspeat\u00fcki n\u00f5uded"},"content":{"rendered":"<p style=\"text-align: justify;\"><strong><br>\n<a id=\"116\" name=\"116\"><\/a>116. <\/strong>Doktorit\u00f6\u00f6s sisalduva uurimist\u00f6\u00f6 tulemuste avaldamiseks loetakse j\u00e4rgmisi teaduspublikatsioone:<\/p>\n<p style=\"text-align: justify; margin-left: 40px;\"><strong><a id=\"116.1\" name=\"116.1\"><\/a>116.1. <\/strong>artiklid rahvusvahelistes eelretsenseeritavates uurimisvaldkonna juhtivates teadusajakirjades, millel on rahvusvaheline kolleegium, rahvusvaheline levik, indekseeritavus mitmes rahvusvahelises andmebaasis ja avatus kaast\u00f6\u00f6dele (<a title=\"\" href=\"https:\/\/www.etis.ee\/Portal\/Classifiers\/Index\/28?\" target=\"_blank\" rel=\"noopener\" data-url=\"https:\/\/www.etis.ee\/Portal\/Classifiers\/Index\/28?\">ETIS-e klassifikatsioonid 1.1 ja 1.2<\/a>);<br>\n<strong>116.2. <\/strong>artiklid ja peat\u00fckid uurimisvaldkonna juhtivate teaduskirjastuste rahvusvahelistes eelretsenseeritavates v\u00e4ljaannetes, millel on rahvusvaheline levik\u00a0(<a title=\"\" href=\"https:\/\/www.etis.ee\/Portal\/Classifiers\/Index\/28?#:~:text=A%20book\/monograph-,3.1.,-Artiklid\/peat%C3%BCkid%20lisas\" target=\"_blank\" rel=\"noopener\" data-url=\"https:\/\/www.etis.ee\/Portal\/Classifiers\/Index\/28?#:~:text=A%20book\/monograph-,3.1.,-Artiklid\/peat%C3%BCkid%20lisas\">ETIS-e klassifikatsioon 3.1<\/a>\u00a0v\u00f5i teadusprodekaani p\u00f5hjendatud otsusel\u00a0<a title=\"\" href=\"https:\/\/www.etis.ee\/Portal\/Classifiers\/Index\/28?#:~:text=specific%20research%20publications-,3.2.,-Artiklid\/peat%C3%BCkid%20lisas\" target=\"_blank\" rel=\"noopener\" data-url=\"https:\/\/www.etis.ee\/Portal\/Classifiers\/Index\/28?#:~:text=specific%20research%20publications-,3.2.,-Artiklid\/peat%C3%BCkid%20lisas\">ETIS-e klassifikatsioon 3.2<\/a>);<br>\n<strong><a id=\"116.3\" name=\"116.3\"><\/a>116.3. <\/strong>rahvusvaheliselt tunnustatud teaduskirjastuse v\u00e4lja antud monograafia (<a title=\"\" href=\"https:\/\/www.etis.ee\/Portal\/Classifiers\/Index\/28?https:\/\/www.etis.ee\/Portal\/Classifiers\/Index\/28?#:~:text=Articles%20in%20journals-,2.1.,-Monograafiad\" target=\"_blank\" rel=\"noopener\" data-url=\"https:\/\/www.etis.ee\/Portal\/Classifiers\/Index\/28?https:\/\/www.etis.ee\/Portal\/Classifiers\/Index\/28?#:~:text=Articles%20in%20journals-,2.1.,-Monograafiad\">ETIS-e klassifikatsioon 2.1<\/a>).<\/p>\n<p style=\"text-align: justify;\"><strong>117. <\/strong>Avaldamiseks vastu v\u00f5etud, kuid veel ilmumata teaduspublikatsiooni kohta peab esitama ametliku kinnituse avaldamiseks vastuv\u00f5tmise kohta.<\/p>\n<p style=\"text-align: justify;\"><strong><a id=\"118\" name=\"118\"><\/a>118. <\/strong>Katuspeat\u00fckk on doktorit\u00f6\u00f6d raamistav tekst, mis seob doktorit\u00f6\u00f6 osad tervikuks. See vastab <a title=\"\" href=\"https:\/\/sisu.ut.ee\/ope\/doktoritoo-ulesehitus\/#121.6\" target=\"_blank\" rel=\"noopener\" data-url=\"https:\/\/sisu.ut.ee\/ope\/doktorit%C3%B6%C3%B6-%C3%BClesehitus?lang=et#121.6\">punktis 121.6<\/a> s\u00e4testatud tingimustele ja teadusartikli n\u00f5uetele ning selle p\u00f5hiosa maht on enamasti 30\u201340 standardlehek\u00fclge.<\/p>\n<p style=\"text-align: justify;\"><strong>119. <\/strong>Kui katuspeat\u00fckk on kirjutatud keeles, mis ei v\u00f5imalda <a title=\"\" href=\"https:\/\/sisu.ut.ee\/ope\/oponent-ja-eelretsensent?lang=et#131\" target=\"_blank\" rel=\"noopener\" data-url=\"https:\/\/sisu.ut.ee\/ope\/oponent-ja-eelretsensent?lang=et#131\">punktis 131<\/a> s\u00e4testatud n\u00f5uetele vastaval eelretsensendil v\u00f5i oponendil seda eelretsenseerida ega oponeerida, peab doktorikraadi taotleja korraldama selle t\u00f5lkimise vajalikku keelde.<\/p>\n","protected":false},"excerpt":{"rendered":"<p>116. Doktorit\u00f6\u00f6s sisalduva uurimist\u00f6\u00f6 tulemuste avaldamiseks loetakse j\u00e4rgmisi teaduspublikatsioone: 116.1. artiklid rahvusvahelistes eelretsenseeritavates uurimisvaldkonna juhtivates teadusajakirjades, millel on rahvusvaheline kolleegium, rahvusvaheline levik, indekseeritavus mitmes rahvusvahelises andmebaasis ja avatus kaast\u00f6\u00f6dele (ETIS-e klassifikatsioonid 1.1 ja 1.2); 116.2. artiklid ja peat\u00fckid uurimisvaldkonna juhtivate &#8230;<\/p>\n","protected":false},"author":228,"featured_media":0,"parent":0,"menu_order":0,"comment_status":"closed","ping_status":"closed","template":"","meta":{"_acf_changed":false,"inline_featured_image":false,"footnotes":""},"class_list":["post-56","page","type-page","status-publish","hentry"],"acf":[],"_links":{"self":[{"href":"https:\/\/sisu.ut.ee\/ope\/wp-json\/wp\/v2\/pages\/56","targetHints":{"allow":["GET"]}}],"collection":[{"href":"https:\/\/sisu.ut.ee\/ope\/wp-json\/wp\/v2\/pages"}],"about":[{"href":"https:\/\/sisu.ut.ee\/ope\/wp-json\/wp\/v2\/types\/page"}],"author":[{"embeddable":true,"href":"https:\/\/sisu.ut.ee\/ope\/wp-json\/wp\/v2\/users\/228"}],"replies":[{"embeddable":true,"href":"https:\/\/sisu.ut.ee\/ope\/wp-json\/wp\/v2\/comments?post=56"}],"version-history":[{"count":4,"href":"https:\/\/sisu.ut.ee\/ope\/wp-json\/wp\/v2\/pages\/56\/revisions"}],"predecessor-version":[{"id":1885,"href":"https:\/\/sisu.ut.ee\/ope\/wp-json\/wp\/v2\/pages\/56\/revisions\/1885"}],"wp:attachment":[{"href":"https:\/\/sisu.ut.ee\/ope\/wp-json\/wp\/v2\/media?parent=56"}],"curies":[{"name":"wp","href":"https:\/\/api.w.org\/{rel}","templated":true}]}}