{"id":55,"date":"2024-04-04T07:15:54","date_gmt":"2024-04-04T04:15:54","guid":{"rendered":"https:\/\/sisu.ut.ee\/ope\/ii552-atesteerimiskomisjoni-otsused-enne-20222023-oppeaastat-avatud-doktorioppekavade-alusel\/"},"modified":"2025-05-19T16:14:30","modified_gmt":"2025-05-19T13:14:30","slug":"ii552-atesteerimiskomisjoni-otsused-enne-20222023-oppeaastat-avatud-doktorioppekavade-alusel","status":"publish","type":"page","link":"https:\/\/sisu.ut.ee\/ope\/ii552-atesteerimiskomisjoni-otsused-enne-20222023-oppeaastat-avatud-doktorioppekavade-alusel\/","title":{"rendered":"II.5.5.2. Atesteerimiskomisjoni otsused enne 2022\/2023. \u00f5ppeaastat avatud doktori\u00f5ppekavade alusel doktori\u00f5ppes \u00f5ppijate kohta"},"content":{"rendered":"<p style=\"text-align: justify;\"><strong><br>\n80. <\/strong>Komisjon hindab doktori\u00f5ppes \u00f5ppija teadust\u00f6\u00f6d ainepunktides.<\/p>\n<p style=\"text-align: justify;\"><strong>81. <\/strong>Atesteerimiskomisjon teeb \u00fche j\u00e4rgmistest otsustest:<\/p>\n<p style=\"text-align: justify; margin-left: 40px;\"><strong>81.1. <\/strong>atesteerida doktorant positiivselt, kui ta on t\u00e4itnud v\u00e4hemalt osakoormusega \u00f5ppe n\u00f5uded v\u00f5i on esitanud doktorit\u00f6\u00f6 <a title=\"\" href=\"https:\/\/sisu.ut.ee\/ope\/doktorikraadi-taotleja-esitatavad-dokumendid?lang=et#122\" target=\"_blank\" rel=\"noopener\" data-url=\"https:\/\/sisu.ut.ee\/ope\/doktorikraadi-taotleja-esitatavad-dokumendid?lang=et#122\">punkti 122<\/a> kohaselt kaitsmiseks;<br>\n<strong>81.2. <\/strong>atesteerida doktorant esimese semestri j\u00e4rel positiivselt, kui ta on t\u00e4itnud v\u00e4hemalt 50% esimese semestri perioodiplaanist;<br>\n<strong>81.3.<\/strong> atesteerida doktorant negatiivselt, kui ta ei ole t\u00e4itnud osakoormusega \u00f5ppe n\u00f5udeid v\u00f5i kui tema \u00f5ppe- ja teadust\u00f6\u00f6 maht atesteerimisperioodil vastab v\u00e4hem kui 50%-le perioodiplaanist;<br>\n<strong><a id=\"81.4\" name=\"81.4\"><\/a>81.4.<\/strong> j\u00e4tta doktori\u00f5ppes \u00f5ppija atesteerimata, kui ta ei ole esitanud atesteerimiskomisjonile <a title=\"\" href=\"https:\/\/sisu.ut.ee\/ope\/atesteerimiseks-vajalikud-dokumendid?lang=et#70\" target=\"_blank\" rel=\"noopener\" data-url=\"https:\/\/sisu.ut.ee\/ope\/atesteerimiseks-vajalikud-dokumendid?lang=et#70\">punktis 70<\/a> nimetatud t\u00e4htp\u00e4evaks <a title=\"\" href=\"https:\/\/sisu.ut.ee\/ope\/atesteerimiseks-vajalikud-dokumendid?lang=et#71\" target=\"_blank\" rel=\"noopener\" data-url=\"https:\/\/sisu.ut.ee\/ope\/atesteerimiseks-vajalikud-dokumendid?lang=et#71\">punktis 71<\/a> loetletud dokumente v\u00f5i puudub atesteerimiskoosolekult komisjoni loata;<br>\n<strong>81.5. <\/strong>atesteerida ekstern positiivselt, kui ta on t\u00e4itnud perioodiplaani v\u00e4hemalt 50% ulatuses v\u00f5i esitanud doktorit\u00f6\u00f6 <a title=\"\" href=\"https:\/\/sisu.ut.ee\/ope\/doktorikraadi-taotleja-esitatavad-dokumendid?lang=et#122\" target=\"_blank\" rel=\"noopener\" data-url=\"https:\/\/sisu.ut.ee\/ope\/doktorikraadi-taotleja-esitatavad-dokumendid?lang=et#122\">punkti 122<\/a> kohaselt kaitsmiseks;<br>\n<strong>81.6.<\/strong> atesteerida ekstern negatiivselt, kui ta pole t\u00e4itnud v\u00e4hemalt 50% perioodiplaanist.<\/p>\n<p style=\"text-align: justify;\"><\/p><div class=\"accordion mb-3\">\n        <div class=\"accordion-item accordion-item--white\">\n        <h2 class=\"accordion-header\" id=\"accordion-69dbac9d625c1-heading\">\n            <button class=\"accordion-button collapsed\" type=\"button\" data-bs-toggle=\"collapse\" data-bs-target=\"#accordion-69dbac9d625c1-collapse\" aria-expanded=\"true\" aria-controls=\"accordion-69dbac9d625c1-collapse\">Hea tava<\/button>\n        <\/h2>\n        <div id=\"accordion-69dbac9d625c1-collapse\" class=\"accordion-collapse collapse\" aria-labelledby=\"accordion-69dbac9d625c1-heading\">\n            <div class=\"accordion-body\"><a title=\"\" href=\"https:\/\/ut.ee\/sites\/default\/files\/inline-files\/doktorioppe_hea_tava.pdf\" target=\"_blank\" rel=\"noopener\" data-url=\"https:\/\/ut.ee\/sites\/default\/files\/inline-files\/doktorioppe_hea_tava.pdf\"><span style=\"color: #0099ff;\">Doktori\u00f5ppe heast tavast<\/span><\/a> leiab soovituslikud tegevusjuhised atesteerimiskomisjonile. <\/div>\n        <\/div>\n        <\/div>\n    <\/div>\n","protected":false},"excerpt":{"rendered":"<p>80. Komisjon hindab doktori\u00f5ppes \u00f5ppija teadust\u00f6\u00f6d ainepunktides. 81. Atesteerimiskomisjon teeb \u00fche j\u00e4rgmistest otsustest: 81.1. atesteerida doktorant positiivselt, kui ta on t\u00e4itnud v\u00e4hemalt osakoormusega \u00f5ppe n\u00f5uded v\u00f5i on esitanud doktorit\u00f6\u00f6 punkti 122 kohaselt kaitsmiseks; 81.2. atesteerida doktorant esimese semestri j\u00e4rel positiivselt, &#8230;<\/p>\n","protected":false},"author":228,"featured_media":0,"parent":0,"menu_order":0,"comment_status":"closed","ping_status":"closed","template":"","meta":{"_acf_changed":false,"inline_featured_image":false,"footnotes":""},"class_list":["post-55","page","type-page","status-publish","hentry"],"acf":[],"_links":{"self":[{"href":"https:\/\/sisu.ut.ee\/ope\/wp-json\/wp\/v2\/pages\/55","targetHints":{"allow":["GET"]}}],"collection":[{"href":"https:\/\/sisu.ut.ee\/ope\/wp-json\/wp\/v2\/pages"}],"about":[{"href":"https:\/\/sisu.ut.ee\/ope\/wp-json\/wp\/v2\/types\/page"}],"author":[{"embeddable":true,"href":"https:\/\/sisu.ut.ee\/ope\/wp-json\/wp\/v2\/users\/228"}],"replies":[{"embeddable":true,"href":"https:\/\/sisu.ut.ee\/ope\/wp-json\/wp\/v2\/comments?post=55"}],"version-history":[{"count":3,"href":"https:\/\/sisu.ut.ee\/ope\/wp-json\/wp\/v2\/pages\/55\/revisions"}],"predecessor-version":[{"id":1879,"href":"https:\/\/sisu.ut.ee\/ope\/wp-json\/wp\/v2\/pages\/55\/revisions\/1879"}],"wp:attachment":[{"href":"https:\/\/sisu.ut.ee\/ope\/wp-json\/wp\/v2\/media?parent=55"}],"curies":[{"name":"wp","href":"https:\/\/api.w.org\/{rel}","templated":true}]}}