{"id":54,"date":"2024-04-04T07:15:54","date_gmt":"2024-04-04T04:15:54","guid":{"rendered":"https:\/\/sisu.ut.ee\/ope\/arvestamine\/"},"modified":"2024-04-04T07:17:32","modified_gmt":"2024-04-04T04:17:32","slug":"arvestamine","status":"publish","type":"page","link":"https:\/\/sisu.ut.ee\/ope\/arvestamine\/","title":{"rendered":"V. Arvestamine"},"content":{"rendered":"<p style=\"text-align: justify\">\n\t<br><strong>V. Arvestamine<\/strong><\/p>\n<p>24. Komisjon vaatab taotluse l\u00e4bi, teeb otsuse ja teavitab taotlejat sellest kirjalikku taasesitamist v\u00f5imaldavas vormis 30 p\u00e4eva jooksul alates taotluse saamisest. \u00d5ppekava t\u00e4itmiseks esitatud taotlusi juulis l\u00e4bi ei vaadata. Vastuv\u00f5tutingimustele vastavust hinnatakse \u00fclikooli vastuv\u00f5tueeskirjas kindlaks m\u00e4\u00e4ratud t\u00e4htaegadel.\n<\/p>\n<p style=\"text-align: justify\">\n\t25. Punktis 22 s\u00e4testatud juhul v\u00f5ib komisjon pikendada taotluse l\u00e4bivaatamise t\u00e4htaega kuni 30 p\u00e4eva alates lisan\u00f5udeks olnud tingimuse t\u00e4itmisest, teavitades sellest taotlejat kirjalikku taasesitamist v\u00f5imaldavas vormis.\n<\/p>\n<p style=\"text-align: justify\">\n\t26. Komisjoni otsus sisaldab arvestatud moodulite ja \u00f5ppeaine(te) nimetust (nimetusi), mahtu, hinnet (hindeid) ja liiki (kohustuslik, valik- v\u00f5i vabaaine). Kui taotlus on j\u00e4etud t\u00e4ielikult v\u00f5i osaliselt rahuldamata, peab otsus sisaldama p\u00f5hjendust.\n<\/p>\n<p style=\"text-align: justify\">\n\t27. Kui varasemaid \u00f5pinguid ja\/v\u00f5i t\u00f6\u00f6kogemust arvestatakse vastuv\u00f5tutingimuste t\u00e4itmisena, edastab komisjon vastuv\u00f5tukomisjonile otsuse varem l\u00e4bitud \u00f5ppekava v\u00f5i \u00f5ppeainete \u00fclikooli vastuv\u00f5tutingimustele vastavuse kohta. Taotlejat teavitatakse otsusest.\n<\/p>\n<p style=\"text-align: justify\">\n\t28. Kui varasemaid \u00f5pinguid ja\/v\u00f5i t\u00f6\u00f6kogemust arvestatakse \u00f5ppekava t\u00e4itmise osana, sisestatakse arvestatud \u00f5ppeaine(d) ja moodul(id) komisjoni otsuse alusel valdkonnas, instituudis v\u00f5i kolled\u017eis \u00f5ppeinfos\u00fcsteemi.<\/p>\n","protected":false},"excerpt":{"rendered":"<p>V. Arvestamine 24. Komisjon vaatab taotluse l\u00e4bi, teeb otsuse ja teavitab taotlejat sellest kirjalikku taasesitamist v\u00f5imaldavas vormis 30 p\u00e4eva jooksul alates taotluse saamisest. \u00d5ppekava t\u00e4itmiseks esitatud taotlusi juulis l\u00e4bi ei vaadata. Vastuv\u00f5tutingimustele vastavust hinnatakse \u00fclikooli vastuv\u00f5tueeskirjas kindlaks m\u00e4\u00e4ratud t\u00e4htaegadel. 25. &#8230;<\/p>\n","protected":false},"author":228,"featured_media":0,"parent":0,"menu_order":0,"comment_status":"closed","ping_status":"closed","template":"","meta":{"_acf_changed":false,"inline_featured_image":false,"footnotes":""},"class_list":["post-54","page","type-page","status-publish","hentry"],"acf":[],"_links":{"self":[{"href":"https:\/\/sisu.ut.ee\/ope\/wp-json\/wp\/v2\/pages\/54","targetHints":{"allow":["GET"]}}],"collection":[{"href":"https:\/\/sisu.ut.ee\/ope\/wp-json\/wp\/v2\/pages"}],"about":[{"href":"https:\/\/sisu.ut.ee\/ope\/wp-json\/wp\/v2\/types\/page"}],"author":[{"embeddable":true,"href":"https:\/\/sisu.ut.ee\/ope\/wp-json\/wp\/v2\/users\/228"}],"replies":[{"embeddable":true,"href":"https:\/\/sisu.ut.ee\/ope\/wp-json\/wp\/v2\/comments?post=54"}],"version-history":[{"count":1,"href":"https:\/\/sisu.ut.ee\/ope\/wp-json\/wp\/v2\/pages\/54\/revisions"}],"predecessor-version":[{"id":685,"href":"https:\/\/sisu.ut.ee\/ope\/wp-json\/wp\/v2\/pages\/54\/revisions\/685"}],"wp:attachment":[{"href":"https:\/\/sisu.ut.ee\/ope\/wp-json\/wp\/v2\/media?parent=54"}],"curies":[{"name":"wp","href":"https:\/\/api.w.org\/{rel}","templated":true}]}}