{"id":53,"date":"2024-04-04T07:15:54","date_gmt":"2024-04-04T04:15:54","guid":{"rendered":"https:\/\/sisu.ut.ee\/ope\/ii551-atesteerimiskomisjoni-otsused-alates-20222023-oppeaastast-avatud-doktorioppe-programmide\/"},"modified":"2025-05-19T16:13:13","modified_gmt":"2025-05-19T13:13:13","slug":"ii551-atesteerimiskomisjoni-otsused-alates-20222023-oppeaastast-avatud-doktorioppe-programmide","status":"publish","type":"page","link":"https:\/\/sisu.ut.ee\/ope\/ii551-atesteerimiskomisjoni-otsused-alates-20222023-oppeaastast-avatud-doktorioppe-programmide\/","title":{"rendered":"II.5.5.1. Atesteerimiskomisjoni otsused alates 2022\/2023. \u00f5ppeaastast avatud doktori\u00f5ppe programmide alusel doktori\u00f5ppes \u00f5ppijate kohta"},"content":{"rendered":"<p style=\"text-align: justify;\"><strong><br>\n79. <\/strong>Atesteerimiskomisjon teeb \u00fche j\u00e4rgmistest otsustest ja p\u00f5hjendab seda:<\/p>\n<p style=\"text-align: justify; margin-left: 40px;\"><strong>79.1. <\/strong>atesteerida doktori\u00f5ppes \u00f5ppija positiivselt;<br>\n<strong><a id=\"79.2\" name=\"79.2\"><\/a>79.2. <\/strong>m\u00e4\u00e4rata t\u00f6\u00f6tulemuste parandamiseks kuni kolmekuuline t\u00e4iendav t\u00e4htaeg, mida on doktorandil \u00f5igus saada \u00fchel korral \u00f5pingute jooksul ning mis ei pikenda nominaalset \u00f5ppeaega. Doktorant on kohustatud teatama t\u00e4iendava t\u00e4htajaga n\u00f5ustumisest seitsme p\u00e4eva jooksul otsuse teatavaks tegemisest;<br>\n<strong>79.3. <\/strong>atesteerida doktori\u00f5ppes \u00f5ppija negatiivselt;<br>\n<strong><a id=\"79.4\" name=\"79.4\"><\/a>79.4. <\/strong>j\u00e4tta doktori\u00f5ppes \u00f5ppija atesteerimata, kui ta ei ole esitanud atesteerimiskomisjonile <a title=\"\" href=\"https:\/\/sisu.ut.ee\/ope\/atesteerimiseks-vajalikud-dokumendid?lang=et#70\" target=\"_blank\" rel=\"noopener\" data-url=\"https:\/\/sisu.ut.ee\/ope\/atesteerimiseks-vajalikud-dokumendid?lang=et#70\">punktis 70<\/a> nimetatud t\u00e4htp\u00e4evaks <a title=\"\" href=\"https:\/\/sisu.ut.ee\/ope\/atesteerimiseks-vajalikud-dokumendid?lang=et#71\" target=\"_blank\" rel=\"noopener\" data-url=\"https:\/\/sisu.ut.ee\/ope\/atesteerimiseks-vajalikud-dokumendid?lang=et#71\">punktis 71<\/a> loetletud dokumente v\u00f5i puudub atesteerimiskoosolekult komisjoni loata.<\/p>\n","protected":false},"excerpt":{"rendered":"<p>79. Atesteerimiskomisjon teeb \u00fche j\u00e4rgmistest otsustest ja p\u00f5hjendab seda: 79.1. atesteerida doktori\u00f5ppes \u00f5ppija positiivselt; 79.2. m\u00e4\u00e4rata t\u00f6\u00f6tulemuste parandamiseks kuni kolmekuuline t\u00e4iendav t\u00e4htaeg, mida on doktorandil \u00f5igus saada \u00fchel korral \u00f5pingute jooksul ning mis ei pikenda nominaalset \u00f5ppeaega. Doktorant on kohustatud &#8230;<\/p>\n","protected":false},"author":228,"featured_media":0,"parent":0,"menu_order":0,"comment_status":"closed","ping_status":"closed","template":"","meta":{"_acf_changed":false,"inline_featured_image":false,"footnotes":""},"class_list":["post-53","page","type-page","status-publish","hentry"],"acf":[],"_links":{"self":[{"href":"https:\/\/sisu.ut.ee\/ope\/wp-json\/wp\/v2\/pages\/53","targetHints":{"allow":["GET"]}}],"collection":[{"href":"https:\/\/sisu.ut.ee\/ope\/wp-json\/wp\/v2\/pages"}],"about":[{"href":"https:\/\/sisu.ut.ee\/ope\/wp-json\/wp\/v2\/types\/page"}],"author":[{"embeddable":true,"href":"https:\/\/sisu.ut.ee\/ope\/wp-json\/wp\/v2\/users\/228"}],"replies":[{"embeddable":true,"href":"https:\/\/sisu.ut.ee\/ope\/wp-json\/wp\/v2\/comments?post=53"}],"version-history":[{"count":3,"href":"https:\/\/sisu.ut.ee\/ope\/wp-json\/wp\/v2\/pages\/53\/revisions"}],"predecessor-version":[{"id":1878,"href":"https:\/\/sisu.ut.ee\/ope\/wp-json\/wp\/v2\/pages\/53\/revisions\/1878"}],"wp:attachment":[{"href":"https:\/\/sisu.ut.ee\/ope\/wp-json\/wp\/v2\/media?parent=53"}],"curies":[{"name":"wp","href":"https:\/\/api.w.org\/{rel}","templated":true}]}}