{"id":52,"date":"2024-04-04T07:15:54","date_gmt":"2024-04-04T04:15:54","guid":{"rendered":"https:\/\/sisu.ut.ee\/ope\/hindamise-uldpohimotted\/"},"modified":"2024-04-04T07:17:32","modified_gmt":"2024-04-04T04:17:32","slug":"hindamise-uldpohimotted","status":"publish","type":"page","link":"https:\/\/sisu.ut.ee\/ope\/hindamise-uldpohimotted\/","title":{"rendered":"IV. Hindamise \u00fcldp\u00f5him\u00f5tted"},"content":{"rendered":"<p style=\"text-align: justify\">\n\t<br><strong>IV. Hindamise \u00fcldp\u00f5him\u00f5tted<\/strong><\/p>\n<p>15. Hinnatakse taotluses kirjeldatud \u00f5piv\u00e4ljundite vastavust selle \u00f5ppeaine, mooduli v\u00f5i \u00f5ppekava \u00f5piv\u00e4ljunditele, mille arvestamist taotletakse. Taotluses kirjeldatud \u00f5piv\u00e4ljundite vastavuse hindamisel l\u00e4htutakse selle \u00f5ppeaine v\u00f5i mooduli \u00f5piv\u00e4ljundite hindamise kriteeriumidest, mille arvestamist taotletakse.\n<\/p>\n<p style=\"text-align: justify\">\n\t16. V\u00e4heoluline erinevus varasemate \u00f5pingute mahus ja \u00f5pitu komponentides v\u00f5i \u00f5piv\u00e4ljundite hindamise vormis ei ole alus j\u00e4tta \u00f5ppeaine(d) v\u00f5i moodul(id) arvestamata.\n<\/p>\n<p style=\"text-align: justify\">\n\t17. Hinnatakse \u00f5pingute ja t\u00f6\u00f6kogemuse eneseanal\u00fc\u00fcsi kaudu saavutatud oskusi ja teadmisi, s\u00f5ltumata tulemuse saavutamise viisist.\n<\/p>\n<p style=\"text-align: justify\">\n\t18. Taseme\u00f5ppes, muu organiseeritud \u00f5ppetegevuse ja erialase t\u00f6\u00f6kogemuse kaudu ning igap\u00e4evase tegevuse ja vaba aja raames \u00f5ppimise teel saavutatud oskuste ja teadmiste omandamist hinnatakse terviklikult. S\u00f5ltuvalt \u00f5piv\u00e4ljunditest v\u00f5idakse hindamisel arvesse v\u00f5tta \u00f5ppimise ja\/v\u00f5i t\u00f6\u00f6tamise aega.\n<\/p>\n<p style=\"text-align: justify\">\n\t19. Kui varasemate \u00f5pingute k\u00e4igus ei ole \u00f5piv\u00e4ljundite saavutamist hinnatud, siis varasemate \u00f5pingute arvestamise korral rakendatakse eristamata hindamist (skaalal \u201earvestatud\u201c v\u00f5i \u201emittearvestatud\u201c).\n<\/p>\n<p style=\"text-align: justify\">\n\t20. Kui varasemate \u00f5pingute k\u00e4igus on \u00f5piv\u00e4ljundite saavutamist hinnatud hindamiss\u00fcsteemis, mis kehtib V\u00d5TA otsuse tegemise hetkel Eestis, siis varasemate \u00f5pingute arvestamise korral ei muudeta \u00f5piv\u00e4ljundite hindamise tulemust ega n\u00f5uta \u00fcli\u00f5pilaselt uue eksami v\u00f5i arvestuse sooritamist. Kui \u00f5piv\u00e4ljundite saavutamist on hinnatud m\u00f5nes muus hindamiss\u00fcsteemis, siis kasutatakse hinnete \u00fclekandmisel eristamata hindamist.\n<\/p>\n<p style=\"text-align: justify\">\n\t21. Hindamine tugineb piisavale t\u00f5endusmaterjalile. T\u00f5endusmaterjaliks on eelk\u00f5ige\n<\/p>\n<p style=\"text-align: justify;margin-left: 40px\">\n\t21.1. varasemate \u00f5pingute puhul \u00f5ppeaine v\u00f5i mooduli l\u00e4bimist t\u00f5endav dokument ja \u00f5ppeaine versioon v\u00f5i koolitusprogramm, milles on kirjeldatud \u00f5piv\u00e4ljundid ja nende hindamise vorm;\n<\/p>\n<p style=\"text-align: justify;margin-left: 40px\">\n\t21.2. t\u00f6\u00f6kogemuse puhul t\u00f6\u00f6\u00fclesannete kirjeldus (ametikirjeldus) ja t\u00f6\u00f6kogemusega omandatud oskuste ja teadmiste kirjeldus ning taotleja hinnang enda t\u00f6\u00f6le (eneseanal\u00fc\u00fcs).\n<\/p>\n<p style=\"text-align: justify\">\n\t22. S\u00f5ltuvalt \u00f5piv\u00e4ljunditest v\u00f5ib komisjon n\u00f5uda lisat\u00f5endusmaterjali (nt \u00f5pimapp, Europassi dokumendid, t\u00f6\u00f6andja soovituskiri v\u00f5i iseloomustus) esitamist v\u00f5i kasutada ka teisi hindamismeetodeid (t\u00f6\u00f6 j\u00e4lgimine v\u00f5i matkimine, vestlus jms). Lisan\u00f5uete<br>t\u00e4itmiseks m\u00e4\u00e4rab komisjon t\u00e4htaja kokkuleppel taotlejaga. Komisjonil on \u00f5igus taotluse l\u00e4bivaatamisel k\u00fcsida hinnangut vastava valdkonna ekspertidelt.\n<\/p>\n<p style=\"text-align: justify\">\n\t23. Varasemate \u00f5pingute ja t\u00f6\u00f6kogemuse arvestamise aluseks peab olema originaalsooritus, mist\u00f5ttu ei saa selle aluseks olla varem V\u00d5TA korras arvestatud \u00f5ppekava osa.<\/p>\n","protected":false},"excerpt":{"rendered":"<p>IV. Hindamise \u00fcldp\u00f5him\u00f5tted 15. Hinnatakse taotluses kirjeldatud \u00f5piv\u00e4ljundite vastavust selle \u00f5ppeaine, mooduli v\u00f5i \u00f5ppekava \u00f5piv\u00e4ljunditele, mille arvestamist taotletakse. Taotluses kirjeldatud \u00f5piv\u00e4ljundite vastavuse hindamisel l\u00e4htutakse selle \u00f5ppeaine v\u00f5i mooduli \u00f5piv\u00e4ljundite hindamise kriteeriumidest, mille arvestamist taotletakse. 16. V\u00e4heoluline erinevus varasemate \u00f5pingute mahus &#8230;<\/p>\n","protected":false},"author":228,"featured_media":0,"parent":0,"menu_order":0,"comment_status":"closed","ping_status":"closed","template":"","meta":{"_acf_changed":false,"inline_featured_image":false,"footnotes":""},"class_list":["post-52","page","type-page","status-publish","hentry"],"acf":[],"_links":{"self":[{"href":"https:\/\/sisu.ut.ee\/ope\/wp-json\/wp\/v2\/pages\/52","targetHints":{"allow":["GET"]}}],"collection":[{"href":"https:\/\/sisu.ut.ee\/ope\/wp-json\/wp\/v2\/pages"}],"about":[{"href":"https:\/\/sisu.ut.ee\/ope\/wp-json\/wp\/v2\/types\/page"}],"author":[{"embeddable":true,"href":"https:\/\/sisu.ut.ee\/ope\/wp-json\/wp\/v2\/users\/228"}],"replies":[{"embeddable":true,"href":"https:\/\/sisu.ut.ee\/ope\/wp-json\/wp\/v2\/comments?post=52"}],"version-history":[{"count":1,"href":"https:\/\/sisu.ut.ee\/ope\/wp-json\/wp\/v2\/pages\/52\/revisions"}],"predecessor-version":[{"id":683,"href":"https:\/\/sisu.ut.ee\/ope\/wp-json\/wp\/v2\/pages\/52\/revisions\/683"}],"wp:attachment":[{"href":"https:\/\/sisu.ut.ee\/ope\/wp-json\/wp\/v2\/media?parent=52"}],"curies":[{"name":"wp","href":"https:\/\/api.w.org\/{rel}","templated":true}]}}