{"id":51,"date":"2024-04-04T07:15:54","date_gmt":"2024-04-04T04:15:54","guid":{"rendered":"https:\/\/sisu.ut.ee\/ope\/ii43-enne-20222023-oppeaastat-avatud-doktorioppekavadele-immatrikuleeritud-doktorantide-koormus\/"},"modified":"2024-04-16T15:02:53","modified_gmt":"2024-04-16T12:02:53","slug":"ii43-enne-20222023-oppeaastat-avatud-doktorioppekavadele-immatrikuleeritud-doktorantide-koormus","status":"publish","type":"page","link":"https:\/\/sisu.ut.ee\/ope\/ii43-enne-20222023-oppeaastat-avatud-doktorioppekavadele-immatrikuleeritud-doktorantide-koormus\/","title":{"rendered":"II.4.3. Enne 2022\/2023. \u00f5ppeaastat avatud doktori\u00f5ppekavadele immatrikuleeritud doktorantide koormus, akadeemiline puhkus ja \u00f5ppeaja pikendamine"},"content":{"rendered":"<p style=\"text-align: justify;\"><strong><br>\n42.<\/strong> Doktorant l\u00e4bib doktori\u00f5ppe t\u00e4is- v\u00f5i osakoormusega koosk\u00f5las \u00f5ppekorralduseeskirja <a href=\"https:\/\/sisu.ut.ee\/ope\/oppekoormus\/#:~:text=III.2.%20%C3%95ppekoormus-,39.,-%C3%9Cli%C3%B5pilane%20osaleb%20%C3%B5ppet%C3%B6%C3%B6s\">punktiga 39<\/a>.<\/p>\n<p style=\"text-align: justify;\"><strong>43.<\/strong> Doktorandi oppekoormus m\u00e4\u00e4ratakse \u00f5ppekorralduseeskirja punkti 42 kohaselt.<\/p>\n<p style=\"text-align: justify;\"><strong>44.<\/strong> Doktorant arvatakse oma \u00f5ppekava j\u00e4rgmise aasta \u00fcli\u00f5pilaseks \u00fche nominaalse \u00f5ppeaasta (kahe \u00f5pitud semestri) m\u00f6\u00f6dumisel immatrikuleerimisest v\u00f5i viimasest \u00fcleviimisest \u00f5ppekorralduseeskirja\u00a0punktides <a href=\"https:\/\/sisu.ut.ee\/ope\/oppekoormus\/#:~:text=v%C3%A4hem%20kui%2075%25.-,40.,-%C3%95ppekava%20t%C3%A4itmist%20oppekoormusega\">40<\/a> ja 42 kirjeldatud korras, kui ta on n\u00f5utud mahus \u00f5ppekava t\u00e4itnud.<\/p>\n<p style=\"text-align: justify;\"><strong>45.<\/strong> \u00d5pitud semester on semester, mille jooksul on \u00f5ppekohal \u00f5ppimise p\u00e4evi \u00fcle poole semestrist (\u00fcle 70 p\u00e4eva) ja akadeemiline puhkus v\u00f5i pikendatud nominaalne \u00f5ppeaeg j\u00e4\u00e4b alla poole semestri.<\/p>\n<p style=\"text-align: justify;\"><strong>46. <\/strong>Doktorandi koormuse arvutamisel arvestatakse \u00f5ppekavasse kuuluvaid aineid, kusjuures vabaaineid ei arvestata vabaainete moodulis m\u00e4\u00e4ratud mahust suuremas ulatuses.<\/p>\n<p style=\"text-align: justify;\"><strong>47.<\/strong> Doktorandid saavad taotleda akadeemilist puhkust ja nende nominaalset \u00f5ppeaega pikendatakse v\u00e4lisk\u00f5rgkoolis \u00f5ppimise v\u00f5i riigikeele s\u00fcva\u00f5ppe l\u00e4bimise korral <a title=\"\" href=\"https:\/\/sisu.ut.ee\/ope\/akadeemiline-puhkus?lang=et\" target=\"_blank\" rel=\"noopener\" data-url=\"https:\/\/sisu.ut.ee\/ope\/akadeemiline-puhkus?lang=et\">\u00f5ppekorralduseeskirjas s\u00e4testatud korras<\/a>.<\/p>\n<p style=\"text-align: justify;\"><strong>48. <\/strong>Doktorandil on \u00f5igus taotleda \u00f5ppekava t\u00e4itmiseks \u00f5pingute pikendamist ehk \u00f5ppe l\u00f5pukuup\u00e4eva edasil\u00fckkamist 12 kuu v\u00f5rra. Kui doktorant on \u00f5ppinud osakoormusega kauem kui \u00fche \u00f5ppeaasta, saab ta taotleda \u00f5pingute pikendamist osakoormuses \u00f5pitud aja v\u00f5rra \u00fche \u00f5ppeaasta kaupa. \u00d5pingute pikendamine vormistatakse doktorandi taotluse alusel teadusprodekaani korraldusega.<\/p>\n<p style=\"text-align: justify;\"><strong>49. <\/strong>\u00d5ppeaja pikendamise taotluse esitamise eeldus on positiivne atesteerimisotsus.<\/p>\n","protected":false},"excerpt":{"rendered":"<p>42. Doktorant l\u00e4bib doktori\u00f5ppe t\u00e4is- v\u00f5i osakoormusega koosk\u00f5las \u00f5ppekorralduseeskirja punktiga 39. 43. Doktorandi oppekoormus m\u00e4\u00e4ratakse \u00f5ppekorralduseeskirja punkti 42 kohaselt. 44. Doktorant arvatakse oma \u00f5ppekava j\u00e4rgmise aasta \u00fcli\u00f5pilaseks \u00fche nominaalse \u00f5ppeaasta (kahe \u00f5pitud semestri) m\u00f6\u00f6dumisel immatrikuleerimisest v\u00f5i viimasest \u00fcleviimisest \u00f5ppekorralduseeskirja\u00a0punktides 40 &#8230;<\/p>\n","protected":false},"author":228,"featured_media":0,"parent":0,"menu_order":0,"comment_status":"closed","ping_status":"closed","template":"","meta":{"_acf_changed":false,"inline_featured_image":false,"footnotes":""},"class_list":["post-51","page","type-page","status-publish","hentry"],"acf":[],"_links":{"self":[{"href":"https:\/\/sisu.ut.ee\/ope\/wp-json\/wp\/v2\/pages\/51","targetHints":{"allow":["GET"]}}],"collection":[{"href":"https:\/\/sisu.ut.ee\/ope\/wp-json\/wp\/v2\/pages"}],"about":[{"href":"https:\/\/sisu.ut.ee\/ope\/wp-json\/wp\/v2\/types\/page"}],"author":[{"embeddable":true,"href":"https:\/\/sisu.ut.ee\/ope\/wp-json\/wp\/v2\/users\/228"}],"replies":[{"embeddable":true,"href":"https:\/\/sisu.ut.ee\/ope\/wp-json\/wp\/v2\/comments?post=51"}],"version-history":[{"count":3,"href":"https:\/\/sisu.ut.ee\/ope\/wp-json\/wp\/v2\/pages\/51\/revisions"}],"predecessor-version":[{"id":1413,"href":"https:\/\/sisu.ut.ee\/ope\/wp-json\/wp\/v2\/pages\/51\/revisions\/1413"}],"wp:attachment":[{"href":"https:\/\/sisu.ut.ee\/ope\/wp-json\/wp\/v2\/media?parent=51"}],"curies":[{"name":"wp","href":"https:\/\/api.w.org\/{rel}","templated":true}]}}