{"id":50,"date":"2024-04-04T07:15:53","date_gmt":"2024-04-04T04:15:53","guid":{"rendered":"https:\/\/sisu.ut.ee\/ope\/taotluse-labivaatamise-tasu\/"},"modified":"2025-09-02T10:39:17","modified_gmt":"2025-09-02T07:39:17","slug":"taotluse-labivaatamise-tasu","status":"publish","type":"page","link":"https:\/\/sisu.ut.ee\/ope\/taotluse-labivaatamise-tasu\/","title":{"rendered":"III. Taotluse l\u00e4bivaatamise tasu"},"content":{"rendered":"<p style=\"text-align: justify;\"><strong>III. Taotluse l\u00e4bivaatamise tasu<\/strong><\/p>\n<p>13. V\u00d5TA taotlemine on tasuline, taotluse l\u00e4bivaatamise tasu kehtestab rektor.<\/p>\n<p style=\"text-align: justify;\"><\/p><div class=\"accordion mb-3\">\n        <div class=\"accordion-item accordion-item--white\">\n        <h2 class=\"accordion-header\" id=\"accordion-69d50a8d8955a-heading\">\n            <button class=\"accordion-button collapsed\" type=\"button\" data-bs-toggle=\"collapse\" data-bs-target=\"#accordion-69d50a8d8955a-collapse\" aria-expanded=\"true\" aria-controls=\"accordion-69d50a8d8955a-collapse\">V\u00d5TA taotluse tasu<\/button>\n        <\/h2>\n        <div id=\"accordion-69d50a8d8955a-collapse\" class=\"accordion-collapse collapse\" aria-labelledby=\"accordion-69d50a8d8955a-heading\">\n            <div class=\"accordion-body\">Tasu V\u00d5TA taotluse l\u00e4bivaatamise eest on 12 eurot (lisandub k\u00e4ibemaks) iga ainepunkti kohta, mille arvestamist taotletakse. <\/div>\n        <\/div>\n        <\/div>\n    <\/div>\n<p style=\"text-align: justify;\">14. V\u00d5TA taotlemine on tasuta, kui<\/p>\n<p style=\"text-align: justify; margin-left: 40px;\">14.1. taotletakse \u00fclikoolis l\u00e4bitud \u00f5ppeainete v\u00f5i t\u00e4iendus\u00f5ppe vastavuse hindamist, mille tulemus on saadud kuni 12 aastat tagasi;<\/p>\n<p style=\"text-align: justify; margin-left: 40px;\">14.2. taotletakse varasemate \u00f5pingute ja t\u00f6\u00f6kogemuse vastuv\u00f5tutingimustele vastavuse hindamist;<\/p>\n<p style=\"text-align: justify; margin-left: 40px;\">14.3. taotlus on esitatud doktori\u00f5ppekava t\u00e4itmiseks;<\/p>\n<p style=\"text-align: justify; margin-left: 40px;\">14.4. taotletakse \u00fclikooli \u00f5pir\u00e4ndes sooritatu arvestamist m\u00f5ne muu \u00f5ppekava t\u00e4itmisel.<\/p>\n","protected":false},"excerpt":{"rendered":"<p>III. Taotluse l\u00e4bivaatamise tasu 13. V\u00d5TA taotlemine on tasuline, taotluse l\u00e4bivaatamise tasu kehtestab rektor. V\u00d5TA taotluse tasu Tasu V\u00d5TA taotluse l\u00e4bivaatamise eest on 12 eurot (lisandub k\u00e4ibemaks) iga ainepunkti kohta, mille arvestamist taotletakse. 14. V\u00d5TA taotlemine on tasuta, kui 14.1. &#8230;<\/p>\n","protected":false},"author":228,"featured_media":0,"parent":0,"menu_order":0,"comment_status":"closed","ping_status":"closed","template":"","meta":{"_acf_changed":false,"inline_featured_image":false,"footnotes":""},"class_list":["post-50","page","type-page","status-publish","hentry"],"acf":[],"_links":{"self":[{"href":"https:\/\/sisu.ut.ee\/ope\/wp-json\/wp\/v2\/pages\/50","targetHints":{"allow":["GET"]}}],"collection":[{"href":"https:\/\/sisu.ut.ee\/ope\/wp-json\/wp\/v2\/pages"}],"about":[{"href":"https:\/\/sisu.ut.ee\/ope\/wp-json\/wp\/v2\/types\/page"}],"author":[{"embeddable":true,"href":"https:\/\/sisu.ut.ee\/ope\/wp-json\/wp\/v2\/users\/228"}],"replies":[{"embeddable":true,"href":"https:\/\/sisu.ut.ee\/ope\/wp-json\/wp\/v2\/comments?post=50"}],"version-history":[{"count":3,"href":"https:\/\/sisu.ut.ee\/ope\/wp-json\/wp\/v2\/pages\/50\/revisions"}],"predecessor-version":[{"id":1955,"href":"https:\/\/sisu.ut.ee\/ope\/wp-json\/wp\/v2\/pages\/50\/revisions\/1955"}],"wp:attachment":[{"href":"https:\/\/sisu.ut.ee\/ope\/wp-json\/wp\/v2\/media?parent=50"}],"curies":[{"name":"wp","href":"https:\/\/api.w.org\/{rel}","templated":true}]}}