{"id":49,"date":"2024-04-04T07:15:53","date_gmt":"2024-04-04T04:15:53","guid":{"rendered":"https:\/\/sisu.ut.ee\/ope\/ii42-alates-20222023-oppeaastast-avatud-doktorioppe-programmide-alusel-immatrikuleeritud\/"},"modified":"2025-05-19T15:57:46","modified_gmt":"2025-05-19T12:57:46","slug":"ii42-alates-20222023-oppeaastast-avatud-doktorioppe-programmide-alusel-immatrikuleeritud","status":"publish","type":"page","link":"https:\/\/sisu.ut.ee\/ope\/ii42-alates-20222023-oppeaastast-avatud-doktorioppe-programmide-alusel-immatrikuleeritud\/","title":{"rendered":"II.4.2. Alates 2022\/2023. \u00f5ppeaastast avatud doktori\u00f5ppe programmide alusel immatrikuleeritud doktorantide \u00f5ppeaeg, doktori\u00f5ppe peatamine ja \u00f5ppeaja muutmine"},"content":{"rendered":"<p><strong>33. <\/strong>Doktorant v\u00f5tab kohustuse l\u00e4bida doktoriope individuaalplaanis m\u00e4rgitud aja jooksul. Nooremteaduri \u00f5ppeaja planeerimisel ja planeeritud \u00f5ppeaja pikendamisel punkti \u00a041<sup>1<\/sup>. alusel tuleb tagada, et tema t\u00f6\u00f6koormus nooremteadurina on v\u00e4hemalt 0,5 t\u00e4ist\u00f6\u00f6ajast.<\/p>\n\n\n<p style=\"text-align: justify;\"><strong>34. <\/strong>Positiivselt atesteeritud doktorant viiakse semestri alguse kuup\u00e4evast \u00fcle j\u00e4rgmise aasta doktorandiks, kui immatrikuleerimisest v\u00f5i viimasest \u00fcleviimisest on m\u00f6\u00f6dunud kaks \u00f5pitud semestrit.<\/p>\n<p style=\"text-align: justify;\"><strong>35. <\/strong>\u00d5pitud semester on semester, mille jooksul on \u00f5ppekohal \u00f5ppimise kalendrip\u00e4evi \u00fcle poole semestrist (\u00fcle 70 p\u00e4eva) ja doktori\u00f5ppe peatamise aeg j\u00e4\u00e4b alla poole semestri.<\/p>\n<p style=\"text-align: justify;\"><strong><a id=\"36\" name=\"36\"><\/a>36. <\/strong>Doktori\u00f5ppe peatamine on ajutine eemalolek m\u00f5juval p\u00f5hjusel v\u00e4hemalt \u00fcheks kuuks, mille jooksul ei osaleta doktori\u00f5ppes. Doktori\u00f5ppe peatanud doktorandi \u00f5ppe l\u00f5pukuup\u00e4ev l\u00fckkub doktori\u00f5ppe peatamise aja v\u00f5rra edasi, arvestades punktis 40 s\u00e4testatud piiranguid doktorandi \u00f5ppeajale.<\/p>\n<p style=\"text-align: justify;\"><strong>37. <\/strong>Doktori\u00f5ppe peatamine ja sellega seotud \u00f5ppe l\u00f5pukuup\u00e4eva muutus vormistatakse teadusprodekaani korraldusega doktorandi taotluse alusel, mis tuleb esitada v\u00e4hemalt 14 kalendrip\u00e4eva enne doktori\u00f5ppe peatamist.<\/p>\n<p style=\"text-align: justify;\"><strong>38. <\/strong>Nooremteaduri doktoriope peatatakse tema <a title=\"\" href=\"https:\/\/www.is.ut.ee\/is\/puhkus\/\" target=\"_blank\" rel=\"noopener\" data-url=\"https:\/\/www.is.ut.ee\/is\/puhkus\/\">taotluse<\/a> alusel ajaks, mil ta viibib l\u00e4htudes t\u00f6\u00f6lepingu seadusest ja \u00fclikooli t\u00f6\u00f6suhteid k\u00e4sitlevatest \u00f5igusaktidest emapuhkusel, vanemapuhkusel, aja- v\u00f5i asendusteenistuses v\u00f5i lepingupoolte kokkuleppel tasustamata puhkusel.<\/p>\n<p style=\"text-align: justify;\"><strong>39. <\/strong>T\u00f6\u00f6lepinguta doktorandi doktoriope peatatakse tema <a title=\"\" href=\"https:\/\/dok.ut.ee\/wd\/?page=pub_list_dynobj&amp;desktop=57835&amp;tid=70993&amp;data_only=true&amp;search=Otsi&amp;field_100193_search_type=ANY&amp;field_100193_text_search_value=ppimine\" target=\"_blank\" rel=\"noopener\" data-url=\"https:\/\/dok.ut.ee\/wd\/?page=pub_list_dynobj&amp;desktop=57835&amp;tid=70993&amp;data_only=true&amp;search=Otsi&amp;field_100193_search_type=ANY&amp;field_100193_text_search_value=ppimine\">taotluse<\/a> alusel:<\/p>\n<p style=\"margin-left: 40px; text-align: justify;\"><strong>39.1.1. <\/strong>omal soovil vastutava juhendajaga koosk\u00f5lastatult \u00f5ppeaja jooksul kuni kahel korral ja kokku kuni \u00fcheks aastaks;<br><strong>39.1.2. <\/strong>kaitsev\u00e4es teenima asumisel kaitsev\u00e4e teatise alusel kuni \u00fcheks aastaks;<br><strong>39.1.3. <\/strong>tervislikel p\u00f5hjustel arstit\u00f5endi alusel kuni kaheks aastaks;<br><strong>39.1.4.<\/strong> naisdoktorandi puhul arstit\u00f5endi alusel alates 30. rasedusn\u00e4dalast kuni kuu aja m\u00f6\u00f6dumiseni m\u00e4\u00e4ratud s\u00fcnnitust\u00e4htajast;<br><strong>39.1.5.<\/strong> p\u00e4rast lapse s\u00fcndi lapse s\u00fcnnitunnistuse koopia alusel kuni lapse kolmeaastaseks saamiseni.<\/p>\n<p style=\"text-align: justify;\"><strong><a id=\"40\" name=\"40\"><\/a>40. <\/strong>Doktorandi \u00f5ppeaeg koos doktori\u00f5ppe peatamisega ei v\u00f5i \u00fcletada kaheksat aastat, v\u00e4lja arvatud juhul, kui doktoriope on peatatud kuni kolmeaastase lapse hooldamiseks v\u00f5i aja- v\u00f5i asendusteenistuseks kaitsev\u00e4es.<\/p>\n<p style=\"text-align: justify;\"><strong>41. <\/strong>Kui individuaalplaani muutmine <a title=\"\" href=\"https:\/\/sisu.ut.ee\/ope\/individuaalplaan#54\" target=\"_blank\" rel=\"noopener\" data-url=\"https:\/\/sisu.ut.ee\/ope\/individuaalplaan#54\">punkti 54<\/a> kohaselt toob kaasa planeeritud \u00f5ppeaja muutumise, vormistatakse see atesteerimiskomisjoni otsuse alusel teadusprodekaani korraldusega.<\/p>\n\n\n<p><strong>41<sup>1<\/sup>.<\/strong> Kui doktorikraadi andev n\u00f5ukogu on lubanud doktorit\u00f6\u00f6 kaitsmisele, kuid see toimub p\u00e4rast planeeritud \u00f5ppeaja m\u00f6\u00f6dumist, v\u00f5ib teadusprodekaan, arvestades juhendaja(te) ja doktori\u00f5ppe programmi eriala juhi seisukohta ning punktis 40 s\u00e4testatud piiranguid doktorandi \u00f5ppeajale, pikendada doktorandi taotlusel tema planeeritud \u00f5ppeaega \u00fchel korral kuni 120 kalendrip\u00e4eva v\u00f5rra. Planeeritud \u00f5ppeaja pikendamine vormistatakse teadusprodekaani korraldusega.<\/p>\n","protected":false},"excerpt":{"rendered":"<p>33. Doktorant v\u00f5tab kohustuse l\u00e4bida doktoriope individuaalplaanis m\u00e4rgitud aja jooksul. Nooremteaduri \u00f5ppeaja planeerimisel ja planeeritud \u00f5ppeaja pikendamisel punkti \u00a0411. alusel tuleb tagada, et tema t\u00f6\u00f6koormus nooremteadurina on v\u00e4hemalt 0,5 t\u00e4ist\u00f6\u00f6ajast. 34. Positiivselt atesteeritud doktorant viiakse semestri alguse kuup\u00e4evast \u00fcle j\u00e4rgmise &#8230;<\/p>\n","protected":false},"author":228,"featured_media":0,"parent":0,"menu_order":0,"comment_status":"closed","ping_status":"closed","template":"","meta":{"_acf_changed":false,"inline_featured_image":false,"footnotes":""},"class_list":["post-49","page","type-page","status-publish","hentry"],"acf":[],"_links":{"self":[{"href":"https:\/\/sisu.ut.ee\/ope\/wp-json\/wp\/v2\/pages\/49","targetHints":{"allow":["GET"]}}],"collection":[{"href":"https:\/\/sisu.ut.ee\/ope\/wp-json\/wp\/v2\/pages"}],"about":[{"href":"https:\/\/sisu.ut.ee\/ope\/wp-json\/wp\/v2\/types\/page"}],"author":[{"embeddable":true,"href":"https:\/\/sisu.ut.ee\/ope\/wp-json\/wp\/v2\/users\/228"}],"replies":[{"embeddable":true,"href":"https:\/\/sisu.ut.ee\/ope\/wp-json\/wp\/v2\/comments?post=49"}],"version-history":[{"count":8,"href":"https:\/\/sisu.ut.ee\/ope\/wp-json\/wp\/v2\/pages\/49\/revisions"}],"predecessor-version":[{"id":1873,"href":"https:\/\/sisu.ut.ee\/ope\/wp-json\/wp\/v2\/pages\/49\/revisions\/1873"}],"wp:attachment":[{"href":"https:\/\/sisu.ut.ee\/ope\/wp-json\/wp\/v2\/media?parent=49"}],"curies":[{"name":"wp","href":"https:\/\/api.w.org\/{rel}","templated":true}]}}