{"id":47,"date":"2024-04-04T07:15:53","date_gmt":"2024-04-04T04:15:53","guid":{"rendered":"https:\/\/sisu.ut.ee\/ope\/uldsatted-0\/"},"modified":"2024-04-04T07:17:32","modified_gmt":"2024-04-04T04:17:32","slug":"uldsatted-0","status":"publish","type":"page","link":"https:\/\/sisu.ut.ee\/ope\/uldsatted-0\/","title":{"rendered":"I. \u00dclds\u00e4tted"},"content":{"rendered":"<p style=\"text-align: justify\">\n\t<br><strong>I. \u00dclds\u00e4tted<\/strong><\/p>\n<p>1. \u00dcli\u00f5pilane v\u00f5i ekstern v\u00f5i immatrikuleerimist taotlev isik v\u00f5ib taotleda varasemate \u00f5pingute ja t\u00f6\u00f6kogemuse arvestamist (edaspidi: V\u00d5TA) vastuv\u00f5tutingimustele vastavuse kindlaksm\u00e4\u00e4ramisel ja \u00f5ppekava t\u00e4itmisel.\n<\/p>\n<p style=\"text-align: justify\">\n\t2. \u00dclikool v\u00f5ib arvestada t\u00e4ielikult v\u00f5i osaliselt teistes k\u00f5rgkoolides ning muudes \u00f5ppe- ja koolitusasutustes l\u00e4bitud taseme- ja t\u00e4iendus\u00f5pet ning t\u00f6\u00f6kogemuse, igap\u00e4evase tegevuse ja vaba aja raames \u00f5pitut vastuv\u00f5tutingimuste ja \u00f5ppekava t\u00e4itmise osana, v\u00e4lja arvatud lopueksamite ja l\u00f5put\u00f6\u00f6de puhul. T\u00e4iendus\u00f5pet ning t\u00f6\u00f6kogemuse, igap\u00e4evase tegevuse ja vaba aja raames \u00f5pitut saab \u00f5ppekava t\u00e4itmisena arvestada vastavate \u00f5piv\u00e4ljunditega \u00fclikooli \u00f5ppeainete olemasolul.\n<\/p>\n<p style=\"text-align: justify\">\n\t3. \u00d5ppekavas v\u00f5ib m\u00e4\u00e4rata lisaks lopueksamile v\u00f5i l\u00f5put\u00f6\u00f6le oppeained, mille puhul varasemaid \u00f5pinguid ja t\u00f6\u00f6kogemust ei arvestata. Nende \u00f5ppeainete maht ei v\u00f5i \u00fcletada 30% \u00f5ppekava mahust, millest on v\u00e4lja arvatud l\u00f5put\u00f6\u00f6 v\u00f5i lopueksami maht.\n<\/p>\n<p style=\"text-align: justify\">\n\t4. Kui taotletakse selliste \u00f5ppeainete arvestamist valik- v\u00f5i vabaainetena, mis on juba kantud m\u00f5ne eelmise \u00f5ppeastme \u00f5ppekava l\u00e4bimist t\u00f5endava diplomiga koos v\u00e4ljastatud akadeemilisele \u00f5iendile, saab neid valik- v\u00f5i vabaainetena arvestada \u00f5ppekavas etten\u00e4htud mahus juhul, kui eelmise \u00f5ppeastme \u00f5ppekava on l\u00e4bitud \u00f5ppekava nominaalmahust suuremas mahus. Seejuures ei arvestata \u00f5ppeaineid valik- v\u00f5i vabaaineteks suuremas mahus kui eelmise \u00f5ppeastme \u00f5ppekava nominaalmahtu \u00fcletav osa. Kohustuslike \u00f5ppeainete arvestamisel mahupiiranguid ei ole.\n<\/p>\n<p style=\"text-align: justify\">\n\t5. Varasemate \u00f5pingute ja t\u00f6\u00f6kogemuse hindamiseks moodustab \u00f5ppekava haldava instituudi juht v\u00f5i \u00f5ppekava haldava valdkonna \u00f5ppeprodekaan V\u00d5TA komisjoni (edaspidi: komisjon) ning m\u00e4\u00e4rab komisjoni esimehe ja \u00f5ppekavad, millele vastavust komisjon hindab. Komisjoni peavad kuuluma vastavate \u00f5ppekavade programmijuhid, \u00fclej\u00e4\u00e4nud komisjoni liikmed m\u00e4\u00e4ratakse akadeemiliste t\u00f6\u00f6tajate hulgast. Teise struktuuri\u00fcksuse \u00f5ppeaine(te) ja mooduli(te) v\u00f5i struktuuri\u00fcksustevahelis(t)e mooduli(te) puhul k\u00fcsitakse k\u00f5igi vastavate \u00f5ppekavade komisjonidelt hinnangut, mis on otsuse langetamisel m\u00e4\u00e4rav.\n<\/p>\n<p style=\"text-align: justify\">\n\t6. Taotluste koostamisega seotud ja \u00f5ppekava- v\u00f5i erialaspetsiifilistes V\u00d5TA k\u00fcsimustes pakub n\u00f5ustamist \u00f5ppekava haldav struktuuri\u00fcksus. Selleks m\u00e4\u00e4rab \u00f5ppekava haldava valdkonna dekaan v\u00f5i instituudi juht struktuuri\u00fcksuses V\u00d5TA n\u00f5ustaja(d).\n<\/p>\n<p style=\"text-align: justify\">\n\t9. V\u00d5TA p\u00f5him\u00f5tete ja protseduurireeglite regulaarse \u00fclevaatamise ning nende t\u00e4itmise j\u00e4lgimise eest vastutab \u00f5ppeosakonna juhataja.<\/p>\n","protected":false},"excerpt":{"rendered":"<p>I. \u00dclds\u00e4tted 1. \u00dcli\u00f5pilane v\u00f5i ekstern v\u00f5i immatrikuleerimist taotlev isik v\u00f5ib taotleda varasemate \u00f5pingute ja t\u00f6\u00f6kogemuse arvestamist (edaspidi: V\u00d5TA) vastuv\u00f5tutingimustele vastavuse kindlaksm\u00e4\u00e4ramisel ja \u00f5ppekava t\u00e4itmisel. 2. \u00dclikool v\u00f5ib arvestada t\u00e4ielikult v\u00f5i osaliselt teistes k\u00f5rgkoolides ning muudes \u00f5ppe- ja koolitusasutustes l\u00e4bitud &#8230;<\/p>\n","protected":false},"author":228,"featured_media":0,"parent":0,"menu_order":0,"comment_status":"closed","ping_status":"closed","template":"","meta":{"_acf_changed":false,"inline_featured_image":false,"footnotes":""},"class_list":["post-47","page","type-page","status-publish","hentry"],"acf":[],"_links":{"self":[{"href":"https:\/\/sisu.ut.ee\/ope\/wp-json\/wp\/v2\/pages\/47","targetHints":{"allow":["GET"]}}],"collection":[{"href":"https:\/\/sisu.ut.ee\/ope\/wp-json\/wp\/v2\/pages"}],"about":[{"href":"https:\/\/sisu.ut.ee\/ope\/wp-json\/wp\/v2\/types\/page"}],"author":[{"embeddable":true,"href":"https:\/\/sisu.ut.ee\/ope\/wp-json\/wp\/v2\/users\/228"}],"replies":[{"embeddable":true,"href":"https:\/\/sisu.ut.ee\/ope\/wp-json\/wp\/v2\/comments?post=47"}],"version-history":[{"count":1,"href":"https:\/\/sisu.ut.ee\/ope\/wp-json\/wp\/v2\/pages\/47\/revisions"}],"predecessor-version":[{"id":697,"href":"https:\/\/sisu.ut.ee\/ope\/wp-json\/wp\/v2\/pages\/47\/revisions\/697"}],"wp:attachment":[{"href":"https:\/\/sisu.ut.ee\/ope\/wp-json\/wp\/v2\/media?parent=47"}],"curies":[{"name":"wp","href":"https:\/\/api.w.org\/{rel}","templated":true}]}}