{"id":45,"date":"2024-04-04T07:15:53","date_gmt":"2024-04-04T04:15:53","guid":{"rendered":"https:\/\/sisu.ut.ee\/ope\/riigikeele-suvaope\/"},"modified":"2024-04-04T07:17:32","modified_gmt":"2024-04-04T04:17:32","slug":"riigikeele-suvaope","status":"publish","type":"page","link":"https:\/\/sisu.ut.ee\/ope\/riigikeele-suvaope\/","title":{"rendered":"Lisa 2. Riigikeele s\u00fcva\u00f5pe"},"content":{"rendered":"<p style=\"text-align: justify\">\n\t<br><strong>Riigikeele s\u00fcva\u00f5pe<\/strong><\/p>\n<p>1. Riigikeeleoskuse taseme m\u00e4\u00e4ramisel v\u00f5etakse aluseks Euroopa N\u00f5ukogu koostatud Euroopa keele\u00f5ppe raamdokumendis m\u00e4\u00e4ratletud keeleoskustasemed. Mitte-eesti \u00f5ppekeelega kooli l\u00f5petanud v\u00f5i eesti keele kui teise keele riigieksami sooritanud \u00fcli\u00f5pilasel on eesti \u00f5ppekeelega \u00f5ppekava alusel \u00f5ppima asumisel kohustus enne esimese aasta \u00f5ppeainetesse registreerumist sooritada \u00fclikoolis eesti keele kui \u00f5ppekeele oskuse test, kui tema keeleoskus ei vasta v\u00e4hemalt B2-tasemele v\u00f5i eesti keele kui teise keele riigieksami tulemus ei ole v\u00e4hemalt 80 punkti.\n<\/p>\n<p style=\"text-align: justify\">\n\t2. Kui eesti \u00f5ppekeelega \u00f5ppekava alusel \u00f5ppima asuval \u00fcli\u00f5pilasel varasem eesti keele oskus puudub, peab ta \u00f5ppima eesti keelt s\u00fcvendatult 60 EAP mahus. Eesti keele kui \u00f5ppekeele oskuse testi alla 30% tulemusega sooritanud \u00fcli\u00f5pilane peab \u00f5ppima eesti keelt s\u00fcvendatult 30 EAP mahus, alla 40% tulemusega \u00fcli\u00f5pilane 18 EAP mahus, alla 60% tulemusega \u00fcli\u00f5pilane 12 EAP mahus ning alla 80% tulemusega \u00fcli\u00f5pilane 6 EAP mahus. Eesti keele kui \u00f5ppekeele oskuse testi \u00fcle 80% tulemusega sooritanud \u00fcli\u00f5pilasel eesti keele s\u00fcva\u00f5ppe kohustust ei ole.\n<\/p>\n<p style=\"text-align: justify\">\n\t3. Eesti keele kui \u00f5ppekeele oskuse testi tulemuse alusel arvatakse \u00fcli\u00f5pilane \u00f5ppeprorektori korraldusega eesti keele s\u00fcva\u00f5ppesse ning ta kohustub l\u00e4bima maailma keelte ja kultuuride instituudi n\u00f5ukogus kinnitatud eesti keele programmi vastavalt talle m\u00e4\u00e4ratud keele\u00f5ppe mahule 6, 12, 18, 30 v\u00f5i 60 EAP mahus. Eesti keele \u00f5pet korraldab maailma keelte ja kultuuride instituut koost\u00f6\u00f6s \u00fcli\u00f5pilase valdkonnaga. Narva kolled\u017eis \u00f5ppivatele \u00fcli\u00f5pilastele korraldab eesti keele \u00f5pet Narva kolled\u017e.\n<\/p>\n<p style=\"text-align: justify\">\n\t4. Eesti keele \u00f5pe korraldatakse paralleelselt \u00fcli\u00f5pilase oma \u00f5ppekava l\u00e4bimisega, v\u00e4lja arvatud juhul, kui \u00fcli\u00f5pilasel eelnev eesti keele oskus puudub. Eelneva eesti keele oskuseta \u00fcli\u00f5pilasel (60 EAP mahus eesti keele s\u00fcva\u00f5pet l\u00e4bival \u00fcli\u00f5pilasel) ei ole esimesel \u00f5ppeaastal kohustust t\u00e4ita oma \u00f5ppekava, teise \u00f5ppeaasta l\u00f5puks tuleb l\u00e4bida oma \u00f5ppekava kohustuslikke \u00f5ppeaineid v\u00e4hemalt 30 EAP mahus (osakoormusega \u00f5ppes 15 EAP mahus) ja kolmanda \u00f5ppeaasta l\u00f5puks v\u00e4hemalt 60 EAP mahus (osakoormusega \u00f5ppes v\u00e4hemalt 30 EAP mahus). 30 EAP mahus eesti keele s\u00fcva\u00f5pet l\u00e4bival \u00fcli\u00f5pilasel ei ole esimesel semestril kohustust oma \u00f5ppekava t\u00e4ita, teisel semestril peab \u00fcli\u00f5pilane l\u00e4bima oma \u00f5ppekava \u00f5ppeaineid v\u00e4hemalt 15 EAP mahus.\n<\/p>\n<p style=\"text-align: justify\">\n\t5. T\u00e4is- ja osakoormuse arvestamisel eeskirja punkti 39 kohaselt ning \u00f5ppekava minimaalse lubatud mahu t\u00e4itmisel punkti 41 kohaselt v\u00f5etakse eesti keele s\u00fcva\u00f5ppesse arvatud \u00fcli\u00f5pilaste puhul arvesse ka eesti keele programmi oppeained.\n<\/p>\n<p style=\"text-align: justify\">\n\t6. Keeleoskuse taseme j\u00e4rgi m\u00e4\u00e4ratud eesti keele s\u00fcva\u00f5pet tuleb alustada esimesel semestril ning esimese \u00f5ppeaasta l\u00f5puks tuleb l\u00e4bida v\u00e4hemalt 50% s\u00fcva\u00f5ppe mahust. Kogu maht tuleb t\u00e4ita hiljemalt nominaalse \u00f5ppeaja l\u00f5puks (enne l\u00f5put\u00f6\u00f6 kaitsmist). Valdkonna n\u00f5ukogu v\u00f5ib eesti keele s\u00fcva\u00f5ppe mahu t\u00e4itmiseks kehtestada varasema t\u00e4htaja. Eesti keele s\u00fcva\u00f5ppesse arvatud \u00fcli\u00f5pilase \u00f5ppekava on t\u00e4idetud, kui \u00f5ppekavas ette n\u00e4htud \u00f5ppeainetele lisaks on l\u00e4bitud eesti keele s\u00fcva\u00f5pe talle m\u00e4\u00e4ratud mahus v\u00f5i esitatud t\u00f5end eesti keele C1-taseme omandamise kohta. Kui eesti keele \u00f5ppe programmi oppeained kuuluvad \u00fcli\u00f5pilase \u00f5ppekavasse, ei n\u00f5uta nende sooritamist lisaks \u00f5ppekavas ette n\u00e4htud eesti keele \u00f5ppeainetele. Eesti keele s\u00fcva\u00f5ppe programmi \u00f5ppeainetega v\u00f5ib t\u00e4ita oma \u00f5ppekava vabaainete mooduli mahtu.\n<\/p>\n<p style=\"text-align: justify\">\n\t7. \u00dcli\u00f5pilase \u00f5ppe l\u00f5pukuup\u00e4ev l\u00fckkub eesti keele \u00f5ppeks kulunud aja v\u00f5rra edasi vastavalt l\u00e4bitud keele\u00f5ppe mahule. Kui keele\u00f5ppe maht on 6\u201330 EAP-d, pikeneb nominaalne \u00f5ppeaeg kuue kuu v\u00f5rra, kui keele\u00f5ppe maht on 60 EAP-d, pikeneb nominaalne \u00f5ppeaeg \u00fche aasta v\u00f5rra. Nominaalse \u00f5ppeaja pikendamine vormistatakse \u00f5ppeprorektori korraldusega p\u00e4rast eesti keele programmi t\u00e4ies mahus l\u00e4bimist \u00f5ppekava nominaalkestuse l\u00f5pus.<\/p>\n","protected":false},"excerpt":{"rendered":"<p>Riigikeele s\u00fcva\u00f5pe 1. Riigikeeleoskuse taseme m\u00e4\u00e4ramisel v\u00f5etakse aluseks Euroopa N\u00f5ukogu koostatud Euroopa keele\u00f5ppe raamdokumendis m\u00e4\u00e4ratletud keeleoskustasemed. Mitte-eesti \u00f5ppekeelega kooli l\u00f5petanud v\u00f5i eesti keele kui teise keele riigieksami sooritanud \u00fcli\u00f5pilasel on eesti \u00f5ppekeelega \u00f5ppekava alusel \u00f5ppima asumisel kohustus enne esimese aasta &#8230;<\/p>\n","protected":false},"author":228,"featured_media":0,"parent":0,"menu_order":0,"comment_status":"closed","ping_status":"closed","template":"","meta":{"_acf_changed":false,"inline_featured_image":false,"footnotes":""},"class_list":["post-45","page","type-page","status-publish","hentry"],"acf":[],"_links":{"self":[{"href":"https:\/\/sisu.ut.ee\/ope\/wp-json\/wp\/v2\/pages\/45","targetHints":{"allow":["GET"]}}],"collection":[{"href":"https:\/\/sisu.ut.ee\/ope\/wp-json\/wp\/v2\/pages"}],"about":[{"href":"https:\/\/sisu.ut.ee\/ope\/wp-json\/wp\/v2\/types\/page"}],"author":[{"embeddable":true,"href":"https:\/\/sisu.ut.ee\/ope\/wp-json\/wp\/v2\/users\/228"}],"replies":[{"embeddable":true,"href":"https:\/\/sisu.ut.ee\/ope\/wp-json\/wp\/v2\/comments?post=45"}],"version-history":[{"count":1,"href":"https:\/\/sisu.ut.ee\/ope\/wp-json\/wp\/v2\/pages\/45\/revisions"}],"predecessor-version":[{"id":695,"href":"https:\/\/sisu.ut.ee\/ope\/wp-json\/wp\/v2\/pages\/45\/revisions\/695"}],"wp:attachment":[{"href":"https:\/\/sisu.ut.ee\/ope\/wp-json\/wp\/v2\/media?parent=45"}],"curies":[{"name":"wp","href":"https:\/\/api.w.org\/{rel}","templated":true}]}}