{"id":44,"date":"2024-04-04T07:15:53","date_gmt":"2024-04-04T04:15:53","guid":{"rendered":"https:\/\/sisu.ut.ee\/ope\/eksternina-oppimine\/"},"modified":"2024-04-04T07:17:32","modified_gmt":"2024-04-04T04:17:32","slug":"eksternina-oppimine","status":"publish","type":"page","link":"https:\/\/sisu.ut.ee\/ope\/eksternina-oppimine\/","title":{"rendered":"II. Eksternina \u00f5ppimine"},"content":{"rendered":"<p style=\"text-align: justify\">\n\t<br><strong>II. Eksternina \u00f5ppimine<\/strong><\/p>\n<p>8. Eksterni staatust v\u00f5ib taotleda isik, kes on t\u00e4itnud vastava \u00f5ppekava alusel \u00f5ppima asumiseks vajaliku eelneva haridustaseme n\u00f5uded ja vastuv\u00f5tueeskirjas sisseastumiseks m\u00e4\u00e4ratud eeltingimused.\n<\/p>\n<p style=\"text-align: justify\">\n\t9. Eksterni staatus antakse kuni \u00fcheks \u00f5ppeaastaks \u00f5ppeprodekaani korraldusega. Eksterni staatuse saamiseks esitab isik \u00f5ppeprodekaanile <a data-url=\"https:\/\/ut.ee\/et\/sisu\/oppimine-eksternina\" href=\"https:\/\/ut.ee\/et\/sisu\/oppimine-eksternina\" target=\"_blank\" title=\"\" rel=\"noopener\">avalduse<\/a>, milles on esitatud l\u00e4bitavate \u00f5ppeainete loetelu. \u00d5ppeprodekaani korraldus ja avaldus annavad aluse tema registreerimiseks \u00f5ppeainetesse eeskirja peat\u00fcki II.3 kohaselt. Eksterni ja \u00fclikooli suhted m\u00e4\u00e4ratakse kindlaks \u00fclikooli ja eksterni vahelise lepinguga.\n<\/p>\n<p style=\"text-align: justify\">\n\t10. \u00d5ppeprodekaan v\u00f5ib j\u00e4tta avalduse rahuldamata, kui\n<\/p>\n<p style=\"text-align: justify;margin-left: 40px\">\n\t10.1. avalduse esitaja ei vasta \u00f5ppeaines v\u00f5i \u00f5ppekavas kehtestatud tingimustele v\u00f5i \u00f5ppekava vastuv\u00f5tutingimustele;\n<\/p>\n<p style=\"text-align: justify;margin-left: 40px\">\n\t10.2. \u00f5ppet\u00f6\u00f6s osalejate piirarv on t\u00e4is;\n<\/p>\n<p style=\"text-align: justify;margin-left: 40px\">\n\t10.3. \u00f5ppeaine \u00f5petamine on alanud;\n<\/p>\n<p style=\"text-align: justify;margin-left: 40px\">\n\t10.4. avalduse esitajal on \u00fclikooli ees \u00f5ppetasu v\u00f5lgnevus;\n<\/p>\n<p style=\"text-align: justify;margin-left: 40px\">\n\t10.5. avalduse esitaja on avalduse esitamisele eelnenud kahe aasta jooksul pannud toime akadeemilise petturluse v\u00f5i muul viisil v\u00e4\u00e4ritult k\u00e4itunud;\n<\/p>\n<p style=\"text-align: justify;margin-left: 40px\">\n\t10.6. avalduse esitajal on kehtiv karistus tahtlikult toime pandud kuriteo eest;\n<\/p>\n<p style=\"text-align: justify;margin-left: 40px\">\n\t10.6<sup>1<\/sup>. avalduse esitaja ei ole varem vastava \u00f5ppekava alusel \u00f5ppinud;\n<\/p>\n<p style=\"text-align: justify;margin-left: 40px\">\n\t10.7. esineb muu m\u00f5juv p\u00f5hjus.\n<\/p>\n<p style=\"text-align: justify\">\n\t11. Kui avalduse esitaja on \u00f5ppeaines eksternina neli korda (kursuses\u00fcsteemis kolm korda) saanud negatiivse tulemuse, siis ei ole tal \u00f5igust kahe aasta jooksul alates viimase negatiivse tulemuse saamisest selle \u00f5ppeaine eksternina l\u00e4bimist taotleda.\n<\/p>\n<p>\n\t<\/p><div class=\"accordion mb-3\">\n        <div class=\"accordion-item accordion-item--white\">\n        <h2 class=\"accordion-header\" id=\"accordion-69d508a806135-heading\">\n            <button class=\"accordion-button collapsed\" type=\"button\" data-bs-toggle=\"collapse\" data-bs-target=\"#accordion-69d508a806135-collapse\" aria-expanded=\"true\" aria-controls=\"accordion-69d508a806135-collapse\">Millal saab uuesti eksterniks tulla<\/button>\n        <\/h2>\n        <div id=\"accordion-69d508a806135-collapse\" class=\"accordion-collapse collapse\" aria-labelledby=\"accordion-69d508a806135-heading\">\n            <div class=\"accordion-body\">Kui eksterniks tulija on saanud \u00f5ppeaines neli negatiivset hinnet, siis kahe aasta m\u00f6\u00f6dumisel \u00fcksk\u00f5ik mitmendast negatiivsest hindest loeme soorituskordi taas nullist, mitte enam kumulatiivselt.\n\n<p>\n\tN\u00e4ide: ekstern on saanud \u00f5ppeaines X kaks negatiivset hinnet aastal 2017. Seej\u00e4rel on uuesti kaks negatiivset hinnet saadud aastal 2020. Aastal 2021 on tal \u00f5ppeaines on seega kaks negatiivset hinnet, mitte neli, sest 2017. a saadud hinnete j\u00e4rel oli juba v\u00e4hemalt kaheaastane paus. Selles \u00f5ppeaines on v\u00f5imalik 2021. aastal veel kaks korda hindamist sooritada enne uut kaheaastast pausi.<\/p><\/div>\n        <\/div>\n        <\/div>\n    <\/div>\n\n<p style=\"text-align: justify\">\n\t12. Eksternile kohaldatakse \u00f5ppet\u00f6\u00f6 korraldamise, \u00f5piv\u00e4ljundite hindamise, \u00f5pingute l\u00f5petamise, akadeemilise petturluse ja v\u00e4\u00e4ritu k\u00e4itumise ning otsuste vaidlustamisega seonduvaid \u00fcli\u00f5pilase \u00f5igusi ja kohustusi eeskirja punktide 7\u02d786, 107\u02d7113 ja 140\u02d7160 kohaselt.\n<\/p>\n<p style=\"text-align: justify\">\n\t13. \u00dclikool katkestab eksterni \u00f5pingud \u00f5ppeprodekaani korraldusega, kui ekstern\n<\/p>\n<p style=\"text-align: justify\">\n\t13.1. on esitanud selleks avalduse;\n<\/p>\n<p style=\"text-align: justify\">\n\t13.2. ei ole t\u00e4itnud \u00fclikooli \u00f5ppekorralduse v\u00f5i sisekorra n\u00f5udeid;\n<\/p>\n<p style=\"text-align: justify\">\n\t13.3. immatrikuleeritakse sama \u00f5ppekava vabanenud \u00f5ppekohale.<\/p>\n","protected":false},"excerpt":{"rendered":"<p>II. Eksternina \u00f5ppimine 8. Eksterni staatust v\u00f5ib taotleda isik, kes on t\u00e4itnud vastava \u00f5ppekava alusel \u00f5ppima asumiseks vajaliku eelneva haridustaseme n\u00f5uded ja vastuv\u00f5tueeskirjas sisseastumiseks m\u00e4\u00e4ratud eeltingimused. 9. Eksterni staatus antakse kuni \u00fcheks \u00f5ppeaastaks \u00f5ppeprodekaani korraldusega. Eksterni staatuse saamiseks esitab isik &#8230;<\/p>\n","protected":false},"author":228,"featured_media":0,"parent":0,"menu_order":0,"comment_status":"closed","ping_status":"closed","template":"","meta":{"_acf_changed":false,"inline_featured_image":false,"footnotes":""},"class_list":["post-44","page","type-page","status-publish","hentry"],"acf":[],"_links":{"self":[{"href":"https:\/\/sisu.ut.ee\/ope\/wp-json\/wp\/v2\/pages\/44","targetHints":{"allow":["GET"]}}],"collection":[{"href":"https:\/\/sisu.ut.ee\/ope\/wp-json\/wp\/v2\/pages"}],"about":[{"href":"https:\/\/sisu.ut.ee\/ope\/wp-json\/wp\/v2\/types\/page"}],"author":[{"embeddable":true,"href":"https:\/\/sisu.ut.ee\/ope\/wp-json\/wp\/v2\/users\/228"}],"replies":[{"embeddable":true,"href":"https:\/\/sisu.ut.ee\/ope\/wp-json\/wp\/v2\/comments?post=44"}],"version-history":[{"count":1,"href":"https:\/\/sisu.ut.ee\/ope\/wp-json\/wp\/v2\/pages\/44\/revisions"}],"predecessor-version":[{"id":694,"href":"https:\/\/sisu.ut.ee\/ope\/wp-json\/wp\/v2\/pages\/44\/revisions\/694"}],"wp:attachment":[{"href":"https:\/\/sisu.ut.ee\/ope\/wp-json\/wp\/v2\/media?parent=44"}],"curies":[{"name":"wp","href":"https:\/\/api.w.org\/{rel}","templated":true}]}}