{"id":43,"date":"2024-04-04T07:15:53","date_gmt":"2024-04-04T04:15:53","guid":{"rendered":"https:\/\/sisu.ut.ee\/ope\/kulalisuliopilasena-oppimine\/"},"modified":"2024-04-04T07:17:32","modified_gmt":"2024-04-04T04:17:32","slug":"kulalisuliopilasena-oppimine","status":"publish","type":"page","link":"https:\/\/sisu.ut.ee\/ope\/kulalisuliopilasena-oppimine\/","title":{"rendered":"I. K\u00fclalis\u00fcli\u00f5pilasena \u00f5ppimine"},"content":{"rendered":"<p style=\"text-align: justify\">\n\t<br><strong>I. K\u00fclalis\u00fcli\u00f5pilasena \u00f5ppimine<\/strong><\/p>\n<p>1. K\u00fclalis\u00fcli\u00f5pilase staatuse saamiseks esitab isik \u00f5ppeprorektorile avalduse, millel on koduk\u00f5rgkooli vastutava isiku ja valdkonna \u00f5ppeprodekaani n\u00f5usolek ning milles on l\u00e4bitavate \u00f5ppeainete loetelu. \u00d5ppeprodekaan v\u00f5ib j\u00e4tta n\u00f5usoleku andmata, kui avalduse esitaja ei vasta \u00f5ppeaines v\u00f5i \u00f5ppekavas kehtestatud tingimustele v\u00f5i kui \u00f5ppet\u00f6\u00f6s osalejate piirarv on t\u00e4is. \u00d5ppeprorektori korraldus k\u00fclalis\u00fcli\u00f5pilaseks arvamise kohta ja k\u00fclalis\u00fcli\u00f5pilase avaldus annavad aluse tema registreerimiseks avaldusel olevatesse \u00f5ppeainetesse eeskirja peat\u00fcki II.3 kohaselt.\n<\/p>\n<p style=\"text-align: justify\">\n\t2. K\u00fclalis\u00fcli\u00f5pilasena \u00f5ppida soovija peab t\u00f5endama \u00f5ppekeele oskust v\u00e4hemalt Euroopa keele\u00f5ppe raamdokumendis m\u00e4\u00e4ratletud B2-tasemel.\n<\/p>\n<p style=\"text-align: justify\">\n\t3. V\u00e4lisk\u00fclalis\u00fcli\u00f5pilasel, v\u00e4lja arvatud praktikat tegeval ja teisest Eesti k\u00f5rgkoolist tuleval v\u00e4lisk\u00fclalis\u00fcli\u00f5pilasel, on kohustus \u00fclikoolis \u00f5ppimise semestril l\u00e4bida \u00f5ppeaineid v\u00e4hemalt 15 EAP mahus.\n<\/p>\n<p style=\"text-align: justify\">\n\t4. Eeskirja punktides 44-86, 107-113 ja 141-161 nimetatud \u00f5ppekorralduslikes k\u00fcsimustes kohaldatakse k\u00fclalis\u00fcli\u00f5pilasele \u00fcli\u00f5pilase \u00f5igusi ja kohustusi.\n<\/p>\n<p style=\"text-align: justify\">\n\t5. \u00d5ppeaja l\u00f5ppedes v\u00e4ljastab dekanaat k\u00fclalis\u00fcli\u00f5pilasele \u00f5pitulemuste v\u00e4ljav\u00f5tte. Kui v\u00e4lisk\u00fclalis\u00fcli\u00f5pilase koduk\u00f5rgkoolis kasutatakse ainult eristavat hindamist, on eristamata hindamistulemuse \u201earvestatud\u201c vasteks hinne A.\n<\/p>\n<p style=\"text-align: justify\">\n\t6. K\u00fclalis\u00fcli\u00f5pilase \u00f5pinguid v\u00f5ib pikendada \u00f5ppeprodekaani korraldusega kuni \u00fcheks \u00f5ppeaastaks, v\u00e4lja arvatud juhul, kui v\u00e4lisk\u00fclalis\u00fcli\u00f5pilane ei ole t\u00e4itnud lisa 1 punktis 3 s\u00e4testatud ainepunktide mahu n\u00f5uet.\n<\/p>\n<p style=\"text-align: justify\">\n\t7. \u00dclikool katkestab k\u00fclalis\u00fcli\u00f5pilase \u00f5pingud \u00f5ppeprorektori korraldusega<br>7.1. \u00f5ppeprodekaani esildise alusel, kui k\u00fclalis\u00fcli\u00f5pilane ei ole t\u00e4itnud \u00fclikooli \u00f5ppekorralduse v\u00f5i sisekorra n\u00f5udeid;<br>7.2. \u00fclikoolidevahelise koost\u00f6\u00f6lepingu l\u00f5ppemisel v\u00f5i\n<\/p>\n<p style=\"text-align: justify\">\n\t7.3. k\u00fclalis\u00fcli\u00f5pilase avalduse alusel.<\/p>\n","protected":false},"excerpt":{"rendered":"<p>I. K\u00fclalis\u00fcli\u00f5pilasena \u00f5ppimine 1. K\u00fclalis\u00fcli\u00f5pilase staatuse saamiseks esitab isik \u00f5ppeprorektorile avalduse, millel on koduk\u00f5rgkooli vastutava isiku ja valdkonna \u00f5ppeprodekaani n\u00f5usolek ning milles on l\u00e4bitavate \u00f5ppeainete loetelu. \u00d5ppeprodekaan v\u00f5ib j\u00e4tta n\u00f5usoleku andmata, kui avalduse esitaja ei vasta \u00f5ppeaines v\u00f5i \u00f5ppekavas kehtestatud &#8230;<\/p>\n","protected":false},"author":228,"featured_media":0,"parent":0,"menu_order":0,"comment_status":"closed","ping_status":"closed","template":"","meta":{"_acf_changed":false,"inline_featured_image":false,"footnotes":""},"class_list":["post-43","page","type-page","status-publish","hentry"],"acf":[],"_links":{"self":[{"href":"https:\/\/sisu.ut.ee\/ope\/wp-json\/wp\/v2\/pages\/43","targetHints":{"allow":["GET"]}}],"collection":[{"href":"https:\/\/sisu.ut.ee\/ope\/wp-json\/wp\/v2\/pages"}],"about":[{"href":"https:\/\/sisu.ut.ee\/ope\/wp-json\/wp\/v2\/types\/page"}],"author":[{"embeddable":true,"href":"https:\/\/sisu.ut.ee\/ope\/wp-json\/wp\/v2\/users\/228"}],"replies":[{"embeddable":true,"href":"https:\/\/sisu.ut.ee\/ope\/wp-json\/wp\/v2\/comments?post=43"}],"version-history":[{"count":1,"href":"https:\/\/sisu.ut.ee\/ope\/wp-json\/wp\/v2\/pages\/43\/revisions"}],"predecessor-version":[{"id":693,"href":"https:\/\/sisu.ut.ee\/ope\/wp-json\/wp\/v2\/pages\/43\/revisions\/693"}],"wp:attachment":[{"href":"https:\/\/sisu.ut.ee\/ope\/wp-json\/wp\/v2\/media?parent=43"}],"curies":[{"name":"wp","href":"https:\/\/api.w.org\/{rel}","templated":true}]}}