{"id":41,"date":"2024-04-04T07:15:53","date_gmt":"2024-04-04T04:15:53","guid":{"rendered":"https:\/\/sisu.ut.ee\/ope\/eeskirja-joustumine\/"},"modified":"2024-09-02T16:32:29","modified_gmt":"2024-09-02T13:32:29","slug":"eeskirja-joustumine","status":"publish","type":"page","link":"https:\/\/sisu.ut.ee\/ope\/eeskirja-joustumine\/","title":{"rendered":"VIII.3. Eeskirja j\u00f5ustumine"},"content":{"rendered":"<p style=\"text-align: justify;\"><strong>VIII.3. Eeskirja j\u00f5ustumine<\/strong><\/p>\n<p>165. Tartu \u00dclikooli senati 26. aprilli 2013. a m\u00e4\u00e4rusega nr 5 vastu v\u00f5etud ning 20. detsembri 2013. a m\u00e4\u00e4rusega nr 23, 25. aprilli 2014. a m\u00e4\u00e4rusega nr 6, 19. detsembri 2014. a m\u00e4\u00e4rusega nr 17, 24. aprilli 2015. a m\u00e4\u00e4rusega nr 5, 29. mai 2015. a m\u00e4\u00e4rusega nr 8, 27. novembri 2015. a m\u00e4\u00e4rusega nr 20, 2. mai 2016. a m\u00e4\u00e4rusega nr 5, 28. aprilli 2017. a m\u00e4\u00e4rusega nr 1, 27. aprilli 2018. a m\u00e4\u00e4rusega nr 4, 26. aprilli 2019. a m\u00e4\u00e4rusega nr 3, 31. jaanuari 2020. a m\u00e4\u00e4rusega nr 1, 29. mai 2020. a m\u00e4\u00e4rusega nr 6 ja 28. augusti 2020. a m\u00e4\u00e4rusega nr 10 muudetud \u00f5ppekorralduseeskiri tunnistatakse kehtetuks.<\/p>\n<p style=\"text-align: justify;\">166. Tartu \u00dclikooli senati 29. mai 2015. a m\u00e4\u00e4rusega nr 11 kinnitatud ning 28. aprilli 2017. a m\u00e4\u00e4rusega nr 1 ja 31. jaanuari 2020. a m\u00e4\u00e4rusega nr 1 muudetud taseme\u00f5ppes varasemate \u00f5pingute ja t\u00f6\u00f6kogemuse arvestamise tingimused ja kord tunnistatakse kehtetuks.<\/p>\n<p style=\"text-align: justify;\">167. Eeskirja punkti 87.3.3 rakendatakse alates 2007\/2008. \u00f5ppeaastal saadud negatiivsete hindamistulemuste saamisest ning enne nimetatud \u00f5ppeaastat saadud negatiivsetel hindamistulemustel ei ole punkti 87.3.3 m\u00f5ttes t\u00e4hendust.<\/p>\n<p style=\"text-align: justify;\">168. Eeskirja punkti 87.8 rakendatakse alates 2013\/2014. \u00f5ppeaastast immatrikuleeritud \u00fcli\u00f5pilastele.<\/p>\n<p style=\"text-align: justify;\">169. Enne 2018\/2019. \u00f5ppeaastat immatrikuleeritud \u00fcli\u00f5pilasel on \u00f5igus olla immatrikuleeritud korraga mitme \u00f5ppekava alusel erinevatel k\u00f5rgharidusastmetel.<\/p>\n<p style=\"text-align: justify;\">170. Rektoril on \u00f5igus kehtestada 2021\/2022. \u00f5ppeaastal oma k\u00e4skkirjaga \u00f5ppekorralduseeskirjast erandeid, mis on vajalikud COVID-19 haigust p\u00f5hjustava koroonaviiruse leviku t\u00f5kestamiseks. Rektor esitab senatile 2022. aasta veebruari istungiks aruande s\u00fcgissemestril kehtestatud erandite kohta ja augusti istungiks aruande kevadsemestril kehtestatud erandite kohta.<\/p>\n<p>170<sup>1<\/sup>. Punkti 87.8<sup>1<\/sup> rakendatakse alates 2024\/2025. \u00f5ppeaastast immatrikuleeritud \u00fcli\u00f5pilastele.<\/p>\n<p>170<sup>2<\/sup>. Punktis 101 nimetatud piirangut, mille j\u00e4rgi saab reimatrikuleerimist taotleda juhul, kui eksmatrikuleerimisest on m\u00f6\u00f6das v\u00e4hemalt kaks aastat, ei rakendata, kui isik eksmatrikuleeriti enne 2024\/2025. \u00f5ppeaastat, v\u00e4lja arvatud juhul, kui isik eksmatrikuleeriti v\u00e4\u00e4ritu k\u00e4itumise t\u00f5ttu.<\/p>\n<p>171. Eeskiri j\u00f5ustub 30. augustil 2021.<\/p>\n","protected":false},"excerpt":{"rendered":"<p>VIII.3. Eeskirja j\u00f5ustumine 165. Tartu \u00dclikooli senati 26. aprilli 2013. a m\u00e4\u00e4rusega nr 5 vastu v\u00f5etud ning 20. detsembri 2013. a m\u00e4\u00e4rusega nr 23, 25. aprilli 2014. a m\u00e4\u00e4rusega nr 6, 19. detsembri 2014. a m\u00e4\u00e4rusega nr 17, 24. aprilli &#8230;<\/p>\n","protected":false},"author":228,"featured_media":0,"parent":0,"menu_order":0,"comment_status":"closed","ping_status":"closed","template":"","meta":{"_acf_changed":false,"inline_featured_image":false,"footnotes":""},"class_list":["post-41","page","type-page","status-publish","hentry"],"acf":[],"_links":{"self":[{"href":"https:\/\/sisu.ut.ee\/ope\/wp-json\/wp\/v2\/pages\/41","targetHints":{"allow":["GET"]}}],"collection":[{"href":"https:\/\/sisu.ut.ee\/ope\/wp-json\/wp\/v2\/pages"}],"about":[{"href":"https:\/\/sisu.ut.ee\/ope\/wp-json\/wp\/v2\/types\/page"}],"author":[{"embeddable":true,"href":"https:\/\/sisu.ut.ee\/ope\/wp-json\/wp\/v2\/users\/228"}],"replies":[{"embeddable":true,"href":"https:\/\/sisu.ut.ee\/ope\/wp-json\/wp\/v2\/comments?post=41"}],"version-history":[{"count":5,"href":"https:\/\/sisu.ut.ee\/ope\/wp-json\/wp\/v2\/pages\/41\/revisions"}],"predecessor-version":[{"id":1770,"href":"https:\/\/sisu.ut.ee\/ope\/wp-json\/wp\/v2\/pages\/41\/revisions\/1770"}],"wp:attachment":[{"href":"https:\/\/sisu.ut.ee\/ope\/wp-json\/wp\/v2\/media?parent=41"}],"curies":[{"name":"wp","href":"https:\/\/api.w.org\/{rel}","templated":true}]}}