{"id":40,"date":"2024-04-04T07:15:52","date_gmt":"2024-04-04T04:15:52","guid":{"rendered":"https:\/\/sisu.ut.ee\/ope\/enne-31-augustit-2009-kehtinud-ainepunktisusteemi-rakendamine\/"},"modified":"2024-04-04T07:17:33","modified_gmt":"2024-04-04T04:17:33","slug":"enne-31-augustit-2009-kehtinud-ainepunktisusteemi-rakendamine","status":"publish","type":"page","link":"https:\/\/sisu.ut.ee\/ope\/enne-31-augustit-2009-kehtinud-ainepunktisusteemi-rakendamine\/","title":{"rendered":"VIII.2. Enne 31. augustit 2009 kehtinud ainepunktis\u00fcsteemi rakendamine"},"content":{"rendered":"<p style=\"text-align: justify\">\n\t<br><strong>VIII.2. Enne 31. augustit 2009 kehtinud ainepunktis\u00fcsteemi rakendamine<\/strong><\/p>\n<p>164. Enne 31. augustit 2009 kasutusel olnud ainepunktile (AP) vastab 40 tundi ehk \u00fcks \u00f5ppen\u00e4dal \u00fcli\u00f5pilase t\u00f6\u00f6d. Enne 31. augustit 2009 saadud \u00f5pitulemused arvestatakse \u00fcmber Euroopa ainepunktis\u00fcsteemi ainepunktideks (EAP) alates 31. augustist 2009 arvestusega 1 AP v\u00f5rdub 1,5 EAP-ga.<\/p>\n","protected":false},"excerpt":{"rendered":"<p>VIII.2. Enne 31. augustit 2009 kehtinud ainepunktis\u00fcsteemi rakendamine 164. Enne 31. augustit 2009 kasutusel olnud ainepunktile (AP) vastab 40 tundi ehk \u00fcks \u00f5ppen\u00e4dal \u00fcli\u00f5pilase t\u00f6\u00f6d. Enne 31. augustit 2009 saadud \u00f5pitulemused arvestatakse \u00fcmber Euroopa ainepunktis\u00fcsteemi ainepunktideks (EAP) alates 31. augustist &#8230;<\/p>\n","protected":false},"author":228,"featured_media":0,"parent":0,"menu_order":0,"comment_status":"closed","ping_status":"closed","template":"","meta":{"_acf_changed":false,"inline_featured_image":false,"footnotes":""},"class_list":["post-40","page","type-page","status-publish","hentry"],"acf":[],"_links":{"self":[{"href":"https:\/\/sisu.ut.ee\/ope\/wp-json\/wp\/v2\/pages\/40","targetHints":{"allow":["GET"]}}],"collection":[{"href":"https:\/\/sisu.ut.ee\/ope\/wp-json\/wp\/v2\/pages"}],"about":[{"href":"https:\/\/sisu.ut.ee\/ope\/wp-json\/wp\/v2\/types\/page"}],"author":[{"embeddable":true,"href":"https:\/\/sisu.ut.ee\/ope\/wp-json\/wp\/v2\/users\/228"}],"replies":[{"embeddable":true,"href":"https:\/\/sisu.ut.ee\/ope\/wp-json\/wp\/v2\/comments?post=40"}],"version-history":[{"count":1,"href":"https:\/\/sisu.ut.ee\/ope\/wp-json\/wp\/v2\/pages\/40\/revisions"}],"predecessor-version":[{"id":709,"href":"https:\/\/sisu.ut.ee\/ope\/wp-json\/wp\/v2\/pages\/40\/revisions\/709"}],"wp:attachment":[{"href":"https:\/\/sisu.ut.ee\/ope\/wp-json\/wp\/v2\/media?parent=40"}],"curies":[{"name":"wp","href":"https:\/\/api.w.org\/{rel}","templated":true}]}}