{"id":4,"date":"2024-04-04T07:15:49","date_gmt":"2024-04-04T04:15:49","guid":{"rendered":"https:\/\/sisu.ut.ee\/ope\/iv3-hindamise-tulemused\/"},"modified":"2024-04-17T16:47:28","modified_gmt":"2024-04-17T13:47:28","slug":"iv3-hindamise-tulemused","status":"publish","type":"page","link":"https:\/\/sisu.ut.ee\/ope\/iv3-hindamise-tulemused\/","title":{"rendered":"IV.3. Hindamise tulemused"},"content":{"rendered":"<p style=\"text-align: justify;\">\n<strong>IV.3. Hindamise tulemused<\/strong><\/p>\n<p style=\"text-align: justify;\">\n58. Hindamise tulemuse m\u00e4rgib \u00f5ppej\u00f5ud \u00f5ppeinfos\u00fcsteemi ja see on \u00f5pitulemuste arvestamise alus. \u00d5ppeaine vastutav \u00f5ppej\u00f5ud vastutab, et k\u00f5ik hindamistulemused on \u00f5ppeinfos\u00fcsteemi kantud.<\/p>\n<p style=\"text-align: justify;\">59. Kui \u00fcli\u00f5pilane ei ilmu valitud p\u00e4eval hindamisele, m\u00e4rgitakse vastava p\u00e4eva protokolli \u201emitteilmunud\u201c. Kui \u00fcli\u00f5pilane ei ilmu hindamisele \u00fchelgi korralisel hindamisajal, m\u00e4rgitakse \u201emitteilmunud\u201c viimase korralise hindamisp\u00e4eva protokolli. Kui \u00fcli\u00f5pilane<br>\nei ilmunud hindamisele, on tal \u00f5igus sooritada kordushindamine \u00fcldises korras, v\u00e4lja arvatud r\u00fchmat\u00f6\u00f6na tehtav kordushindamine, mis sooritatakse r\u00fchmale m\u00e4\u00e4ratud ajal.<\/p>\n<p style=\"text-align: justify;\">60. M\u00e4rge \u201emitteilmunud\u201c t\u00fchistatakse, kui \u00fcli\u00f5pilane ei ilmunud hindamisele m\u00f5juval p\u00f5hjusel ja esitab \u00f5ppekava haldava instituudi juhile v\u00f5i \u00f5ppekava haldava valdkonna \u00f5ppeprodekaanile viie t\u00f6\u00f6p\u00e4eva jooksul alates hindamisest m\u00f5juva p\u00f5hjuse kohta t\u00f5endi. M\u00f5juval p\u00f5hjusel korralisele hindamisele ilmumata j\u00e4tnud \u00fcli\u00f5pilasel on \u00f5igus \u00f5ppekava haldava instituudi juhi v\u00f5i \u00f5ppekava haldava valdkonna \u00f5ppeprodekaani otsusel l\u00e4bida korraline hindamine \u00f5ppej\u00f5u m\u00e4\u00e4ratud ajal \u00f5ppeaine toimumise semestrile j\u00e4rgneva kahe semestri jooksul, kursuses\u00fcsteemi korral hiljemalt punktis 53 kehtestatud t\u00e4htaja jooksul. Avaldus hindamisele lubamiseks esitatakse \u00f5ppekava haldava instituudi juhile v\u00f5i \u00f5ppekava haldava valdkonna \u00f5ppeprodekaanile viivitamata p\u00e4rast m\u00f5juva p\u00f5hjuse \u00e4ralangemist.<\/p>\n<p style=\"text-align: justify;\">61. Kui \u00fcli\u00f5pilane j\u00e4ttis hindamisele ilmumata m\u00f5juva p\u00f5hjuseta, loetakse \u00fcks hindamiskord kasutatuks eeskirja punkti 87.3.3 m\u00f5ttes.<\/p>\n<p style=\"text-align: justify;\">62. \u00d5ppej\u00f5ul on \u00f5igus mitte lubada hindamisele \u00fcli\u00f5pilast, kes ei ole t\u00e4itnud \u00f5ppeaines nimetatud hindamisele p\u00e4\u00e4semise eeldusi, ja kanda protokolli negatiivne tulemus.<\/p>\n<p style=\"text-align: justify;\">63. Kui \u00fcli\u00f5pilane j\u00e4tab mitmest osast koosneva hindamise viimasele osale ilmumata m\u00f5juval p\u00f5hjusel ja saab koondhinde F, t\u00fchistatakse tulemus juhul, kui ta esitab viie t\u00f6\u00f6p\u00e4eva jooksul alates hindamise viimase osa toimumisest \u00f5ppekava haldava instituudi juhile v\u00f5i \u00f5ppekava haldava valdkonna \u00f5ppeprodekaanile m\u00f5juva p\u00f5hjuse kohta t\u00f5endi. Hindamine ja kordushindamine sooritatakse punktis 60 kehtestatud korras.<\/p>\n<p style=\"text-align: justify;\">64. Hindamistulemuste teatamise t\u00e4htaeg m\u00e4\u00e4ratakse \u00f5ppeaines, arvestades hindamise olemust, osalenud \u00fcli\u00f5pilaste arvu ja muid \u00f5ppeainest tulenevaid asjaolusid. T\u00e4htaja m\u00e4\u00e4ramisel arvestatakse, et hindamistulemused sisestatakse \u00f5ppeinfos\u00fcsteemi kahe n\u00e4dala jooksul, kuid hiljemalt viiendal t\u00f6\u00f6p\u00e4eval enne vastava \u00f5ppeaine kordushindamist, ning enne semestri arvestuslikku l\u00f5ppu. Kordushindamise tulemused sisestatakse hiljemalt j\u00e4rgmise semestri algusele eelneval p\u00e4eval.<\/p>\n<p style=\"text-align: justify;\">65. V\u00d5TA otsuse v\u00f5i teises k\u00f5rgkoolis k\u00fclalis\u00fcli\u00f5pilasena \u00f5ppinud \u00fcli\u00f5pilase \u00f5ppeplaani alusel arvestatud \u00f5pitulemused sisestatakse \u00f5ppeinfos\u00fcsteemi nelja t\u00f6\u00f6p\u00e4eva jooksul alates V\u00d5TA otsuse tegemisest v\u00f5i \u00f5pitulemuste esitamisest. \u00d5ppekava t\u00e4itmisel arvestatakse V\u00d5TA otsuse alusel arvestatud \u00f5pitulemusi V\u00d5TA otsuse tegemise semestril ja \u00f5ppeplaani alusel arvestatud \u00f5pitulemusi nende esitamise semestril.<\/p>\n<p style=\"text-align: justify;\">66. Kui \u00fcli\u00f5pilane on sooritanud vastava \u00f5ppeaine korralise ja kordushindamise negatiivsele tulemusele, peab ta \u00f5ppeaine l\u00e4bimiseks registreeruma \u00f5ppeainesse uuesti ja t\u00e4itma uuesti \u00f5ppeaine l\u00e4bimiseks seatud tingimused, v\u00e4lja arvatud kursuses\u00fcsteemi kohustuslike ainete puhul. \u00dcli\u00f5pilane, kes on saanud \u00fches \u00f5ppeaines neljal korral negatiivse hindamistulemuse, kursuses\u00fcsteemi korral \u00fches kohustuslikus \u00f5ppeaines kolmel korral negatiivse hindamistulemuse, eksmatrikuleeritakse punkti 87.3.3 kohaselt.<\/p>\n","protected":false},"excerpt":{"rendered":"<p>IV.3. Hindamise tulemused 58. Hindamise tulemuse m\u00e4rgib \u00f5ppej\u00f5ud \u00f5ppeinfos\u00fcsteemi ja see on \u00f5pitulemuste arvestamise alus. \u00d5ppeaine vastutav \u00f5ppej\u00f5ud vastutab, et k\u00f5ik hindamistulemused on \u00f5ppeinfos\u00fcsteemi kantud. 59. Kui \u00fcli\u00f5pilane ei ilmu valitud p\u00e4eval hindamisele, m\u00e4rgitakse vastava p\u00e4eva protokolli \u201emitteilmunud\u201c. Kui \u00fcli\u00f5pilane &#8230;<\/p>\n","protected":false},"author":228,"featured_media":0,"parent":0,"menu_order":0,"comment_status":"closed","ping_status":"closed","template":"","meta":{"_acf_changed":false,"inline_featured_image":false,"footnotes":""},"class_list":["post-4","page","type-page","status-publish","hentry"],"acf":[],"_links":{"self":[{"href":"https:\/\/sisu.ut.ee\/ope\/wp-json\/wp\/v2\/pages\/4","targetHints":{"allow":["GET"]}}],"collection":[{"href":"https:\/\/sisu.ut.ee\/ope\/wp-json\/wp\/v2\/pages"}],"about":[{"href":"https:\/\/sisu.ut.ee\/ope\/wp-json\/wp\/v2\/types\/page"}],"author":[{"embeddable":true,"href":"https:\/\/sisu.ut.ee\/ope\/wp-json\/wp\/v2\/users\/228"}],"replies":[{"embeddable":true,"href":"https:\/\/sisu.ut.ee\/ope\/wp-json\/wp\/v2\/comments?post=4"}],"version-history":[{"count":3,"href":"https:\/\/sisu.ut.ee\/ope\/wp-json\/wp\/v2\/pages\/4\/revisions"}],"predecessor-version":[{"id":1503,"href":"https:\/\/sisu.ut.ee\/ope\/wp-json\/wp\/v2\/pages\/4\/revisions\/1503"}],"wp:attachment":[{"href":"https:\/\/sisu.ut.ee\/ope\/wp-json\/wp\/v2\/media?parent=4"}],"curies":[{"name":"wp","href":"https:\/\/api.w.org\/{rel}","templated":true}]}}