{"id":39,"date":"2024-04-04T07:15:52","date_gmt":"2024-04-04T04:15:52","guid":{"rendered":"https:\/\/sisu.ut.ee\/ope\/enne-30-augustit-1999-kehtinud-hindamissusteemi-rakendamine\/"},"modified":"2024-04-04T07:17:33","modified_gmt":"2024-04-04T04:17:33","slug":"enne-30-augustit-1999-kehtinud-hindamissusteemi-rakendamine","status":"publish","type":"page","link":"https:\/\/sisu.ut.ee\/ope\/enne-30-augustit-1999-kehtinud-hindamissusteemi-rakendamine\/","title":{"rendered":"VIII.1. Enne 30. augustit 1999 kehtinud hindamiss\u00fcsteemi rakendamine"},"content":{"rendered":"<p style=\"text-align: justify\">\n\t<br><strong>VIII.1. Enne 30. augustit 1999 kehtinud hindamiss\u00fcsteemi rakendamine<\/strong><\/p>\n<p>161. Enne 30. augustit 1999 saadud \u00f5pitulemuste hindamisel on kasutatud j\u00e4rgmist hindamiss\u00fcsteemi:\n<\/p>\n<p style=\"text-align: justify;margin-left: 40px\">\n\t161.1. hinne 5 ehk \u201ev\u00e4ga hea\u201c \u2013 v\u00e4ljendab \u00f5ppeaine p\u00f5hjalikku tundmist;\n<\/p>\n<p style=\"text-align: justify;margin-left: 40px\">\n\t161.2. hinne 4 ehk \u201ehea\u201c \u2013 v\u00e4ljendab \u00f5ppeaine head tundmist, eksimused on vormilised v\u00f5i ei ole p\u00f5him\u00f5ttelist laadi;\n<\/p>\n<p style=\"text-align: justify;margin-left: 40px\">\n\t161.3. hinne 3 ehk \u201erahuldav\u201c \u2013 v\u00e4ljendab \u00f5ppeaine p\u00f5hiosa tundmist, esineb sisulisi ning p\u00f5him\u00f5ttelisi eksimusi;\n<\/p>\n<p style=\"text-align: justify;margin-left: 40px\">\n\t161.4. negatiivne hinne 2 ehk \u201emitterahuldav\u201c \u2013 v\u00e4ljendab \u00f5ppeaine p\u00f5hiosa puudulikku tundmist.\n<\/p>\n<p style=\"text-align: justify\">\n\t162. Kahes s\u00fcsteemis hinnatud \u00fcli\u00f5pilase akadeemilisel \u00f5iendil n\u00e4idatakse hinded m\u00f5lemas hindamiss\u00fcsteemis (enne 30. augustit 1999 ja alates 30. augustist 1999) ning lisatakse selgitused m\u00f5lema hindamiss\u00fcsteemi kohta.\n<\/p>\n<p style=\"text-align: justify\">\n\t163. Kiitusega (cum laude) diplom antakse \u00fcli\u00f5pilasele, kelle enne 30. augustit 1999 saadud hinnetest 75% on \u201ev\u00e4ga head\u201c ning kellel ei ole \u00fchtegi \u201erahuldavat\u201c. Alates 30. augustist 1999 saadud hinded peavad vastama haridus- ja teadusministri s\u00e4testatud diplomi kiitusega (cum laude) andmise tingimustele.<\/p>\n","protected":false},"excerpt":{"rendered":"<p>VIII.1. Enne 30. augustit 1999 kehtinud hindamiss\u00fcsteemi rakendamine 161. Enne 30. augustit 1999 saadud \u00f5pitulemuste hindamisel on kasutatud j\u00e4rgmist hindamiss\u00fcsteemi: 161.1. hinne 5 ehk \u201ev\u00e4ga hea\u201c \u2013 v\u00e4ljendab \u00f5ppeaine p\u00f5hjalikku tundmist; 161.2. hinne 4 ehk \u201ehea\u201c \u2013 v\u00e4ljendab \u00f5ppeaine head &#8230;<\/p>\n","protected":false},"author":228,"featured_media":0,"parent":0,"menu_order":0,"comment_status":"closed","ping_status":"closed","template":"","meta":{"_acf_changed":false,"inline_featured_image":false,"footnotes":""},"class_list":["post-39","page","type-page","status-publish","hentry"],"acf":[],"_links":{"self":[{"href":"https:\/\/sisu.ut.ee\/ope\/wp-json\/wp\/v2\/pages\/39","targetHints":{"allow":["GET"]}}],"collection":[{"href":"https:\/\/sisu.ut.ee\/ope\/wp-json\/wp\/v2\/pages"}],"about":[{"href":"https:\/\/sisu.ut.ee\/ope\/wp-json\/wp\/v2\/types\/page"}],"author":[{"embeddable":true,"href":"https:\/\/sisu.ut.ee\/ope\/wp-json\/wp\/v2\/users\/228"}],"replies":[{"embeddable":true,"href":"https:\/\/sisu.ut.ee\/ope\/wp-json\/wp\/v2\/comments?post=39"}],"version-history":[{"count":1,"href":"https:\/\/sisu.ut.ee\/ope\/wp-json\/wp\/v2\/pages\/39\/revisions"}],"predecessor-version":[{"id":708,"href":"https:\/\/sisu.ut.ee\/ope\/wp-json\/wp\/v2\/pages\/39\/revisions\/708"}],"wp:attachment":[{"href":"https:\/\/sisu.ut.ee\/ope\/wp-json\/wp\/v2\/media?parent=39"}],"curies":[{"name":"wp","href":"https:\/\/api.w.org\/{rel}","templated":true}]}}