{"id":37,"date":"2024-04-04T07:15:52","date_gmt":"2024-04-04T04:15:52","guid":{"rendered":"https:\/\/sisu.ut.ee\/ope\/oppekorraldusega-seonduvate-otsuste-vaidlustamine\/"},"modified":"2025-08-27T17:08:53","modified_gmt":"2025-08-27T14:08:53","slug":"oppekorraldusega-seonduvate-otsuste-vaidlustamine","status":"publish","type":"page","link":"https:\/\/sisu.ut.ee\/ope\/oppekorraldusega-seonduvate-otsuste-vaidlustamine\/","title":{"rendered":"VII.10. \u00d5ppekorraldusega seonduvate otsuste vaidlustamine"},"content":{"rendered":"<p style=\"text-align: justify;\"><strong>VII.10. \u00d5ppekorraldusega seonduvate otsuste vaidlustamine<\/strong><\/p>\n<p>150. \u00d5ppekorraldusega seonduva otsuse, sealhulgas V\u00d5TA otsuse vaidlustamiseks (v\u00e4lja arvatud lopueksami v\u00f5i l\u00f5put\u00f6\u00f6 kaitsmisel saadud hinde v\u00f5i \u00f5ppetasu otsuse vaidlustamiseks) p\u00f6\u00f6rdub \u00fcli\u00f5pilane otsuse tegija poole ja vaidlustab otsuse suuliselt v\u00f5i kirjalikult k\u00fcmne t\u00f6\u00f6p\u00e4eva jooksul alates otsuse teatavakstegemisest. Otsuse tegija teeb otsuse vaidlustuse rahuldamise v\u00f5i rahuldamata j\u00e4tmise kohta \u00fcli\u00f5pilasele teatavaks kolme t\u00f6\u00f6p\u00e4eva jooksul alates vaidlustamisteate saamisest. Kui otsuse tegija \u00fcli\u00f5pilasele kolme t\u00f6\u00f6p\u00e4eva jooksul ei vasta, loetakse, et otsuse tegija oma otsust ei muuda. Juhul kui otsuse tegija otsust ei muuda, v\u00f5ib \u00fcli\u00f5pilane esitada \u00f5ppeprodekaanile kirjaliku apellatsiooni kolme t\u00f6\u00f6p\u00e4eva jooksul alates otsuse muutmata j\u00e4tmisest teatamisest v\u00f5i eelmises lauses s\u00e4testatud t\u00e4htaja m\u00f6\u00f6dumisest. \u00d5ppeprodekaan v\u00f5ib apellatsiooni l\u00e4bivaatamiseks moodustada komisjoni. \u00d5ppeprodekaan teeb oma p\u00f5hjendatud otsuse apellatsiooni rahuldamise v\u00f5i rahuldamata j\u00e4tmise kohta \u00fcli\u00f5pilasele teatavaks 14 p\u00e4eva jooksul alates apellatsiooni esitamisest.<\/p>\n<p style=\"text-align: justify;\">151. Kui punktis 150 nimetatud otsuse tegijaks on \u00f5ppeprodekaan v\u00f5i \u00f5ppeprorektor, p\u00f6\u00f6rdub \u00fcli\u00f5pilane vastavalt \u00f5ppeprodekaani v\u00f5i \u00f5ppeprorektori poole ja vaidlustab otsuse kirjalikult k\u00fcmne t\u00f6\u00f6p\u00e4eva jooksul alates otsuse teatavakstegemisest. \u00d5ppeprodekaan v\u00f5i \u00f5ppeprorektor v\u00f5ib apellatsiooni l\u00e4bivaatamiseks moodustada komisjoni. \u00d5ppeprodekaan v\u00f5i \u00f5ppeprorektor teeb oma p\u00f5hjendatud otsuse apellatsiooni rahuldamise v\u00f5i rahuldamata j\u00e4tmise kohta \u00fcli\u00f5pilasele teatavaks 14 p\u00e4eva jooksul alates apellatsiooni esitamisest.<\/p>\n<p style=\"text-align: justify;\">152. \u00d5ppeprodekaani v\u00f5i \u00f5ppeprorektori otsuse peale v\u00f5ib esitada apellatsiooni vaidluskomisjonile, kui \u00f5ppeprodekaan v\u00f5i \u00f5ppeprorektor on oluliselt rikkunud menetlusnormi. Otsuse vaidlustamiseks esitab \u00fcli\u00f5pilane apellatsiooni vaidluskomisjonile k\u00fcmne t\u00f6\u00f6p\u00e4eva jooksul alates vaidlustatava otsuse teatavakstegemisest. Vaidluskomisjonil ei ole kohustust menetleda positiivse hinde vaidlustamiseks m\u00f5eldud apellatsioone. Vaidluskomisjon teavitab \u00fcli\u00f5pilast apellatsiooni menetlusse v\u00f5tmisest v\u00f5i v\u00f5tmata j\u00e4tmisest seitsme t\u00f6\u00f6p\u00e4eva jooksul alates apellatsiooni esitamisest.<\/p>\n<p style=\"text-align: justify;\"><a id=\"#153\" name=\"#153\"><\/a>153. Vaidluskomisjon on s\u00f5ltumatu akadeemiline kogu, mille koosseisu kinnitab rektori ettepanekul senat enne iga \u00f5ppeaasta algust. Komisjon on kaheksaliikmeline, koosnedes neljast \u00f5ppej\u00f5udude ja neljast \u00fcli\u00f5pilaste esindajast. \u00d5ppej\u00f5ududest on v\u00e4hemalt kaks komisjoni liiget professorid. \u00dcli\u00f5pilaste esindajate seas on v\u00e4hemalt \u00fcks \u00fcli\u00f5pilane igalt k\u00f5rgharidusastmelt. \u00dcli\u00f5pilaste esindajad m\u00e4\u00e4rab \u00fcli\u00f5pilasesindus ning esitab nende nimed rektorile. Komisjoni sekret\u00e4r on \u00f5ppekorralduse jurist.<\/p>\n<p style=\"text-align: justify;\">154. Vaidluskomisjon v\u00f5tab vastu komisjoni kodukorra, mille kinnitab rektor.<\/p>\n<p style=\"text-align: justify;\">155. Juhul kui m\u00f5ni vaidluskomisjoni liige on komisjonis arutusel oleva vaidluse osapool, ei osale ta asja arutamisel ega tohi viibida komisjoni koosolekul. Sellisel juhul v\u00e4heneb kvoorum \u00fche v\u00f5rra.<\/p>\n<p style=\"text-align: justify;\">156. Vaidluskomisjonile esitatud apellatsiooni lahendamiseks ja otsuse tegemiseks on komisjonil \u00f5igus tutvuda k\u00f5igi vajalike dokumentidega, k\u00fcsitleda vaidluse osapooli, teisi vaidlusega seotud isikuid ja asjassepuutuvaid \u00fclikooli t\u00f6\u00f6tajaid ning konsulteerida \u00fcli\u00f5pilasesinduse, \u00f5ppekomisjoni ja \u00fcli\u00f5pilasn\u00f5ustajaga. Komisjoni otsused on kehtivad, kui otsustamisel osaleb v\u00e4hemalt kuus komisjoni liiget. Komisjon lahendab lahkarvamused h\u00e4\u00e4letamisega. H\u00e4\u00e4lte v\u00f5rdse jagunemise korral on otsustav komisjoni esimehe h\u00e4\u00e4l.<\/p>\n<p style=\"text-align: justify;\">157. Vaidluskomisjon teavitab \u00fcli\u00f5pilast ja teisi vaidluse osapooli 21 p\u00e4eva jooksul alates apellatsiooni esitamisest, kas komisjon j\u00e4tab vaidlustatud otsuse j\u00f5usse v\u00f5i t\u00fchistab otsuse ja saadab asja otsuse teinud isikule v\u00f5i organile uueks lahendamiseks. M\u00f5juvatel p\u00f5hjustel v\u00f5ib vaidluskomisjon apellatsiooni l\u00e4bivaatamise t\u00e4htaega pikendada, teavitades sellest apellatsiooni esitajat. Vaidluskomisjoni otsus \u00fclikoolis edasikaebamisele ei kuulu.<\/p>\n<p style=\"text-align: justify;\">158. Kui \u00fcli\u00f5pilane ei n\u00f5ustu lopueksamil v\u00f5i l\u00f5put\u00f6\u00f6 kaitsmisel saadud hindega, on tal \u00f5igus esitada \u00f5ppeprodekaanile kirjalik apellatsioon kolme t\u00f6\u00f6p\u00e4eva jooksul p\u00e4rast lopueksami v\u00f5i l\u00f5put\u00f6\u00f6 tulemuste teatavakstegemist. \u00d5ppeprodekaan kutsub apellatsiooni l\u00e4bivaatamiseks kokku uues koosseisus komisjoni seitsme p\u00e4eva jooksul alates apellatsiooni saamisest. Komisjon lahendab apellatsiooni seitsme p\u00e4eva jooksul alates komisjoni kokkukutsumisest. Komisjoni koosolek protokollitakse ja otsust saab vaidlustada, esitades seitsme p\u00e4eva jooksul alates otsuse teatavakstegemisest apellatsiooni vaidluskomisjonile.<\/p>\n<p style=\"text-align: justify;\">159. Kui vaidlustatakse hinnet, sealhulgas lopueksamil v\u00f5i l\u00f5put\u00f6\u00f6 kaitsmisel saadud hinnet, on uuel hindamisel \u00f5igus j\u00e4tta hinne muutmata, t\u00f5sta hinnet v\u00f5i langetada hinnet. Vaidluskomisjonil ei ole \u00f5igust hinnet muuta.<\/p>\n<p style=\"text-align: justify;\">160. Kui \u00fcli\u00f5pilane ei n\u00f5ustu \u00f5ppeprodekaani otsusega \u00f5ppetasu m\u00e4\u00e4ramise v\u00f5i \u00f5ppetasu maksmisest vabastamise kohta, on tal \u00f5igus esitada \u00f5ppeprodekaanile kirjalik apellatsioon k\u00fcmne t\u00f6\u00f6p\u00e4eva jooksul alates otsuse teatavakstegemisest. \u00d5ppeprodekaan teeb oma p\u00f5hjendatud otsuse apellatsiooni rahuldamise v\u00f5i rahuldamata j\u00e4tmise kohta \u00fcli\u00f5pilasele teatavaks seitsme p\u00e4eva jooksul alates apellatsiooni esitamisest. Kui \u00f5ppeprodekaan otsust ei muuda, v\u00f5ib \u00fcli\u00f5pilane esitada otsuse vaidlustamiseks \u00f5ppeprorektorile apellatsiooni seitsme p\u00e4eva jooksul alates otsuse muutmata j\u00e4tmisest teatamisest. \u00d5ppeprorektor teeb 14 p\u00e4eva jooksul alates apellatsiooni esitamisest otsuse, kas ta j\u00e4tab vaidlustatud otsuse j\u00f5usse v\u00f5i t\u00fchistab otsuse ja teeb sama asja kohta uue otsuse. \u00d5ppeprorektori otsust \u00fclikoolis edasi kaevata ei saa.<\/p>\n<p>160\u00b9. Kui \u00fcli\u00f5pilane ei n\u00f5ustu \u00f5ppeprorektori otsusega omal soovil eksmatrikuleerimise t\u00f5ttu \u00f5ppetasu m\u00e4\u00e4ramise kohta, on tal \u00f5igus vaidlustada otsus punktides 151 ja 152 s\u00e4testatud korras.<\/p>\n\n\n<p><\/p>\n","protected":false},"excerpt":{"rendered":"<p>VII.10. \u00d5ppekorraldusega seonduvate otsuste vaidlustamine 150. \u00d5ppekorraldusega seonduva otsuse, sealhulgas V\u00d5TA otsuse vaidlustamiseks (v\u00e4lja arvatud lopueksami v\u00f5i l\u00f5put\u00f6\u00f6 kaitsmisel saadud hinde v\u00f5i \u00f5ppetasu otsuse vaidlustamiseks) p\u00f6\u00f6rdub \u00fcli\u00f5pilane otsuse tegija poole ja vaidlustab otsuse suuliselt v\u00f5i kirjalikult k\u00fcmne t\u00f6\u00f6p\u00e4eva jooksul alates &#8230;<\/p>\n","protected":false},"author":228,"featured_media":0,"parent":0,"menu_order":0,"comment_status":"closed","ping_status":"closed","template":"","meta":{"_acf_changed":false,"inline_featured_image":false,"footnotes":""},"class_list":["post-37","page","type-page","status-publish","hentry"],"acf":[],"_links":{"self":[{"href":"https:\/\/sisu.ut.ee\/ope\/wp-json\/wp\/v2\/pages\/37","targetHints":{"allow":["GET"]}}],"collection":[{"href":"https:\/\/sisu.ut.ee\/ope\/wp-json\/wp\/v2\/pages"}],"about":[{"href":"https:\/\/sisu.ut.ee\/ope\/wp-json\/wp\/v2\/types\/page"}],"author":[{"embeddable":true,"href":"https:\/\/sisu.ut.ee\/ope\/wp-json\/wp\/v2\/users\/228"}],"replies":[{"embeddable":true,"href":"https:\/\/sisu.ut.ee\/ope\/wp-json\/wp\/v2\/comments?post=37"}],"version-history":[{"count":4,"href":"https:\/\/sisu.ut.ee\/ope\/wp-json\/wp\/v2\/pages\/37\/revisions"}],"predecessor-version":[{"id":1946,"href":"https:\/\/sisu.ut.ee\/ope\/wp-json\/wp\/v2\/pages\/37\/revisions\/1946"}],"wp:attachment":[{"href":"https:\/\/sisu.ut.ee\/ope\/wp-json\/wp\/v2\/media?parent=37"}],"curies":[{"name":"wp","href":"https:\/\/api.w.org\/{rel}","templated":true}]}}