{"id":36,"date":"2024-04-04T07:15:52","date_gmt":"2024-04-04T04:15:52","guid":{"rendered":"https:\/\/sisu.ut.ee\/ope\/akadeemilise-hea-tava-jargimine\/"},"modified":"2025-08-27T17:04:26","modified_gmt":"2025-08-27T14:04:26","slug":"akadeemilise-hea-tava-jargimine","status":"publish","type":"page","link":"https:\/\/sisu.ut.ee\/ope\/akadeemilise-hea-tava-jargimine\/","title":{"rendered":"VII.9. Akadeemilise hea tava j\u00e4rgimine"},"content":{"rendered":"<p style=\"text-align: justify;\"><strong>VII.9. Akadeemilise hea tava j\u00e4rgimine<\/strong><\/p>\n<p>140. \u00d5ppet\u00f6\u00f6 osapooled j\u00e4rgivad head akadeemilist tava, olles ausa ja \u00f5iglase k\u00e4itumisega \u00fcksteisele eeskujuks. Kui \u00fcli\u00f5pilane m\u00e4rkab akadeemilist petturlust, siis hea tava on teavitada sellest \u00fclikooli.<\/p>\n<p style=\"text-align: justify;\">141. V\u00e4\u00e4ritu k\u00e4itumine on akadeemiline petturlus, \u00fcldtunnustatud k\u00e4itumisnormide v\u00f5i akadeemiliste tavade vastu olulisel m\u00e4\u00e4ral eksimine, dokumentide v\u00f5ltsimine ning \u00fcli\u00f5pilasena tahtlikult toime pandud kuritegu.<\/p>\n<p style=\"text-align: justify;\">142. Akadeemiline petturlus on<\/p>\n<p style=\"text-align: justify; margin-left: 40px;\">142.1. \u00f5piv\u00e4ljundite hindamisel sellise materjali v\u00f5i abi kasutamine, mida \u00f5ppej\u00f5ud ei ole s\u00f5naselgelt lubanud;<\/p>\n<p style=\"text-align: justify; margin-left: 40px;\">142.2. lubamatu abi k\u00fcsimine ja tarvitamine, n\u00e4iteks ette\u00fctlemine, mahakirjutamine, individuaalsel hindamisel kaaslase abi tarvitamine;<\/p>\n<p style=\"text-align: justify; margin-left: 40px;\">142.3. selline teadmiste vahetamine, mis ei ole \u00f5ppej\u00f5u poolt lubatud;<\/p>\n<p style=\"text-align: justify; margin-left: 40px;\">142.4. teise \u00fcli\u00f5pilase hindamisel osalemine, kui see ei ole lubatud;<\/p>\n<p style=\"text-align: justify; margin-left: 40px;\">142.5. kellegi teise t\u00f6\u00f6 esitamine oma nime all v\u00f5i selle osade tahtlik kasutamine n\u00f5uetekohase akadeemilise viitamiseta;<\/p>\n<p style=\"text-align: justify; margin-left: 40px;\">142.5<sup>1<\/sup>. generatiivse tehisaru koostatud t\u00f6\u00f6 esitamine oma nime all ilma n\u00f5uetekohase akadeemilise viitamiseta v\u00f5i selle tahtlik kasutamine enda t\u00f6\u00f6 osana ilma n\u00f5uetekohase akadeemilise viitamiseta;<\/p>\n<p style=\"text-align: justify; margin-left: 40px;\">142.6. iseenda t\u00f6\u00f6 uuesti esitamine samas v\u00f5i teises \u00f5ppeaines, v\u00e4lja arvatud juhul, kui \u00f5ppej\u00f5ud on seda lubanud.<\/p>\n<p style=\"text-align: justify;\">143. Akadeemilise petturluse ja v\u00e4\u00e4ritu k\u00e4itumise kahtlusega juhtumite menetlemiseks moodustatakse igas valdkonnas v\u00f5i valdkonna n\u00f5ukogu otsusel instituudis vastava \u00fcksuse juhi korraldusega alalised v\u00e4hemalt viieliikmelised komisjonid. Komisjoni v\u00f5ivad kuuluda vastava \u00fcksuse akadeemilised t\u00f6\u00f6tajad, programmijuhid ja peab kuuluma v\u00e4hemalt \u00fcks \u00fcli\u00f5pilane. Komisjoni(de) t\u00f6\u00f6korralduse kehtestab valdkonna n\u00f5ukogu.<\/p>\n<p style=\"text-align: justify;\">144. \u00d5ppeaines toimunud akadeemilise petturluse avastanud \u00f5ppej\u00f5ul on kohustus rikkumise puhul teha \u00fcli\u00f5pilasele hoiatus v\u00f5i raskema rikkumise korral teha komisjonile esildis juhtumi menetlemiseks. \u00dcli\u00f5pilasel on \u00f5igus esitada viie t\u00f6\u00f6p\u00e4eva jooksul seletuskiri ja taotleda juhtumi menetlemist komisjonis. Hoiatust ja \u00fcli\u00f5pilase seletuskirja on \u00f5igus n\u00e4ha akadeemilise petturluse juhtumitega tegeleva komisjoni liikmetel ja teistel asjassepuutuvatel \u00fclikooli t\u00f6\u00f6tajatel. Hoiatused kustutatakse kahe aasta m\u00f6\u00f6dumisel.<\/p>\n<p style=\"text-align: justify;\">145. Kui \u00fcli\u00f5pilase v\u00e4\u00e4ritu k\u00e4itumise, sealhulgas akadeemilise petturluse kahtlusega juhtumi avastaja ei ole \u00f5ppeaine \u00f5ppej\u00f5ud, tuleb tal teavitada komisjoni juhtumist kirjalikku taasesitamist v\u00f5imaldavas vormis.<\/p>\n<p style=\"text-align: justify;\">146. Komisjon teavitab \u00fcli\u00f5pilast menetlusest, esitab talle \u00fclevaate komisjonile teadaolevatest asjaoludest ning k\u00fcsib temalt juhtumi kohta selgituse.<\/p>\n<p style=\"text-align: justify;\">147. Akadeemilise petturluse ja muu v\u00e4\u00e4ritu k\u00e4itumise tuvastamisel teeb komisjon<\/p>\n<p style=\"text-align: justify; margin-left: 40px;\">147.1. \u00f5ppej\u00f5ule ettepaneku \u00fcli\u00f5pilase hoiatamiseks v\u00f5i<\/p>\n<p style=\"text-align: justify; margin-left: 40px;\">147.2. \u00f5ppeprodekaanile ettepaneku \u00fcli\u00f5pilasele noomituse tegemiseks v\u00f5i<\/p>\n<p style=\"text-align: justify; margin-left: 40px;\">147.3. \u00f5ppeprodekaanile ettepaneku teha \u00f5ppeprorektorile esildis \u00fcli\u00f5pilase eksmatrikuleerimiseks.<\/p>\n<p style=\"text-align: justify;\">148. Ettepanekus esitatakse p\u00f5hjendused, millistele asjaoludele ja t\u00f5enditele tuginedes komisjon akadeemilise petturluse tuvastas ning millistel kaalutlustel otsustati ettepanek teha. Komisjoni ettepaneku p\u00f5hjal teeb \u00f5ppeprodekaan \u00fcli\u00f5pilasele kirjaliku noomituse v\u00f5i \u00f5ppeprorektorile esildise \u00fcli\u00f5pilase eksmatrikuleerimiseks. Kui \u00f5ppeprodekaan ei n\u00f5ustu komisjoni seisukohaga, v\u00f5ib ta suunata juhtumi edasiseks uurimiseks komisjonile tagasi.<\/p>\n<p style=\"text-align: justify;\">149. Kui \u00fcli\u00f5pilane paneb toime akadeemilise petturluse ja saab noomituse v\u00f5i alustatakse eksmatrikuleerimist, m\u00e4rgitakse vastava \u00f5ppeaine protokolli hinne F, arvestuse puhul \u201emittearvestatud\u201c, ning sellisel juhul ei ole tal \u00f5igust sooritada selle \u00f5ppeaine kordushindamist. Hoiatuse korral on \u00f5ppej\u00f5ul \u00f5igus hinnata \u00f5ppeaine negatiivse hindega v\u00f5i alandada hinnet.<\/p>\n","protected":false},"excerpt":{"rendered":"<p>VII.9. Akadeemilise hea tava j\u00e4rgimine 140. \u00d5ppet\u00f6\u00f6 osapooled j\u00e4rgivad head akadeemilist tava, olles ausa ja \u00f5iglase k\u00e4itumisega \u00fcksteisele eeskujuks. Kui \u00fcli\u00f5pilane m\u00e4rkab akadeemilist petturlust, siis hea tava on teavitada sellest \u00fclikooli. 141. V\u00e4\u00e4ritu k\u00e4itumine on akadeemiline petturlus, \u00fcldtunnustatud k\u00e4itumisnormide v\u00f5i &#8230;<\/p>\n","protected":false},"author":228,"featured_media":0,"parent":0,"menu_order":0,"comment_status":"closed","ping_status":"closed","template":"","meta":{"_acf_changed":false,"inline_featured_image":false,"footnotes":""},"class_list":["post-36","page","type-page","status-publish","hentry"],"acf":[],"_links":{"self":[{"href":"https:\/\/sisu.ut.ee\/ope\/wp-json\/wp\/v2\/pages\/36","targetHints":{"allow":["GET"]}}],"collection":[{"href":"https:\/\/sisu.ut.ee\/ope\/wp-json\/wp\/v2\/pages"}],"about":[{"href":"https:\/\/sisu.ut.ee\/ope\/wp-json\/wp\/v2\/types\/page"}],"author":[{"embeddable":true,"href":"https:\/\/sisu.ut.ee\/ope\/wp-json\/wp\/v2\/users\/228"}],"replies":[{"embeddable":true,"href":"https:\/\/sisu.ut.ee\/ope\/wp-json\/wp\/v2\/comments?post=36"}],"version-history":[{"count":3,"href":"https:\/\/sisu.ut.ee\/ope\/wp-json\/wp\/v2\/pages\/36\/revisions"}],"predecessor-version":[{"id":1943,"href":"https:\/\/sisu.ut.ee\/ope\/wp-json\/wp\/v2\/pages\/36\/revisions\/1943"}],"wp:attachment":[{"href":"https:\/\/sisu.ut.ee\/ope\/wp-json\/wp\/v2\/media?parent=36"}],"curies":[{"name":"wp","href":"https:\/\/api.w.org\/{rel}","templated":true}]}}