{"id":35,"date":"2024-04-04T07:15:52","date_gmt":"2024-04-04T04:15:52","guid":{"rendered":"https:\/\/sisu.ut.ee\/ope\/opingute-pikendamine\/"},"modified":"2024-04-04T07:17:33","modified_gmt":"2024-04-04T04:17:33","slug":"opingute-pikendamine","status":"publish","type":"page","link":"https:\/\/sisu.ut.ee\/ope\/opingute-pikendamine\/","title":{"rendered":"VII.8. \u00d5pingute pikendamine"},"content":{"rendered":"<p style=\"text-align: justify\">\n\t<br><strong>VII.8. \u00d5pingute pikendamine<\/strong><\/p>\n<p>136. \u00d5pingute pikendamist (\u00f5ppe l\u00f5pukuup\u00e4eva edasil\u00fckkamist) akadeemilise mahaj\u00e4\u00e4muse likvideerimiseks v\u00f5ib t\u00e4iskoormusega \u00f5ppes \u00f5ppinud \u00fcli\u00f5pilane taotleda 12 kuu v\u00f5rra igas \u00f5ppeastmes. Osakoormusega \u00f5ppinud \u00fcli\u00f5pilasel on \u00f5igus taotleda \u00f5ppekava t\u00e4itmiseks \u00f5pingute pikendamist osakoormusega \u00f5pitud aja v\u00f5rra, aga mitte l\u00fchemaks ajaks kui 12 kuud. Kui osakoormusega \u00f5pitud aeg on pikem kui \u00fcks \u00f5ppeaasta, saab \u00f5ppeaja pikendamist taotleda \u00fche \u00f5ppeaasta kaupa. Osakoormusega \u00f5ppekava alusel \u00f5ppiva \u00fcli\u00f5pilase \u00f5pinguid pikendatakse \u00f5ppekulude h\u00fcvitamise lepingus planeeritud \u00f5ppeajal ilma \u00fcli\u00f5pilase taotluseta. Nominaalse \u00f5ppeaja l\u00f5ppedes hinnatakse \u00fcli\u00f5pilase \u00f5ppekava t\u00e4itmist eeskirja peat\u00fckis III.2 etten\u00e4htud korras.\n<\/p>\n<p style=\"text-align: justify\">\n\t137. \u00d5pingute pikendamise taotlus tuleb esitada enne \u00f5ppe l\u00f5pukuup\u00e4eva m\u00f6\u00f6dumist.\n<\/p>\n<p style=\"text-align: justify\">\n\t138. \u00d5pingute pikendamine vormistatakse \u00fcli\u00f5pilase avalduse alusel \u00f5ppeprodekaani korraldusega.\n<\/p>\n<p style=\"text-align: justify\">\n\t139. Kui pikendusajal \u00f5ppiv \u00fcli\u00f5pilane siirdub akadeemilisele puhkusele punktides 128\u2013130 nimetatud p\u00f5hjustel, siis tema pikendusaeg katkestatakse ning seda j\u00e4tkatakse p\u00e4rast akadeemilise puhkuse l\u00f5ppemist.<\/p>\n","protected":false},"excerpt":{"rendered":"<p>VII.8. \u00d5pingute pikendamine 136. \u00d5pingute pikendamist (\u00f5ppe l\u00f5pukuup\u00e4eva edasil\u00fckkamist) akadeemilise mahaj\u00e4\u00e4muse likvideerimiseks v\u00f5ib t\u00e4iskoormusega \u00f5ppes \u00f5ppinud \u00fcli\u00f5pilane taotleda 12 kuu v\u00f5rra igas \u00f5ppeastmes. Osakoormusega \u00f5ppinud \u00fcli\u00f5pilasel on \u00f5igus taotleda \u00f5ppekava t\u00e4itmiseks \u00f5pingute pikendamist osakoormusega \u00f5pitud aja v\u00f5rra, aga mitte l\u00fchemaks &#8230;<\/p>\n","protected":false},"author":228,"featured_media":0,"parent":0,"menu_order":0,"comment_status":"closed","ping_status":"closed","template":"","meta":{"_acf_changed":false,"inline_featured_image":false,"footnotes":""},"class_list":["post-35","page","type-page","status-publish","hentry"],"acf":[],"_links":{"self":[{"href":"https:\/\/sisu.ut.ee\/ope\/wp-json\/wp\/v2\/pages\/35","targetHints":{"allow":["GET"]}}],"collection":[{"href":"https:\/\/sisu.ut.ee\/ope\/wp-json\/wp\/v2\/pages"}],"about":[{"href":"https:\/\/sisu.ut.ee\/ope\/wp-json\/wp\/v2\/types\/page"}],"author":[{"embeddable":true,"href":"https:\/\/sisu.ut.ee\/ope\/wp-json\/wp\/v2\/users\/228"}],"replies":[{"embeddable":true,"href":"https:\/\/sisu.ut.ee\/ope\/wp-json\/wp\/v2\/comments?post=35"}],"version-history":[{"count":1,"href":"https:\/\/sisu.ut.ee\/ope\/wp-json\/wp\/v2\/pages\/35\/revisions"}],"predecessor-version":[{"id":704,"href":"https:\/\/sisu.ut.ee\/ope\/wp-json\/wp\/v2\/pages\/35\/revisions\/704"}],"wp:attachment":[{"href":"https:\/\/sisu.ut.ee\/ope\/wp-json\/wp\/v2\/media?parent=35"}],"curies":[{"name":"wp","href":"https:\/\/api.w.org\/{rel}","templated":true}]}}