{"id":34,"date":"2024-04-04T07:15:52","date_gmt":"2024-04-04T04:15:52","guid":{"rendered":"https:\/\/sisu.ut.ee\/ope\/akadeemiline-puhkus\/"},"modified":"2024-04-04T07:17:33","modified_gmt":"2024-04-04T04:17:33","slug":"akadeemiline-puhkus","status":"publish","type":"page","link":"https:\/\/sisu.ut.ee\/ope\/akadeemiline-puhkus\/","title":{"rendered":"VII.7. Akadeemiline puhkus"},"content":{"rendered":"<p style=\"text-align: justify\">\n\t<br><strong>VII.7. Akadeemiline puhkus<\/strong><\/p>\n<p>127. Akadeemiline puhkus on ajavahemik, mille v\u00e4ltel \u00fcli\u00f5pilane on vabastatud \u00f5ppe- ja teadust\u00f6\u00f6 kohustusest. \u00dcli\u00f5pilasel on \u00f5igus saada akadeemilist puhkust omal soovil \u00fcks kord igal \u00f5ppeastmel nominaalse \u00f5ppeaja jooksul kuni \u00fcheks aastaks. K\u00f5rghariduse esimesel astmel saab akadeemilist puhkust taotleda alates esimese \u00f5ppeaasta teisest semestrist.\n<\/p>\n<p style=\"text-align: justify\">\n\t128. \u00dcli\u00f5pilasel on \u00f5igus saada lisaks igal \u00f5ppeastmel akadeemilist puhkust tervislikel p\u00f5hjustel kuni kaks aastat arstit\u00f5endi alusel.\n<\/p>\n<p style=\"text-align: justify\">\n\t129. \u00dcli\u00f5pilasel on \u00f5igus saada lisaks \u00fcks aasta akadeemilist puhkust kaitsev\u00e4eteenistusse asumisel kaitsev\u00e4e vastava kutse alusel.\n<\/p>\n<p style=\"text-align: justify\">\n\t130. \u00dcli\u00f5pilasel on \u00f5igus saada lisaks akadeemilist puhkust seoses lapse hooldamisega. Nais\u00fcli\u00f5pilasel on \u00f5igus saada akadeemilist puhkust arstit\u00f5endi alusel alates 30. rasedusn\u00e4dalast kuni kuu aja m\u00f6\u00f6dumiseni m\u00e4\u00e4ratud s\u00fcnnitust\u00e4htajast. P\u00e4rast lapse s\u00fcndi saavad vanemad taotleda akadeemilist puhkust lapse s\u00fcnnit\u00f5endi koopia alusel kuni lapse kolmeaastaseks saamiseni.\n<\/p>\n<p style=\"text-align: justify\">\n\t131. Kui omal soovil akadeemilisel puhkusel viibiv \u00fcli\u00f5pilane siirdub akadeemilisele puhkusele punktides 128\u2013130 nimetatud p\u00f5hjustel, siis tema seni kestnud akadeemiline puhkus katkestatakse ning seda j\u00e4tkatakse \u00fcli\u00f5pilase taotluse alusel p\u00e4rast punktides 128\u2013130 nimetatud p\u00f5hjustel saadud akadeemilise puhkuse l\u00f5ppemist.\n<\/p>\n<p style=\"text-align: justify\">\n\t132. Akadeemilise puhkuse ja selle katkestamise taotlemisel esitab \u00fcli\u00f5pilane \u00f5ppeprodekaanile vastava avalduse hiljemalt akadeemilise puhkuse algusele v\u00f5i selle katkestamisele eelneval p\u00e4eval. Tervislikel p\u00f5hjustel saadud akadeemilist puhkust saab katkestada ainult arstit\u00f5endi alusel.\n<\/p>\n<p style=\"text-align: justify\">\n\t133. Akadeemilisele puhkusele siirdunud \u00fcli\u00f5pilase \u00f5ppe l\u00f5pukuup\u00e4ev l\u00fckkub puhkusel oldud aja v\u00f5rra edasi. Akadeemiline puhkus ja sellega seotud \u00f5ppe l\u00f5pukuup\u00e4eva muutus vormistatakse \u00f5ppeprodekaani korraldusega. \u00dcli\u00f5pilase nominaalse \u00f5ppeaja arvestamine peatub \u00fcli\u00f5pilase jaoks tema akadeemilise puhkuse ajaks.\n<\/p>\n<p style=\"text-align: justify\">\n\t134. Akadeemilise puhkuse ajal on lubatud osaleda \u00f5ppet\u00f6\u00f6s ning teha arvestusi ja eksameid. \u00dclikool t\u00fchistab akadeemilisele puhkusele siirduva \u00fcli\u00f5pilase registreeringud \u00f5ppeainetele, v\u00e4lja arvatud juhul, kui koos akadeemilise puhkuse avaldusega esitab \u00fcli\u00f5pilane nimekirja \u00f5ppeainetest, millesse ta oli akadeemilisele puhkusele minnes registreeritud ja mille l\u00e4bimist ta soovib akadeemilise puhkuse ajal j\u00e4tkata.\n<\/p>\n<p style=\"text-align: justify\">\n\t135. Akadeemilise puhkuse ajal ei viida \u00fcli\u00f5pilast \u00fcle j\u00e4rgmise aasta \u00fcli\u00f5pilaseks ega hinnata \u00f5ppekava t\u00e4itmist oppekoormusega etten\u00e4htud mahus.<\/p>\n","protected":false},"excerpt":{"rendered":"<p>VII.7. Akadeemiline puhkus 127. Akadeemiline puhkus on ajavahemik, mille v\u00e4ltel \u00fcli\u00f5pilane on vabastatud \u00f5ppe- ja teadust\u00f6\u00f6 kohustusest. \u00dcli\u00f5pilasel on \u00f5igus saada akadeemilist puhkust omal soovil \u00fcks kord igal \u00f5ppeastmel nominaalse \u00f5ppeaja jooksul kuni \u00fcheks aastaks. K\u00f5rghariduse esimesel astmel saab akadeemilist &#8230;<\/p>\n","protected":false},"author":228,"featured_media":0,"parent":0,"menu_order":0,"comment_status":"closed","ping_status":"closed","template":"","meta":{"_acf_changed":false,"inline_featured_image":false,"footnotes":""},"class_list":["post-34","page","type-page","status-publish","hentry"],"acf":[],"_links":{"self":[{"href":"https:\/\/sisu.ut.ee\/ope\/wp-json\/wp\/v2\/pages\/34","targetHints":{"allow":["GET"]}}],"collection":[{"href":"https:\/\/sisu.ut.ee\/ope\/wp-json\/wp\/v2\/pages"}],"about":[{"href":"https:\/\/sisu.ut.ee\/ope\/wp-json\/wp\/v2\/types\/page"}],"author":[{"embeddable":true,"href":"https:\/\/sisu.ut.ee\/ope\/wp-json\/wp\/v2\/users\/228"}],"replies":[{"embeddable":true,"href":"https:\/\/sisu.ut.ee\/ope\/wp-json\/wp\/v2\/comments?post=34"}],"version-history":[{"count":1,"href":"https:\/\/sisu.ut.ee\/ope\/wp-json\/wp\/v2\/pages\/34\/revisions"}],"predecessor-version":[{"id":703,"href":"https:\/\/sisu.ut.ee\/ope\/wp-json\/wp\/v2\/pages\/34\/revisions\/703"}],"wp:attachment":[{"href":"https:\/\/sisu.ut.ee\/ope\/wp-json\/wp\/v2\/media?parent=34"}],"curies":[{"name":"wp","href":"https:\/\/api.w.org\/{rel}","templated":true}]}}