{"id":33,"date":"2024-04-04T07:15:52","date_gmt":"2024-04-04T04:15:52","guid":{"rendered":"https:\/\/sisu.ut.ee\/ope\/valiskorgkoolis-oppimine\/"},"modified":"2024-04-04T07:17:33","modified_gmt":"2024-04-04T04:17:33","slug":"valiskorgkoolis-oppimine","status":"publish","type":"page","link":"https:\/\/sisu.ut.ee\/ope\/valiskorgkoolis-oppimine\/","title":{"rendered":"VII.6. V\u00e4lisk\u00f5rgkoolis \u00f5ppimine"},"content":{"rendered":"<p style=\"text-align: justify\">\n\t<br><strong>VII.6. V\u00e4lisk\u00f5rgkoolis \u00f5ppimine<\/strong><\/p>\n<p>119. \u00dcli\u00f5pilasel on \u00f5pingute ajal v\u00f5imalik \u00f5ppida v\u00e4lisk\u00f5rgkoolis v\u00f5i sooritada v\u00e4lispraktika. \u00dclikoolidevaheliste lepingute alusel v\u00e4lisk\u00f5rgkoolis \u00f5ppimist taotlev \u00fcli\u00f5pilane osaleb \u00fclikooli korraldataval konkursil.\n<\/p>\n<p style=\"text-align: justify\">\n\t120. V\u00e4hemalt kolmeks kuuks v\u00e4lisk\u00f5rgkooli \u00f5ppima siirduval \u00fcli\u00f5pilasel on kohustus l\u00e4bida v\u00e4lisk\u00f5rgkoolis \u00f5ppeaineid semestris v\u00e4hemalt 15 EAP mahus v\u00f5i l\u00e4bida praktika ja taotleda l\u00e4bitud \u00f5ppeainete v\u00f5i praktika arvestamist oma \u00f5ppekava t\u00e4itmisel \u00f5ppeplaanis kokku lepitud mahus.\n<\/p>\n<p style=\"text-align: justify\">\n\t121. V\u00e4lisk\u00f5rgkooli \u00f5ppima siirduv \u00fcli\u00f5pilane m\u00e4rgitakse \u00f5ppeinfos\u00fcsteemis v\u00e4lismaal \u00f5ppijaks V\u00d5TA komisjoni kinnitatud \u00f5ppeplaani ning vastuv\u00f5tva k\u00f5rgkooliga s\u00f5lmitud \u00f5ppelepingu v\u00f5i praktikalepingu alusel.\n<\/p>\n<p style=\"text-align: justify\">\n\t122. Kui \u00fcli\u00f5pilane \u00f5pib v\u00e4lisk\u00f5rgkoolis piiri\u00fclese \u00fchis\u00f5ppekava v\u00f5i piiri\u00fclese \u00fchis\u00f5ppekava p\u00f5him\u00f5tetega sarnaneva k\u00f5rgkoolidevahelise koost\u00f6\u00f6lepingu alusel ja \u00fcli\u00f5pilane immatrikuleeritakse v\u00e4lisk\u00f5rgkooli, ei pea ta \u00f5ppeplaani ega \u00f5ppelepingut esitama. \u00d5ppeleping tuleb esitada juhul, kui v\u00e4lisk\u00f5rgkooli \u00f5ppima siirduv \u00fcli\u00f5pilane osaleb samaaegselt ka m\u00f5nes \u00fcli\u00f5pilasvahetusprogrammis.\n<\/p>\n<p style=\"text-align: justify\">\n\t123. V\u00e4lisk\u00f5rgkooli \u00f5ppima v\u00f5i praktikale siirdunud \u00fcli\u00f5pilase nominaalset \u00f5ppeaega pikendatakse \u00f5ppeprodekaani korraldusega iga v\u00e4lisk\u00f5rgkoolis viibitud semestri v\u00f5rra, kui v\u00e4lisk\u00f5rgkoolis sooritatud \u00f5ppeaineid arvestatakse \u00fcli\u00f5pilase \u00f5ppekava t\u00e4itmisel v\u00e4hemalt 15 EAP mahus semestri kohta. Nominaalse \u00f5ppeaja pikendamine vormistatakse p\u00e4rast v\u00e4lisk\u00f5rgkoolis \u00f5ppimise aja l\u00f5ppu. Kui selgub, et nominaalse \u00f5ppeaja pikendamise tingimused ei ole t\u00e4idetud, t\u00fchistatakse pikendamine. Kui \u00fcli\u00f5pilane siirdub p\u00e4rast v\u00e4lisk\u00f5rgkoolis \u00f5ppimise aja l\u00f5ppu akadeemilisele puhkusele, vormistatakse nominaalaja pikendus \u00fcli\u00f5pilase avalduse alusel p\u00e4rast akadeemilise puhkuse l\u00f5ppemist.\n<\/p>\n<p style=\"text-align: justify\">\n\t124. Nominaalaja pikenduse semestril, akadeemilise puhkuse semestril ega punktis 122 nimetatud alusel v\u00e4lismaale \u00f5ppima siirdunud \u00fcli\u00f5pilase nominaalset \u00f5ppeaega ei pikendata v\u00e4lisk\u00f5rgkoolis viibitud semestrite v\u00f5rra.\n<\/p>\n<p style=\"text-align: justify\">\n\t125. V\u00e4lisk\u00f5rgkoolis sooritatud eksameid ja praktikat arvestab \u00fclikool \u00f5ppekava t\u00e4itmisel \u00f5ppeplaanis kokku lepitud ulatuses. \u00dcli\u00f5pilane esitab \u00fclikoolile \u00f5pitulemused kaheksa n\u00e4dala jooksul v\u00e4lisk\u00f5rgkoolis \u00f5ppimise perioodi l\u00f5ppemisest.\n<\/p>\n<p style=\"text-align: justify\">\n\t126. Rakendusk\u00f5rgharidus-, bakalaureuse-, arsti-, hambaarsti- ja proviisori\u00f5ppe ning klassi\u00f5petajakoolituse esimesel semestril ei ole v\u00e4lisk\u00f5rgkoolis \u00f5ppimine \u00fcldjuhul lubatud. Erandid otsustab \u00f5ppeprodekaan.<\/p>\n","protected":false},"excerpt":{"rendered":"<p>VII.6. V\u00e4lisk\u00f5rgkoolis \u00f5ppimine 119. \u00dcli\u00f5pilasel on \u00f5pingute ajal v\u00f5imalik \u00f5ppida v\u00e4lisk\u00f5rgkoolis v\u00f5i sooritada v\u00e4lispraktika. \u00dclikoolidevaheliste lepingute alusel v\u00e4lisk\u00f5rgkoolis \u00f5ppimist taotlev \u00fcli\u00f5pilane osaleb \u00fclikooli korraldataval konkursil. 120. V\u00e4hemalt kolmeks kuuks v\u00e4lisk\u00f5rgkooli \u00f5ppima siirduval \u00fcli\u00f5pilasel on kohustus l\u00e4bida v\u00e4lisk\u00f5rgkoolis \u00f5ppeaineid semestris v\u00e4hemalt &#8230;<\/p>\n","protected":false},"author":228,"featured_media":0,"parent":0,"menu_order":0,"comment_status":"closed","ping_status":"closed","template":"","meta":{"_acf_changed":false,"inline_featured_image":false,"footnotes":""},"class_list":["post-33","page","type-page","status-publish","hentry"],"acf":[],"_links":{"self":[{"href":"https:\/\/sisu.ut.ee\/ope\/wp-json\/wp\/v2\/pages\/33","targetHints":{"allow":["GET"]}}],"collection":[{"href":"https:\/\/sisu.ut.ee\/ope\/wp-json\/wp\/v2\/pages"}],"about":[{"href":"https:\/\/sisu.ut.ee\/ope\/wp-json\/wp\/v2\/types\/page"}],"author":[{"embeddable":true,"href":"https:\/\/sisu.ut.ee\/ope\/wp-json\/wp\/v2\/users\/228"}],"replies":[{"embeddable":true,"href":"https:\/\/sisu.ut.ee\/ope\/wp-json\/wp\/v2\/comments?post=33"}],"version-history":[{"count":1,"href":"https:\/\/sisu.ut.ee\/ope\/wp-json\/wp\/v2\/pages\/33\/revisions"}],"predecessor-version":[{"id":702,"href":"https:\/\/sisu.ut.ee\/ope\/wp-json\/wp\/v2\/pages\/33\/revisions\/702"}],"wp:attachment":[{"href":"https:\/\/sisu.ut.ee\/ope\/wp-json\/wp\/v2\/media?parent=33"}],"curies":[{"name":"wp","href":"https:\/\/api.w.org\/{rel}","templated":true}]}}