{"id":32,"date":"2024-04-04T07:15:52","date_gmt":"2024-04-04T04:15:52","guid":{"rendered":"https:\/\/sisu.ut.ee\/ope\/teises-eesti-korgkoolis-oppimine\/"},"modified":"2024-04-04T07:17:33","modified_gmt":"2024-04-04T04:17:33","slug":"teises-eesti-korgkoolis-oppimine","status":"publish","type":"page","link":"https:\/\/sisu.ut.ee\/ope\/teises-eesti-korgkoolis-oppimine\/","title":{"rendered":"VII.5. Teises Eesti k\u00f5rgkoolis \u00f5ppimine"},"content":{"rendered":"<p style=\"text-align: justify\">\n\t<br><strong>VII.5. Teises Eesti k\u00f5rgkoolis \u00f5ppimine<\/strong><\/p>\n<p>117. \u00dcli\u00f5pilasel on \u00f5igus \u00f5ppida k\u00fclalis\u00fcli\u00f5pilasena Eesti avalik-\u00f5iguslikes \u00fclikoolides tasuta. Teistes k\u00f5rgkoolides \u00f5ppimine on reguleeritud k\u00f5rgkoolide vahel s\u00f5lmitud koost\u00f6\u00f6lepingutes.\n<\/p>\n<p style=\"text-align: justify\">\n\t118. Teise k\u00f5rgkooli \u00f5ppijaks arvatakse \u00fcli\u00f5pilane kuni \u00fcheks \u00f5ppeaastaks \u00f5ppeprodekaani korraldusega, mille aluseks on \u00fcli\u00f5pilase vastuv\u00f5tva k\u00f5rgkooli n\u00f5usolekuga avaldus ning V\u00d5TA komisjoni kinnitatud \u00f5ppeplaan.<\/p>\n","protected":false},"excerpt":{"rendered":"<p>VII.5. Teises Eesti k\u00f5rgkoolis \u00f5ppimine 117. \u00dcli\u00f5pilasel on \u00f5igus \u00f5ppida k\u00fclalis\u00fcli\u00f5pilasena Eesti avalik-\u00f5iguslikes \u00fclikoolides tasuta. Teistes k\u00f5rgkoolides \u00f5ppimine on reguleeritud k\u00f5rgkoolide vahel s\u00f5lmitud koost\u00f6\u00f6lepingutes. 118. Teise k\u00f5rgkooli \u00f5ppijaks arvatakse \u00fcli\u00f5pilane kuni \u00fcheks \u00f5ppeaastaks \u00f5ppeprodekaani korraldusega, mille aluseks on \u00fcli\u00f5pilase vastuv\u00f5tva &#8230;<\/p>\n","protected":false},"author":228,"featured_media":0,"parent":0,"menu_order":0,"comment_status":"closed","ping_status":"closed","template":"","meta":{"_acf_changed":false,"inline_featured_image":false,"footnotes":""},"class_list":["post-32","page","type-page","status-publish","hentry"],"acf":[],"_links":{"self":[{"href":"https:\/\/sisu.ut.ee\/ope\/wp-json\/wp\/v2\/pages\/32","targetHints":{"allow":["GET"]}}],"collection":[{"href":"https:\/\/sisu.ut.ee\/ope\/wp-json\/wp\/v2\/pages"}],"about":[{"href":"https:\/\/sisu.ut.ee\/ope\/wp-json\/wp\/v2\/types\/page"}],"author":[{"embeddable":true,"href":"https:\/\/sisu.ut.ee\/ope\/wp-json\/wp\/v2\/users\/228"}],"replies":[{"embeddable":true,"href":"https:\/\/sisu.ut.ee\/ope\/wp-json\/wp\/v2\/comments?post=32"}],"version-history":[{"count":2,"href":"https:\/\/sisu.ut.ee\/ope\/wp-json\/wp\/v2\/pages\/32\/revisions"}],"predecessor-version":[{"id":1502,"href":"https:\/\/sisu.ut.ee\/ope\/wp-json\/wp\/v2\/pages\/32\/revisions\/1502"}],"wp:attachment":[{"href":"https:\/\/sisu.ut.ee\/ope\/wp-json\/wp\/v2\/media?parent=32"}],"curies":[{"name":"wp","href":"https:\/\/api.w.org\/{rel}","templated":true}]}}