{"id":30,"date":"2024-04-04T07:15:51","date_gmt":"2024-04-04T04:15:51","guid":{"rendered":"https:\/\/sisu.ut.ee\/ope\/oppetoos-kohanduste-tegemine\/"},"modified":"2025-08-27T16:58:09","modified_gmt":"2025-08-27T13:58:09","slug":"oppetoos-kohanduste-tegemine","status":"publish","type":"page","link":"https:\/\/sisu.ut.ee\/ope\/oppetoos-kohanduste-tegemine\/","title":{"rendered":"VII.3. \u00d5ppet\u00f6\u00f6s kohanduste tegemine"},"content":{"rendered":"<p style=\"text-align: justify;\">\n<strong>VII.3. \u00d5ppet\u00f6\u00f6s kohanduste tegemine<\/strong><\/p>\n<p>114. Hariduslike erivajadustega \u00fcli\u00f5pilasel on \u00f5igus taotleda \u00f5ppet\u00f6\u00f6s kohandusi m\u00f5istliku aja jooksul semestri algusest. Kohanduste taotlemiseks p\u00f6\u00f6rdub \u00fcli\u00f5pilane \u00f5ppeosakonna n\u00f5ustaja poole ja esitab erivajadust t\u00f5endava dokumendi. \u00dclikoolil on \u00f5igus j\u00e4tta l\u00e4bi vaatamata jooksval semestril tehtud taotlused, mis on esitatud \u00f5ppeosakonna n\u00f5ustajale p\u00e4rast 70 kalendrip\u00e4eva m\u00f6\u00f6dumist semestri algusest.<\/p>\n<p style=\"text-align: justify;\">115. \u00d5ppej\u00f5ud teeb haridusliku erivajadusega \u00fcli\u00f5pilasele \u00f5ppeaines m\u00f5istlikke kohandusi, kui<\/p>\n<p style=\"text-align: justify; margin-left: 40px;\">115.1. \u00d5ppeosakonna n\u00f5ustaja on koostanud \u00fcli\u00f5pilasele soovitatud kohanduste loetelu ja see on \u00f5ppej\u00f5ule teada m\u00f5istliku aja jooksul semestri algusest;<\/p>\n<p style=\"text-align: justify; margin-left: 40px;\">115.2. kohanduse tegemata j\u00e4tmisel oleks \u00fcli\u00f5pilasel erivajaduse t\u00f5ttu \u00f5ppeaine \u00f5piv\u00e4ljundite saavutamine raskendatud.<\/p>\n","protected":false},"excerpt":{"rendered":"<p>VII.3. \u00d5ppet\u00f6\u00f6s kohanduste tegemine 114. Hariduslike erivajadustega \u00fcli\u00f5pilasel on \u00f5igus taotleda \u00f5ppet\u00f6\u00f6s kohandusi m\u00f5istliku aja jooksul semestri algusest. Kohanduste taotlemiseks p\u00f6\u00f6rdub \u00fcli\u00f5pilane \u00f5ppeosakonna n\u00f5ustaja poole ja esitab erivajadust t\u00f5endava dokumendi. \u00dclikoolil on \u00f5igus j\u00e4tta l\u00e4bi vaatamata jooksval semestril tehtud taotlused, &#8230;<\/p>\n","protected":false},"author":228,"featured_media":0,"parent":0,"menu_order":0,"comment_status":"closed","ping_status":"closed","template":"","meta":{"_acf_changed":false,"inline_featured_image":false,"footnotes":""},"class_list":["post-30","page","type-page","status-publish","hentry"],"acf":[],"_links":{"self":[{"href":"https:\/\/sisu.ut.ee\/ope\/wp-json\/wp\/v2\/pages\/30","targetHints":{"allow":["GET"]}}],"collection":[{"href":"https:\/\/sisu.ut.ee\/ope\/wp-json\/wp\/v2\/pages"}],"about":[{"href":"https:\/\/sisu.ut.ee\/ope\/wp-json\/wp\/v2\/types\/page"}],"author":[{"embeddable":true,"href":"https:\/\/sisu.ut.ee\/ope\/wp-json\/wp\/v2\/users\/228"}],"replies":[{"embeddable":true,"href":"https:\/\/sisu.ut.ee\/ope\/wp-json\/wp\/v2\/comments?post=30"}],"version-history":[{"count":2,"href":"https:\/\/sisu.ut.ee\/ope\/wp-json\/wp\/v2\/pages\/30\/revisions"}],"predecessor-version":[{"id":1941,"href":"https:\/\/sisu.ut.ee\/ope\/wp-json\/wp\/v2\/pages\/30\/revisions\/1941"}],"wp:attachment":[{"href":"https:\/\/sisu.ut.ee\/ope\/wp-json\/wp\/v2\/media?parent=30"}],"curies":[{"name":"wp","href":"https:\/\/api.w.org\/{rel}","templated":true}]}}