{"id":29,"date":"2024-04-04T07:15:51","date_gmt":"2024-04-04T04:15:51","guid":{"rendered":"https:\/\/sisu.ut.ee\/ope\/noustamine\/"},"modified":"2024-04-04T07:17:33","modified_gmt":"2024-04-04T04:17:33","slug":"noustamine","status":"publish","type":"page","link":"https:\/\/sisu.ut.ee\/ope\/noustamine\/","title":{"rendered":"VII.2. N\u00f5ustamine"},"content":{"rendered":"<p style=\"text-align: justify\">\n\t<br><strong>VII.2. N\u00f5ustamine<\/strong><\/p>\n<p>112. \u00dcli\u00f5pilasel on \u00f5igus p\u00f6\u00f6rduda valdkonna, instituudi v\u00f5i kolled\u017ei ja \u00f5ppeosakonna \u00fcli\u00f5pilaste n\u00f5ustamisega tegelevate t\u00f6\u00f6tajate poole, et saada teavet ning tuge \u00fclikoolis \u00f5ppimisega seotud k\u00fcsimuste lahendamiseks.\n<\/p>\n<p style=\"text-align: justify\">\n\t113. Esimest semestrit \u00fclikooli p\u00e4eva\u00f5ppes \u00f5ppivaid \u00fcli\u00f5pilasi n\u00f5ustab tuutor. Tuutor on \u00fcli\u00f5pilasn\u00f5ustamise alal ettevalmistuse saanud \u00fcli\u00f5pilane, kes annab teavet \u00fcli\u00f5pilasstaatusega kaasnevate kohustuste, \u00f5iguste ja tekkida v\u00f5ivate probleemide vallas ning n\u00f5ustab vajaduse korral individuaalselt. Tuutoril on \u00f5igus saada \u00fclikooli struktuuri\u00fcksustelt oma t\u00f6\u00f6ks vajalikku teavet. Tuutorite tegevust korraldab \u00f5ppeosakond.<\/p>\n","protected":false},"excerpt":{"rendered":"<p>VII.2. N\u00f5ustamine 112. \u00dcli\u00f5pilasel on \u00f5igus p\u00f6\u00f6rduda valdkonna, instituudi v\u00f5i kolled\u017ei ja \u00f5ppeosakonna \u00fcli\u00f5pilaste n\u00f5ustamisega tegelevate t\u00f6\u00f6tajate poole, et saada teavet ning tuge \u00fclikoolis \u00f5ppimisega seotud k\u00fcsimuste lahendamiseks. 113. Esimest semestrit \u00fclikooli p\u00e4eva\u00f5ppes \u00f5ppivaid \u00fcli\u00f5pilasi n\u00f5ustab tuutor. Tuutor on \u00fcli\u00f5pilasn\u00f5ustamise &#8230;<\/p>\n","protected":false},"author":228,"featured_media":0,"parent":0,"menu_order":0,"comment_status":"closed","ping_status":"closed","template":"","meta":{"_acf_changed":false,"inline_featured_image":false,"footnotes":""},"class_list":["post-29","page","type-page","status-publish","hentry"],"acf":[],"_links":{"self":[{"href":"https:\/\/sisu.ut.ee\/ope\/wp-json\/wp\/v2\/pages\/29","targetHints":{"allow":["GET"]}}],"collection":[{"href":"https:\/\/sisu.ut.ee\/ope\/wp-json\/wp\/v2\/pages"}],"about":[{"href":"https:\/\/sisu.ut.ee\/ope\/wp-json\/wp\/v2\/types\/page"}],"author":[{"embeddable":true,"href":"https:\/\/sisu.ut.ee\/ope\/wp-json\/wp\/v2\/users\/228"}],"replies":[{"embeddable":true,"href":"https:\/\/sisu.ut.ee\/ope\/wp-json\/wp\/v2\/comments?post=29"}],"version-history":[{"count":1,"href":"https:\/\/sisu.ut.ee\/ope\/wp-json\/wp\/v2\/pages\/29\/revisions"}],"predecessor-version":[{"id":716,"href":"https:\/\/sisu.ut.ee\/ope\/wp-json\/wp\/v2\/pages\/29\/revisions\/716"}],"wp:attachment":[{"href":"https:\/\/sisu.ut.ee\/ope\/wp-json\/wp\/v2\/media?parent=29"}],"curies":[{"name":"wp","href":"https:\/\/api.w.org\/{rel}","templated":true}]}}