{"id":26,"date":"2024-04-04T07:15:51","date_gmt":"2024-04-04T04:15:51","guid":{"rendered":"https:\/\/sisu.ut.ee\/ope\/reimmatrikuleerimine\/"},"modified":"2024-09-02T14:38:52","modified_gmt":"2024-09-02T11:38:52","slug":"reimmatrikuleerimine","status":"publish","type":"page","link":"https:\/\/sisu.ut.ee\/ope\/reimmatrikuleerimine\/","title":{"rendered":"VI.2. Reimmatrikuleerimine"},"content":{"rendered":"<p style=\"text-align: justify;\">\n<strong>VI.2. Reimmatrikuleerimine<\/strong><\/p>\n<p>101. Reimmatrikuleerimine on isiku taasarvamine \u00fcli\u00f5pilaste nimekirja. Reimmatrikuleerida saab isikut juhul, kui \u00f5ppekaval on tekkinud vaba \u00f5ppekoht, millele kandideeritakse punktides 94, 97 ja 99 s\u00e4testatud korras. Reimmatrikuleerimist saab taotleda, kui eksmatrikuleerimisest on m\u00f6\u00f6dunud v\u00e4hemalt kaks aastat.<\/p>\n<p style=\"text-align: justify;\">102. \u00dcli\u00f5pilane reimmatrikuleeritakse sama \u00f5ppekava sama v\u00f5i j\u00e4rgmise \u00f5ppeaasta samale v\u00f5i j\u00e4rgmisele semestrile, millel \u00fcli\u00f5pilane eksmatrikuleerimise ajal \u00f5ppis. \u00dcli\u00f5pilast ei reimmatrikuleerita pikendusajale. Peat\u00fcki III.2 kohane oppekoormus m\u00e4\u00e4ratakse \u00fcli\u00f5pilase kogutud ainepunktide arvu j\u00e4rgi.<\/p>\n<p style=\"text-align: justify;\">103. Edasij\u00f5udmatuse t\u00f5ttu eksmatrikuleeritud \u00fcli\u00f5pilane saab taotleda reimmatrikuleerimist, kui ta on t\u00e4itnud v\u00e4hemalt osakoormusega \u00f5ppe n\u00f5uded koosk\u00f5las punktiga 39.2 v\u00f5i t\u00e4itnud \u00f5ppekava minimaalses lubatud mahus koosk\u00f5las punktiga 41. Kursuses\u00fcsteemis saab eksmatrikuleeritud \u00fcli\u00f5pilane reimmatrikuleerimist taotleda juhul, kui ta on \u00f5ppekava j\u00e4rgi eelneval semestril t\u00e4itmisele kuuluva kohustusliku \u00f5ppe mahust t\u00e4itnud 100%. \u00d5ppeaines neli korda saadud negatiivse hindamistulemuse korral tuleb enne reimmatrikuleerimise taotlemist sooritada \u00f5ppeaine positiivsele tulemusele eksternina v\u00f5i t\u00e4ienduskoolituse \u00f5ppijana.<\/p>\n<p style=\"text-align: justify;\">104. Punktis 87.9.2 nimetatud p\u00f5hjusel eksmatrikuleeritud \u00fcli\u00f5pilane saab taotleda reimmatrikuleerimist p\u00e4rast karistusandmete karistusregistrist kustutamist.<\/p>\n<p style=\"text-align: justify;\">105. \u00dcli\u00f5pilane, kes on eksmatrikuleeritud \u00f5ppetasu t\u00e4htajaks tasumata j\u00e4tmise t\u00f5ttu, ei saa reimmatrikuleerimist taotleda enne \u00f5ppetasu v\u00f5lgnevuse likvideerimist.<\/p>\n<p style=\"text-align: justify;\">106. Reimmatrikuleerida ei saa isikuid, kes on eksmatrikuleeritud \u00f5ppe l\u00f5pukuup\u00e4eva m\u00f6\u00f6dumise t\u00f5ttu.<\/p>\n","protected":false},"excerpt":{"rendered":"<p>VI.2. Reimmatrikuleerimine 101. Reimmatrikuleerimine on isiku taasarvamine \u00fcli\u00f5pilaste nimekirja. Reimmatrikuleerida saab isikut juhul, kui \u00f5ppekaval on tekkinud vaba \u00f5ppekoht, millele kandideeritakse punktides 94, 97 ja 99 s\u00e4testatud korras. Reimmatrikuleerimist saab taotleda, kui eksmatrikuleerimisest on m\u00f6\u00f6dunud v\u00e4hemalt kaks aastat. 102. \u00dcli\u00f5pilane &#8230;<\/p>\n","protected":false},"author":228,"featured_media":0,"parent":0,"menu_order":0,"comment_status":"closed","ping_status":"closed","template":"","meta":{"_acf_changed":false,"inline_featured_image":false,"footnotes":""},"class_list":["post-26","page","type-page","status-publish","hentry"],"acf":[],"_links":{"self":[{"href":"https:\/\/sisu.ut.ee\/ope\/wp-json\/wp\/v2\/pages\/26","targetHints":{"allow":["GET"]}}],"collection":[{"href":"https:\/\/sisu.ut.ee\/ope\/wp-json\/wp\/v2\/pages"}],"about":[{"href":"https:\/\/sisu.ut.ee\/ope\/wp-json\/wp\/v2\/types\/page"}],"author":[{"embeddable":true,"href":"https:\/\/sisu.ut.ee\/ope\/wp-json\/wp\/v2\/users\/228"}],"replies":[{"embeddable":true,"href":"https:\/\/sisu.ut.ee\/ope\/wp-json\/wp\/v2\/comments?post=26"}],"version-history":[{"count":2,"href":"https:\/\/sisu.ut.ee\/ope\/wp-json\/wp\/v2\/pages\/26\/revisions"}],"predecessor-version":[{"id":1762,"href":"https:\/\/sisu.ut.ee\/ope\/wp-json\/wp\/v2\/pages\/26\/revisions\/1762"}],"wp:attachment":[{"href":"https:\/\/sisu.ut.ee\/ope\/wp-json\/wp\/v2\/media?parent=26"}],"curies":[{"name":"wp","href":"https:\/\/api.w.org\/{rel}","templated":true}]}}