{"id":23,"date":"2024-04-04T07:15:51","date_gmt":"2024-04-04T04:15:51","guid":{"rendered":"https:\/\/sisu.ut.ee\/ope\/eksmatrikuleerimine-1\/"},"modified":"2025-08-27T16:52:23","modified_gmt":"2025-08-27T13:52:23","slug":"eksmatrikuleerimine-1","status":"publish","type":"page","link":"https:\/\/sisu.ut.ee\/ope\/eksmatrikuleerimine-1\/","title":{"rendered":"V.1. Eksmatrikuleerimine"},"content":{"rendered":"<p style=\"text-align: justify;\"><strong>V.1. Eksmatrikuleerimine<\/strong><\/p>\n<p>87. \u00dclikooli algatusel eksmatrikuleeritakse \u00fcli\u00f5pilane \u00f5ppeprorektori korraldusega \u00f5ppeprodekaani esildise alusel j\u00e4rgmistel p\u00f5hjustel:<\/p>\n<p style=\"text-align: justify; margin-left: 40px;\">87.1. \u00f5ppekava t\u00e4itmisel;<\/p>\n<p style=\"text-align: justify; margin-left: 40px;\">87.2. \u00f5ppe l\u00f5pukuup\u00e4eva m\u00f6\u00f6dumisel;<\/p>\n<p style=\"text-align: justify; margin-left: 40px;\">87.3. edasij\u00f5udmatuse t\u00f5ttu:<\/p>\n<p style=\"text-align: justify; margin-left: 80px;\">87.3.1. semestri l\u00f5puks \u00f5ppekava minimaalses lubatud mahus t\u00e4itmata j\u00e4tmisel punktides 38 ja 41 nimetatud juhtudel;<\/p>\n<p style=\"text-align: justify; margin-left: 80px;\">87.3.2. \u00fcli\u00f5pilase nominaalse \u00f5ppeaasta l\u00f5puks \u00f5ppekava osakoormuse mahus t\u00e4itmata j\u00e4tmisel;<\/p>\n<p style=\"text-align: justify; margin-left: 80px;\">87.3.3. \u00fches \u00f5ppeaines neljal korral v\u00f5i kursuses\u00fcsteemi \u00fches kohustuslikus \u00f5ppeaines kolmel korral negatiivse hindamistulemuse saamisel;<\/p>\n<p style=\"text-align: justify; margin-left: 80px;\">87.3.4. l\u00f5pueksami kahekordsel sooritamisel negatiivsele hindele v\u00f5i l\u00f5put\u00f6\u00f6 kahekordsel kaitsmisel negatiivsele hindele;<\/p>\n<p style=\"text-align: justify; margin-left: 40px;\">87.4. esimese aasta \u00fcli\u00f5pilase puhul p\u00e4rast \u00f5ppeaasta algust kahe n\u00e4dala jooksul \u00f5ppeainetesse m\u00f5juva p\u00f5hjuseta registreerumata j\u00e4tmise t\u00f5ttu;<\/p>\n<p style=\"text-align: justify; margin-left: 40px;\">87.5. osakoormusega \u00f5ppivate \u00fcli\u00f5pilaste puhul p\u00e4rast semestri algust kahe n\u00e4dala jooksul m\u00f5juva p\u00f5hjuseta vastavalt punktile 26 \u00f5ppeainetesse registreerumata j\u00e4tmise t\u00f5ttu;<\/p>\n<p style=\"text-align: justify; margin-left: 40px;\">87.6. \u00fcli\u00f5pilase immatrikuleerimisel v\u00f5i reimmatrikuleerimisel teise \u00f5ppekava alusel;<\/p>\n<p style=\"text-align: justify; margin-left: 40px;\">87.7. \u00f5ppetasu tasumata j\u00e4tmisel \u00f5ppekulude h\u00fcvitamise tingimustes ja korras kehtestatud t\u00e4htp\u00e4evaks;<\/p>\n<p style=\"text-align: justify; margin-left: 40px;\">87.8. nominaalse \u00f5ppeaja l\u00f5puks eesti keele s\u00fcva\u00f5ppe mahu mittet\u00e4itmisel;<\/p>\n<p style=\"padding-left: 40px;\">87.8<sup>1<\/sup>. esimese \u00f5ppeaasta l\u00f5puks v\u00e4hemalt B2-tasemel eesti keele oskuse t\u00f5endamata j\u00e4tmise t\u00f5ttu, kui see on k\u00f5rghariduse esimese ja teise astme vastuv\u00f5tueeskirja kohaselt n\u00f5utav;<\/p>\n<p style=\"text-align: justify; margin-left: 40px;\">87.9. \u00f5ppeprorektori otsusel v\u00e4\u00e4ritu k\u00e4itumise t\u00f5ttu allj\u00e4rgnevatel juhtudel:<\/p>\n<p style=\"text-align: justify; margin-left: 80px;\">87.9.1. akadeemilise petturluse korral;<\/p>\n<p style=\"text-align: justify; margin-left: 80px;\">87.9.2. \u00fcli\u00f5pilasena tahtlikult toimepandud kuriteo eest s\u00fc\u00fcdim\u00f5istva kohtuotsuse j\u00f5ustumisel;<\/p>\n<p style=\"text-align: justify; margin-left: 80px;\">87.9.3. dokumentide v\u00f5ltsimisel;<\/p>\n<p style=\"text-align: justify; margin-left: 80px;\">87.9.4. \u00fcldtunnustatud k\u00e4itumisnormide v\u00f5i akadeemiliste tavade vastu olulisel m\u00e4\u00e4ral eksimisel;<\/p>\n<p style=\"text-align: justify; margin-left: 80px;\">87.10. \u00f5ppekava sulgemisel, kui \u00fcli\u00f5pilane ei avalda sulgemise hetkeks soovi j\u00e4tkata \u00f5ppimist teise \u00f5ppekava alusel;<\/p>\n<p style=\"text-align: justify; margin-left: 80px;\">87.11. \u00fchis\u00f5ppekava v\u00f5i piiri\u00fclese \u00fchis\u00f5ppekava p\u00f5him\u00f5tetega \u00f5ppekava alusel \u00f5ppiva \u00fcli\u00f5pilase eksmatrikuleerimisel \u00fchis\u00f5ppekava koordineerivast \u00fclikoolist;<\/p>\n<p style=\"text-align: justify; margin-left: 80px;\">87.12. v\u00e4lisriigis eelmise \u00f5ppeastme l\u00f5petanud \u00fcli\u00f5pilase puhul eelmist haridustaset t\u00f5endavate dokumentide esitamata j\u00e4tmisel vastuv\u00f5tueeskirjas kehtestatud t\u00e4htajaks;<\/p>\n<p style=\"padding-left: 80px;\">87.13. kui selgub, et \u00fcli\u00f5pilase eelnev haridus ei v\u00f5imalda tal \u00f5ppida tema soovitud<br>\nk\u00f5rgharidusastmel.<\/p>\n<p style=\"text-align: justify;\">88. \u00dclikooli algatusel toimuv eksmatrikuleerimine vormistatakse \u00fcldjuhul kolme n\u00e4dala jooksul alates punktis 87 s\u00e4testatud s\u00fcndmuse toimumisest. Eksmatrikuleerimine punkti 87.3.3 alusel vormistatakse \u00f5ppeaine toimumise selle semestri l\u00f5puks, mil saadi viimane negatiivne tulemus korralisel hindamisel, kui kordushindamine toimub vastavalt punktile 53 semestri alguses, siis kolme n\u00e4dala jooksul p\u00e4rast kordushindamist. Punkti 87.6 alusel toimuv eksmatrikuleerimine vormistatakse enne uuele \u00f5ppekohale immatrikuleerimist.<br>\nPunkti 87.7 alusel toimuv eksmatrikuleerimine vormistatakse seitsme n\u00e4dala jooksul taseme\u00f5ppekulude h\u00fcvitamise tingimustes ja korras kehtestatud t\u00e4htajast arvates. Kui \u00fcli\u00f5pilane on vaidlustanud eksmatrikuleerimise aluseks oleva \u00fclikooli otsuse, siis eksmatrikuleerimise vormistamise t\u00e4htaja kulgemine peatub vaidluse lahendamise ajaks.<\/p>\n<p style=\"text-align: justify;\">89. Enne v\u00e4\u00e4ritu k\u00e4itumise t\u00f5ttu eksmatrikuleerimise otsust saadab \u00f5ppeprorektor eksmatrikuleerimise korralduse materjalid \u00fcli\u00f5pilaskonna esimehele, kes esitab \u00f5ppeprorektorile \u00fcli\u00f5pilasesinduse p\u00f5hjendatud seisukoha kirjalikult 14 p\u00e4eva jooksul. Kui \u00f5ppeprorektor ei v\u00f5ta \u00fcli\u00f5pilasesinduse seisukohta arvesse, esitab ta \u00fcli\u00f5pilasesindusele kirjaliku p\u00f5hjenduse. Eksmatrikuleerimise korralduse andmata j\u00e4tmise korral on \u00f5ppeprorektoril \u00f5igus teha \u00fcli\u00f5pilasele noomitus.<\/p>\n<p style=\"text-align: justify;\">90. \u00dcli\u00f5pilase omal algatusel eksmatrikuleerimine toimub \u00f5ppeprorektori korraldusega \u00fcli\u00f5pilase avalduse alusel. \u00dclikoolil on \u00f5igus k\u00fcsida eksmatrikuleerimistaotluse p\u00f5hjust ning koosk\u00f5lastada avaldus programmijuhiga eesm\u00e4rgiga pakkuda n\u00f5ustamist.<\/p>\n<p style=\"text-align: justify;\">91. Pooltest s\u00f5ltumatutel asjaoludel eksmatrikuleeritakse \u00fcli\u00f5pilane \u00f5ppeprorektori korraldusega \u00f5ppeprodekaani esildise alusel j\u00e4rgmistel juhtudel:<\/p>\n<p style=\"text-align: justify; margin-left: 40px;\">91.1. kui kohus on \u00fcli\u00f5pilasele piiratud teov\u00f5ime t\u00f5ttu m\u00e4\u00e4ranud eestkostja;<\/p>\n<p style=\"text-align: justify; margin-left: 40px;\">91.2. \u00fcli\u00f5pilase surma korral.<\/p>\n","protected":false},"excerpt":{"rendered":"<p>V.1. Eksmatrikuleerimine 87. \u00dclikooli algatusel eksmatrikuleeritakse \u00fcli\u00f5pilane \u00f5ppeprorektori korraldusega \u00f5ppeprodekaani esildise alusel j\u00e4rgmistel p\u00f5hjustel: 87.1. \u00f5ppekava t\u00e4itmisel; 87.2. \u00f5ppe l\u00f5pukuup\u00e4eva m\u00f6\u00f6dumisel; 87.3. edasij\u00f5udmatuse t\u00f5ttu: 87.3.1. semestri l\u00f5puks \u00f5ppekava minimaalses lubatud mahus t\u00e4itmata j\u00e4tmisel punktides 38 ja 41 nimetatud juhtudel; 87.3.2. &#8230;<\/p>\n","protected":false},"author":228,"featured_media":0,"parent":0,"menu_order":0,"comment_status":"closed","ping_status":"closed","template":"","meta":{"_acf_changed":false,"inline_featured_image":false,"footnotes":""},"class_list":["post-23","page","type-page","status-publish","hentry"],"acf":[],"_links":{"self":[{"href":"https:\/\/sisu.ut.ee\/ope\/wp-json\/wp\/v2\/pages\/23","targetHints":{"allow":["GET"]}}],"collection":[{"href":"https:\/\/sisu.ut.ee\/ope\/wp-json\/wp\/v2\/pages"}],"about":[{"href":"https:\/\/sisu.ut.ee\/ope\/wp-json\/wp\/v2\/types\/page"}],"author":[{"embeddable":true,"href":"https:\/\/sisu.ut.ee\/ope\/wp-json\/wp\/v2\/users\/228"}],"replies":[{"embeddable":true,"href":"https:\/\/sisu.ut.ee\/ope\/wp-json\/wp\/v2\/comments?post=23"}],"version-history":[{"count":6,"href":"https:\/\/sisu.ut.ee\/ope\/wp-json\/wp\/v2\/pages\/23\/revisions"}],"predecessor-version":[{"id":1939,"href":"https:\/\/sisu.ut.ee\/ope\/wp-json\/wp\/v2\/pages\/23\/revisions\/1939"}],"wp:attachment":[{"href":"https:\/\/sisu.ut.ee\/ope\/wp-json\/wp\/v2\/media?parent=23"}],"curies":[{"name":"wp","href":"https:\/\/api.w.org\/{rel}","templated":true}]}}