{"id":22,"date":"2024-04-04T07:15:50","date_gmt":"2024-04-04T04:15:50","guid":{"rendered":"https:\/\/sisu.ut.ee\/ope\/opingute-lopetamine-0\/"},"modified":"2024-04-04T07:17:34","modified_gmt":"2024-04-04T04:17:34","slug":"opingute-lopetamine-0","status":"publish","type":"page","link":"https:\/\/sisu.ut.ee\/ope\/opingute-lopetamine-0\/","title":{"rendered":"V. \u00d5pingute l\u00f5petamine"},"content":{"rendered":"<p style=\"text-align: justify\">\n\t<br><strong>V. \u00d5pingute l\u00f5petamine<\/strong><\/p>\n<p>83. \u00dcli\u00f5pilane loetakse \u00f5pingud l\u00f5petanuks ja arvatakse \u00fcli\u00f5pilaste nimekirjast v\u00e4lja, kui ta on \u00f5ppekava t\u00e4itnud: l\u00e4binud \u00f5ppekavas ette n\u00e4htud oppeained ja praktika, sealhulgas sooritanud lopueksami(d) v\u00f5i kaitsnud l\u00f5put\u00f6\u00f6, ning kogunud \u00f5ppekavas ette n\u00e4htud hulgal ainepunkte.\n<\/p>\n<p style=\"text-align: justify\">\n\t84. \u00d5ppekava t\u00e4itnud \u00fcli\u00f5pilasele v\u00e4ljastatakse Vabariigi Valitsuse kehtestatud korras vormistatud diplom ja akadeemiline \u00f5iend. Diplomi v\u00e4ljaandmise aluseks on \u00f5ppeprorektori korraldus eksmatrikuleerimise v\u00f5i seoses \u00f5ppekava t\u00e4itmisega eksternina l\u00f5petanuks lugemise kohta. Diplomi ja akadeemilise \u00f5iendi v\u00e4ljaandmise ning \u00f5ppekava alusel kutse andmise korra kehtestab rektor. Kiitusega (cum laude) diplom antakse haridus- ja teadusministri m\u00e4\u00e4rusega kehtestatud tingimustel.\n<\/p>\n<p style=\"text-align: justify\">\n\t85. Kui \u00fcli\u00f5pilane on t\u00e4itnud mitu \u00f5ppekava, antakse talle vastavad kraadid. Mitme \u00f5ppekava t\u00e4itmine eeldab vastava arvu lopueksamite sooritamist ja\/v\u00f5i sisult erinevate l\u00f5put\u00f6\u00f6de kaitsmist. Mitme \u00f5ppekava samaaegse t\u00e4itmise korral v\u00e4ljastatakse eraldi diplom iga \u00f5ppekava t\u00e4itmise kohta.\n<\/p>\n<p style=\"text-align: justify\">\n\t86. \u00dclikooli l\u00f5puaktused on avalikud \u00fcritused korrakaitseseaduse m\u00f5istes.<\/p>\n","protected":false},"excerpt":{"rendered":"<p>V. \u00d5pingute l\u00f5petamine 83. \u00dcli\u00f5pilane loetakse \u00f5pingud l\u00f5petanuks ja arvatakse \u00fcli\u00f5pilaste nimekirjast v\u00e4lja, kui ta on \u00f5ppekava t\u00e4itnud: l\u00e4binud \u00f5ppekavas ette n\u00e4htud oppeained ja praktika, sealhulgas sooritanud lopueksami(d) v\u00f5i kaitsnud l\u00f5put\u00f6\u00f6, ning kogunud \u00f5ppekavas ette n\u00e4htud hulgal ainepunkte. 84. \u00d5ppekava &#8230;<\/p>\n","protected":false},"author":228,"featured_media":0,"parent":0,"menu_order":0,"comment_status":"closed","ping_status":"closed","template":"","meta":{"_acf_changed":false,"inline_featured_image":false,"footnotes":""},"class_list":["post-22","page","type-page","status-publish","hentry"],"acf":[],"_links":{"self":[{"href":"https:\/\/sisu.ut.ee\/ope\/wp-json\/wp\/v2\/pages\/22","targetHints":{"allow":["GET"]}}],"collection":[{"href":"https:\/\/sisu.ut.ee\/ope\/wp-json\/wp\/v2\/pages"}],"about":[{"href":"https:\/\/sisu.ut.ee\/ope\/wp-json\/wp\/v2\/types\/page"}],"author":[{"embeddable":true,"href":"https:\/\/sisu.ut.ee\/ope\/wp-json\/wp\/v2\/users\/228"}],"replies":[{"embeddable":true,"href":"https:\/\/sisu.ut.ee\/ope\/wp-json\/wp\/v2\/comments?post=22"}],"version-history":[{"count":1,"href":"https:\/\/sisu.ut.ee\/ope\/wp-json\/wp\/v2\/pages\/22\/revisions"}],"predecessor-version":[{"id":728,"href":"https:\/\/sisu.ut.ee\/ope\/wp-json\/wp\/v2\/pages\/22\/revisions\/728"}],"wp:attachment":[{"href":"https:\/\/sisu.ut.ee\/ope\/wp-json\/wp\/v2\/media?parent=22"}],"curies":[{"name":"wp","href":"https:\/\/api.w.org\/{rel}","templated":true}]}}