{"id":20,"date":"2024-04-04T07:15:50","date_gmt":"2024-04-04T04:15:50","guid":{"rendered":"https:\/\/sisu.ut.ee\/ope\/loputoo-kaitsmine\/"},"modified":"2024-09-02T11:31:33","modified_gmt":"2024-09-02T08:31:33","slug":"loputoo-kaitsmine","status":"publish","type":"page","link":"https:\/\/sisu.ut.ee\/ope\/loputoo-kaitsmine\/","title":{"rendered":"IV.5. L\u00f5put\u00f6\u00f6 kaitsmine"},"content":{"rendered":"<p style=\"text-align: justify;\">\n<strong>IV.5. L\u00f5put\u00f6\u00f6 kaitsmine<\/strong><\/p>\n<p>72. L\u00f5put\u00f6\u00f6 kaitsmisele lubamise eeldus on \u00f5ppekava k\u00f5igi \u00fclej\u00e4\u00e4nud \u00f5ppeainete l\u00e4bimine.<\/p>\n<p style=\"text-align: justify;\">73. Kui \u00f5ppekava l\u00e4bimise tingimus on l\u00f5put\u00f6\u00f6 kaitsmine, valib \u00fcli\u00f5pilane juhendaja(d) ning koosk\u00f5lastatult juhendaja(te)ga t\u00f6\u00f6 teema. Kui kaitstakse magistrit\u00f6\u00f6d, sisestab \u00f5ppekava haldava valdkonna dekaani v\u00f5i instituudi juhi m\u00e4\u00e4ratud t\u00f6\u00f6taja t\u00f6\u00f6 teema ja selle liigitamiseks vajalikud kuni kolm eriala valdkondliku klassifikaatori Common European Research Classification Scheme alusel \u00f5ppeinfos\u00fcsteemi hiljemalt \u00fcks n\u00e4dal enne kaitsmist. L\u00f5put\u00f6\u00f6 juhendaja(d) m\u00e4\u00e4ratakse \u00f5ppekava haldava instituudi juhi v\u00f5i \u00f5ppekava haldava valdkonna \u00f5ppeprodekaani korraldusega hiljemalt kuus kuud enne t\u00f6\u00f6 eeldatavat kaitsmist. Juhendajaks v\u00f5ib olla isik, kellel on magistrikraad v\u00f5i sellele vastav haridustase v\u00f5i kes on oma ala silmapaistev praktik. Kui \u00fcli\u00f5pilase juhendaja ei ole t\u00f6\u00f6lepingu alusel \u00fclikooliga seotud, tuleb lisaks m\u00e4\u00e4rata magistrikraadi v\u00f5i sellele vastava haridustasemega vastutav juhendaja \u00fclikooli t\u00f6\u00f6tajate seast.<\/p>\n<p style=\"text-align: justify;\">74. L\u00f5put\u00f6\u00f6 n\u00f5uded, kaitsmiskomisjoni koosseisu moodustamise korra ja kaitsmise korra kehtestab valdkonna n\u00f5ukogu. \u00d5ppekava haldava instituudi juht v\u00f5i \u00f5ppekava haldava valdkonna \u00f5ppeprodekaan kinnitab l\u00f5put\u00f6\u00f6de kaitsmise komisjoni(de) koosseisu ja hiljemalt semestri alguseks kaitsmise kuup\u00e4evad. Kui \u00f5ppekava t\u00e4itjale antakse kutse, tuleb l\u00f5put\u00f6\u00f6 kaitsmise komisjoni koosseis koosk\u00f5lastada kutsekomisjoniga.<\/p>\n<p style=\"text-align: justify;\">75. \u00dcli\u00f5pilane esitab l\u00f5put\u00f6\u00f6 kaitsmiskomisjonile valdkonna n\u00f5ukogu v\u00f5i valdkonna n\u00f5ukogu otsusel \u00f5ppekava haldava instituudi v\u00f5i kolled\u017ei n\u00f5ukogu kehtestatud t\u00e4htp\u00e4evaks, kuid hiljemalt n\u00e4dal enne kaitsmiskuup\u00e4eva n\u00f5uetekohaselt vormistatuna elektroonselt (valdkonna n\u00f5ukogu otsusel ka paberil). Koos l\u00f5put\u00f6\u00f6ga esitab \u00fcli\u00f5pilane komisjonile muid l\u00f5put\u00f6\u00f6ga seotud materjale, mis iseloomustavad l\u00f5put\u00f6\u00f6 teaduslikku ja praktilist v\u00e4\u00e4rtust.<\/p>\n<p style=\"text-align: justify;\">76. L\u00f5put\u00f6\u00f6 vastutav juhendaja esitab komisjonile n\u00f5usoleku l\u00f5put\u00f6\u00f6 kaitsmisele lubamise kohta. Kui juhendaja(d) on n\u00f5us l\u00f5put\u00f6\u00f6 kaitsmisele lubamisega, m\u00e4\u00e4ratakse l\u00f5put\u00f6\u00f6le retsensent, arvestades valdkonna n\u00f5ukogu kehtestatud korras s\u00e4testatut. Retsensent esitab hiljemalt \u00fcks t\u00f6\u00f6p\u00e4ev enne kaitsmist komisjonile ja l\u00f5put\u00f6\u00f6 kaitsjale kirjaliku retsensiooni.<\/p>\n<p style=\"text-align: justify;\">77. Autor esitab kirjaliku l\u00f5put\u00f6\u00f6 elektroonse versiooni kaitsmisele PDF-vormingus failina. L\u00f5put\u00f6\u00f6 osana esitab autor lihtlitsentsi, millega annab \u00fclikoolile loa<\/p>\n<p style=\"text-align: justify; margin-left: 40px;\">77.1. l\u00f5put\u00f6\u00f6 reprodutseerimiseks s\u00e4ilitamise eesm\u00e4rgil;<\/p>\n<p style=\"text-align: justify; margin-left: 40px;\">77.2. l\u00f5put\u00f6\u00f6 elektroonseks avaldamiseks \u00fclikooli veebikeskkonna kaudu Creative Commonsi litsentsiga CC BY NC ND 4.0, mis lubab autorile viidates teost reprodutseerida, levitada ja \u00fcldsusele suunata ning keelab tuletatud teose loomise ja teose kasutamise \u00e4rilisel eesm\u00e4rgil. Kui l\u00f5put\u00f6\u00f6 avaldamisele on \u00f5ppeprodekaani korraldusega kehtestatud t\u00e4htajaline piirang, lubab autor \u00fclikoolil l\u00f5put\u00f6\u00f6 avaldada p\u00e4rast piirangu l\u00f5ppemist.<\/p>\n<p style=\"text-align: justify;\">78. L\u00f5put\u00f6\u00f6d hinnatakse avalikul kaitsmisel. Valdkonna n\u00f5ukogu v\u00f5ib otsustada, et avalikule kaitsmisele lubatud l\u00f5put\u00f6\u00f6d avaldatakse enne kaitsmist \u00fclikooli veebilehel. T\u00f6\u00f6s sisalduvate isikuandmete v\u00f5i riigi-, \u00e4ri- v\u00f5i tehnoloogilise lahenduse saladuse kaitseks v\u00f5ib \u00f5ppeprodekaan kuulutada kaitsmise kinniseks. Kaitsmisel osalevad \u00fcli\u00f5pilane, tema juhendaja(d) ja retsensent, v\u00e4lja arvatud juhul, kui juhendaja v\u00f5i retsensent ei saa m\u00f5juval p\u00f5hjusel kaitsmisel osaleda. Kaitsmisel v\u00f5ib osaleda ka reaalajas toimuva kahesuunalist pilti ja heli v\u00f5imaldava side abil. Avaliku kaitsmise pildistamine v\u00f5i salvestamine on lubatud osalejate n\u00f5usolekul.<\/p>\n<p style=\"text-align: justify;\">79. L\u00f5put\u00f6\u00f6 kaitsmise tulemusi hindab komisjon. Komisjon on hindamisel otsustusv\u00f5imeline, kui osaleb \u00fcle poole komisjoni koosseisust. L\u00f5put\u00f6\u00f6de kaitsmise tulemused kinnitab kaitsmiskomisjoni esimees ja need tehakse teatavaks vahetult p\u00e4rast kaitsmisprotokolli vormistamist, kuid mitte hiljem kui \u00fche t\u00f6\u00f6p\u00e4eva jooksul p\u00e4rast kaitsmist.<\/p>\n<p style=\"text-align: justify;\">80. Positiivsele hindele kaitstud l\u00f5put\u00f6\u00f6d ning l\u00f5put\u00f6\u00f6de osaks olevad multimeediafailid avaldatakse elektroonselt ning \u00fclikool tagab nende s\u00e4ilivuse ja k\u00e4ttesaadavuse. Autor vastutab selle eest, et l\u00f5put\u00f6\u00f6 avaldamisega ei rikutaks teiste isikute intellektuaalse omandi \u00f5igusi, isikuandmete kaitse seadusest tulenevaid ega muid \u00f5igusaktidest tulenevaid n\u00f5udeid.<\/p>\n<p style=\"text-align: justify;\">81. L\u00f5put\u00f6\u00f6 avaldamiseks salvestatakse see \u00fclikooli raamatukogu digitaalarhiivi ning tehakse kolme kuu jooksul p\u00e4rast kaitsmist \u00fcldsusele elektroonselt k\u00e4ttesaadavaks. Kui l\u00f5put\u00f6\u00f6 elektroonne avaldamine ei ole teistele isikutele kuuluvate autori varaliste \u00f5iguste, isikuandmete kaitse seaduse, riigi- v\u00f5i \u00e4risaladuse v\u00f5i muu salastatud teabe t\u00f5ttu v\u00f5imalik, esitab autor \u00f5ppeprodekaanile enne l\u00f5put\u00f6\u00f6 kaitsmisele esitamist p\u00f5hjendatud taotluse l\u00f5put\u00f6\u00f6 avaldamisele piirangute kehtestamiseks. \u00d5ppeprodekaan kehtestab korraldusega piirangud kuni viieks aastaks. Kui l\u00f5put\u00f6\u00f6 avaldamisele on seatud t\u00e4htajaline piirang, avaldatakse l\u00f5put\u00f6\u00f6 digitaalarhiivis p\u00e4rast piirangu l\u00f5ppemist.<\/p>\n<p style=\"text-align: justify;\">82. L\u00f5put\u00f6\u00f6 kaitsmisel negatiivsele hindele on v\u00f5imalik \u00fcks korduskaitsmine valdkonna n\u00f5ukogu kehtestatud korras. L\u00f5put\u00f6\u00f6 korduskaitsmiseks n\u00f5uab komisjon \u00fcli\u00f5pilaselt olemasoleva t\u00f6\u00f6 t\u00e4iendamist v\u00f5i uuel teemal t\u00f6\u00f6 kirjutamist. Sama l\u00f5put\u00f6\u00f6 korduskaitsmise \u00f5igust ei ole juhul, kui l\u00f5put\u00f6\u00f6 on hinnatud negatiivse hindega akadeemilise petturluse t\u00f5ttu. L\u00f5put\u00f6\u00f6 kaitsmisele mitteilmumisele kohalduvad hindamisele mitteilmumise s\u00e4tted.<\/p>\n","protected":false},"excerpt":{"rendered":"<p>IV.5. L\u00f5put\u00f6\u00f6 kaitsmine 72. L\u00f5put\u00f6\u00f6 kaitsmisele lubamise eeldus on \u00f5ppekava k\u00f5igi \u00fclej\u00e4\u00e4nud \u00f5ppeainete l\u00e4bimine. 73. Kui \u00f5ppekava l\u00e4bimise tingimus on l\u00f5put\u00f6\u00f6 kaitsmine, valib \u00fcli\u00f5pilane juhendaja(d) ning koosk\u00f5lastatult juhendaja(te)ga t\u00f6\u00f6 teema. Kui kaitstakse magistrit\u00f6\u00f6d, sisestab \u00f5ppekava haldava valdkonna dekaani v\u00f5i instituudi &#8230;<\/p>\n","protected":false},"author":228,"featured_media":0,"parent":0,"menu_order":0,"comment_status":"closed","ping_status":"closed","template":"","meta":{"_acf_changed":false,"inline_featured_image":false,"footnotes":""},"class_list":["post-20","page","type-page","status-publish","hentry"],"acf":[],"_links":{"self":[{"href":"https:\/\/sisu.ut.ee\/ope\/wp-json\/wp\/v2\/pages\/20","targetHints":{"allow":["GET"]}}],"collection":[{"href":"https:\/\/sisu.ut.ee\/ope\/wp-json\/wp\/v2\/pages"}],"about":[{"href":"https:\/\/sisu.ut.ee\/ope\/wp-json\/wp\/v2\/types\/page"}],"author":[{"embeddable":true,"href":"https:\/\/sisu.ut.ee\/ope\/wp-json\/wp\/v2\/users\/228"}],"replies":[{"embeddable":true,"href":"https:\/\/sisu.ut.ee\/ope\/wp-json\/wp\/v2\/comments?post=20"}],"version-history":[{"count":2,"href":"https:\/\/sisu.ut.ee\/ope\/wp-json\/wp\/v2\/pages\/20\/revisions"}],"predecessor-version":[{"id":1753,"href":"https:\/\/sisu.ut.ee\/ope\/wp-json\/wp\/v2\/pages\/20\/revisions\/1753"}],"wp:attachment":[{"href":"https:\/\/sisu.ut.ee\/ope\/wp-json\/wp\/v2\/media?parent=20"}],"curies":[{"name":"wp","href":"https:\/\/api.w.org\/{rel}","templated":true}]}}