{"id":18,"date":"2024-04-04T07:15:50","date_gmt":"2024-04-04T04:15:50","guid":{"rendered":"https:\/\/sisu.ut.ee\/ope\/hindamiskorraldus\/"},"modified":"2024-04-04T07:17:34","modified_gmt":"2024-04-04T04:17:34","slug":"hindamiskorraldus","status":"publish","type":"page","link":"https:\/\/sisu.ut.ee\/ope\/hindamiskorraldus\/","title":{"rendered":"IV.2. Hindamiskorraldus"},"content":{"rendered":"<p style=\"text-align: justify\">\n\t<br><strong>IV.2. Hindamiskorraldus<\/strong><\/p>\n<p>47. Hindamiskorralduses l\u00e4htutakse heast tavast, et hindamine on \u00f5iglane, erapooletu ja \u00f5ppimist toetav.\n<\/p>\n<p style=\"text-align: justify\">\n\t48. \u00d5piv\u00e4ljundite hindamine \u00f5ppeaines v\u00f5ib olla korraldatud l\u00f5pphindamise (eksam v\u00f5i arvestus), pidevhindamise v\u00f5i kombineeritud hindamisena. Pidevhindamisel kujuneb l\u00f5pphinne vahehindamiste tulemuste alusel. Kombineeritud hindamisel eelneb l\u00f5pphindamisele \u00fcks v\u00f5i mitu hindelist v\u00f5i arvestuslikku vahehindamist.\n<\/p>\n<p style=\"text-align: justify\">\n\t49. \u00dcli\u00f5pilasel on \u00f5igus hindamisele, kui ta on registreerunud \u00f5ppeainesse ja t\u00e4itnud k\u00f5ik \u00f5ppeaines selleks ette n\u00e4htud eeldused. Hindamisele p\u00e4\u00e4semise eelduste j\u00e4reletegemise v\u00f5imaldamise otsustab vastutav \u00f5ppej\u00f5ud ja m\u00e4rgib selle \u00f5ppeaines punkti 50 kohaselt.\n<\/p>\n<p style=\"text-align: justify\">\n\t50. L\u00f5pphindamiseks on \u00fcli\u00f5pilasel v\u00f5imalik l\u00e4bida \u00f5ppeaine toimumise semestril \u00fcks korraline hindamine ja korralise hindamise negatiivse tulemuse korral \u00fcks kordushindamine (kursuses\u00fcsteemis kohustuslike ainete korral kaks kordushindamist). Pidevhindamisel ei ole kohustust v\u00f5imaldada vahehindamist j\u00e4rele teha, kui see ei ole pidevhindamise olemust arvestades m\u00f5istlikult oodatav ja kui see ei riku punktis 47 s\u00e4testatut. Kombineeritud hindamise korral l\u00e4htutakse l\u00f5pphindamise ja pidevhindamise kohta s\u00e4testatust, arvestades kombineeritud hindamise olemust konkreetses \u00f5ppeaines.\n<\/p>\n<p style=\"text-align: justify\">\n\t51. L\u00f5pphindamiseks on \u00fcli\u00f5pilasel v\u00f5imalik valida \u00f5ppeaine toimumise semestril v\u00e4hemalt kahe korralise hindamisaja vahel, mis planeeritakse eraldi p\u00e4evadele. \u00dcli\u00f5pilane teeb selle valiku \u00f5ppeinfos\u00fcsteemis hiljemalt neljandal p\u00e4eval enne hindamist. P\u00f5hjendatud juhtudel v\u00f5ib aines ette n\u00e4ha \u00fche korralise l\u00f5pphindamise aja. Kordushindamisele registreerimine ja registreeringu t\u00fchistamise \u00f5igus l\u00f5peb \u00fcle-eelmisel p\u00e4eval enne kordushindamist.\n<\/p>\n<p style=\"text-align: justify\">\n\t52. Positiivse l\u00f5pphinde parandamine ei ole lubatud. V\u00d5TA-ga l\u00e4bitud \u00f5ppeaine uut hindamist ei saa taotleda.\n<\/p>\n<p style=\"text-align: justify\">\n\t53. Kordushindamine peab toimuma enne j\u00e4rgmise semestri algust. Seda t\u00e4htaega v\u00f5ib \u00f5ppeainet korraldava valdkonna \u00f5ppeprodekaan pikendada kuni kahe n\u00e4dala v\u00f5rra, kui kordushindamist takistasid m\u00f5juvad p\u00f5hjused. Selleks esitab \u00fcli\u00f5pilane hiljemalt semestri alguseks \u00f5ppeprodekaanile p\u00f5hjendatud avalduse \u00f5ppeaine vastutava \u00f5ppej\u00f5u n\u00f5usolekuga.\n<\/p>\n<p style=\"text-align: justify\">\n\t54. \u00dcli\u00f5pilasel on \u00f5igus\n<\/p>\n<p style=\"text-align: justify;margin-left: 40px\">\n\t54.1. kasutada hindamisel ainult \u00f5ppej\u00f5u lubatud abivahendeid ja -materjale;\n<\/p>\n<p style=\"text-align: justify;margin-left: 40px\">\n\t54.2. tutvuda oma kirjaliku t\u00f6\u00f6ga ja saada \u00f5ppej\u00f5ult oma hinnatud t\u00f6\u00f6 kohta tagasisidet viie t\u00f6\u00f6p\u00e4eva jooksul alates hindamistulemuste teatavakstegemisest;\n<\/p>\n<p style=\"text-align: justify;margin-left: 40px\">\n\t54.3. esitada \u00f5ppeprodekaanile p\u00f5hjendatud taotlus moodustada hindamiseks komisjon. \u00d5ppeprodekaanil on kohustus moodustada \u00fcli\u00f5pilase p\u00f5hjendatud taotluse alusel samas \u00f5ppeaines neljandaks (kursuses\u00fcsteemis kolmandaks) hindamiskorraks kolmeliikmeline komisjon.\n<\/p>\n<p style=\"text-align: justify\">\n\t55. \u00dclikoolil on \u00f5igus\n<\/p>\n<p style=\"text-align: justify;margin-left: 40px\">\n\t55.1. kontrollida \u00fcli\u00f5pilaste kirjalikke t\u00f6id plagiaadituvastuss\u00fcsteemi abil ja selleks lisada need plagiaadituvastuss\u00fcsteemi andmebaasi;\n<\/p>\n<p style=\"text-align: justify;margin-left: 40px\">\n\t55.2. j\u00e4lgida hindamist \u00fclikooli hallatavate elektroonsete j\u00e4lgimisvahenditega. Kui elektroonne j\u00e4lgimine h\u00f5lmab pildi v\u00f5i heli salvestamist, h\u00e4vitatakse salvestised hiljemalt j\u00e4rgmise semestri alguseks.\n<\/p>\n<p style=\"text-align: justify\">\n\t56. Kui \u00f5ppeainet l\u00e4bib \u00fcli\u00f5pilane, kes on \u00f5ppej\u00f5uga seotud isik, on \u00f5ppej\u00f5ul \u00f5igus ennast selle \u00fcli\u00f5pilase hindamisest taandada. Sellisel juhul m\u00e4\u00e4rab \u00f5ppeprodekaan hindajaks teise \u00f5ppej\u00f5u v\u00f5i moodustab selle \u00fcli\u00f5pilase hindamiseks kolmeliikmelise komisjoni.\n<\/p>\n<p style=\"text-align: justify\">\n\t57. \u00dcli\u00f5pilase hindamisele lubamiseks on hindamise korraldajal \u00f5igus n\u00f5uda \u00fcli\u00f5pilaselt isikut t\u00f5endava dokumendi esitamist.<\/p>\n","protected":false},"excerpt":{"rendered":"<p>IV.2. Hindamiskorraldus 47. Hindamiskorralduses l\u00e4htutakse heast tavast, et hindamine on \u00f5iglane, erapooletu ja \u00f5ppimist toetav. 48. \u00d5piv\u00e4ljundite hindamine \u00f5ppeaines v\u00f5ib olla korraldatud l\u00f5pphindamise (eksam v\u00f5i arvestus), pidevhindamise v\u00f5i kombineeritud hindamisena. Pidevhindamisel kujuneb l\u00f5pphinne vahehindamiste tulemuste alusel. Kombineeritud hindamisel eelneb l\u00f5pphindamisele &#8230;<\/p>\n","protected":false},"author":228,"featured_media":0,"parent":0,"menu_order":0,"comment_status":"closed","ping_status":"closed","template":"","meta":{"_acf_changed":false,"inline_featured_image":false,"footnotes":""},"class_list":["post-18","page","type-page","status-publish","hentry"],"acf":[],"_links":{"self":[{"href":"https:\/\/sisu.ut.ee\/ope\/wp-json\/wp\/v2\/pages\/18","targetHints":{"allow":["GET"]}}],"collection":[{"href":"https:\/\/sisu.ut.ee\/ope\/wp-json\/wp\/v2\/pages"}],"about":[{"href":"https:\/\/sisu.ut.ee\/ope\/wp-json\/wp\/v2\/types\/page"}],"author":[{"embeddable":true,"href":"https:\/\/sisu.ut.ee\/ope\/wp-json\/wp\/v2\/users\/228"}],"replies":[{"embeddable":true,"href":"https:\/\/sisu.ut.ee\/ope\/wp-json\/wp\/v2\/comments?post=18"}],"version-history":[{"count":1,"href":"https:\/\/sisu.ut.ee\/ope\/wp-json\/wp\/v2\/pages\/18\/revisions"}],"predecessor-version":[{"id":724,"href":"https:\/\/sisu.ut.ee\/ope\/wp-json\/wp\/v2\/pages\/18\/revisions\/724"}],"wp:attachment":[{"href":"https:\/\/sisu.ut.ee\/ope\/wp-json\/wp\/v2\/media?parent=18"}],"curies":[{"name":"wp","href":"https:\/\/api.w.org\/{rel}","templated":true}]}}