{"id":1667,"date":"2024-05-09T13:54:00","date_gmt":"2024-05-09T10:54:00","guid":{"rendered":"https:\/\/sisu.ut.ee\/ope\/?page_id=1667"},"modified":"2025-05-19T16:32:32","modified_gmt":"2025-05-19T13:32:32","slug":"iii-5-doktoritoo-lubamine-kaitsmisele","status":"publish","type":"page","link":"https:\/\/sisu.ut.ee\/ope\/iii-5-doktoritoo-lubamine-kaitsmisele\/","title":{"rendered":"III.5. Doktorit\u00f6\u00f6 lubamine kaitsmisele"},"content":{"rendered":"<p><\/p>\n\n\n\n<p class=\"has-extra-large-font-size\"><strong>III.5.1. Doktorikraadi taotleja esitatavad dokumendid<\/strong><\/p>\n\n\n\n<p><strong><br><a><\/a>122.<\/strong> Doktorikraadi taotleja esitab n\u00f5ukogule doktorit\u00f6\u00f6 kaitsmisele lubamiseks elektroonselt v\u00f5i elektroonse originaaldokumendi puudumisel paberil j\u00e4rgmised dokumendid:<\/p>\n\n\n<p style=\"padding-left: 40px;\"><strong>122.1.<\/strong> doktorit\u00f6\u00f6 kaitsmisele lubamise avaldus, milles on m\u00e4rgitud taotletava doktorikraadi t\u00e4pne nimetus;<br><strong>122.2.<\/strong> doktorit\u00f6\u00f6, mis vastab \u00fclikooli <a href=\"https:\/\/tyk.ee\/et\/nouded-kasikirjadele\" target=\"_blank\" rel=\"noopener\">kirjastuse tehnilistele n\u00f5uetele<\/a> k\u00e4sikirjade kohta ja eeskirja <a href=\"https:\/\/sisu.ut.ee\/ope\/doktoritoo-ulesehitus\/#121\" target=\"_blank\" rel=\"noopener\">punktile 121<\/a>,\u00a0 publikatsioonide tekstid ning veel ilmumata publikatsiooni kohta <a href=\"https:\/\/sisu.ut.ee\/ope\/teaduspublikatsioonide-ja-katuspeatuki-nouded\/#:~:text=klassifikatsioon%202.1).-,117.,-Avaldamiseks%20vastu%20v%C3%B5etud\" target=\"_blank\" rel=\"noopener\">punktis 117<\/a> nimetatud ametliku kinnituse publikatsiooni avaldamiseks vastuv\u00f5tmise kohta;<br><strong>122.3.<\/strong> juhendaja(te) kirjalik(ud) hinnang(ud) doktorit\u00f6\u00f6 originaalsuse, doktorikraadi taotleja panuse ning doktorit\u00f6\u00f6 sisulistele ja vormistuslikele n\u00f5uetele vastavuse kohta;<br><strong>122.4.<\/strong> eesti- ja ingliskeelne populaarteadusliku eesm\u00e4rgiga koostatud ja laiale lugejaskonnale m\u00f5eldud doktorit\u00f6\u00f6 l\u00fchikokkuv\u00f5te (kuni 2000 t\u00e4hem\u00e4rki).<\/p>\n\n\n\n<p><\/p><div class=\"accordion mb-3\">\n        <div class=\"accordion-item accordion-item--white\">\n        <h2 class=\"accordion-header\" id=\"accordion-69d5a90f4be95-heading\">\n            <button class=\"accordion-button collapsed\" type=\"button\" data-bs-toggle=\"collapse\" data-bs-target=\"#accordion-69d5a90f4be95-collapse\" aria-expanded=\"true\" aria-controls=\"accordion-69d5a90f4be95-collapse\">Juhendid<\/button>\n        <\/h2>\n        <div id=\"accordion-69d5a90f4be95-collapse\" class=\"accordion-collapse collapse\" aria-labelledby=\"accordion-69d5a90f4be95-heading\">\n            <div class=\"accordion-body\"><strong>Populaarteadusliku artikli juhendid ja materjalid<\/strong>\n<ul>\n<li>Villu P\u00e4\u00e4rt on koostanud doktorantide populaarteaduslike artiklite konkursi tarbeks juhendi\u00a0<a href=\"https:\/\/sisu.ut.ee\/wp-content\/uploads\/sites\/500\/kuidas_teadusest_populaarses_vormis_kirjutada.pdf\" data-fid=\"66225\"><span style=\"color: #0099ff;\">\u201cKuidas teadusest populaarses vormis kirjutada?\u201d<\/span><\/a>\u00a0(<span class=\"file media-element file-os-files-link\" data-file_info=\"%7B%22fid%22:%2266226%22,%22view_mode%22:%22os_files_link%22,%22type%22:%22media%22%7D\"><img decoding=\"async\" class=\"file-icon\" src=\"\/profiles\/openscholar\/modules\/os\/modules\/os_files\/icons\/application-pdf.svg\" alt=\"\"> <a href=\"https:\/\/sisu.ut.ee\/wp-content\/uploads\/sites\/500\/kuidas_teadusest_populaarses_vormis_kirjutada_01.pdf\">PDF<\/a><\/span>)<\/li>\n<li>Populaarteadusliku artikli kirjutamise seminari\u00a0materjalid on j\u00e4relvaadatavad\u00a0<a href=\"http:\/\/www.uttv.ee\/naita?id=5532\" target=\"_blank\" rel=\"noopener\"><span style=\"color: #0099ff;\">UTTV<\/span><\/a>\u00a0vahendusel.<\/li>\n<li><a href=\"http:\/\/www.theguardian.com\/science\/series\/secrets-science-writing\"><span style=\"color: #0099ff;\">The Guardiani salanipid<\/span><\/a>\u00a0teadusest oivaliselt kirjutamiseks.<\/li>\n<li>The Guardiani teadusblogi\u00a0<a href=\"http:\/\/www.theguardian.com\/science\/blog\/2014\/oct\/10\/science-communicators-quantum-physics-granny\"><span style=\"color: #0099ff;\">\u201cScience communication: could you explain it to your granny?\u201d<\/span><\/a>.<\/li>\n<li>Kanada ajakirjanik Colin Schultzi juhtn\u00f6\u00f6rid\u00a0<a href=\"https:\/\/colinschultz.wordpress.com\/2010\/08\/03\/tips-for-young-science-journalists-a-crash-course-on-the-major-issues-in-the-field\/\"><span style=\"color: #0099ff;\">\u201cTips for young science journalists: A crash course on the major issues in the field\u201d<\/span><\/a><span style=\"color: #0099ff;\">.<\/span><span style=\"text-align: justify;\"><\/span><\/li><\/ul><\/div>\n        <\/div>\n        <\/div>\n    <\/div><br>\n\n\n\n<p><strong>123.<\/strong> P\u00e4rast kaitsmisele lubamist esitab doktorikraadi taotleja n\u00f5ukogule doktorit\u00f6\u00f6 elektroonselt ja juhul, kui see on ette n\u00e4htud valdkonna doktorikraadi andmise t\u00e4iendavates tingimustes, ka n\u00f5utava arvu pabereksemplare.<\/p>\n\n\n<p><\/p><div class=\"accordion mb-3\">\n        <div class=\"accordion-item accordion-item--white\">\n        <h2 class=\"accordion-header\" id=\"accordion-69d5a90f4bea1-heading\">\n            <button class=\"accordion-button collapsed\" type=\"button\" data-bs-toggle=\"collapse\" data-bs-target=\"#accordion-69d5a90f4bea1-collapse\" aria-expanded=\"true\" aria-controls=\"accordion-69d5a90f4bea1-collapse\">Juhendid<\/button>\n        <\/h2>\n        <div id=\"accordion-69d5a90f4bea1-collapse\" class=\"accordion-collapse collapse\" aria-labelledby=\"accordion-69d5a90f4bea1-heading\">\n            <div class=\"accordion-body\"><strong>Ajakulu ja toimingud p\u00e4rast avalduse esitamist\u00a0<\/strong>\n<p>Eeldatav ajakulu alates avalduse esitamisest kuni kraadi kaitsmiseni s\u00f5ltub eeskirjaga m\u00e4\u00e4ratud toimingutest, doktorit\u00f6\u00f6 iseloomust \u2013\u00a0sellest, kas tegemist on monograafia v\u00f5i teadupublikatsioonide kogumiga \u2013\u00a0n\u00f5ukogu sisemistest reeglitest ning valitud oponendi v\u00f5i oponentide ajakavast. Monograafia puhul on kohustuslik doktorit\u00f6\u00f6 rahvusvahelisel tasemel eelretsenseerimine kahe s\u00f5ltumatu vastava eriala tunnustatud teadlase poolt (<a title=\"\" href=\"https:\/\/sisu.ut.ee\/ope\/doktoritoo-monograafiana\/\" target=\"_blank\" rel=\"noopener\" data-url=\"https:\/\/sisu.ut.ee\/ope\/doktorit%C3%B6%C3%B6-monograafiana?lang=et\"><span style=\"color: #0099ff;\">D\u00d5E punkt 113<\/span><\/a>), seega v\u00f5ib kuluda kuu v\u00f5i paar, enne kui eelretsensentidelt hinnangud saab. Lisaks on kasutusel n\u00f5ukogu sisesed eelretsenseerimised ja osadel erialadel\u00a0eelkaitsmised. Vastavat infot saab oma instituudist v\u00f5i teaduskonnast.<\/p>\n<p>Ajakava planeerimise pidepunktid:<\/p>\n<ol>\n<li style=\"text-align: justify;\">n\u00f5ukogu esitab kolme\u00a0t\u00f6\u00f6p\u00e4eva jooksul avalduse saamisest materjalid akadeemilisele sekret\u00e4rile hinnangu saamiseks (<a title=\"\" href=\"https:\/\/sisu.ut.ee\/ope\/noukogu-otsused\/\" target=\"_blank\" rel=\"noopener\" data-url=\"https:\/\/sisu.ut.ee\/ope\/n%C3%B5ukogu-otsused?lang=et\"><span style=\"color: #0099ff;\">D\u00d5E punkt 124<\/span><\/a>);<\/li>\n<li style=\"text-align: justify;\">akadeemiline sekret\u00e4r vastab kirjalikult n\u00f5ukogule kaheksa t\u00f6\u00f6p\u00e4eva jooksul (<a title=\"\" href=\"https:\/\/sisu.ut.ee\/ope\/noukogu-otsused\/\" target=\"_blank\" rel=\"noopener\" data-url=\"https:\/\/sisu.ut.ee\/ope\/n%C3%B5ukogu-otsused?lang=et\"><span style=\"color: #0099ff;\">D\u00d5E punkt 124<\/span><\/a>);<\/li>\n<li style=\"text-align: justify;\">kuue n\u00e4dala jooksul alates avalduse saamisest v\u00f5tab n\u00f5ukogu vastu otsuse (<a title=\"\" href=\"https:\/\/sisu.ut.ee\/ope\/noukogu-otsused\/\" target=\"_blank\" rel=\"noopener\" data-url=\"https:\/\/sisu.ut.ee\/ope\/n%C3%B5ukogu-otsused?lang=et\"><span style=\"color: #0099ff;\">D\u00d5E punkt 125, vt ka punkt 126<\/span><\/a>);<\/li>\n<li style=\"text-align: justify;\">uuri eelnevalt, millal toimuvad regulaarsed n\u00f5ukogu istungid ning ajasta avalduse esitamine vastavalt;<\/li>\n<li style=\"text-align: justify;\">doktorit\u00f6\u00f6 peab olema \u00fclikooli raamatukogus tutvumiseks k\u00e4ttesaadav tr\u00fckitult ja \u00fclikooli raamatukogu veebilehel elektroonselt v\u00e4hemalt kaks n\u00e4dalat enne kaitsmist, v\u00e4lja\u00a0arvatud juhul, kui kaitsmine on kuulutatud kinniseks v\u00f5i doktorit\u00f6\u00f6 avaldamisele on seatud piirangud (<a title=\"\" href=\"https:\/\/sisu.ut.ee\/ope\/kaitsmisest-teavitamine-ja-doktoritoo-avalikustamine\/\" target=\"_blank\" rel=\"noopener\" data-url=\"https:\/\/sisu.ut.ee\/ope\/kaitsmisest-teavitamine-ja-doktorit%C3%B6%C3%B6-avalikustamine?lang=et\"><span style=\"color: #0099ff;\">D\u00d5E punkt 132<\/span><\/a>);<\/li>\n<li style=\"text-align: justify;\">autor esitab \u00fclikooli kirjastusele v\u00e4hemalt seitse n\u00e4dalat enne kaitsmise kuup\u00e4eva elektroonselt doktorit\u00f6\u00f6 k\u00e4sikirja ning populaarteadusliku eesm\u00e4rgiga koostatud ja laiale\u00a0lugejaskonnale m\u00f5eldud eesti- ja ingliskeelse l\u00fchikokkuv\u00f5tte (kuni 2000 t\u00e4hem\u00e4rki) ning publikatsioonide separaadid v\u00f5i PDF-vormingus failid (<a title=\"\" href=\"https:\/\/sisu.ut.ee\/ope\/doktoritoo-avaldamine\/#:~:text=valdkonnale%20omase%20kaanekujundusega.-,141.,-Autor%20esitab%20%C3%BClikooli\" target=\"_blank\" rel=\"noopener\" data-url=\"https:\/\/sisu.ut.ee\/ope\/doktorit%C3%B6%C3%B6-avaldamine?lang=et\"><span style=\"color: #0099ff;\">D\u00d5E punkt 141<\/span><\/a>);<\/li>\n<\/ol>\n<p style=\"text-align: justify;\">K\u00fcsi eelnevalt T\u00dc Kirjastuselt infot, kui pikad on j\u00e4rjekorrad ja kui kiiresti oleks v\u00f5imalik doktorit\u00f6\u00f6 tr\u00fckkida ning lepi nendega t\u00e4pne esitamisaeg kokku. Seitse n\u00e4dalat ei ole kohustuslik, kui kirjastusel on v\u00f5imalik tellimus kiiremini t\u00e4ita. Kohustuslik on n\u00f5ue, et doktorit\u00f6\u00f6 on k\u00e4ttesaadav kaks n\u00e4dalat enne kaitsmist.<\/p>\n<p style=\"text-align: justify;\">Kui tegemist on tervikliku teaduspublikatsioonide kogumiga, siis k\u00fcsi juba varakult artiklite avaldajalt luba artiklite avaldamiseks doktorit\u00f6\u00f6 tr\u00fcki- ja elektroonses versioonis (<a title=\"\" href=\"https:\/\/sisu.ut.ee\/ope\/doktoritoo-avaldamine\/\" target=\"_blank\" rel=\"noopener\" data-url=\"https:\/\/sisu.ut.ee\/ope\/doktorit%C3%B6%C3%B6-avaldamine?lang=et\"><span style=\"color: #0099ff;\">D\u00d5E III.6. Doktorit\u00f6\u00f6 avaldamine<\/span><\/a>)<\/p><\/div>\n        <\/div>\n        <\/div>\n    <\/div>\n","protected":false},"excerpt":{"rendered":"<p>III.5.1. Doktorikraadi taotleja esitatavad dokumendid 122. Doktorikraadi taotleja esitab n\u00f5ukogule doktorit\u00f6\u00f6 kaitsmisele lubamiseks elektroonselt v\u00f5i elektroonse originaaldokumendi puudumisel paberil j\u00e4rgmised dokumendid: 122.1. doktorit\u00f6\u00f6 kaitsmisele lubamise avaldus, milles on m\u00e4rgitud taotletava doktorikraadi t\u00e4pne nimetus;122.2. doktorit\u00f6\u00f6, mis vastab \u00fclikooli kirjastuse tehnilistele n\u00f5uetele &#8230;<\/p>\n","protected":false},"author":346,"featured_media":0,"parent":0,"menu_order":0,"comment_status":"closed","ping_status":"closed","template":"","meta":{"_acf_changed":false,"inline_featured_image":false,"footnotes":""},"class_list":["post-1667","page","type-page","status-publish","hentry"],"acf":[],"_links":{"self":[{"href":"https:\/\/sisu.ut.ee\/ope\/wp-json\/wp\/v2\/pages\/1667","targetHints":{"allow":["GET"]}}],"collection":[{"href":"https:\/\/sisu.ut.ee\/ope\/wp-json\/wp\/v2\/pages"}],"about":[{"href":"https:\/\/sisu.ut.ee\/ope\/wp-json\/wp\/v2\/types\/page"}],"author":[{"embeddable":true,"href":"https:\/\/sisu.ut.ee\/ope\/wp-json\/wp\/v2\/users\/346"}],"replies":[{"embeddable":true,"href":"https:\/\/sisu.ut.ee\/ope\/wp-json\/wp\/v2\/comments?post=1667"}],"version-history":[{"count":2,"href":"https:\/\/sisu.ut.ee\/ope\/wp-json\/wp\/v2\/pages\/1667\/revisions"}],"predecessor-version":[{"id":1888,"href":"https:\/\/sisu.ut.ee\/ope\/wp-json\/wp\/v2\/pages\/1667\/revisions\/1888"}],"wp:attachment":[{"href":"https:\/\/sisu.ut.ee\/ope\/wp-json\/wp\/v2\/media?parent=1667"}],"curies":[{"name":"wp","href":"https:\/\/api.w.org\/{rel}","templated":true}]}}