{"id":1664,"date":"2024-05-09T13:30:02","date_gmt":"2024-05-09T10:30:02","guid":{"rendered":"https:\/\/sisu.ut.ee\/ope\/?page_id=1664"},"modified":"2024-05-09T13:30:03","modified_gmt":"2024-05-09T10:30:03","slug":"iii-4-doktoritoo-nouded","status":"publish","type":"page","link":"https:\/\/sisu.ut.ee\/ope\/iii-4-doktoritoo-nouded\/","title":{"rendered":"III.4 Doktorit\u00f6\u00f6 n\u00f5uded"},"content":{"rendered":"<p><\/p>\n\n\n\n<p class=\"has-extra-large-font-size\"><strong>III.4.1. Doktorit\u00f6\u00f6 \u00fcldised n\u00f5uded<\/strong><\/p>\n\n\n\n<p><strong>104.\u00a0<\/strong>Doktorit\u00f6\u00f6 on iseseisev uurimus, milles on esitatud konkreetse teadusliku probleemi argumenteeritud originaalne lahendus ja mille tulemused on avaldatud rahvusvahelise levikuga erialastes v\u00e4ljaannetes.<\/p>\n\n\n\n<p><strong>105.\u00a0<\/strong>Doktorit\u00f6\u00f6 v\u00f5ib vormistada tervikliku teaduspublikatsioonide kogumina v\u00f5i monograafiana.<\/p>\n\n\n\n<p><strong>106.\u00a0<\/strong>Doktorit\u00f6\u00f6 avaldatakse \u00fclikooli v\u00e4ljaannete seerias \u201eDissertationes \u2026 Universitatis Tartuensis\u201c.<\/p>\n","protected":false},"excerpt":{"rendered":"<p>III.4.1. Doktorit\u00f6\u00f6 \u00fcldised n\u00f5uded 104.\u00a0Doktorit\u00f6\u00f6 on iseseisev uurimus, milles on esitatud konkreetse teadusliku probleemi argumenteeritud originaalne lahendus ja mille tulemused on avaldatud rahvusvahelise levikuga erialastes v\u00e4ljaannetes. 105.\u00a0Doktorit\u00f6\u00f6 v\u00f5ib vormistada tervikliku teaduspublikatsioonide kogumina v\u00f5i monograafiana. 106.\u00a0Doktorit\u00f6\u00f6 avaldatakse \u00fclikooli v\u00e4ljaannete seerias \u201eDissertationes &#8230;<\/p>\n","protected":false},"author":346,"featured_media":0,"parent":0,"menu_order":0,"comment_status":"closed","ping_status":"closed","template":"","meta":{"_acf_changed":false,"inline_featured_image":false,"footnotes":""},"class_list":["post-1664","page","type-page","status-publish","hentry"],"acf":[],"_links":{"self":[{"href":"https:\/\/sisu.ut.ee\/ope\/wp-json\/wp\/v2\/pages\/1664","targetHints":{"allow":["GET"]}}],"collection":[{"href":"https:\/\/sisu.ut.ee\/ope\/wp-json\/wp\/v2\/pages"}],"about":[{"href":"https:\/\/sisu.ut.ee\/ope\/wp-json\/wp\/v2\/types\/page"}],"author":[{"embeddable":true,"href":"https:\/\/sisu.ut.ee\/ope\/wp-json\/wp\/v2\/users\/346"}],"replies":[{"embeddable":true,"href":"https:\/\/sisu.ut.ee\/ope\/wp-json\/wp\/v2\/comments?post=1664"}],"version-history":[{"count":1,"href":"https:\/\/sisu.ut.ee\/ope\/wp-json\/wp\/v2\/pages\/1664\/revisions"}],"predecessor-version":[{"id":1665,"href":"https:\/\/sisu.ut.ee\/ope\/wp-json\/wp\/v2\/pages\/1664\/revisions\/1665"}],"wp:attachment":[{"href":"https:\/\/sisu.ut.ee\/ope\/wp-json\/wp\/v2\/media?parent=1664"}],"curies":[{"name":"wp","href":"https:\/\/api.w.org\/{rel}","templated":true}]}}