{"id":1661,"date":"2024-05-09T13:23:34","date_gmt":"2024-05-09T10:23:34","guid":{"rendered":"https:\/\/sisu.ut.ee\/ope\/?page_id=1661"},"modified":"2024-05-09T13:23:35","modified_gmt":"2024-05-09T10:23:35","slug":"doktorikraadi-taotlemine","status":"publish","type":"page","link":"https:\/\/sisu.ut.ee\/ope\/doktorikraadi-taotlemine\/","title":{"rendered":"Doktorikraadi taotlemine"},"content":{"rendered":"<p><\/p>\n\n\n\n<p class=\"has-extra-large-font-size\"><strong>III.1. Doktori\u00f5ppe programmi t\u00e4itmine<\/strong><\/p>\n\n\n\n<p><strong>91.<\/strong>\u00a0Doktorant loetakse \u00f5ppe l\u00f5petanuks ja ta eksmatrikuleeritakse, kui ta on doktori\u00f5ppe programmi t\u00e4ies mahus t\u00e4itnud.<\/p>\n\n\n\n<p><strong>92.<\/strong>\u00a0Doktori\u00f5ppe programmi t\u00e4itnule antakse doktorikraadi t\u00f5endav diplom, akadeemiline \u00f5iend ja ingliskeelne akadeemiline \u00f5iend (<em>diploma supplement<\/em>). Diplomi v\u00e4ljaandmise aluseks on doktorikraadi andva n\u00f5ukogu otsus.<\/p>\n\n\n\n<p><strong>93.<\/strong>\u00a0Doktori\u00f5ppe programmi t\u00e4itnule antava teaduskraadi nimetus on filosoofiadoktor (inglise keeles\u00a0<em>Doctor of Philosophy<\/em>, l\u00fchend PhD). Nimetusele lisatakse sulgudes \u00f5ppekava nimetus v\u00f5i doktori\u00f5ppe programmi eriala nimetus.<\/p>\n","protected":false},"excerpt":{"rendered":"<p>III.1. Doktori\u00f5ppe programmi t\u00e4itmine 91.\u00a0Doktorant loetakse \u00f5ppe l\u00f5petanuks ja ta eksmatrikuleeritakse, kui ta on doktori\u00f5ppe programmi t\u00e4ies mahus t\u00e4itnud. 92.\u00a0Doktori\u00f5ppe programmi t\u00e4itnule antakse doktorikraadi t\u00f5endav diplom, akadeemiline \u00f5iend ja ingliskeelne akadeemiline \u00f5iend (diploma supplement). Diplomi v\u00e4ljaandmise aluseks on doktorikraadi andva &#8230;<\/p>\n","protected":false},"author":346,"featured_media":0,"parent":0,"menu_order":0,"comment_status":"closed","ping_status":"closed","template":"","meta":{"_acf_changed":false,"inline_featured_image":false,"footnotes":""},"class_list":["post-1661","page","type-page","status-publish","hentry"],"acf":[],"_links":{"self":[{"href":"https:\/\/sisu.ut.ee\/ope\/wp-json\/wp\/v2\/pages\/1661","targetHints":{"allow":["GET"]}}],"collection":[{"href":"https:\/\/sisu.ut.ee\/ope\/wp-json\/wp\/v2\/pages"}],"about":[{"href":"https:\/\/sisu.ut.ee\/ope\/wp-json\/wp\/v2\/types\/page"}],"author":[{"embeddable":true,"href":"https:\/\/sisu.ut.ee\/ope\/wp-json\/wp\/v2\/users\/346"}],"replies":[{"embeddable":true,"href":"https:\/\/sisu.ut.ee\/ope\/wp-json\/wp\/v2\/comments?post=1661"}],"version-history":[{"count":1,"href":"https:\/\/sisu.ut.ee\/ope\/wp-json\/wp\/v2\/pages\/1661\/revisions"}],"predecessor-version":[{"id":1662,"href":"https:\/\/sisu.ut.ee\/ope\/wp-json\/wp\/v2\/pages\/1661\/revisions\/1662"}],"wp:attachment":[{"href":"https:\/\/sisu.ut.ee\/ope\/wp-json\/wp\/v2\/media?parent=1661"}],"curies":[{"name":"wp","href":"https:\/\/api.w.org\/{rel}","templated":true}]}}