{"id":16,"date":"2024-04-04T07:15:50","date_gmt":"2024-04-04T04:15:50","guid":{"rendered":"https:\/\/sisu.ut.ee\/ope\/hindamine\/"},"modified":"2024-04-04T07:17:33","modified_gmt":"2024-04-04T04:17:33","slug":"hindamine","status":"publish","type":"page","link":"https:\/\/sisu.ut.ee\/ope\/hindamine\/","title":{"rendered":"IV.1. \u00d5piv\u00e4ljundite hindamise skaalad"},"content":{"rendered":"<p style=\"text-align: justify\">\n\t<br><strong>IV.1. \u00d5piv\u00e4ljundite hindamise skaalad<\/strong><\/p>\n<p>44. \u00d5piv\u00e4ljundite hindamine v\u00f5ib olla eristav (hinded A, B, C, D, E, F) ja eristamata (hinded \u201earvestatud\u201c ja \u201emittearvestatud\u201c). L\u00f5put\u00f6\u00f6d hinnatakse eristavalt.\n<\/p>\n<p style=\"text-align: justify\">\n\t45. \u00d5ppeaine loetakse l\u00e4bituks p\u00e4rast \u00f5piv\u00e4ljundite hindamisel positiivse tulemuse saamist. Positiivsed tulemused on hinded A, B, C, D, E ning \u201earvestatud\u201c ning negatiivsed tulemused on F, \u201emittearvestatud\u201c ja \u201emitteilmunud\u201c.\n<\/p>\n<p style=\"text-align: justify\">\n\t46. Keskmise hinde arvutamisel arvestatakse t\u00e4hed numbriteks j\u00e4rgmiselt: A = 5, B = 4, C = 3, D = 2, E = 1, F = 0, eristavale hindamisele m\u00f5juva p\u00f5hjuseta mitteilmunud = 0.<\/p>\n","protected":false},"excerpt":{"rendered":"<p>IV.1. \u00d5piv\u00e4ljundite hindamise skaalad 44. \u00d5piv\u00e4ljundite hindamine v\u00f5ib olla eristav (hinded A, B, C, D, E, F) ja eristamata (hinded \u201earvestatud\u201c ja \u201emittearvestatud\u201c). L\u00f5put\u00f6\u00f6d hinnatakse eristavalt. 45. \u00d5ppeaine loetakse l\u00e4bituks p\u00e4rast \u00f5piv\u00e4ljundite hindamisel positiivse tulemuse saamist. Positiivsed tulemused on hinded &#8230;<\/p>\n","protected":false},"author":228,"featured_media":0,"parent":0,"menu_order":0,"comment_status":"closed","ping_status":"closed","template":"","meta":{"_acf_changed":false,"inline_featured_image":false,"footnotes":""},"class_list":["post-16","page","type-page","status-publish","hentry"],"acf":[],"_links":{"self":[{"href":"https:\/\/sisu.ut.ee\/ope\/wp-json\/wp\/v2\/pages\/16","targetHints":{"allow":["GET"]}}],"collection":[{"href":"https:\/\/sisu.ut.ee\/ope\/wp-json\/wp\/v2\/pages"}],"about":[{"href":"https:\/\/sisu.ut.ee\/ope\/wp-json\/wp\/v2\/types\/page"}],"author":[{"embeddable":true,"href":"https:\/\/sisu.ut.ee\/ope\/wp-json\/wp\/v2\/users\/228"}],"replies":[{"embeddable":true,"href":"https:\/\/sisu.ut.ee\/ope\/wp-json\/wp\/v2\/comments?post=16"}],"version-history":[{"count":1,"href":"https:\/\/sisu.ut.ee\/ope\/wp-json\/wp\/v2\/pages\/16\/revisions"}],"predecessor-version":[{"id":722,"href":"https:\/\/sisu.ut.ee\/ope\/wp-json\/wp\/v2\/pages\/16\/revisions\/722"}],"wp:attachment":[{"href":"https:\/\/sisu.ut.ee\/ope\/wp-json\/wp\/v2\/media?parent=16"}],"curies":[{"name":"wp","href":"https:\/\/api.w.org\/{rel}","templated":true}]}}