{"id":15,"date":"2024-04-04T07:15:50","date_gmt":"2024-04-04T04:15:50","guid":{"rendered":"https:\/\/sisu.ut.ee\/ope\/oppekoormus\/"},"modified":"2024-04-04T07:17:33","modified_gmt":"2024-04-04T04:17:33","slug":"oppekoormus","status":"publish","type":"page","link":"https:\/\/sisu.ut.ee\/ope\/oppekoormus\/","title":{"rendered":"III.2. \u00d5ppekoormus"},"content":{"rendered":"<p style=\"text-align: justify\">\n\t<br><strong>III.2. \u00d5ppekoormus<\/strong><\/p>\n<p>39. \u00dcli\u00f5pilane osaleb \u00f5ppet\u00f6\u00f6s t\u00e4is- v\u00f5i osakoormusega.\n<\/p>\n<p style=\"text-align: justify;margin-left: 40px\">\n\t39.1. T\u00e4iskoormusega \u00f5ppes t\u00e4idab \u00fcli\u00f5pilane iga nominaalse \u00f5ppeaasta l\u00f5puks \u00f5ppekava t\u00e4itmise nominaalmahust v\u00e4hemalt 75%. Kursuses\u00fcsteemi alusel<br>\u00f5ppides t\u00e4idab \u00fcli\u00f5pilane iga \u00f5ppeaasta l\u00f5puks kursuse kohustuslike \u00f5ppeainete mahust 100%.\n<\/p>\n<p style=\"text-align: justify;margin-left: 40px\">\n\t39.2. Osakoormusega \u00f5ppes t\u00e4idab \u00fcli\u00f5pilane iga nominaalse \u00f5ppeaasta l\u00f5puks \u00f5ppekava t\u00e4itmise nominaalmahust v\u00e4hemalt 50%, kuid v\u00e4hem kui 75%.\n<\/p>\n<p style=\"text-align: justify\">\n\t<a id=\"#40\" name=\"#40\"><\/a>40. \u00d5ppekava t\u00e4itmist oppekoormusega etten\u00e4htud mahus hinnatakse valdkonnas \u00fcli\u00f5pilase \u00fche nominaalse \u00f5ppeaasta (kahe \u00f5pitud semestri) m\u00f6\u00f6dumisel \u00fcli\u00f5pilase immatrikuleerimisest v\u00f5i viimasest \u00fcleviimisest. Aluseks v\u00f5etakse semestri algusele eelneva p\u00e4eva seis. \u00dcli\u00f5pilane arvatakse semestri alguse kuup\u00e4evast sama \u00f5ppekava j\u00e4rgmise aasta \u00fcli\u00f5pilaseks. Kui kursuses\u00fcsteemis \u00f5ppiva \u00fcli\u00f5pilase kordushindamise t\u00e4htaega on punkti 53 kohaselt pikendatud, hinnatakse \u00f5ppekava t\u00e4itmist p\u00e4rast nimetatud t\u00e4htaja m\u00f6\u00f6dumist. Koormuse arvestamise aluseks on \u00f5ppekava t\u00e4itmisel, sealhulgas V\u00d5TA-ga l\u00e4bitud \u00f5ppeainete maht ainepunktides.\n<\/p>\n<p style=\"text-align: justify\">\n\t41. Aines\u00fcsteemi alusel t\u00e4iskoormusega \u00f5ppides tuleb \u00fcli\u00f5pilasel teise semestri alguseks t\u00e4ita \u00f5ppekava v\u00e4hemalt 15 EAP mahus. V\u00e4lisk\u00f5rgkooli \u00f5ppijaks arvatud \u00fcli\u00f5pilane peab minimaalse mahu t\u00e4itma punktis 125 kehtestatud t\u00e4htajaks.\n<\/p>\n<p style=\"text-align: justify\">\n\t<a id=\"#42\" name=\"#42\"><\/a>42. Aines\u00fcsteemi alusel \u00f5ppiv \u00fcli\u00f5pilane arvatakse oma \u00f5ppekava j\u00e4rgmise aasta \u00fcli\u00f5pilaseks\n<\/p>\n<p style=\"text-align: justify;margin-left: 40px\">\n\t42.1. t\u00e4iskoormusega \u00f5ppesse, kui tema kogutud ainepunktide summa moodustab v\u00e4hemalt 75% selle \u00f5ppekava j\u00e4rgi, mille alusel ta immatrikuleeriti, t\u00e4itmisele kuuluvast nominaalmahust;\n<\/p>\n<p style=\"text-align: justify;margin-left: 40px\">\n\t42.2. osakoormusega \u00f5ppesse, kui tema kogutud ainepunktide summa moodustab v\u00e4hem kui 75%, kuid rohkem kui 50% selle \u00f5ppekava j\u00e4rgi, mille alusel ta immatrikuleeriti, t\u00e4itmisele kuuluvast nominaalmahust.\n<\/p>\n<p style=\"text-align: justify\">\n\t43. Kursuses\u00fcsteemi alusel \u00f5ppiv \u00fcli\u00f5pilane arvatakse sama \u00f5ppekava j\u00e4rgmise aasta \u00fcli\u00f5pilaseks tingimusel, et eelmise kursuse kohustuslikest \u00f5ppeainetest on l\u00e4bitud 100%.<\/p>\n","protected":false},"excerpt":{"rendered":"<p>III.2. \u00d5ppekoormus 39. \u00dcli\u00f5pilane osaleb \u00f5ppet\u00f6\u00f6s t\u00e4is- v\u00f5i osakoormusega. 39.1. T\u00e4iskoormusega \u00f5ppes t\u00e4idab \u00fcli\u00f5pilane iga nominaalse \u00f5ppeaasta l\u00f5puks \u00f5ppekava t\u00e4itmise nominaalmahust v\u00e4hemalt 75%. Kursuses\u00fcsteemi alusel\u00f5ppides t\u00e4idab \u00fcli\u00f5pilane iga \u00f5ppeaasta l\u00f5puks kursuse kohustuslike \u00f5ppeainete mahust 100%. 39.2. Osakoormusega \u00f5ppes t\u00e4idab \u00fcli\u00f5pilane &#8230;<\/p>\n","protected":false},"author":228,"featured_media":0,"parent":0,"menu_order":0,"comment_status":"closed","ping_status":"closed","template":"","meta":{"_acf_changed":false,"inline_featured_image":false,"footnotes":""},"class_list":["post-15","page","type-page","status-publish","hentry"],"acf":[],"_links":{"self":[{"href":"https:\/\/sisu.ut.ee\/ope\/wp-json\/wp\/v2\/pages\/15","targetHints":{"allow":["GET"]}}],"collection":[{"href":"https:\/\/sisu.ut.ee\/ope\/wp-json\/wp\/v2\/pages"}],"about":[{"href":"https:\/\/sisu.ut.ee\/ope\/wp-json\/wp\/v2\/types\/page"}],"author":[{"embeddable":true,"href":"https:\/\/sisu.ut.ee\/ope\/wp-json\/wp\/v2\/users\/228"}],"replies":[{"embeddable":true,"href":"https:\/\/sisu.ut.ee\/ope\/wp-json\/wp\/v2\/comments?post=15"}],"version-history":[{"count":1,"href":"https:\/\/sisu.ut.ee\/ope\/wp-json\/wp\/v2\/pages\/15\/revisions"}],"predecessor-version":[{"id":721,"href":"https:\/\/sisu.ut.ee\/ope\/wp-json\/wp\/v2\/pages\/15\/revisions\/721"}],"wp:attachment":[{"href":"https:\/\/sisu.ut.ee\/ope\/wp-json\/wp\/v2\/media?parent=15"}],"curies":[{"name":"wp","href":"https:\/\/api.w.org\/{rel}","templated":true}]}}