{"id":14,"date":"2024-04-04T07:15:50","date_gmt":"2024-04-04T04:15:50","guid":{"rendered":"https:\/\/sisu.ut.ee\/ope\/oppesusteem\/"},"modified":"2024-04-04T07:17:33","modified_gmt":"2024-04-04T04:17:33","slug":"oppesusteem","status":"publish","type":"page","link":"https:\/\/sisu.ut.ee\/ope\/oppesusteem\/","title":{"rendered":"III.1. \u00d5ppes\u00fcsteem"},"content":{"rendered":"<p style=\"text-align: justify\">\n\t<br><strong>III.1. \u00d5ppes\u00fcsteem<\/strong><\/p>\n<p>36. \u00d5ppet\u00f6\u00f6 toimub aine- v\u00f5i kursuses\u00fcsteemis.\n<\/p>\n<p style=\"text-align: justify\">\n\t37. Aines\u00fcsteemi alusel \u00f5ppides on \u00fcli\u00f5pilasel \u00f5igus valida mooduleid ja l\u00e4bida vastavad oppeained vabalt valitud j\u00e4rjekorras, arvestades \u00f5ppekavas ja \u00f5ppeaines kehtestatud eeldusainete n\u00f5udeid. \u00dclikoolil on kohustus korraldada \u00f5pe nii, et \u00fcli\u00f5pilasel oleks v\u00f5imalik t\u00e4ita \u00f5ppekava semestris v\u00e4hemalt 30 EAP mahus, v\u00e4lja arvatud osakoormusega \u00f5ppekava korral.\n<\/p>\n<p style=\"text-align: justify\">\n\t38. Arsti-, hambaarsti- ja proviisori\u00f5ppes kehtib kursuses\u00fcsteem. Kursuses\u00fcsteemi alusel \u00f5ppides peab \u00fcli\u00f5pilane l\u00e4bima oppeained \u00f5ppekavas kehtestatud j\u00e4rjekorras ning t\u00e4itma semestri l\u00f5puks \u00f5ppekava j\u00e4rgi t\u00e4itmisele kuuluva kohustusliku \u00f5ppe mahust 100%. Kui kursuses\u00fcsteemi alusel \u00f5ppival \u00fcli\u00f5pilasel l\u00f5peb \u00f5ppeaine p\u00e4rast semestri l\u00f5ppu, peab ta t\u00e4itma \u00f5ppekava j\u00e4rgi t\u00e4itmisele kuuluva kohustusliku \u00f5ppe mahust 100% nimetatud \u00f5ppeaine l\u00f5ppemise ajaks.<\/p>\n","protected":false},"excerpt":{"rendered":"<p>III.1. \u00d5ppes\u00fcsteem 36. \u00d5ppet\u00f6\u00f6 toimub aine- v\u00f5i kursuses\u00fcsteemis. 37. Aines\u00fcsteemi alusel \u00f5ppides on \u00fcli\u00f5pilasel \u00f5igus valida mooduleid ja l\u00e4bida vastavad oppeained vabalt valitud j\u00e4rjekorras, arvestades \u00f5ppekavas ja \u00f5ppeaines kehtestatud eeldusainete n\u00f5udeid. \u00dclikoolil on kohustus korraldada \u00f5pe nii, et \u00fcli\u00f5pilasel oleks &#8230;<\/p>\n","protected":false},"author":228,"featured_media":0,"parent":0,"menu_order":0,"comment_status":"closed","ping_status":"closed","template":"","meta":{"_acf_changed":false,"inline_featured_image":false,"footnotes":""},"class_list":["post-14","page","type-page","status-publish","hentry"],"acf":[],"_links":{"self":[{"href":"https:\/\/sisu.ut.ee\/ope\/wp-json\/wp\/v2\/pages\/14","targetHints":{"allow":["GET"]}}],"collection":[{"href":"https:\/\/sisu.ut.ee\/ope\/wp-json\/wp\/v2\/pages"}],"about":[{"href":"https:\/\/sisu.ut.ee\/ope\/wp-json\/wp\/v2\/types\/page"}],"author":[{"embeddable":true,"href":"https:\/\/sisu.ut.ee\/ope\/wp-json\/wp\/v2\/users\/228"}],"replies":[{"embeddable":true,"href":"https:\/\/sisu.ut.ee\/ope\/wp-json\/wp\/v2\/comments?post=14"}],"version-history":[{"count":1,"href":"https:\/\/sisu.ut.ee\/ope\/wp-json\/wp\/v2\/pages\/14\/revisions"}],"predecessor-version":[{"id":720,"href":"https:\/\/sisu.ut.ee\/ope\/wp-json\/wp\/v2\/pages\/14\/revisions\/720"}],"wp:attachment":[{"href":"https:\/\/sisu.ut.ee\/ope\/wp-json\/wp\/v2\/media?parent=14"}],"curies":[{"name":"wp","href":"https:\/\/api.w.org\/{rel}","templated":true}]}}