{"id":13,"date":"2024-04-04T07:15:50","date_gmt":"2024-04-04T04:15:50","guid":{"rendered":"https:\/\/sisu.ut.ee\/ope\/oppekava-taitmine-0\/"},"modified":"2024-04-17T15:34:08","modified_gmt":"2024-04-17T12:34:08","slug":"oppekava-taitmine-0","status":"publish","type":"page","link":"https:\/\/sisu.ut.ee\/ope\/oppekava-taitmine-0\/","title":{"rendered":"III. \u00d5ppekava t\u00e4itmine"},"content":{"rendered":"<p style=\"text-align: justify;\"><strong>III. \u00d5ppekava t\u00e4itmine\u00a0<\/strong><\/p>\n<p>29. \u00dcli\u00f5pilasel on kohustus t\u00e4ita \u00f5ppekava, mille alusel \u00f5ppima asumiseks ta immatrikuleeritakse.<\/p>\n<p style=\"text-align: justify;\">30. \u00d5ppekava t\u00e4itmine t\u00e4hendab \u00f5ppekavas ette n\u00e4htud \u00f5ppeainete, st \u00f5ppekavas m\u00e4\u00e4ratud v\u00f5i \u00fcli\u00f5pilase poolt \u00f5ppekavasse valitud moodulite l\u00e4bimist punktide 36-38 kohases aine- v\u00f5i kursuses\u00fcsteemis ning punktides 39-43 ette n\u00e4htud oppekoormusega.<\/p>\n<p style=\"text-align: justify;\">31. \u00dcli\u00f5pilasel on \u00f5igus l\u00f5petada \u00fclikool \u00f5ppekava selle versiooni alusel, mille alusel ta \u00f5ppima asus, kui tema \u00f5pingute algusest ei ole m\u00f6\u00f6dunud \u00f5ppekava nominaalkestusele lisaks rohkem kui kaks aastat.<\/p>\n<p style=\"text-align: justify;\">32. \u00d5ppekava t\u00e4itmise nominaalmaht on \u00fcli\u00f5pilase \u00f5pitud semestrite arvule vastav kumulatiivne \u00f5ppekava t\u00e4itmise maht. Iga \u00f5pitud semestri kohta lisandub nominaalmahule 30 EAP-d. \u00d5pitud semester on semester, mille jooksul \u00fcli\u00f5pilasel on \u00f5ppekohal \u00f5ppimise p\u00e4evi \u00fcle poole semestrist (\u00fcle 70 p\u00e4eva) ja mil \u00fcli\u00f5pilase akadeemiline puhkus v\u00f5i pikendatud nominaalne \u00f5ppeaeg kestab alla poole semestrist.<\/p>\n<p style=\"text-align: justify;\">33. Programmijuhi otsusel v\u00f5ib \u00f5ppekava ja moodulite \u00f5piv\u00e4ljunditest ning \u00fcli\u00f5pilase spetsialiseerumisest l\u00e4htudes asendada \u00f5ppeaineid \u00fcli\u00f5pilase \u00f5ppekavasse valitud moodulites kuni 30 EAP mahus.<\/p>\n<p style=\"text-align: justify;\">34. \u00d5ppekava t\u00e4itmisel v\u00f5ib \u00fclikool arvestada varasemaid \u00f5pinguid ja t\u00f6\u00f6kogemust vastavalt eeskirja <a href=\"https:\/\/sisu.ut.ee\/ope\/uldsatted-0\/\" target=\"_blank\" rel=\"noopener\">lisas 3<\/a> kehtestatud varasemate \u00f5pingute ja t\u00f6\u00f6kogemuse arvestamise (V\u00d5TA) tingimustele ja korrale.<\/p>\n<p style=\"text-align: justify;\">35. \u00d5ppekava t\u00e4itmise toetamiseks korraldab \u00fclikool eesti keelt ebapiisavalt valdavatele \u00fcli\u00f5pilastele riigikeele s\u00fcva\u00f5pet eeskirja <a href=\"https:\/\/sisu.ut.ee\/ope\/riigikeele-suvaope\/\" target=\"_blank\" rel=\"noopener\">lisas 2<\/a> kehtestatud korras.<\/p>\n","protected":false},"excerpt":{"rendered":"<p>III. \u00d5ppekava t\u00e4itmine\u00a0 29. \u00dcli\u00f5pilasel on kohustus t\u00e4ita \u00f5ppekava, mille alusel \u00f5ppima asumiseks ta immatrikuleeritakse. 30. \u00d5ppekava t\u00e4itmine t\u00e4hendab \u00f5ppekavas ette n\u00e4htud \u00f5ppeainete, st \u00f5ppekavas m\u00e4\u00e4ratud v\u00f5i \u00fcli\u00f5pilase poolt \u00f5ppekavasse valitud moodulite l\u00e4bimist punktide 36-38 kohases aine- v\u00f5i kursuses\u00fcsteemis ning &#8230;<\/p>\n","protected":false},"author":383,"featured_media":0,"parent":0,"menu_order":0,"comment_status":"closed","ping_status":"closed","template":"","meta":{"_acf_changed":false,"inline_featured_image":false,"footnotes":""},"class_list":["post-13","page","type-page","status-publish","hentry"],"acf":[],"_links":{"self":[{"href":"https:\/\/sisu.ut.ee\/ope\/wp-json\/wp\/v2\/pages\/13","targetHints":{"allow":["GET"]}}],"collection":[{"href":"https:\/\/sisu.ut.ee\/ope\/wp-json\/wp\/v2\/pages"}],"about":[{"href":"https:\/\/sisu.ut.ee\/ope\/wp-json\/wp\/v2\/types\/page"}],"author":[{"embeddable":true,"href":"https:\/\/sisu.ut.ee\/ope\/wp-json\/wp\/v2\/users\/383"}],"replies":[{"embeddable":true,"href":"https:\/\/sisu.ut.ee\/ope\/wp-json\/wp\/v2\/comments?post=13"}],"version-history":[{"count":4,"href":"https:\/\/sisu.ut.ee\/ope\/wp-json\/wp\/v2\/pages\/13\/revisions"}],"predecessor-version":[{"id":1451,"href":"https:\/\/sisu.ut.ee\/ope\/wp-json\/wp\/v2\/pages\/13\/revisions\/1451"}],"wp:attachment":[{"href":"https:\/\/sisu.ut.ee\/ope\/wp-json\/wp\/v2\/media?parent=13"}],"curies":[{"name":"wp","href":"https:\/\/api.w.org\/{rel}","templated":true}]}}