{"id":113,"date":"2024-04-04T07:16:00","date_gmt":"2024-04-04T04:16:00","guid":{"rendered":"https:\/\/sisu.ut.ee\/ope\/doktorioppe-eeskiri-0\/"},"modified":"2024-04-16T12:33:36","modified_gmt":"2024-04-16T09:33:36","slug":"doktorioppe-eeskiri","status":"publish","type":"page","link":"https:\/\/sisu.ut.ee\/ope\/","title":{"rendered":"Doktori\u00f5ppe eeskiri"},"content":{"rendered":"<figure class=\"wp-block-image size-full\"><img loading=\"lazy\" decoding=\"async\" width=\"300\" height=\"100\" src=\"https:\/\/sisu.ut.ee\/wp-content\/uploads\/sites\/500\/doktoritoo-3.jpg\" alt=\"\" class=\"wp-image-1302\"><\/figure>\n\n\n<p><\/p><div class=\"accordion mb-3\">\n        <div class=\"accordion-item accordion-item--white\">\n        <h2 class=\"accordion-header\" id=\"accordion-69d4f464a527c-heading\">\n            <button class=\"accordion-button collapsed\" type=\"button\" data-bs-toggle=\"collapse\" data-bs-target=\"#accordion-69d4f464a527c-collapse\" aria-expanded=\"true\" aria-controls=\"accordion-69d4f464a527c-collapse\"> <strong>DOKTORI\u00d5PPE EESKIRI<\/strong>\u00a0<\/button>\n        <\/h2>\n        <div id=\"accordion-69d4f464a527c-collapse\" class=\"accordion-collapse collapse\" aria-labelledby=\"accordion-69d4f464a527c-heading\">\n            <div class=\"accordion-body\">\n<p style=\"text-align: justify;\"><strong><a title=\"\" href=\"https:\/\/sisu.ut.ee\/ope\/1-uldsatted\/\" target=\"_blank\" rel=\"noopener\" data-url=\"https:\/\/sisu.ut.ee\/ope\/1-%C3%BClds%C3%A4tted\"><span style=\"color: #0099ff;\">I. \u00dcLDS\u00c4TTED<\/span><\/a><span style=\"color: #0099ff;\">\u00a0<\/span><\/strong><\/p>\n<p style=\"text-align: justify;\"><strong>II. DOKTORI\u00d5PE\u00a0<\/strong><\/p>\n<p style=\"margin-left: 40px; text-align: justify;\"><strong><a title=\"\" href=\"https:\/\/sisu.ut.ee\/ope\/doktoriope\/\" target=\"_blank\" rel=\"noopener\" data-url=\"https:\/\/sisu.ut.ee\/ope\/doktori%C3%B5ppes-%C3%B5ppijad-0\"><span style=\"color: #0099ff;\">II.1. Doktori\u00f5ppes \u00f5ppijad<\/span><\/a><\/strong><\/p>\n<p style=\"margin-left: 80px; text-align: justify;\"><a title=\"\" href=\"https:\/\/sisu.ut.ee\/ope\/doktorant\" target=\"_blank\" rel=\"noopener\" data-url=\"https:\/\/sisu.ut.ee\/ope\/doktorant\"><span style=\"color: #0099ff;\">II.1.1. Doktorant<\/span><\/a><\/p>\n<p style=\"margin-left: 80px; text-align: justify;\"><a title=\"\" href=\"https:\/\/sisu.ut.ee\/ope\/ekstern\" target=\"_blank\" rel=\"noopener\" data-url=\"https:\/\/sisu.ut.ee\/ope\/ekstern\"><span style=\"color: #0099ff;\">II.1.2. Ekstern<\/span><\/a><\/p>\n<p style=\"margin-left: 80px; text-align: justify;\"><a title=\"\" href=\"https:\/\/sisu.ut.ee\/ope\/kulalisdoktorant\/\" target=\"_blank\" rel=\"noopener\" data-url=\"https:\/\/sisu.ut.ee\/ope\/k%C3%BClalisdoktorant\"><span style=\"color: #0099ff;\">II.1.3. K\u00fclalisdoktorant<\/span><\/a><\/p>\n<p style=\"margin-left: 40px; text-align: justify;\"><strong><a title=\"\" href=\"https:\/\/sisu.ut.ee\/ope\/juhendamine\" target=\"_blank\" rel=\"noopener\" data-url=\"https:\/\/sisu.ut.ee\/ope\/juhendamine\"><span style=\"color: #0099ff;\">II.2. Juhendamine<\/span><\/a><\/strong><\/p>\n<p style=\"margin-left: 40px; text-align: justify;\"><strong><a title=\"\" href=\"https:\/\/sisu.ut.ee\/ope\/vaba-oppekoha-taitmine\/\" target=\"_blank\" rel=\"noopener\" data-url=\"https:\/\/sisu.ut.ee\/ope\/vaba-%C3%B5ppekoha-t%C3%A4itmine\"><span style=\"color: #0099ff;\">II.3. Vaba \u00f5ppekoha t\u00e4itmine<\/span><\/a><\/strong><\/p>\n<p style=\"margin-left: 40px; text-align: justify;\"><strong>II.4. \u00d5ppet\u00f6\u00f6 korraldus<\/strong><\/p>\n<p style=\"margin-left: 80px; text-align: justify;\"><a title=\"\" href=\"https:\/\/sisu.ut.ee\/ope\/uldised-pohimotted\/\" target=\"_blank\" rel=\"noopener\" data-url=\"https:\/\/sisu.ut.ee\/ope\/%C3%BCldised-p%C3%B5him%C3%B5tted\"><span style=\"color: #0099ff;\">II.4.1. \u00dcldised p\u00f5him\u00f5tted<\/span><\/a><\/p>\n<p style=\"margin-left: 80px; text-align: justify;\"><a title=\"\" href=\"https:\/\/sisu.ut.ee\/ope\/ii42-alates-20222023-oppeaastast-avatud-doktorioppe-programmide-alusel-immatrikuleeritud\/\" target=\"_blank\" rel=\"noopener\" data-url=\"https:\/\/sisu.ut.ee\/ope\/ii42-alates-20222023-%C3%B5ppeaastast-avatud-doktori%C3%B5ppe-programmide-alusel-immatrikuleeritud\"><span style=\"color: #0099ff;\">II.4.2. Alates 2022\/2023. \u00f5ppeaastast avatud doktori\u00f5ppe programmide alusel immatrikuleeritud doktorantide \u00f5ppeaeg, doktori\u00f5ppe peatamine ja \u00f5ppeaja muutmine<\/span><\/a><\/p>\n<p style=\"margin-left: 80px; text-align: justify;\"><a title=\"\" href=\"https:\/\/sisu.ut.ee\/ope\/ii43-enne-20222023-oppeaastat-avatud-doktorioppekavadele-immatrikuleeritud-doktorantide-koormus\/\" target=\"_blank\" rel=\"noopener\" data-url=\"https:\/\/sisu.ut.ee\/ope\/ii43-enne-20222023-%C3%B5ppeaastat-avatud-doktori%C3%B5ppekavadele-immatrikuleeritud-doktorantide-koormus\"><span style=\"color: #0099ff;\">II.4.3. Enne 2022\/2023. \u00f5ppeaastat avatud doktori\u00f5ppekavadele immatrikuleeritud doktorantide koormus, akadeemiline puhkus ja \u00f5ppeaja pikendamine<\/span><\/a><\/p>\n<p style=\"margin-left: 80px; text-align: justify;\"><a title=\"\" href=\"https:\/\/sisu.ut.ee\/ope\/individuaalplaan\" target=\"_blank\" rel=\"noopener\" data-url=\"https:\/\/sisu.ut.ee\/ope\/individuaalplaan\"><span style=\"color: #0099ff;\">II.4.4. Individuaalplaan<\/span><\/a><\/p>\n<p style=\"margin-left: 40px; text-align: justify;\"><strong><a title=\"\" href=\"https:\/\/sisu.ut.ee\/ope\/atesteerimine\" target=\"_blank\" rel=\"noopener\" data-url=\"https:\/\/sisu.ut.ee\/ope\/atesteerimine\"><span style=\"color: #0099ff;\">II.5. Atesteerimine<\/span><\/a><\/strong><\/p>\n<p style=\"margin-left: 80px; text-align: justify;\"><a title=\"\" href=\"https:\/\/sisu.ut.ee\/ope\/atesteerimise-ajakava\" target=\"_blank\" rel=\"noopener\" data-url=\"https:\/\/sisu.ut.ee\/ope\/atesteerimise-ajakava\"><span style=\"color: #0099ff;\">II.5.1. Atesteerimise ajakava<\/span><\/a><\/p>\n<p style=\"margin-left: 80px; text-align: justify;\"><a title=\"\" href=\"https:\/\/sisu.ut.ee\/ope\/atesteerimiskomisjon\" target=\"_blank\" rel=\"noopener\" data-url=\"https:\/\/sisu.ut.ee\/ope\/atesteerimiskomisjon\"><span style=\"color: #0099ff;\">II.5.2. Atesteerimiskomisjon<\/span><\/a><\/p>\n<p style=\"margin-left: 80px; text-align: justify;\"><a title=\"\" href=\"https:\/\/sisu.ut.ee\/ope\/atesteerimiseks-vajalikud-dokumendid\" target=\"_blank\" rel=\"noopener\" data-url=\"https:\/\/sisu.ut.ee\/ope\/atesteerimiseks-vajalikud-dokumendid\"><span style=\"color: #0099ff;\">II.5.3. Atesteerimiseks vajalikud dokumendid<\/span><\/a><\/p>\n<p style=\"margin-left: 80px; text-align: justify;\"><a title=\"\" href=\"https:\/\/sisu.ut.ee\/ope\/atesteerimiskoosolek-0\" target=\"_blank\" rel=\"noopener\" data-url=\"https:\/\/sisu.ut.ee\/ope\/atesteerimiskoosolek-0\"><span style=\"color: #0099ff;\">II.5.4. Atesteerimiskoosolek<\/span><\/a><\/p>\n<p style=\"margin-left: 80px; text-align: justify;\"><a title=\"\" href=\"https:\/\/sisu.ut.ee\/ope\/atesteerimiskomisjoni-otsused\" target=\"_blank\" rel=\"noopener\" data-url=\"https:\/\/sisu.ut.ee\/ope\/atesteerimiskomisjoni-otsused\"><span style=\"color: #0099ff;\">II.5.5. Atesteerimiskomisjoni otsused<\/span><\/a><\/p>\n<p style=\"margin-left: 120px; text-align: justify;\"><a title=\"\" href=\"https:\/\/sisu.ut.ee\/ope\/ii551-atesteerimiskomisjoni-otsused-alates-20222023-oppeaastast-avatud-doktorioppe-programmide\/\" target=\"_blank\" rel=\"noopener\" data-url=\"https:\/\/sisu.ut.ee\/ope\/ii551-atesteerimiskomisjoni-otsused-alates-20222023-%C3%B5ppeaastast-avatud-doktori%C3%B5ppe-programmide\"><span style=\"color: #0099ff;\">II.5.5.1. Atesteerimiskomisjoni otsused alates 2022\/2023. \u00f5ppeaastast avatud doktori\u00f5ppe programmide alusel doktori\u00f5ppes \u00f5ppijate kohta<\/span><\/a><\/p>\n<p style=\"margin-left: 120px; text-align: justify;\"><a title=\"\" href=\"https:\/\/sisu.ut.ee\/ope\/ii552-atesteerimiskomisjoni-otsused-enne-20222023-oppeaastat-avatud-doktorioppekavade-alusel\/\" target=\"_blank\" rel=\"noopener\" data-url=\"https:\/\/sisu.ut.ee\/ope\/ii552-atesteerimiskomisjoni-otsused-enne-20222023-%C3%B5ppeaastat-avatud-doktori%C3%B5ppekavade-alusel\"><span style=\"color: #0099ff;\">II.5.5.2. Atesteerimiskomisjoni otsused enne 2022\/2023. \u00f5ppeaastat avatud doktori\u00f5ppekavade alusel doktori\u00f5ppes \u00f5ppijate kohta<\/span><\/a><\/p>\n<p style=\"margin-left: 80px; text-align: justify;\"><a title=\"\" href=\"https:\/\/sisu.ut.ee\/ope\/kordusatesteerimine-ja-atesteerimisotsuse-vaidlustamine\" target=\"_blank\" rel=\"noopener\" data-url=\"https:\/\/sisu.ut.ee\/ope\/kordusatesteerimine-ja-atesteerimisotsuse-vaidlustamine\"><span style=\"color: #0099ff;\">II.5.6. Kordusatesteerimine ja atesteerimisotsuse vaidlustamine<\/span><\/a><\/p>\n<p style=\"margin-left: 40px; text-align: justify;\"><strong><a title=\"\" href=\"https:\/\/sisu.ut.ee\/ope\/eksmatrikuleerimine-0\" target=\"_blank\" rel=\"noopener\" data-url=\"https:\/\/sisu.ut.ee\/ope\/eksmatrikuleerimine-0\"><span style=\"color: #0099ff;\">II.6. Eksmatrikuleerimine<\/span><\/a><\/strong><\/p>\n<p style=\"text-align: justify;\"><strong>III. DOKTORIKRAADI TAOTLEMINE<\/strong><\/p>\n<p style=\"text-align: justify; margin-left: 40px;\"><strong><a title=\"\" href=\"https:\/\/sisu.ut.ee\/ope\/doktorioppe-programmi-taitmine\/\" target=\"_blank\" rel=\"noopener\" data-url=\"https:\/\/sisu.ut.ee\/ope\/doktori%C3%B5ppekava-t%C3%A4itmine\"><span style=\"color: #0099ff;\">III.1. Doktori\u00f5ppe programmi t\u00e4itmine<\/span><\/a><\/strong><\/p>\n<p style=\"text-align: justify; margin-left: 40px;\"><strong><a title=\"\" href=\"https:\/\/sisu.ut.ee\/ope\/doktorikraadi-andev-noukogu\/\" target=\"_blank\" rel=\"noopener\" data-url=\"https:\/\/sisu.ut.ee\/ope\/doktorikraadi-andev-n%C3%B5ukogu\"><span style=\"color: #0099ff;\">III.2. Doktorikraadi andev n\u00f5ukogu<\/span><\/a><\/strong><\/p>\n<p style=\"text-align: justify; margin-left: 40px;\"><strong><a title=\"\" href=\"https:\/\/sisu.ut.ee\/ope\/nouded-doktorikraadi-taotlejale\/\" target=\"_blank\" rel=\"noopener\" data-url=\"https:\/\/sisu.ut.ee\/ope\/n%C3%B5uded-doktorikraadi-taotlejale\"><span style=\"color: #0099ff;\">III.3. N\u00f5uded doktorikraadi taotlejale<\/span><\/a><\/strong><\/p>\n<p style=\"text-align: justify; margin-left: 40px;\"><strong>III.4. Doktorit\u00f6\u00f6 n\u00f5uded<\/strong><\/p>\n<p style=\"text-align: justify; margin-left: 80px;\"><a title=\"\" href=\"https:\/\/sisu.ut.ee\/ope\/doktoritoo-uldised-nouded\/\" target=\"_blank\" rel=\"noopener\" data-url=\"https:\/\/sisu.ut.ee\/ope\/doktorit%C3%B6%C3%B6-%C3%BCldised-n%C3%B5uded\"><span style=\"color: #0099ff;\">III.4.1. Doktorit\u00f6\u00f6 \u00fcldised n\u00f5uded<\/span><\/a><\/p>\n<p style=\"text-align: justify; margin-left: 80px;\"><a title=\"\" href=\"https:\/\/sisu.ut.ee\/ope\/doktoritoo-tervikliku-teaduspublikatsioonide-kogumina\/\" target=\"_blank\" rel=\"noopener\" data-url=\"https:\/\/sisu.ut.ee\/ope\/doktorit%C3%B6%C3%B6-tervikliku-teaduspublikatsioonide-kogumina\"><span style=\"color: #0099ff;\">III.4.2. Doktorit\u00f6\u00f6 tervikliku teaduspublikatsioonide kogumina<\/span><\/a><\/p>\n<p style=\"text-align: justify; margin-left: 80px;\"><a title=\"\" href=\"https:\/\/sisu.ut.ee\/ope\/doktoritoo-monograafiana\/\" target=\"_blank\" rel=\"noopener\" data-url=\"https:\/\/sisu.ut.ee\/ope\/doktorit%C3%B6%C3%B6-monograafiana\"><span style=\"color: #0099ff;\">III.4.3. Doktorit\u00f6\u00f6 monograafiana<\/span><\/a><\/p>\n<p style=\"text-align: justify; margin-left: 80px;\"><a title=\"\" href=\"https:\/\/sisu.ut.ee\/ope\/teaduspublikatsioonide-ja-katuspeatuki-nouded\/\" target=\"_blank\" rel=\"noopener\" data-url=\"https:\/\/sisu.ut.ee\/ope\/teaduspublikatsioonide-ja-katuspeat%C3%BCki-n%C3%B5uded\"><span style=\"color: #0099ff;\">III.4.4. Teaduspublikatsioonide ja katuspeat\u00fcki n\u00f5uded<\/span><\/a><\/p>\n<p style=\"text-align: justify; margin-left: 80px;\"><a title=\"\" href=\"https:\/\/sisu.ut.ee\/ope\/patentide-patenditaotluste-ja-rakenduslike-lahenduste-nouded\/\" target=\"_blank\" rel=\"noopener\" data-url=\"https:\/\/sisu.ut.ee\/ope\/patentide-patenditaotluste-ja-rakenduslike-lahenduste-n%C3%B5uded\"><span style=\"color: #0099ff;\">III.4.5. Patentide, patenditaotluste ja rakenduslike lahenduste n\u00f5uded<\/span><\/a><\/p>\n<p style=\"text-align: justify; margin-left: 80px;\"><a title=\"\" href=\"https:\/\/sisu.ut.ee\/ope\/doktoritoo-ulesehitus\/\" target=\"_blank\" rel=\"noopener\" data-url=\"https:\/\/sisu.ut.ee\/ope\/doktorit%C3%B6%C3%B6-%C3%BClesehitus\"><span style=\"color: #0099ff;\">III.4.6. Doktorit\u00f6\u00f6 \u00fclesehitus<\/span><\/a><\/p>\n<p style=\"text-align: justify; margin-left: 40px;\"><strong>III.5. Doktorit\u00f6\u00f6 lubamine kaitsmisele\u00a0<\/strong><\/p>\n<p style=\"text-align: justify; margin-left: 80px;\"><a title=\"\" href=\"https:\/\/sisu.ut.ee\/ope\/doktorikraadi-taotleja-esitatavad-dokumendid\" target=\"_blank\" rel=\"noopener\" data-url=\"https:\/\/sisu.ut.ee\/ope\/doktorikraadi-taotleja-esitatavad-dokumendid\"><span style=\"color: #0099ff;\">III.5.1. Doktorikraadi taotleja esitatavad dokumendid<\/span><\/a><\/p>\n<p style=\"text-align: justify; margin-left: 80px;\"><a title=\"\" href=\"https:\/\/sisu.ut.ee\/ope\/noukogu-otsused\/\" target=\"_blank\" rel=\"noopener\" data-url=\"https:\/\/sisu.ut.ee\/ope\/n%C3%B5ukogu-otsused\"><span style=\"color: #0099ff;\">III.5.2. N\u00f5ukogu otsused<\/span><\/a><\/p>\n<p style=\"text-align: justify; margin-left: 80px;\"><a title=\"\" href=\"https:\/\/sisu.ut.ee\/ope\/oponent-ja-eelretsensent\" target=\"_blank\" rel=\"noopener\" data-url=\"https:\/\/sisu.ut.ee\/ope\/oponent-ja-eelretsensent\"><span style=\"color: #0099ff;\">III.5.3. Oponent ja eelretsensent<\/span><\/a><\/p>\n<p style=\"text-align: justify; margin-left: 80px;\"><a title=\"\" href=\"https:\/\/sisu.ut.ee\/ope\/kaitsmisest-teavitamine-ja-doktoritoo-avalikustamine\/\" target=\"_blank\" rel=\"noopener\" data-url=\"https:\/\/sisu.ut.ee\/ope\/kaitsmisest-teavitamine-ja-doktorit%C3%B6%C3%B6-avalikustamine\"><span style=\"color: #0099ff;\">III.5.4. Kaitsmisest teavitamine ja doktorit\u00f6\u00f6 avalikustamine<\/span><\/a><\/p>\n<p style=\"text-align: justify; margin-left: 40px;\"><strong><a title=\"\" href=\"https:\/\/sisu.ut.ee\/ope\/doktoritoo-avaldamine\/\" target=\"_blank\" rel=\"noopener\" data-url=\"https:\/\/sisu.ut.ee\/ope\/doktorit%C3%B6%C3%B6-avaldamine\"><span style=\"color: #0099ff;\">III.6. Doktorit\u00f6\u00f6 avaldamine<\/span><\/a><\/strong><\/p>\n<p style=\"text-align: justify; margin-left: 40px;\"><strong>III.7. Doktorit\u00f6\u00f6 kaitsmine<\/strong><\/p>\n<p style=\"text-align: justify; margin-left: 80px;\"><a title=\"\" href=\"https:\/\/sisu.ut.ee\/ope\/kaitsmiskoosolek\" target=\"_blank\" rel=\"noopener\" data-url=\"https:\/\/sisu.ut.ee\/ope\/kaitsmiskoosolek\"><span style=\"color: #0099ff;\">III.7.1. Kaitsmiskoosolek<\/span><\/a><\/p>\n<p style=\"text-align: justify; margin-left: 80px;\"><a title=\"\" href=\"https:\/\/sisu.ut.ee\/ope\/noukogu-otsus\/\" target=\"_blank\" rel=\"noopener\" data-url=\"https:\/\/sisu.ut.ee\/ope\/n%C3%B5ukogu-otsus\"><span style=\"color: #0099ff;\">III.7.2. N\u00f5ukogu otsus<\/span><\/a><\/p>\n<p style=\"text-align: justify; margin-left: 80px;\"><a title=\"\" href=\"https:\/\/sisu.ut.ee\/ope\/doktoritoo-korduskaitsmine\/\" target=\"_blank\" rel=\"noopener\" data-url=\"https:\/\/sisu.ut.ee\/ope\/doktorit%C3%B6%C3%B6-korduskaitsmine\"><span style=\"color: #0099ff;\">III.7.3. Doktorit\u00f6\u00f6 korduskaitsmine<\/span><\/a><\/p>\n<p style=\"text-align: justify; margin-left: 40px;\"><strong>III.8. Doktorikraadi taotlemine ja doktorit\u00f6\u00f6 kaitsmine \u00fchisjuhendamise lepingu alusel<\/strong><\/p>\n<p style=\"text-align: justify; margin-left: 80px;\"><a title=\"\" href=\"https:\/\/sisu.ut.ee\/ope\/uhisjuhendamise-lepingu-solmimine\/\" target=\"_blank\" rel=\"noopener\" data-url=\"https:\/\/sisu.ut.ee\/ope\/%C3%BChisjuhendamise-lepingu-s%C3%B5lmimine\"><span style=\"color: #0099ff;\">III.8.1. \u00dchisjuhendamise lepingu s\u00f5lmimine<\/span><\/a><\/p>\n<p style=\"text-align: justify; margin-left: 80px;\"><a title=\"\" href=\"https:\/\/sisu.ut.ee\/ope\/uhisjuhendamise-lepingu-tingimused\/\" target=\"_blank\" rel=\"noopener\" data-url=\"https:\/\/sisu.ut.ee\/ope\/%C3%BChisjuhendamise-lepingu-tingimused\"><span style=\"color: #0099ff;\">III.8.2. \u00dchisjuhendamise lepingu tingimused<\/span><\/a><\/p>\n<p style=\"text-align: justify; margin-left: 80px;\"><a title=\"\" href=\"https:\/\/sisu.ut.ee\/ope\/doktorikraadi-andev-uhisnoukogu\/\" target=\"_blank\" rel=\"noopener\" data-url=\"https:\/\/sisu.ut.ee\/ope\/doktorikraadi-andev-%C3%BChisn%C3%B5ukogu\"><span style=\"color: #0099ff;\">III.8.3. Doktorikraadi andev \u00fchisn\u00f5ukogu<\/span><\/a><\/p>\n<p style=\"text-align: justify; margin-left: 80px;\"><a title=\"\" href=\"https:\/\/sisu.ut.ee\/ope\/uhisnoukogu-otsused\/\" target=\"_blank\" rel=\"noopener\" data-url=\"https:\/\/sisu.ut.ee\/ope\/%C3%BChisn%C3%B5ukogu-otsused\"><span style=\"color: #0099ff;\">III.8.4. \u00dchisn\u00f5ukogu otsused<\/span><\/a><\/p>\n<p style=\"text-align: justify; margin-left: 40px;\"><strong><a title=\"\" href=\"https:\/\/sisu.ut.ee\/ope\/doktorikraadi-andva-noukogu-otsuste-vaidlustamine-ja-tuhistamine\/\" target=\"_blank\" rel=\"noopener\" data-url=\"https:\/\/sisu.ut.ee\/ope\/doktorikraadi-andva-n%C3%B5ukogu-otsuste-vaidlustamine-ja-t%C3%BChistamine\"><span style=\"color: #0099ff;\">III.9. Doktorikraadi andva n\u00f5ukogu otsuste vaidlustamine ja t\u00fchistamine<\/span><\/a><\/strong><\/p>\n<p style=\"text-align: justify; margin-left: 40px;\"><a title=\"\" href=\"https:\/\/sisu.ut.ee\/ope\/doktoritoo-sailitamine\/\" target=\"_blank\" rel=\"noopener\" data-url=\"https:\/\/sisu.ut.ee\/ope\/doktorit%C3%B6%C3%B6-s%C3%A4ilitamine\"><span style=\"color: #0099ff;\"><strong>III.10. Doktorit\u00f6\u00f6 s\u00e4ilitamine<\/strong><\/span><\/a><\/p>\n<p style=\"text-align: justify;\"><strong><a title=\"\" href=\"https:\/\/sisu.ut.ee\/ope\/rakendussatted\/\" target=\"_blank\" rel=\"noopener\" data-url=\"https:\/\/sisu.ut.ee\/ope\/rakenduss%C3%A4tted\"><span style=\"color: #0099ff;\">IV. RAKENDUSS\u00c4TTED<\/span><\/a><\/strong><\/p>\n<p><\/p><\/div>\n        <\/div>\n        <\/div>\n    <\/div>","protected":false},"excerpt":{"rendered":"<p>DOKTORI\u00d5PPE EESKIRI\u00a0 I. \u00dcLDS\u00c4TTED\u00a0 II. DOKTORI\u00d5PE\u00a0 II.1. Doktori\u00f5ppes \u00f5ppijad II.1.1. Doktorant II.1.2. Ekstern II.1.3. K\u00fclalisdoktorant II.2. Juhendamine II.3. Vaba \u00f5ppekoha t\u00e4itmine II.4. \u00d5ppet\u00f6\u00f6 korraldus II.4.1. \u00dcldised p\u00f5him\u00f5tted II.4.2. Alates 2022\/2023. \u00f5ppeaastast avatud doktori\u00f5ppe programmide alusel immatrikuleeritud doktorantide \u00f5ppeaeg, doktori\u00f5ppe peatamine &#8230;<\/p>\n","protected":false},"author":228,"featured_media":0,"parent":0,"menu_order":0,"comment_status":"closed","ping_status":"closed","template":"","meta":{"_acf_changed":false,"inline_featured_image":false,"footnotes":""},"class_list":["post-113","page","type-page","status-publish","hentry"],"acf":[],"_links":{"self":[{"href":"https:\/\/sisu.ut.ee\/ope\/wp-json\/wp\/v2\/pages\/113","targetHints":{"allow":["GET"]}}],"collection":[{"href":"https:\/\/sisu.ut.ee\/ope\/wp-json\/wp\/v2\/pages"}],"about":[{"href":"https:\/\/sisu.ut.ee\/ope\/wp-json\/wp\/v2\/types\/page"}],"author":[{"embeddable":true,"href":"https:\/\/sisu.ut.ee\/ope\/wp-json\/wp\/v2\/users\/228"}],"replies":[{"embeddable":true,"href":"https:\/\/sisu.ut.ee\/ope\/wp-json\/wp\/v2\/comments?post=113"}],"version-history":[{"count":8,"href":"https:\/\/sisu.ut.ee\/ope\/wp-json\/wp\/v2\/pages\/113\/revisions"}],"predecessor-version":[{"id":1813,"href":"https:\/\/sisu.ut.ee\/ope\/wp-json\/wp\/v2\/pages\/113\/revisions\/1813"}],"wp:attachment":[{"href":"https:\/\/sisu.ut.ee\/ope\/wp-json\/wp\/v2\/media?parent=113"}],"curies":[{"name":"wp","href":"https:\/\/api.w.org\/{rel}","templated":true}]}}