{"id":112,"date":"2024-04-04T07:15:49","date_gmt":"2024-04-04T04:15:49","guid":{"rendered":"https:\/\/sisu.ut.ee\/ope\/oppekorraldus-eeskiri\/"},"modified":"2024-06-10T15:35:15","modified_gmt":"2024-06-10T12:35:15","slug":"oppekorraldus-eeskiri","status":"publish","type":"page","link":"https:\/\/sisu.ut.ee\/ope\/oppekorraldus-eeskiri\/","title":{"rendered":"\u00d5ppekorralduseeskiri"},"content":{"rendered":"<figure class=\"wp-block-image size-full\"><img loading=\"lazy\" decoding=\"async\" width=\"300\" height=\"100\" src=\"https:\/\/sisu.ut.ee\/wp-content\/uploads\/sites\/500\/raamatud-2.jpg\" alt=\"\" class=\"wp-image-1304\"><\/figure>\n\n\n<p><a title=\"\" href=\"https:\/\/sisu.ut.ee\/ope\/i-uldsatted\/\" data-url=\"https:\/\/sisu.ut.ee\/ope\/%C3%BClds%C3%A4tted\">I. \u00dclds\u00e4tted<\/a><\/p>\n<p><a title=\"\" href=\"https:\/\/sisu.ut.ee\/ope\/%C3%B5ppeained-ja-moodulid\" data-url=\"https:\/\/sisu.ut.ee\/ope\/%C3%B5ppeained-ja-moodulid\">II.\u00d5ppeained ja moodulid<\/a><\/p>\n<p style=\"margin-left: 40px;\"><a title=\"\" href=\"https:\/\/sisu.ut.ee\/ope\/oppeained\/\" data-url=\"https:\/\/sisu.ut.ee\/ope\/%C3%B5ppeained\">II.1. \u00d5ppeained<\/a><\/p>\n<p style=\"margin-left: 40px;\"><a title=\"\" href=\"https:\/\/sisu.ut.ee\/ope\/oppekava-labimise-planeerimine\/\" data-url=\"https:\/\/sisu.ut.ee\/ope\/oppekava-labimise-planeerimine\">II.2. \u00d5ppekava l\u00e4bimise planeerimine<\/a><\/p>\n<p style=\"margin-left: 40px;\"><a title=\"\" href=\"https:\/\/sisu.ut.ee\/ope\/oppeainetesse-registreerumine\/\" data-url=\"https:\/\/sisu.ut.ee\/ope\/%C3%B5ppeainetesse-registreerumine\">II.3. \u00d5ppeainetesse registreerumine<\/a><\/p>\n<p><a title=\"\" href=\"https:\/\/sisu.ut.ee\/ope\/oppekava-taitmine-0\/\" data-url=\"https:\/\/sisu.ut.ee\/ope\/%C3%B5ppekava-t%C3%A4itmine\">III.\u00d5ppekava t\u00e4itmine<\/a><\/p>\n<p style=\"margin-left: 40px;\"><a title=\"\" href=\"https:\/\/sisu.ut.ee\/ope\/oppesusteem\/\" data-url=\"https:\/\/sisu.ut.ee\/ope\/%C3%B5ppes%C3%BCsteem\">III.1. \u00d5ppes\u00fcsteem<\/a><\/p>\n<p style=\"margin-left: 40px;\"><a title=\"\" href=\"https:\/\/sisu.ut.ee\/ope\/oppekoormus\/\" data-url=\"https:\/\/sisu.ut.ee\/ope\/%C3%B5ppekoormus\">III.2. \u00d5ppekoormus<\/a><\/p>\n<p><a title=\"\" href=\"https:\/\/sisu.ut.ee\/ope\/hindamine\" data-url=\"https:\/\/sisu.ut.ee\/ope\/hindamine\">IV. Hindamine<\/a><\/p>\n<p style=\"margin-left: 40px;\"><a title=\"\" href=\"https:\/\/sisu.ut.ee\/ope\/opivaljundite-hindamise-skaalad\/\" data-url=\"https:\/\/sisu.ut.ee\/ope\/%C3%B5piv%C3%A4ljundite-hindamise-skaalad\">IV.1. \u00d5piv\u00e4ljundite hindamise skaalad<\/a><\/p>\n<p style=\"margin-left: 40px;\"><a title=\"\" href=\"https:\/\/sisu.ut.ee\/ope\/hindamiskorraldus\" data-url=\"https:\/\/sisu.ut.ee\/ope\/hindamiskorraldus\">IV.2. Hindamiskorraldus<\/a><\/p>\n<p style=\"margin-left: 40px;\"><a title=\"\" href=\"https:\/\/sisu.ut.ee\/ope\/iv3-hindamise-tulemused\" data-url=\"https:\/\/sisu.ut.ee\/ope\/iv3-hindamise-tulemused\">IV.3. Hindamise tulemused<\/a><\/p>\n<p style=\"margin-left: 40px;\"><a title=\"\" href=\"https:\/\/sisu.ut.ee\/ope\/lopueksam\/\" data-url=\"https:\/\/sisu.ut.ee\/ope\/l%C3%B5pueksam\">IV.4. L\u00f5pueksam<\/a><\/p>\n<p style=\"margin-left: 40px;\"><a title=\"\" href=\"https:\/\/sisu.ut.ee\/ope\/loputoo-kaitsmine\/\" target=\"_blank\" rel=\"noopener\" data-url=\"https:\/\/sisu.ut.ee\/ope\/l%C3%B5put%C3%B6%C3%B6-kaitsmine\">IV.5. L\u00f5put\u00f6\u00f6 kaitsmine<\/a><\/p>\n<p><a title=\"\" href=\"https:\/\/sisu.ut.ee\/ope\/opingute-lopetamine-0\/\" data-url=\"https:\/\/sisu.ut.ee\/ope\/%C3%B5pingute-l%C3%B5petamine\">V. \u00d5pingute l\u00f5petamine<\/a><\/p>\n<p style=\"margin-left: 40px;\"><a title=\"\" href=\"https:\/\/sisu.ut.ee\/ope\/eksmatrikuleerimine-1\" data-url=\"https:\/\/sisu.ut.ee\/ope\/eksmatrikuleerimine-1\">V.1. Eksmatrikuleerimine<\/a><\/p>\n<p><a title=\"\" href=\"https:\/\/sisu.ut.ee\/ope\/vaba-oppekoha-taitmine-0\/\" data-url=\"https:\/\/sisu.ut.ee\/ope\/vaba-%C3%B5ppekoha-t%C3%A4itmine-ja-reimmatrikuleerimine\">VI. Vaba \u00f5ppekoha t\u00e4itmine ja reimmatrikuleerimine<\/a><\/p>\n<p style=\"margin-left: 40px;\"><a title=\"\" href=\"https:\/\/sisu.ut.ee\/ope\/vaba-oppekoha-taitmine-0\/\" data-url=\"https:\/\/sisu.ut.ee\/ope\/vaba-%C3%B5ppekoha-t%C3%A4itmine-0\">VI.1. Vaba \u00f5ppekoha t\u00e4itmine<\/a><\/p>\n<p style=\"margin-left: 40px;\"><a title=\"\" href=\"https:\/\/sisu.ut.ee\/ope\/reimmatrikuleerimine\" data-url=\"https:\/\/sisu.ut.ee\/ope\/reimmatrikuleerimine\">VI.2. Reimmatrikuleerimine<\/a><\/p>\n<p><a title=\"\" href=\"https:\/\/sisu.ut.ee\/ope\/teavitamine\/\" data-url=\"https:\/\/sisu.ut.ee\/ope\/%C3%BCli%C3%B5pilaste-lisa%C3%B5igused-ja-kohustused\">VII. \u00dcli\u00f5pilaste lisa\u00f5igused ja -kohustused<\/a><\/p>\n<p style=\"margin-left: 40px;\"><a title=\"\" href=\"https:\/\/sisu.ut.ee\/ope\/teavitamine\" data-url=\"https:\/\/sisu.ut.ee\/ope\/teavitamine\">VII.1. Teavitamine<\/a><\/p>\n<p style=\"margin-left: 40px;\"><a title=\"\" href=\"https:\/\/sisu.ut.ee\/ope\/noustamine\/\" data-url=\"https:\/\/sisu.ut.ee\/ope\/n%C3%B5ustamine\">VII.2. N\u00f5ustamine<\/a><\/p>\n<p style=\"margin-left: 40px;\"><a title=\"\" href=\"https:\/\/sisu.ut.ee\/ope\/oppetoos-kohanduste-tegemine\/\" data-url=\"https:\/\/sisu.ut.ee\/ope\/%C3%B5ppet%C3%B6%C3%B6s-kohanduste-tegemine\">VII.3. \u00d5ppet\u00f6\u00f6s kohanduste tegemine<\/a><\/p>\n<p style=\"margin-left: 40px;\"><a title=\"\" href=\"https:\/\/sisu.ut.ee\/ope\/tagasiside-andmine\" data-url=\"https:\/\/sisu.ut.ee\/ope\/tagasiside-andmine\">VII.4. Tagasiside andmine<\/a><\/p>\n<p style=\"margin-left: 40px;\"><a title=\"\" href=\"https:\/\/sisu.ut.ee\/ope\/teises-eesti-korgkoolis-oppimine\/\" data-url=\"https:\/\/sisu.ut.ee\/ope\/teises-eesti-k%C3%B5rgkoolis-%C3%B5ppimine\">VII.5. Teises Eesti k\u00f5rgkoolis \u00f5ppimine<\/a><\/p>\n<p style=\"margin-left: 40px;\"><a title=\"\" href=\"https:\/\/sisu.ut.ee\/ope\/valiskorgkoolis-oppimine\/\" data-url=\"https:\/\/sisu.ut.ee\/ope\/v%C3%A4lisk%C3%B5rgkoolis-%C3%B5ppimine\">VII.6. V\u00e4lisk\u00f5rgkoolis \u00f5ppimine<\/a><\/p>\n<p style=\"margin-left: 40px;\"><a title=\"\" href=\"https:\/\/sisu.ut.ee\/ope\/akadeemiline-puhkus\" data-url=\"https:\/\/sisu.ut.ee\/ope\/akadeemiline-puhkus\">VII.7. Akadeemiline puhkus<\/a><\/p>\n<p style=\"margin-left: 40px;\"><a title=\"\" href=\"https:\/\/sisu.ut.ee\/ope\/opingute-pikendamine\/\" data-url=\"https:\/\/sisu.ut.ee\/ope\/%C3%B5pingute-pikendamine\">VII.8. \u00d5pingute pikendamine<\/a><\/p>\n<p style=\"margin-left: 40px;\"><a title=\"\" href=\"https:\/\/sisu.ut.ee\/ope\/akadeemilise-hea-tava-jargimine\/\" data-url=\"https:\/\/sisu.ut.ee\/ope\/akadeemilise-hea-tava-j%C3%A4rgimine\">VII.9. Akadeemilise hea tava j\u00e4rgimine<\/a><\/p>\n<p style=\"margin-left: 40px;\"><a title=\"\" href=\"https:\/\/sisu.ut.ee\/ope\/%C3%B5ppekorraldusega-seonduvate-otsuste-vaidlustamine\" data-url=\"https:\/\/sisu.ut.ee\/ope\/%C3%B5ppekorraldusega-seonduvate-otsuste-vaidlustamine\">VII.10. \u00d5ppekorraldusega seonduvate otsuste vaidlustamine<\/a><\/p>\n<p><a title=\"\" href=\"https:\/\/sisu.ut.ee\/ope\/enne-30-augustit-1999-kehtinud-hindamissusteemi-rakendamine\/\" data-url=\"https:\/\/sisu.ut.ee\/ope\/rakenduss%C3%A4tted-0\">VIII. Rakenduss\u00e4tted<\/a><\/p>\n<p style=\"margin-left: 40px;\"><a title=\"\" href=\"https:\/\/sisu.ut.ee\/ope\/enne-30-augustit-1999-kehtinud-hindamissusteemi-rakendamine\/\" data-url=\"https:\/\/sisu.ut.ee\/ope\/enne-30-augustit-1999-kehtinud-hindamiss%C3%BCsteemi-rakendamine\">VIII.1. Enne 30. augustit 1999 kehtinud hindamiss\u00fcsteemi rakendamine<\/a><\/p>\n<p style=\"margin-left: 40px;\"><a title=\"\" href=\"https:\/\/sisu.ut.ee\/ope\/enne-31-augustit-2009-kehtinud-ainepunktisusteemi-rakendamine\/\" data-url=\"https:\/\/sisu.ut.ee\/ope\/enne-31-augustit-2009-kehtinud-ainepunktis%C3%BCsteemi-rakendamine\">VIII.2. Enne 31. augustit 2009 kehtinud ainepunktis\u00fcsteemi rakendamine<\/a><\/p>\n<p style=\"margin-left: 40px;\"><a title=\"\" href=\"https:\/\/sisu.ut.ee\/ope\/eeskirja-joustumine\/\" data-url=\"https:\/\/sisu.ut.ee\/ope\/eeskirja-j%C3%B5ustumine\">VIII.3. Eeskirja j\u00f5ustumine<\/a><\/p>\n<p><a title=\"\" href=\"https:\/\/sisu.ut.ee\/ope\/kulalisuliopilasena-oppimine\/\" data-url=\"https:\/\/sisu.ut.ee\/ope\/k%C3%BClalis%C3%BCli%C3%B5pilase-ja-eksternina-%C3%B5ppimine\">Lisa 1. K\u00fclalis\u00fcli\u00f5pilase ja eksternina \u00f5ppimine<\/a><\/p>\n<p style=\"margin-left: 40px;\"><a title=\"\" href=\"https:\/\/sisu.ut.ee\/ope\/kulalisuliopilasena-oppimine\/\" data-url=\"https:\/\/sisu.ut.ee\/ope\/k%C3%BClalis%C3%BCli%C3%B5pilasena-%C3%B5ppimine\">1. K\u00fclalis\u00fcli\u00f5pilasena \u00f5ppimine<\/a><\/p>\n<p style=\"margin-left: 40px;\"><a title=\"\" href=\"https:\/\/sisu.ut.ee\/ope\/eksternina-oppimine\/\" data-url=\"https:\/\/sisu.ut.ee\/ope\/eksternina-%C3%B5ppimine\">2. Eksternina \u00f5ppimine<\/a><\/p>\n<p><a title=\"\" href=\"https:\/\/sisu.ut.ee\/ope\/riigikeele-suvaope\/\" data-url=\"https:\/\/sisu.ut.ee\/ope\/riigikeele-s%C3%BCva%C3%B5pe\">Lisa 2. Riigikeele s\u00fcva\u00f5pe<\/a><\/p>\n<p><a title=\"\" href=\"https:\/\/sisu.ut.ee\/ope\/varasemate-%C3%B5pingute-ja-t%C3%B6%C3%B6kogemuse-arvestamine\" data-url=\"https:\/\/sisu.ut.ee\/ope\/varasemate-%C3%B5pingute-ja-t%C3%B6%C3%B6kogemuse-arvestamine\" data-wplink-edit=\"true\">Lisa 3. Varasemate \u00f5pingute ja t\u00f6\u00f6kogemuse arvestamine<\/a><\/p>\n<p style=\"margin-left: 40px;\"><a title=\"\" href=\"https:\/\/sisu.ut.ee\/ope\/uldsatted-0\/\" data-url=\"https:\/\/sisu.ut.ee\/ope\/%C3%BClds%C3%A4tted-0\">I. \u00dclds\u00e4tted<\/a><\/p>\n<p style=\"margin-left: 40px;\"><a title=\"\" href=\"https:\/\/sisu.ut.ee\/ope\/taotlemine\" data-url=\"https:\/\/sisu.ut.ee\/ope\/taotlemine\">II. Taotlemine<\/a><\/p>\n<p style=\"margin-left: 40px;\"><a title=\"\" href=\"https:\/\/sisu.ut.ee\/ope\/taotluse-labivaatamise-tasu\/\" data-url=\"https:\/\/sisu.ut.ee\/ope\/taotluse-l%C3%A4bivaatamise-tasu\">III. Taotluse l\u00e4bivaatamise tasu<\/a><\/p>\n<p style=\"margin-left: 40px;\"><a title=\"\" href=\"https:\/\/sisu.ut.ee\/ope\/hindamise-uldpohimotted\/\" data-url=\"https:\/\/sisu.ut.ee\/ope\/hindamise-%C3%BCldp%C3%B5him%C3%B5tted\">IV. Hindamise \u00fcldp\u00f5him\u00f5tted<\/a><\/p>\n<p style=\"margin-left: 40px;\"><a title=\"\" href=\"https:\/\/sisu.ut.ee\/ope\/arvestamine\" data-url=\"https:\/\/sisu.ut.ee\/ope\/arvestamine\">V. Arvestamine<\/a><\/p>\n<p><strong><a title=\"\" href=\"https:\/\/adr.ut.ee\/?page=pub_get_ttxt_dokv_file&amp;pid=1996333851&amp;lang=est&amp;u=20230906112447&amp;desktop=57835&amp;r_url=%2F%3Fpage%3Dpub_list_dynobj%26pid%3D%26tid%3D69329%26u%3D20230906112447\" target=\"_blank\" rel=\"noopener\" data-url=\"https:\/\/adr.ut.ee\/?page=pub_get_ttxt_dokv_file&amp;pid=1996333851&amp;lang=est&amp;u=20230906112447&amp;desktop=57835&amp;r_url=%2F%3Fpage%3Dpub_list_dynobj%26pid%3D%26tid%3D69329%26u%3D20230906112447\">\u00d5ppekorralduseeskiri<\/a><\/strong> (T\u00dc senati m\u00e4\u00e4ruse terviktekst)<\/p>","protected":false},"excerpt":{"rendered":"<p>I. \u00dclds\u00e4tted II.\u00d5ppeained ja moodulid II.1. \u00d5ppeained II.2. \u00d5ppekava l\u00e4bimise planeerimine II.3. \u00d5ppeainetesse registreerumine III.\u00d5ppekava t\u00e4itmine III.1. \u00d5ppes\u00fcsteem III.2. \u00d5ppekoormus IV. Hindamine IV.1. \u00d5piv\u00e4ljundite hindamise skaalad IV.2. Hindamiskorraldus IV.3. Hindamise tulemused IV.4. L\u00f5pueksam IV.5. L\u00f5put\u00f6\u00f6 kaitsmine V. \u00d5pingute l\u00f5petamine V.1. &#8230;<\/p>\n","protected":false},"author":383,"featured_media":0,"parent":0,"menu_order":0,"comment_status":"closed","ping_status":"closed","template":"","meta":{"_acf_changed":false,"inline_featured_image":false,"footnotes":""},"class_list":["post-112","page","type-page","status-publish","hentry"],"acf":[],"_links":{"self":[{"href":"https:\/\/sisu.ut.ee\/ope\/wp-json\/wp\/v2\/pages\/112","targetHints":{"allow":["GET"]}}],"collection":[{"href":"https:\/\/sisu.ut.ee\/ope\/wp-json\/wp\/v2\/pages"}],"about":[{"href":"https:\/\/sisu.ut.ee\/ope\/wp-json\/wp\/v2\/types\/page"}],"author":[{"embeddable":true,"href":"https:\/\/sisu.ut.ee\/ope\/wp-json\/wp\/v2\/users\/383"}],"replies":[{"embeddable":true,"href":"https:\/\/sisu.ut.ee\/ope\/wp-json\/wp\/v2\/comments?post=112"}],"version-history":[{"count":4,"href":"https:\/\/sisu.ut.ee\/ope\/wp-json\/wp\/v2\/pages\/112\/revisions"}],"predecessor-version":[{"id":1496,"href":"https:\/\/sisu.ut.ee\/ope\/wp-json\/wp\/v2\/pages\/112\/revisions\/1496"}],"wp:attachment":[{"href":"https:\/\/sisu.ut.ee\/ope\/wp-json\/wp\/v2\/media?parent=112"}],"curies":[{"name":"wp","href":"https:\/\/api.w.org\/{rel}","templated":true}]}}