{"id":110,"date":"2024-04-04T07:16:00","date_gmt":"2024-04-04T04:16:00","guid":{"rendered":"https:\/\/sisu.ut.ee\/ope\/doktoritoo-sailitamine\/"},"modified":"2024-04-16T16:33:21","modified_gmt":"2024-04-16T13:33:21","slug":"doktoritoo-sailitamine","status":"publish","type":"page","link":"https:\/\/sisu.ut.ee\/ope\/doktoritoo-sailitamine\/","title":{"rendered":"III.10. Doktorit\u00f6\u00f6 s\u00e4ilitamine"},"content":{"rendered":"<p style=\"text-align: justify;\"><strong><br>\n176. <\/strong>Doktorit\u00f6\u00f6d s\u00e4ilitatakse \u00fclikooli raamatukogus tr\u00fckitult ja elektroonselt.<\/p>\n<p style=\"text-align: justify;\"><strong>177.<\/strong> Kui kaitsmisele lubamise otsus t\u00fchistatakse <a title=\"\" href=\"https:\/\/sisu.ut.ee\/ope\/doktorikraadi-andva-noukogu-otsuste-vaidlustamine-ja-tuhistamine\/#174.2.1\" target=\"_blank\" rel=\"noopener\" data-url=\"https:\/\/sisu.ut.ee\/ope\/doktorikraadi-andva-n%C3%B5ukogu-otsuste-vaidlustamine-ja-t%C3%BChistamine?lang=et#174.2.1\">punkti 174.2.1<\/a> kohaselt, kaitsmine ei olnud edukas <a title=\"\" href=\"https:\/\/sisu.ut.ee\/ope\/noukogu-otsus\/#149.2\" target=\"_blank\" rel=\"noopener\" data-url=\"https:\/\/sisu.ut.ee\/ope\/n%C3%B5ukogu-otsus?lang=et#149.2\">punktides 149.2<\/a>, <a title=\"\" href=\"https:\/\/sisu.ut.ee\/ope\/noukogu-otsus\/#151.1.2\" target=\"_blank\" rel=\"noopener\" data-url=\"https:\/\/sisu.ut.ee\/ope\/n%C3%B5ukogu-otsus?lang=et#151.1.2\">151.1.2<\/a> ja <a title=\"\" href=\"https:\/\/sisu.ut.ee\/ope\/noukogu-otsus\/#151.2\" target=\"_blank\" rel=\"noopener\" data-url=\"https:\/\/sisu.ut.ee\/ope\/n%C3%B5ukogu-otsus?lang=et#151.2\">151.2<\/a> kirjeldatud juhul v\u00f5i doktorikraadi andmine t\u00fchistatakse <a title=\"\" href=\"https:\/\/sisu.ut.ee\/ope\/doktorikraadi-andva-noukogu-otsuste-vaidlustamine-ja-tuhistamine\/#174.2.2\" target=\"_blank\" rel=\"noopener\" data-url=\"https:\/\/sisu.ut.ee\/ope\/doktorikraadi-andva-n%C3%B5ukogu-otsuste-vaidlustamine-ja-t%C3%BChistamine?lang=et#174.2.2\">punkti 174.2.2<\/a> kohaselt p\u00e4rast kaitsmist, suletakse juurdep\u00e4\u00e4s elektroonsele doktorit\u00f6\u00f6le n\u00f5ukogu esildise alusel.<\/p>\n","protected":false},"excerpt":{"rendered":"<p>176. Doktorit\u00f6\u00f6d s\u00e4ilitatakse \u00fclikooli raamatukogus tr\u00fckitult ja elektroonselt. 177. Kui kaitsmisele lubamise otsus t\u00fchistatakse punkti 174.2.1 kohaselt, kaitsmine ei olnud edukas punktides 149.2, 151.1.2 ja 151.2 kirjeldatud juhul v\u00f5i doktorikraadi andmine t\u00fchistatakse punkti 174.2.2 kohaselt p\u00e4rast kaitsmist, suletakse juurdep\u00e4\u00e4s elektroonsele &#8230;<\/p>\n","protected":false},"author":228,"featured_media":0,"parent":0,"menu_order":0,"comment_status":"closed","ping_status":"closed","template":"","meta":{"_acf_changed":false,"inline_featured_image":false,"footnotes":""},"class_list":["post-110","page","type-page","status-publish","hentry"],"acf":[],"_links":{"self":[{"href":"https:\/\/sisu.ut.ee\/ope\/wp-json\/wp\/v2\/pages\/110","targetHints":{"allow":["GET"]}}],"collection":[{"href":"https:\/\/sisu.ut.ee\/ope\/wp-json\/wp\/v2\/pages"}],"about":[{"href":"https:\/\/sisu.ut.ee\/ope\/wp-json\/wp\/v2\/types\/page"}],"author":[{"embeddable":true,"href":"https:\/\/sisu.ut.ee\/ope\/wp-json\/wp\/v2\/users\/228"}],"replies":[{"embeddable":true,"href":"https:\/\/sisu.ut.ee\/ope\/wp-json\/wp\/v2\/comments?post=110"}],"version-history":[{"count":3,"href":"https:\/\/sisu.ut.ee\/ope\/wp-json\/wp\/v2\/pages\/110\/revisions"}],"predecessor-version":[{"id":1437,"href":"https:\/\/sisu.ut.ee\/ope\/wp-json\/wp\/v2\/pages\/110\/revisions\/1437"}],"wp:attachment":[{"href":"https:\/\/sisu.ut.ee\/ope\/wp-json\/wp\/v2\/media?parent=110"}],"curies":[{"name":"wp","href":"https:\/\/api.w.org\/{rel}","templated":true}]}}