{"id":11,"date":"2024-04-04T07:15:49","date_gmt":"2024-04-04T04:15:49","guid":{"rendered":"https:\/\/sisu.ut.ee\/ope\/oppeainetesse-registreerumine\/"},"modified":"2024-04-04T07:17:34","modified_gmt":"2024-04-04T04:17:34","slug":"oppeainetesse-registreerumine","status":"publish","type":"page","link":"https:\/\/sisu.ut.ee\/ope\/oppeainetesse-registreerumine\/","title":{"rendered":"II.3. \u00d5ppeainetesse registreerumine"},"content":{"rendered":"<p style=\"text-align: justify\">\n\t<br><strong>II.3. \u00d5ppeainetesse registreerumine<\/strong><\/p>\n<p>22. \u00d5ppeainesse registreerumisega v\u00e4ljendab \u00fcli\u00f5pilane oma otsust see \u00f5ppeaine l\u00e4bida ning \u00fclikoolil tekib \u00f5igus hinnata selle aine l\u00e4bimise tulemuslikkust ja k\u00fcsida \u00f5ppeinfos\u00fcsteemis tagasisidet \u00f5ppimise ja \u00f5petamise kohta.\n<\/p>\n<p style=\"text-align: justify\">\n\t23. \u00dchel semestril saab \u00f5ppeainetesse registreeruda kuni 50 EAP mahus, v\u00e4lja arvatud l\u00f5put\u00f6\u00f6 maht. Suuremas mahus \u00f5ppeainetesse registreerumise otsustab programmijuht.\n<\/p>\n<p style=\"text-align: justify\">\n\t24. Registreerumine \u00f5ppeainetesse algab akadeemilises kalendris s\u00e4testatud ajal, mais j\u00e4rgmise s\u00fcgissemestri \u00f5ppeainetesse ja detsembris j\u00e4rgmise kevadsemestri \u00f5ppeainetesse, ning l\u00f5peb vastava semestri alguseks, kui \u00f5ppeaines ei ole m\u00e4\u00e4ratud teisiti. Esimese semestri \u00fcli\u00f5pilaste registreerimine kohustuslikesse \u00f5ppeainetesse v\u00f5ib alata \u00f5ppeaasta alguses ja kesta v\u00e4hemalt kaks n\u00e4dalat.\n<\/p>\n<p style=\"text-align: justify\">\n\t25. \u00dcldisest registreerimiskorrast tehakse j\u00e4rgmised erandid.\n<\/p>\n<p style=\"text-align: justify;margin-left: 40px\">\n\t25.1. K\u00fclalis\u00fcli\u00f5pilane v\u00f5i ekstern registreerub valitud \u00f5ppeainetesse \u00f5ppeinfos\u00fcsteemis, dekanaadis, instituudis v\u00f5i kolled\u017eis kahe n\u00e4dala jooksul alates tema \u00f5pingute algusest \u00fclikoolis.\n<\/p>\n<p style=\"text-align: justify;margin-left: 40px\">\n\t25.2. P\u00e4rast \u00f5ppeainesse registreerimise t\u00e4htaja l\u00f5ppu akadeemiliselt puhkuselt naasnud v\u00f5i vaba \u00f5ppekoha t\u00e4itnud \u00fcli\u00f5pilane registreeritakse tema soovil \u00f5ppeainesse \u00f5ppekava haldavas valdkonnas, instituudis v\u00f5i kolled\u017eis n\u00e4dala jooksul alates akadeemilise puhkuse l\u00f5ppemisest v\u00f5i \u00f5ppekoha t\u00e4itmisest.\n<\/p>\n<p style=\"text-align: justify\">\n\t26. Osakoormusega \u00f5ppival \u00fcli\u00f5pilasel on kohustus igal semestril \u00f5ppeainetesse registreeruda, v\u00e4lja arvatud juhul, kui \u00f5ppekava t\u00e4itmiseks on vaja sooritada ainult lopueksam v\u00f5i kaitsta l\u00f5put\u00f6\u00f6.\n<\/p>\n<p style=\"text-align: justify\">\n\t27. \u00dcli\u00f5pilasel on \u00f5igus t\u00fchistada \u00f5ppeainesse registreerumine\n<\/p>\n<p style=\"text-align: justify;margin-left: 40px\">\n\t27.1. kahe n\u00e4dala jooksul alates esimese kontakt\u00f5ppe toimumisest v\u00f5i \u00f5ppeaines m\u00e4\u00e4ratud muul t\u00e4htajal. Sellisel juhul on \u00fcli\u00f5pilasel \u00f5igus registreeruda kokkuleppel vastutava \u00f5ppej\u00f5uga teise \u00f5ppeainesse, kuid seda vaid kahe n\u00e4dala jooksul p\u00e4rast esimese kontakt\u00f5ppe toimumist selles \u00f5ppeaines v\u00f5i \u00f5ppeaines m\u00e4\u00e4ratud registreeringu t\u00fchistamise t\u00e4htaja jooksul. \u00d5ppeprodekaan v\u00f5ib erandkorras p\u00f5hjendatud juhtudel lubada \u00fcldisest t\u00e4htajast hilisemat \u00f5ppeainesse registreerumise t\u00fchistamist;\n<\/p>\n<p style=\"text-align: justify;margin-left: 40px\">\n\t27.2. \u00f5ppeaine toimumisaja muutumise korral kahe n\u00e4dala jooksul p\u00e4rast muudatusest teavitamist;\n<\/p>\n<p style=\"text-align: justify;margin-left: 40px\">\n\t27.3. kahe n\u00e4dala jooksul p\u00e4rast \u00f5ppekava vahetust \u00f5ppeaines, mis ei kuulu uude \u00f5ppekavasse;\n<\/p>\n<p style=\"text-align: justify;margin-left: 40px\">\n\t27.4. kahe n\u00e4dala jooksul p\u00e4rast v\u00e4lismaal \u00f5ppijaks arvamist;\n<\/p>\n<p style=\"text-align: justify;margin-left: 40px\">\n\t27.5. samal semestril V\u00d5TA-ga l\u00e4bitud \u00f5ppeaines.\n<\/p>\n<p style=\"text-align: justify\">\n\t28. Kui \u00f5ppeaine toimumiseks vajalik v\u00e4him osalejate arv ei t\u00e4itu, on programmijuhil \u00f5igus t\u00fchistada \u00f5ppeaine toimumine kolme t\u00f6\u00f6p\u00e4eva jooksul alates \u00f5ppeainesse registreerimise t\u00e4htp\u00e4evast, korraldades registreerunud \u00fcli\u00f5pilaste teavitamise. Seitsme p\u00e4eva jooksul alates selle otsuse teatavakstegemisest on \u00f5ppeainesse registreerunud \u00fcli\u00f5pilastel \u00f5igus kokkuleppel vastutava \u00f5ppej\u00f5uga registreeruda teise \u00f5ppeainesse. Kui \u00f5ppeaines osalejate arv langeb alla miinimumi p\u00e4rast semestri algust, v\u00f5ib \u00f5ppeaine toimumise t\u00fchistada k\u00f5igi selles osalevate \u00fcli\u00f5pilaste n\u00f5usolekul, mis on esitatud kirjalikku taasesitamist v\u00f5imaldavas vormis.<\/p>\n","protected":false},"excerpt":{"rendered":"<p>II.3. \u00d5ppeainetesse registreerumine 22. \u00d5ppeainesse registreerumisega v\u00e4ljendab \u00fcli\u00f5pilane oma otsust see \u00f5ppeaine l\u00e4bida ning \u00fclikoolil tekib \u00f5igus hinnata selle aine l\u00e4bimise tulemuslikkust ja k\u00fcsida \u00f5ppeinfos\u00fcsteemis tagasisidet \u00f5ppimise ja \u00f5petamise kohta. 23. \u00dchel semestril saab \u00f5ppeainetesse registreeruda kuni 50 EAP mahus, &#8230;<\/p>\n","protected":false},"author":228,"featured_media":0,"parent":0,"menu_order":0,"comment_status":"closed","ping_status":"closed","template":"","meta":{"_acf_changed":false,"inline_featured_image":false,"footnotes":""},"class_list":["post-11","page","type-page","status-publish","hentry"],"acf":[],"_links":{"self":[{"href":"https:\/\/sisu.ut.ee\/ope\/wp-json\/wp\/v2\/pages\/11","targetHints":{"allow":["GET"]}}],"collection":[{"href":"https:\/\/sisu.ut.ee\/ope\/wp-json\/wp\/v2\/pages"}],"about":[{"href":"https:\/\/sisu.ut.ee\/ope\/wp-json\/wp\/v2\/types\/page"}],"author":[{"embeddable":true,"href":"https:\/\/sisu.ut.ee\/ope\/wp-json\/wp\/v2\/users\/228"}],"replies":[{"embeddable":true,"href":"https:\/\/sisu.ut.ee\/ope\/wp-json\/wp\/v2\/comments?post=11"}],"version-history":[{"count":1,"href":"https:\/\/sisu.ut.ee\/ope\/wp-json\/wp\/v2\/pages\/11\/revisions"}],"predecessor-version":[{"id":736,"href":"https:\/\/sisu.ut.ee\/ope\/wp-json\/wp\/v2\/pages\/11\/revisions\/736"}],"wp:attachment":[{"href":"https:\/\/sisu.ut.ee\/ope\/wp-json\/wp\/v2\/media?parent=11"}],"curies":[{"name":"wp","href":"https:\/\/api.w.org\/{rel}","templated":true}]}}