{"id":109,"date":"2024-04-04T07:16:00","date_gmt":"2024-04-04T04:16:00","guid":{"rendered":"https:\/\/sisu.ut.ee\/ope\/doktorikraadi-andva-noukogu-otsuste-vaidlustamine-ja-tuhistamine\/"},"modified":"2025-05-19T16:43:31","modified_gmt":"2025-05-19T13:43:31","slug":"doktorikraadi-andva-noukogu-otsuste-vaidlustamine-ja-tuhistamine","status":"publish","type":"page","link":"https:\/\/sisu.ut.ee\/ope\/doktorikraadi-andva-noukogu-otsuste-vaidlustamine-ja-tuhistamine\/","title":{"rendered":"III.9. Doktorikraadi andva n\u00f5ukogu otsuste vaidlustamine ja t\u00fchistamine"},"content":{"rendered":"<p style=\"text-align: justify;\"><strong><br>\n<a id=\"171\" name=\"171\"><\/a>171.<\/strong> Doktorikraadi taotlemise ja andmise korra rikkumisel v\u00f5ib doktorikraadi taotleja esitada n\u00f5ukogu otsuse peale teadusprorektorile apellatsiooni viie t\u00f6\u00f6p\u00e4eva jooksul alates n\u00f5ukogu otsuse teatavakstegemisest. Teadusprorektor moodustab apellatsiooni menetlemiseks v\u00e4hemalt kolmeliikmelise apellatsioonikomisjoni, mille esimees on teadusprorektor. V\u00e4hemalt kolmel apellatsioonikomisjoni liikmel peab olema doktorikraad v\u00f5i sellele vastav kvalifikatsioon.<\/p>\n<p style=\"text-align: justify;\"><strong style=\"font-size: revert;\"><a id=\"172\" name=\"172\"><\/a><\/strong><strong>172.<\/strong> Apellatsioonikomisjon otsustab 30 p\u00e4eva jooksul alates apellatsiooni esitamisest, kas j\u00e4tab vaidlustatud otsuse j\u00f5usse v\u00f5i t\u00fchistab selle ja saadab otsuse teinud n\u00f5ukogule v\u00f5i <a title=\"\" href=\"https:\/\/sisu.ut.ee\/ope\/uhisnoukogu-otsused\/#170\" target=\"_blank\" rel=\"noopener\" data-url=\"https:\/\/sisu.ut.ee\/ope\/%C3%BChisn%C3%B5ukogu-otsused?lang=et#170\">punktis 170<\/a> nimetatud juhul \u00fclikooli kraadi andvale n\u00f5ukogule uueks otsustamiseks. Apellatsioonikomisjoni otsust \u00fclikoolis edasi kaevata ei saa.<\/p>\n<p style=\"text-align: justify;\"><strong>173.<\/strong> Plagiaadi v\u00f5i muu akadeemilise petturluse korral on n\u00f5ukogul \u00f5igus kaitsmisele lubamise v\u00f5i doktorikraadi andmise otsus t\u00fchistada. Kaitsmisele lubamise otsuse v\u00f5ib t\u00fchistada ka plagiaadi v\u00f5i muu akadeemilise petturluse p\u00f5hjendatud kahtluse korral. Kui kaitstud kraadile vastavat n\u00f5ukogu doktori\u00f5ppe programmi v\u00f5i eriala sulgemise t\u00f5ttu enam \u00fclikoolis ei ole, on n\u00f5ukogu \u00f5igused ja kohustused vastava valdkonna n\u00f5ukogul.<\/p>\n<p style=\"text-align: justify;\"><strong style=\"font-size: revert;\"><a id=\"174\" name=\"174\"><\/a><\/strong><strong>174.<\/strong> Plagiaadi v\u00f5i muu akadeemilise petturluse kahtluse korral k\u00fcsib n\u00f5ukogu v\u00e4hemalt kaks eksperdihinnangut ning doktorikraadi taotleja ja juhendaja(te) seletuskirja ning teeb nende p\u00f5hjal \u00fche kuu jooksul p\u00e4rast kahtluse saamist \u00fche j\u00e4rgmistest otsustest, mis vormistatakse protokollilise otsusena:<\/p>\n<p style=\"text-align: justify; margin-left: 40px;\"><strong>174.1.<\/strong> plagiaadi v\u00f5i muu akadeemilise petturluse kahtlus ei leidnud kinnitust ja<\/p>\n<p style=\"text-align: justify; margin-left: 80px;\"><strong>174.1.1. <\/strong>doktorit\u00f6\u00f6 kaitsmisele lubamise otsus j\u00e4\u00e4b kehtima;<br>\n<strong>174.1.2.<\/strong> doktorikraadi andmise otsus j\u00e4\u00e4b kehtima;<\/p>\n<p style=\"text-align: justify; margin-left: 40px;\"><strong>174.2.<\/strong> plagiaadi v\u00f5i muu akadeemilise petturluse kahtlus leidis kinnitust ja<\/p>\n<p style=\"text-align: justify; margin-left: 80px;\"><strong><a id=\"174.2.1\" name=\"174.2.1\"><\/a>174.2.1.<\/strong> doktorit\u00f6\u00f6 kaitsmisele lubamise otsus t\u00fchistatakse ja teadusprorektorile tehakse ettepanek eksmatrikuleerida doktorant akadeemilise petturluse t\u00f5ttu eeskirja <a title=\"\" href=\"https:\/\/sisu.ut.ee\/ope\/eksmatrikuleerimine-0?lang=et#87.12.1\" target=\"_blank\" rel=\"noopener\" data-url=\"https:\/\/sisu.ut.ee\/ope\/eksmatrikuleerimine-0?lang=et#87.12.1\">punkti 87.12.1<\/a> alusel;<br>\n<strong><a id=\"174.2.2\" name=\"174.2.2\"><\/a>174.2.2.<\/strong> doktorikraadi andmise otsus t\u00fchistatakse. Sellekohane n\u00f5ukogu otsus avalikustatakse \u00fclikooli veebilehel.<\/p>\n<p style=\"text-align: justify;\"><strong>175.<\/strong> Punktides <a title=\"\" href=\"https:\/\/sisu.ut.ee\/ope\/noukogu-otsus\/#151.2\" target=\"_blank\" rel=\"noopener\" data-url=\"https:\/\/sisu.ut.ee\/ope\/n%C3%B5ukogu-otsus?lang=et#151.2\">151.2<\/a>, <a title=\"\" href=\"https:\/\/sisu.ut.ee\/ope\/doktoritoo-korduskaitsmine\/#155\" target=\"_blank\" rel=\"noopener\" data-url=\"https:\/\/sisu.ut.ee\/ope\/doktorit%C3%B6%C3%B6-korduskaitsmine?lang=et#155\">155<\/a>, <a title=\"\" href=\"https:\/\/sisu.ut.ee\/ope\/doktoritoo-korduskaitsmine\/#157\" target=\"_blank\" rel=\"noopener\" data-url=\"https:\/\/sisu.ut.ee\/ope\/doktorit%C3%B6%C3%B6-korduskaitsmine?lang=et#157\">157<\/a>, 174.2.1 ja 174.2.2 s\u00e4testatud otsuste korral ei ole lubatud sama doktorit\u00f6\u00f6d uuesti kaitsmisele esitada.<\/p>\n","protected":false},"excerpt":{"rendered":"<p>171. Doktorikraadi taotlemise ja andmise korra rikkumisel v\u00f5ib doktorikraadi taotleja esitada n\u00f5ukogu otsuse peale teadusprorektorile apellatsiooni viie t\u00f6\u00f6p\u00e4eva jooksul alates n\u00f5ukogu otsuse teatavakstegemisest. Teadusprorektor moodustab apellatsiooni menetlemiseks v\u00e4hemalt kolmeliikmelise apellatsioonikomisjoni, mille esimees on teadusprorektor. V\u00e4hemalt kolmel apellatsioonikomisjoni liikmel peab olema &#8230;<\/p>\n","protected":false},"author":228,"featured_media":0,"parent":0,"menu_order":0,"comment_status":"closed","ping_status":"closed","template":"","meta":{"_acf_changed":false,"inline_featured_image":false,"footnotes":""},"class_list":["post-109","page","type-page","status-publish","hentry"],"acf":[],"_links":{"self":[{"href":"https:\/\/sisu.ut.ee\/ope\/wp-json\/wp\/v2\/pages\/109","targetHints":{"allow":["GET"]}}],"collection":[{"href":"https:\/\/sisu.ut.ee\/ope\/wp-json\/wp\/v2\/pages"}],"about":[{"href":"https:\/\/sisu.ut.ee\/ope\/wp-json\/wp\/v2\/types\/page"}],"author":[{"embeddable":true,"href":"https:\/\/sisu.ut.ee\/ope\/wp-json\/wp\/v2\/users\/228"}],"replies":[{"embeddable":true,"href":"https:\/\/sisu.ut.ee\/ope\/wp-json\/wp\/v2\/comments?post=109"}],"version-history":[{"count":4,"href":"https:\/\/sisu.ut.ee\/ope\/wp-json\/wp\/v2\/pages\/109\/revisions"}],"predecessor-version":[{"id":1897,"href":"https:\/\/sisu.ut.ee\/ope\/wp-json\/wp\/v2\/pages\/109\/revisions\/1897"}],"wp:attachment":[{"href":"https:\/\/sisu.ut.ee\/ope\/wp-json\/wp\/v2\/media?parent=109"}],"curies":[{"name":"wp","href":"https:\/\/api.w.org\/{rel}","templated":true}]}}