{"id":108,"date":"2024-04-04T07:16:00","date_gmt":"2024-04-04T04:16:00","guid":{"rendered":"https:\/\/sisu.ut.ee\/ope\/uhisnoukogu-otsused\/"},"modified":"2025-05-19T16:51:19","modified_gmt":"2025-05-19T13:51:19","slug":"uhisnoukogu-otsused","status":"publish","type":"page","link":"https:\/\/sisu.ut.ee\/ope\/uhisnoukogu-otsused\/","title":{"rendered":"III.8.4. \u00dchisn\u00f5ukogu otsused"},"content":{"rendered":"<p style=\"text-align: justify;\"><strong>168.<\/strong> \u00dchisjuhendamise lepingus kokku lepitud tingimustel ja korras doktorit\u00f6\u00f6d kaitsnud isikule \u00fclikooli diplomi v\u00e4ljaandmise aluseks on \u00fchisn\u00f5ukogu koosoleku protokoll. Lisaks n\u00f5uetekohastele vormielementidele peab protokoll sisaldama doktorikraadi taotleja nime, doktorit\u00f6\u00f6 pealkirja eesti keeles ja keeles, milles doktorit\u00f6\u00f6 on kirjutatud, v\u00f5i eestikeelse doktorit\u00f6\u00f6 puhul eesti ja inglise keeles, juhendaja(te), oponendi v\u00f5i oponentide ja doktorit\u00f6\u00f6 kaitsmisel viibinud otsustus\u00f5iguslike n\u00f5ukogu liikmete nimesid koos teaduskraadidega ja institutsioonilise kuuluvusega, koosoleku juhataja nime, h\u00e4\u00e4letamistulemusi ning otsust kraadi andmise kohta.<\/p>\n<p style=\"text-align: justify;\"><strong>169.<\/strong> \u00dchisjuhendamise lepingus kokku lepitud doktorit\u00f6\u00f6de kaitsmise tingimuste ja korra rikkumisel v\u00f5ib doktorikraadi taotleja esitada \u00fchisn\u00f5ukogus \u00fclikooli doktorikraadi andmise kohta tehtud otsuse peale apellatsiooni <a title=\"\" href=\"https:\/\/sisu.ut.ee\/ope\/doktorikraadi-andva-n%C3%B5ukogu-otsuste-vaidlustamine-ja-t%C3%BChistamine?lang=et#171\" target=\"_blank\" rel=\"noopener\" data-url=\"https:\/\/sisu.ut.ee\/ope\/doktorikraadi-andva-n%C3%B5ukogu-otsuste-vaidlustamine-ja-t%C3%BChistamine?lang=et#171\">punktides 171\u2013172<\/a> s\u00e4testatud korras.<\/p>\n<p style=\"text-align: justify;\"><strong style=\"font-size: revert;\"><a id=\"170\" name=\"170\"><\/a><\/strong><strong>170.<\/strong> \u00dclikooli doktorikraadi andev n\u00f5ukogu v\u00f5ib <a title=\"\" href=\"https:\/\/sisu.ut.ee\/ope\/doktorikraadi-andva-noukogu-otsuste-vaidlustamine-ja-tuhistamine\/#172\" target=\"_blank\" rel=\"noopener\" data-url=\"https:\/\/sisu.ut.ee\/ope\/doktorikraadi-andva-n%C3%B5ukogu-otsuste-vaidlustamine-ja-t%C3%BChistamine?lang=et#172\">punktis 172<\/a> s\u00e4testatud juhul t\u00fchistada \u00fchisn\u00f5ukogu otsuse kraadi andmise kohta <a title=\"\" href=\"https:\/\/sisu.ut.ee\/ope\/doktorikraadi-andva-noukogu-otsuste-vaidlustamine-ja-tuhistamine\/#174\" target=\"_blank\" rel=\"noopener\" data-url=\"https:\/\/sisu.ut.ee\/ope\/doktorikraadi-andva-n%C3%B5ukogu-otsuste-vaidlustamine-ja-t%C3%BChistamine?lang=et#174\">punktis 174<\/a> s\u00e4testatud korras.<\/p>\n","protected":false},"excerpt":{"rendered":"<p>168. \u00dchisjuhendamise lepingus kokku lepitud tingimustel ja korras doktorit\u00f6\u00f6d kaitsnud isikule \u00fclikooli diplomi v\u00e4ljaandmise aluseks on \u00fchisn\u00f5ukogu koosoleku protokoll. Lisaks n\u00f5uetekohastele vormielementidele peab protokoll sisaldama doktorikraadi taotleja nime, doktorit\u00f6\u00f6 pealkirja eesti keeles ja keeles, milles doktorit\u00f6\u00f6 on kirjutatud, v\u00f5i eestikeelse &#8230;<\/p>\n","protected":false},"author":228,"featured_media":0,"parent":0,"menu_order":0,"comment_status":"closed","ping_status":"closed","template":"","meta":{"_acf_changed":false,"inline_featured_image":false,"footnotes":""},"class_list":["post-108","page","type-page","status-publish","hentry"],"acf":[],"_links":{"self":[{"href":"https:\/\/sisu.ut.ee\/ope\/wp-json\/wp\/v2\/pages\/108","targetHints":{"allow":["GET"]}}],"collection":[{"href":"https:\/\/sisu.ut.ee\/ope\/wp-json\/wp\/v2\/pages"}],"about":[{"href":"https:\/\/sisu.ut.ee\/ope\/wp-json\/wp\/v2\/types\/page"}],"author":[{"embeddable":true,"href":"https:\/\/sisu.ut.ee\/ope\/wp-json\/wp\/v2\/users\/228"}],"replies":[{"embeddable":true,"href":"https:\/\/sisu.ut.ee\/ope\/wp-json\/wp\/v2\/comments?post=108"}],"version-history":[{"count":6,"href":"https:\/\/sisu.ut.ee\/ope\/wp-json\/wp\/v2\/pages\/108\/revisions"}],"predecessor-version":[{"id":1900,"href":"https:\/\/sisu.ut.ee\/ope\/wp-json\/wp\/v2\/pages\/108\/revisions\/1900"}],"wp:attachment":[{"href":"https:\/\/sisu.ut.ee\/ope\/wp-json\/wp\/v2\/media?parent=108"}],"curies":[{"name":"wp","href":"https:\/\/api.w.org\/{rel}","templated":true}]}}