{"id":107,"date":"2024-04-04T07:15:59","date_gmt":"2024-04-04T04:15:59","guid":{"rendered":"https:\/\/sisu.ut.ee\/ope\/doktorikraadi-andev-uhisnoukogu\/"},"modified":"2024-04-16T12:30:26","modified_gmt":"2024-04-16T09:30:26","slug":"doktorikraadi-andev-uhisnoukogu","status":"publish","type":"page","link":"https:\/\/sisu.ut.ee\/ope\/doktorikraadi-andev-uhisnoukogu\/","title":{"rendered":"III.8.3. Doktorikraadi andev \u00fchisn\u00f5ukogu"},"content":{"rendered":"<p style=\"text-align: justify;\"><strong><br>\n165. <\/strong>\u00dclikooli doktorikraadi andmise \u00f5igus on \u00fchisjuhendamise lepingus kokku lepitud tingimustel ja korras moodustatud kraadi andval \u00fchisn\u00f5ukogul. \u00dchisn\u00f5ukogusse kuuluvad \u00fclikooli doktorikraadi andva n\u00f5ukogu ja v\u00e4lis\u00fclikooli esindajad. \u00dchisn\u00f5ukogul on v\u00e4hemalt kuus liiget, kellel on doktorikraad v\u00f5i vastav kvalifikatsioon. V\u00e4hemalt kolm \u00fchisn\u00f5ukogu liiget on \u00fclikooli doktorikraadi andva n\u00f5ukogu esindajad.<\/p>\n<p style=\"text-align: justify;\"><strong>166. <\/strong>\u00dchisn\u00f5ukogu liikmeteks arvatud juhendajatel on \u00f5igus h\u00e4\u00e4letada doktorikraadi andmise otsustamisel, kui \u00fchisjuhendamise lepingus ei ole kokku lepitud teisiti.<\/p>\n<p style=\"text-align: justify;\"><strong>167.<\/strong> \u00dchisn\u00f5ukogu koosolekud v\u00f5ivad toimuda reaalajas kahesuunalist pilti ja heli v\u00f5imaldava side abil.<\/p>\n","protected":false},"excerpt":{"rendered":"<p>165. \u00dclikooli doktorikraadi andmise \u00f5igus on \u00fchisjuhendamise lepingus kokku lepitud tingimustel ja korras moodustatud kraadi andval \u00fchisn\u00f5ukogul. \u00dchisn\u00f5ukogusse kuuluvad \u00fclikooli doktorikraadi andva n\u00f5ukogu ja v\u00e4lis\u00fclikooli esindajad. \u00dchisn\u00f5ukogul on v\u00e4hemalt kuus liiget, kellel on doktorikraad v\u00f5i vastav kvalifikatsioon. V\u00e4hemalt kolm \u00fchisn\u00f5ukogu &#8230;<\/p>\n","protected":false},"author":228,"featured_media":0,"parent":0,"menu_order":0,"comment_status":"closed","ping_status":"closed","template":"","meta":{"_acf_changed":false,"inline_featured_image":false,"footnotes":""},"class_list":["post-107","page","type-page","status-publish","hentry"],"acf":[],"_links":{"self":[{"href":"https:\/\/sisu.ut.ee\/ope\/wp-json\/wp\/v2\/pages\/107","targetHints":{"allow":["GET"]}}],"collection":[{"href":"https:\/\/sisu.ut.ee\/ope\/wp-json\/wp\/v2\/pages"}],"about":[{"href":"https:\/\/sisu.ut.ee\/ope\/wp-json\/wp\/v2\/types\/page"}],"author":[{"embeddable":true,"href":"https:\/\/sisu.ut.ee\/ope\/wp-json\/wp\/v2\/users\/228"}],"replies":[{"embeddable":true,"href":"https:\/\/sisu.ut.ee\/ope\/wp-json\/wp\/v2\/comments?post=107"}],"version-history":[{"count":2,"href":"https:\/\/sisu.ut.ee\/ope\/wp-json\/wp\/v2\/pages\/107\/revisions"}],"predecessor-version":[{"id":1402,"href":"https:\/\/sisu.ut.ee\/ope\/wp-json\/wp\/v2\/pages\/107\/revisions\/1402"}],"wp:attachment":[{"href":"https:\/\/sisu.ut.ee\/ope\/wp-json\/wp\/v2\/media?parent=107"}],"curies":[{"name":"wp","href":"https:\/\/api.w.org\/{rel}","templated":true}]}}