{"id":106,"date":"2024-04-04T07:15:59","date_gmt":"2024-04-04T04:15:59","guid":{"rendered":"https:\/\/sisu.ut.ee\/ope\/uhisjuhendamise-lepingu-tingimused\/"},"modified":"2025-05-19T16:42:32","modified_gmt":"2025-05-19T13:42:32","slug":"uhisjuhendamise-lepingu-tingimused","status":"publish","type":"page","link":"https:\/\/sisu.ut.ee\/ope\/uhisjuhendamise-lepingu-tingimused\/","title":{"rendered":"III.8.2. \u00dchisjuhendamise lepingu tingimused"},"content":{"rendered":"<p style=\"text-align: justify;\"><strong><br>\n162. <\/strong>\u00dclikooli doktorikraadi andev n\u00f5ukogu kiidab \u00fchisjuhendamise lepingu heaks eeldusel, et selles lepitakse kokku v\u00e4hemalt j\u00e4rgmistes tingimustes:<\/p>\n<p style=\"text-align: justify; margin-left: 40px;\"><strong>162.1.<\/strong> doktorandi \u00f5ppesse registreerimise tingimused \u00fclikoolis ja v\u00e4lisk\u00f5rgkoolis ning planeeritav \u00f5ppeaeg;<br>\n<strong>162.2.<\/strong> uurimist\u00f6\u00f6 teema ja \u00fclikoolis l\u00e4bitav doktori\u00f5ppe programm ja eriala;<br>\n<strong>162.3.<\/strong> juhendajad \u00fclikoolis ja v\u00e4lisk\u00f5rgkoolis ning nende kohustused doktorandi juhendamisel;<br>\n<strong>162.4.<\/strong> individuaalplaan, sealhulgas kohustuslikud oppeained ja koolitused, ja eeldatav ajakava;<br>\n<strong>162.5.<\/strong> V\u00d5TA tingimused;<br>\n<strong>162.6.<\/strong> \u00f5pingute ja teadust\u00f6\u00f6, muu hulgas konverentsidel osalemise ja l\u00e4hetuste rahastamise tingimused;<br>\n<strong>162.7.<\/strong> vastastikuse teavitamise ja aruandluse n\u00f5uded, muu hulgas atesteerimiseks esitatavad dokumendid;<br>\n<strong>162.8. <\/strong>kraadi taotlemise kord;<br>\n<strong>162.9.<\/strong> doktorit\u00f6\u00f6 vormistamise ja publitseerimise tingimused ja kord, sealhulgas doktorit\u00f6\u00f6 keel;<br>\n<strong>162.10.<\/strong> doktorit\u00f6\u00f6d puudutavad intellektuaalomandi \u00f5igused;<br>\n<strong>162.11.<\/strong> doktorit\u00f6\u00f6 kaitsmise tingimused ja kord, sealhulgas kaitsmise keel ja koht;<br>\n<strong>162.12<\/strong>. \u00fchisn\u00f5ukogu moodustamise, otsuste tegemise ja nende vaidlustamise kord;<br>\n<strong>162.13.<\/strong> l\u00f5petamisel v\u00e4ljastatavad l\u00f5pudokumendid ja akadeemilised kraadid;<br>\n<strong>162.14.<\/strong> lepingu l\u00f5ppemise tingimused ja kord.<\/p>\n<p style=\"text-align: justify;\"><strong>163.<\/strong> Doktori\u00f5ppes \u00f5ppija, kes on s\u00f5lminud \u00fclikooli ja v\u00e4lisk\u00f5rgkooliga \u00fchisjuhendamise lepingu, mis kehtib kraadi taotlemise hetkel, v\u00f5ib taotleda doktorit\u00f6\u00f6 kaitsmist \u00fchisjuhendamise lepingus kokku lepitud tingimustel ja korras, kui ta<\/p>\n<p style=\"text-align: justify; margin-left: 40px;\"><strong>163.1. <\/strong>taotleb doktorikraadi \u00fchisjuhendamise lepingus kokku lepitud \u00fclikooli doktori\u00f5ppe programmi alusel;<br>\n<strong>163.2.<\/strong> on t\u00e4itnud <a title=\"\" href=\"https:\/\/sisu.ut.ee\/ope\/nouded-doktorikraadi-taotlejale\/#103\" target=\"_blank\" rel=\"noopener\" data-url=\"https:\/\/sisu.ut.ee\/ope\/n%C3%B5uded-doktorikraadi-taotlejale?lang=et#103\">punktis 103<\/a> nimetatud tingimused, sealjuures on l\u00e4binud \u00fclikooli doktori\u00f5ppe programmis ette n\u00e4htud \u00f5ppet\u00f6\u00f6 mahust v\u00e4hemalt poole ulatuses \u00fclikoolis.<\/p>\n<p style=\"text-align: justify;\"><strong>164.<\/strong> Kui doktori\u00f5ppes \u00f5ppija soovib doktorit\u00f6\u00f6d kaitsta \u00fchisjuhendamise lepingu alusel, toimub doktorikraadi taotlemine, doktorit\u00f6\u00f6 vormistamine, publitseerimine ja kaitsmine ning kraadi andmise otsustamine \u00fchisjuhendamise lepingus kokkulepitud tingimustel ja korras.<\/p>\n<p style=\"text-align: justify;\"><\/p><div class=\"accordion mb-3\">\n        <div class=\"accordion-item accordion-item--white\">\n        <h2 class=\"accordion-header\" id=\"accordion-69d5dc15de67a-heading\">\n            <button class=\"accordion-button collapsed\" type=\"button\" data-bs-toggle=\"collapse\" data-bs-target=\"#accordion-69d5dc15de67a-collapse\" aria-expanded=\"true\" aria-controls=\"accordion-69d5dc15de67a-collapse\">Lisainfo<\/button>\n        <\/h2>\n        <div id=\"accordion-69d5dc15de67a-collapse\" class=\"accordion-collapse collapse\" aria-labelledby=\"accordion-69d5dc15de67a-heading\">\n            <div class=\"accordion-body\">Lepingu tingimused:\n<ul>\n<li style=\"text-align: justify;\">Lepingus kokkulepitav ei tohi olla vastuolus kummagi riigi seadustega, kuid kokkulepitavad tingimused v\u00f5ivad erineda tavap\u00e4rasest kraadi taotlemise korrast Tartu \u00dclikoolis.<\/li>\n<li style=\"text-align: justify;\">\u00dcldiselt l\u00e4htutakse peamiselt selle \u00fclikooli \u00f5igusaktidest, kus toimub kaitsmine.<\/li>\n<\/ul>\n<p style=\"text-align: justify;\">Tartu \u00dclikooli n\u00f5uded, mida ei ole v\u00f5imalik lepingus muuta:<\/p>\n<ol>\n<li style=\"text-align: justify;\">Tartu \u00dclikooli doktori\u00f5ppekava peab l\u00e4bima t\u00e4ies mahus, sealhulgas peab Tartu \u00dclikoolis l\u00e4bima doktori\u00f5ppe programmis ette n\u00e4htud \u00f5ppet\u00f6\u00f6 mahust v\u00e4hemalt pool, neid \u00f5ppeaineid ei v\u00f5i V\u00d5TAga \u00fcle kanda;<\/li>\n<li style=\"text-align: justify;\">\u00dchine kaitsmiskomisjon peab olema v\u00e4hemalt kuueliikmeline ja v\u00e4hemalt kolm liiget peavad olema Tartu \u00dclikooli esindajad;<\/li>\n<li style=\"text-align: justify;\">Tulemuseks on nn double diplom, m\u00f5lemad \u00fclikoolid annavad v\u00e4lja oma diplomi vastava kraadi nimetusega.<\/li><\/ol><\/div>\n        <\/div>\n        <\/div>\n    <\/div>\n\n","protected":false},"excerpt":{"rendered":"<p>162. \u00dclikooli doktorikraadi andev n\u00f5ukogu kiidab \u00fchisjuhendamise lepingu heaks eeldusel, et selles lepitakse kokku v\u00e4hemalt j\u00e4rgmistes tingimustes: 162.1. doktorandi \u00f5ppesse registreerimise tingimused \u00fclikoolis ja v\u00e4lisk\u00f5rgkoolis ning planeeritav \u00f5ppeaeg; 162.2. uurimist\u00f6\u00f6 teema ja \u00fclikoolis l\u00e4bitav doktori\u00f5ppe programm ja eriala; 162.3. juhendajad &#8230;<\/p>\n","protected":false},"author":228,"featured_media":0,"parent":0,"menu_order":0,"comment_status":"closed","ping_status":"closed","template":"","meta":{"_acf_changed":false,"inline_featured_image":false,"footnotes":""},"class_list":["post-106","page","type-page","status-publish","hentry"],"acf":[],"_links":{"self":[{"href":"https:\/\/sisu.ut.ee\/ope\/wp-json\/wp\/v2\/pages\/106","targetHints":{"allow":["GET"]}}],"collection":[{"href":"https:\/\/sisu.ut.ee\/ope\/wp-json\/wp\/v2\/pages"}],"about":[{"href":"https:\/\/sisu.ut.ee\/ope\/wp-json\/wp\/v2\/types\/page"}],"author":[{"embeddable":true,"href":"https:\/\/sisu.ut.ee\/ope\/wp-json\/wp\/v2\/users\/228"}],"replies":[{"embeddable":true,"href":"https:\/\/sisu.ut.ee\/ope\/wp-json\/wp\/v2\/comments?post=106"}],"version-history":[{"count":5,"href":"https:\/\/sisu.ut.ee\/ope\/wp-json\/wp\/v2\/pages\/106\/revisions"}],"predecessor-version":[{"id":1896,"href":"https:\/\/sisu.ut.ee\/ope\/wp-json\/wp\/v2\/pages\/106\/revisions\/1896"}],"wp:attachment":[{"href":"https:\/\/sisu.ut.ee\/ope\/wp-json\/wp\/v2\/media?parent=106"}],"curies":[{"name":"wp","href":"https:\/\/api.w.org\/{rel}","templated":true}]}}