{"id":104,"date":"2024-04-04T07:15:59","date_gmt":"2024-04-04T04:15:59","guid":{"rendered":"https:\/\/sisu.ut.ee\/ope\/doktoritoo-korduskaitsmine\/"},"modified":"2024-04-16T16:00:34","modified_gmt":"2024-04-16T13:00:34","slug":"doktoritoo-korduskaitsmine","status":"publish","type":"page","link":"https:\/\/sisu.ut.ee\/ope\/doktoritoo-korduskaitsmine\/","title":{"rendered":"III.7.3. Doktorit\u00f6\u00f6 korduskaitsmine"},"content":{"rendered":"<p><strong><br>\n154. <\/strong>Doktorit\u00f6\u00f6 lubamiseks korduskaitsmisele esitab doktorikraadi taotleja n\u00f5ukogule avalduse.<\/p>\n<p><strong><a id=\"155\" name=\"155\"><\/a>155. <\/strong>N\u00f5ukogu teeb \u00fche kuu jooksul alates korduskaitsmisele lubamise avalduse saamisest otsuse, kas lubada doktorikraadi taotleja korduskaitsmisele v\u00f5i mitte. Otsus peab vastama <a title=\"\" href=\"https:\/\/sisu.ut.ee\/ope\/noukogu-otsused\/#128\" target=\"_blank\" rel=\"noopener\" data-url=\"https:\/\/sisu.ut.ee\/ope\/n%C3%B5ukogu-otsused?lang=et#128\">punktides 128\u2013130<\/a> esitatud n\u00f5uetele. Korduskaitsmisele mittelubamise otsus peab sisaldama p\u00f5hjendust. N\u00f5ukogu korduskaitsmisele lubamise otsuse alusel avatakse juurdep\u00e4\u00e4s elektroonsele doktorit\u00f6\u00f6le \u00fclikooli raamatukogu veebilehel v\u00e4hemalt \u00fcks kuu enne korduskaitsmist, v\u00e4lja arvatud juhul, kui doktorit\u00f6\u00f6 kaitsmine on kuulutatud kinniseks v\u00f5i doktorit\u00f6\u00f6 avaldamisele on seatud piirangud. Teave korduskaitsmise kohta avaldatakse \u00fclikooli veebilehel.<\/p>\n<p><strong>156. <\/strong>Korduskaitsmine toimub <a title=\"\" href=\"https:\/\/sisu.ut.ee\/ope\/kaitsmiskoosolek?lang=et#145\" target=\"_blank\" rel=\"noopener\" data-url=\"https:\/\/sisu.ut.ee\/ope\/kaitsmiskoosolek?lang=et#145\">punktide 145<\/a>\u2013<a title=\"\" href=\"https:\/\/sisu.ut.ee\/ope\/noukogu-otsus\/#149\" target=\"_blank\" rel=\"noopener\" data-url=\"https:\/\/sisu.ut.ee\/ope\/n%C3%B5ukogu-otsus?lang=et#149\">152<\/a> kohaselt.<\/p>\n<p><strong><a id=\"157\" name=\"157\"><\/a>157. <\/strong>Kui n\u00f5ukogu otsustab korduskaitsmisel <a title=\"\" href=\"https:\/\/sisu.ut.ee\/ope\/noukogu-otsus\/#149.2\" target=\"_blank\" rel=\"noopener\" data-url=\"https:\/\/sisu.ut.ee\/ope\/n%C3%B5ukogu-otsus?lang=et#149.2\">punkti 149.2<\/a> kohaselt doktorikraadi mitte anda, teeb n\u00f5ukogu teadusprorektorile ettepaneku doktorikraadi taotleja eksmatrikuleerida edasij\u00f5udmatuse t\u00f5ttu eeskirja <a title=\"\" href=\"https:\/\/sisu.ut.ee\/ope\/eksmatrikuleerimine-0?lang=et#87.3.4\" target=\"_blank\" rel=\"noopener\" data-url=\"https:\/\/sisu.ut.ee\/ope\/eksmatrikuleerimine-0?lang=et#87.3.4\">punkti 87.3.4<\/a> alusel.<\/p>\n","protected":false},"excerpt":{"rendered":"<p>154. Doktorit\u00f6\u00f6 lubamiseks korduskaitsmisele esitab doktorikraadi taotleja n\u00f5ukogule avalduse. 155. N\u00f5ukogu teeb \u00fche kuu jooksul alates korduskaitsmisele lubamise avalduse saamisest otsuse, kas lubada doktorikraadi taotleja korduskaitsmisele v\u00f5i mitte. Otsus peab vastama punktides 128\u2013130 esitatud n\u00f5uetele. Korduskaitsmisele mittelubamise otsus peab sisaldama &#8230;<\/p>\n","protected":false},"author":228,"featured_media":0,"parent":0,"menu_order":0,"comment_status":"closed","ping_status":"closed","template":"","meta":{"_acf_changed":false,"inline_featured_image":false,"footnotes":""},"class_list":["post-104","page","type-page","status-publish","hentry"],"acf":[],"_links":{"self":[{"href":"https:\/\/sisu.ut.ee\/ope\/wp-json\/wp\/v2\/pages\/104","targetHints":{"allow":["GET"]}}],"collection":[{"href":"https:\/\/sisu.ut.ee\/ope\/wp-json\/wp\/v2\/pages"}],"about":[{"href":"https:\/\/sisu.ut.ee\/ope\/wp-json\/wp\/v2\/types\/page"}],"author":[{"embeddable":true,"href":"https:\/\/sisu.ut.ee\/ope\/wp-json\/wp\/v2\/users\/228"}],"replies":[{"embeddable":true,"href":"https:\/\/sisu.ut.ee\/ope\/wp-json\/wp\/v2\/comments?post=104"}],"version-history":[{"count":3,"href":"https:\/\/sisu.ut.ee\/ope\/wp-json\/wp\/v2\/pages\/104\/revisions"}],"predecessor-version":[{"id":1432,"href":"https:\/\/sisu.ut.ee\/ope\/wp-json\/wp\/v2\/pages\/104\/revisions\/1432"}],"wp:attachment":[{"href":"https:\/\/sisu.ut.ee\/ope\/wp-json\/wp\/v2\/media?parent=104"}],"curies":[{"name":"wp","href":"https:\/\/api.w.org\/{rel}","templated":true}]}}