{"id":103,"date":"2024-04-04T07:15:59","date_gmt":"2024-04-04T04:15:59","guid":{"rendered":"https:\/\/sisu.ut.ee\/ope\/noukogu-otsus\/"},"modified":"2025-05-19T16:48:50","modified_gmt":"2025-05-19T13:48:50","slug":"noukogu-otsus","status":"publish","type":"page","link":"https:\/\/sisu.ut.ee\/ope\/noukogu-otsus\/","title":{"rendered":"III.7.2. N\u00f5ukogu otsus"},"content":{"rendered":"<p style=\"text-align: justify;\"><strong><br>\n<a id=\"149\" name=\"149\"><\/a>149. <\/strong>N\u00f5ukogu arutab kinnisel arutelul, milles osalevad n\u00f5ukogu liikmed ja oponent v\u00f5i oponendid ning ilma h\u00e4\u00e4le\u00f5iguseta juhendaja(d), doktorikraadi taotleja doktorit\u00f6\u00f6d, ettekannet ja suutlikkust kaitsta diskussioonis oma doktorit\u00f6\u00f6 p\u00f5hiseisukohti. Arvestades oponendi v\u00f5i oponentide hinnanguid doktorit\u00f6\u00f6le ja diskussioonile, v\u00f5tab n\u00f5ukogu avalikul h\u00e4\u00e4letusel vastu \u00fche j\u00e4rgmistest otsustest, mis protokollitakse:<\/p>\n<p style=\"text-align: justify; margin-left: 40px;\"><strong>149.1. <\/strong>doktorit\u00f6\u00f6 kaitsmine oli edukas (hinne \u201ekaitstud\u201c). Anda taotlejale doktorikraad;<br>\n<strong><a id=\"149.2\" name=\"149.2\"><\/a>149.2.<\/strong> doktorit\u00f6\u00f6 kaitsmine ei olnud edukas (hinne \u201emittekaitstud\u201c). Mitte anda doktorikraadi taotlejale doktorikraadi;<br>\n<strong>149.3.<\/strong> mitte teha otsust plagiaadi v\u00f5i muu akadeemilise petturluse kahtluse t\u00f5ttu. Saata doktorit\u00f6\u00f6 ekspertidele hinnangu andmiseks.<\/p>\n<p style=\"text-align: justify;\"><strong>150. <\/strong>N\u00f5ukogu otsus peab sisaldama p\u00f5hjendust. Kui n\u00f5ukogu otsustab doktorikraadi taotlejale doktorikraadi mitte anda, tuleb esitada t\u00f6\u00f6s v\u00f5i t\u00f6\u00f6 kaitsmisel ilmnenud sisulised puudused, mis ei lubanud doktorikraadi anda.<\/p>\n<p style=\"text-align: justify;\"><strong>151. <\/strong>Punktis 149.3 s\u00e4testatud juhul k\u00fcsib n\u00f5ukogu v\u00e4hemalt kaks eksperdihinnangut ning doktorikraadi taotleja ja juhendaja(te) seletuskirja. Seej\u00e4rel teeb n\u00f5ukogu \u00fche kuu jooksul p\u00e4rast kaitsmist \u00fche j\u00e4rgmistest otsustest, mis protokollitakse:<\/p>\n<p style=\"text-align: justify; margin-left: 40px;\"><strong>151.1. <\/strong>plagiaadi v\u00f5i muu akadeemilise petturluse kahtlus ei leidnud kinnitust ja<\/p>\n<p style=\"text-align: justify; margin-left: 80px;\"><strong>151.1.1. <\/strong>doktorit\u00f6\u00f6 kaitsmine oli edukas (hinne \u201ekaitstud\u201c). Anda taotlejale doktorikraad;<br>\n<strong><a id=\"151.1.2\" name=\"151.1.2\"><\/a>151.1.2. <\/strong>doktorit\u00f6\u00f6 kaitsmine ei olnud edukas (hinne \u201emittekaitstud\u201c). Mitte anda doktorikraadi taotlejale doktorikraadi;<\/p>\n<p style=\"text-align: justify; margin-left: 40px;\"><strong><a id=\"151.2\" name=\"151.2\"><\/a>151.2.<\/strong> plagiaadi v\u00f5i muu akadeemilise petturluse kahtlus leidis kinnitust. Mitte anda doktorikraadi taotlejale doktorikraadi ja teha teadusprorektorile ettepanek doktorant eksmatrikuleerida akadeemilise petturluse t\u00f5ttu eeskirja <a title=\"\" href=\"https:\/\/sisu.ut.ee\/ope\/eksmatrikuleerimine-0?lang=et#87.12.1\" target=\"_blank\" rel=\"noopener\" data-url=\"https:\/\/sisu.ut.ee\/ope\/eksmatrikuleerimine-0?lang=et#87.12.1\">punkti 87.12.1<\/a> alusel.<\/p>\n<p style=\"text-align: justify;\"><strong>152. <\/strong>Diplomi v\u00e4ljaandmise aluseks on n\u00f5ukogu koosoleku protokoll. Lisaks n\u00f5uetekohastele vormielementidele sisaldab protokoll doktorikraadi taotleja nime, doktorit\u00f6\u00f6 pealkirja eesti keeles ja keeles, milles doktorit\u00f6\u00f6 on kirjutatud, v\u00f5i eestikeelse doktorit\u00f6\u00f6 puhul eesti ja inglise keeles, juhendaja(te), oponendi v\u00f5i oponentide ja doktorit\u00f6\u00f6 kaitsmisel viibinud otsustus\u00f5iguslike n\u00f5ukogu liikmete nimesid koos teaduskraadidega, koosoleku juhataja nime, h\u00e4\u00e4letamistulemusi ning otsust doktorikraadi andmise kohta.<\/p>\n<p><strong>153. <\/strong>Kui n\u00f5ukogu otsustab doktorikraadi taotlejale doktorikraadi mitte anda, on taotlejal \u00f5igus taotleda \u00fcks kord sama doktorit\u00f6\u00f6 korduskaitsmisele lubamist n\u00f5ukogu m\u00e4\u00e4ratud aja jooksul.<\/p>\n<p style=\"text-align: justify;\">\n<\/p>","protected":false},"excerpt":{"rendered":"<p>149. N\u00f5ukogu arutab kinnisel arutelul, milles osalevad n\u00f5ukogu liikmed ja oponent v\u00f5i oponendid ning ilma h\u00e4\u00e4le\u00f5iguseta juhendaja(d), doktorikraadi taotleja doktorit\u00f6\u00f6d, ettekannet ja suutlikkust kaitsta diskussioonis oma doktorit\u00f6\u00f6 p\u00f5hiseisukohti. Arvestades oponendi v\u00f5i oponentide hinnanguid doktorit\u00f6\u00f6le ja diskussioonile, v\u00f5tab n\u00f5ukogu avalikul h\u00e4\u00e4letusel &#8230;<\/p>\n","protected":false},"author":228,"featured_media":0,"parent":0,"menu_order":0,"comment_status":"closed","ping_status":"closed","template":"","meta":{"_acf_changed":false,"inline_featured_image":false,"footnotes":""},"class_list":["post-103","page","type-page","status-publish","hentry"],"acf":[],"_links":{"self":[{"href":"https:\/\/sisu.ut.ee\/ope\/wp-json\/wp\/v2\/pages\/103","targetHints":{"allow":["GET"]}}],"collection":[{"href":"https:\/\/sisu.ut.ee\/ope\/wp-json\/wp\/v2\/pages"}],"about":[{"href":"https:\/\/sisu.ut.ee\/ope\/wp-json\/wp\/v2\/types\/page"}],"author":[{"embeddable":true,"href":"https:\/\/sisu.ut.ee\/ope\/wp-json\/wp\/v2\/users\/228"}],"replies":[{"embeddable":true,"href":"https:\/\/sisu.ut.ee\/ope\/wp-json\/wp\/v2\/comments?post=103"}],"version-history":[{"count":6,"href":"https:\/\/sisu.ut.ee\/ope\/wp-json\/wp\/v2\/pages\/103\/revisions"}],"predecessor-version":[{"id":1898,"href":"https:\/\/sisu.ut.ee\/ope\/wp-json\/wp\/v2\/pages\/103\/revisions\/1898"}],"wp:attachment":[{"href":"https:\/\/sisu.ut.ee\/ope\/wp-json\/wp\/v2\/media?parent=103"}],"curies":[{"name":"wp","href":"https:\/\/api.w.org\/{rel}","templated":true}]}}