{"id":102,"date":"2024-04-04T07:15:59","date_gmt":"2024-04-04T04:15:59","guid":{"rendered":"https:\/\/sisu.ut.ee\/ope\/kaitsmiskoosolek\/"},"modified":"2025-05-19T16:37:09","modified_gmt":"2025-05-19T13:37:09","slug":"kaitsmiskoosolek","status":"publish","type":"page","link":"https:\/\/sisu.ut.ee\/ope\/kaitsmiskoosolek\/","title":{"rendered":"III.7.1. Kaitsmiskoosolek"},"content":{"rendered":"<p style=\"text-align: justify;\"><strong><br><a id=\"145\" name=\"145\"><\/a>145. <\/strong>Doktorit\u00f6\u00f6d kaitstakse n\u00f5ukogu koosolekul avaliku akadeemilise diskussioonina. Kui doktorit\u00f6\u00f6 sisaldab riigisaladust, \u00e4risaladust, isikuandmete kaitse n\u00f5uetest tulenevalt avaldamisele mittekuuluvat v\u00f5i muud salastatud teavet, v\u00f5ib teadusprorektor n\u00f5ukogu ettepanekul kuulutada koosoleku kinniseks.<\/p>\n<p style=\"text-align: justify;\"><strong>146.<\/strong> Kaitsmine toimub vaid siis, kui kohal on doktorikraadi taotleja ja v\u00e4hemalt \u00fcks oponent ning koos lisaliikmetega v\u00e4hemalt kuus otsustus\u00f5iguslikku n\u00f5ukogu liiget. Kaitsmisel v\u00f5ib osaleda ka reaalajas toimuva kahesuunalist pilti ja heli v\u00f5imaldava side abil, v.a doktorikraadi taotleja, kes v\u00f5ib seda teha ainult m\u00f5juval p\u00f5hjusel ja teadusprodekaani otsusel.<\/p>\n<p style=\"text-align: justify;\"><strong>147.<\/strong> Kaitsmine, v\u00e4lja arvatud <a title=\"\" href=\"https:\/\/sisu.ut.ee\/ope\/noukogu-otsus\/\" target=\"_blank\" rel=\"noopener\" data-url=\"https:\/\/sisu.ut.ee\/ope\/n%C3%B5ukogu-otsus?lang=et#149\">punktis 149<\/a> nimetatud kinnine arutelu, salvestatakse heli- v\u00f5i videofailina, mida s\u00e4ilitatakse \u00fclikoolis kehtiva korra kohaselt. Kinnise kaitsmise korral kehtestatakse failile juurdep\u00e4\u00e4supiirang.<\/p>\n<p style=\"text-align: justify;\"><strong>148.<\/strong> Kaitsmine koosneb j\u00e4rgmistest osadest:<\/p>\n<p style=\"text-align: justify; margin-left: 40px;\"><strong>148.1.<\/strong> koosoleku juhataja sissejuhatus ja doktorikraadi taotleja tutvustamine;<br><strong>148.2. <\/strong>doktorikraadi taotleja ettekanne (<em>lectio praecursoria<\/em>);<br><strong>148.3.<\/strong> oponendi v\u00f5i oponentide s\u00f5nav\u00f5tud;<br><strong>148.4.<\/strong> akadeemiline diskussioon doktorikraadi taotleja ja oponendi v\u00f5i oponentide vahel;<br><strong>148.5. <\/strong>akadeemiline diskussioon n\u00f5ukogu liikmete ja kohalviibijatega;<br><strong>148.6.<\/strong> n\u00f5ukogu otsuse vastuv\u00f5tmine kinnisel arutelul;<br><strong>148.7.<\/strong> n\u00f5ukogu otsuse v\u00e4ljakuulutamine;<br><strong>148.8.<\/strong> doktorikraadi taotleja l\u00f5pps\u00f5na.<\/p>\n\n<div class=\"accordion-block mb-3\">\n\t\t<div class=\"accordion \" id=\"accordion-accordion-69d508a5b65d7\">\n\t\t\t\t\t\t\t<div class=\"accordion-item accordion-item--white\">\n\t\t\t\t\t<h2 class=\"accordion-header\" id=\"accordion-69d508a5b65d7-heading-1\">\n\t\t\t\t\t\t<button class=\"accordion-button collapsed\" type=\"button\" data-bs-toggle=\"collapse\" data-bs-target=\"#accordion-69d508a5b65d7-collapse-1\" aria-expanded=\"true\" aria-controls=\"accordion-69d508a5b65d7-collapse-1\">\n\t\t\t\t\t\t\tDoktorite promoveerimine\n\t\t\t\t\t\t<\/button>\n\t\t\t\t\t<\/h2>\n\t\t\t\t\t<div id=\"accordion-69d508a5b65d7-collapse-1\" class=\"accordion-collapse collapse \" aria-labelledby=\"accordion-69d508a5b65d7-heading-1\">\n\t\t\t\t\t\t<div class=\"accordion-body\">\n\t\t\t\t\t\t\t<p>Tartu \u00dclikoolis antakse doktoridiplomeid k\u00e4tte iga aasta 1. detsembril, mil aulas toimub pidulik aktus.<\/p>\n<p>Et saada diplom k\u00e4tte 1. detsembril, peab kaitsmine toimuma hiljemalt sama aasta 23. novembril. Kui doktorit\u00f6\u00f6d kaitstakse p\u00e4rast 23. novembrit, antakse diplom k\u00e4tte j\u00e4rgmise aasta 1. detsembril.<\/p>\n<p>\u00dclikool saadab k\u00f5igile aasta jooksul oma t\u00f6\u00f6 kaitsnud doktoritele kutsed. \u00dclikooli t\u00f6\u00f6tajatele edastatakse kutse nende \u00fclikooli e-posti aadressile, mujal t\u00f6\u00f6tavatele doktoritele nende CV-s m\u00e4rgitud e-posti aadressile (NB! Palume kontrollida, kas CV-sse sisestatud e-posti aadressi kaudu saab Teiega \u00fchendust).<\/p>\n<p>Diplomi k\u00e4ttesaamise kohta tuleb anda allkiri. Seda v\u00f5ib teha t\u00f6\u00f6p\u00e4evadel \u00f5ppeosakonnas aadressil Jakobi 1 (sissep\u00e4\u00e4s hoovi poolt) v\u00f5i vahetult enne aktust peahoone fuajees.<\/p>\n<p>Kui 1. detsembri aktusel ei ole v\u00f5imalik osaleda, saab diplomi k\u00e4tte hiljem \u00f5ppeosakonnast (Jakobi 1) \u00f5ppekorralduse spetsialistilt Helen Asveitilt (737 5628; <a href=\"mailto:helen.asveit@ut.ee\">helen.asveit@ut.ee<\/a>). Kui enne diplomi k\u00e4ttesaamist on vaja doktorikraadi kaitsmist t\u00f5endada, saab sealtsamast ka sellekohase t\u00f5endi.<\/p>\n<p><strong>Promoveerimine<\/strong><\/p>\n<p>Doktoritele on aulas kohad reserveeritud.<\/p>\n<p>Promoveerimise k\u00e4ik on j\u00e4rgmine:<br>\n\u2013 akadeemiline sekret\u00e4r \u00fctleb doktori nime ja loeb ette diplomi teksti;<br>\n\u2013 doktor t\u00f5useb ning tuleb akadeemilise sekret\u00e4ri ja rektori juurde;<br>\n\u2013 rektor annab diplomi \u00fcle ja surub k\u00e4tt;<br>\n\u2013 doktorile antakse \u00fcle lilled.<\/p>\n<p><u>Riietus<\/u><br>\nMeestel frakk, tume \u00fclikond v\u00f5i rahvar\u00f5ivad<br>\nNaistel (pikk) kleit, kost\u00fc\u00fcm (ka p\u00fckskost\u00fc\u00fcm) v\u00f5i rahvar\u00f5ivad<br>\nAum\u00e4rgid<\/p>\n<p>Suur dekoltee, paljad \u00f5lad ja argir\u00f5ivad pole kohased.<\/p>\n\n\t\t\t\t\t\t<\/div>\n\t\t\t\t\t<\/div>\n\t\t\t\t<\/div>\n\t\t\t\t\t<\/div>\n\t<\/div>\n","protected":false},"excerpt":{"rendered":"<p>145. Doktorit\u00f6\u00f6d kaitstakse n\u00f5ukogu koosolekul avaliku akadeemilise diskussioonina. Kui doktorit\u00f6\u00f6 sisaldab riigisaladust, \u00e4risaladust, isikuandmete kaitse n\u00f5uetest tulenevalt avaldamisele mittekuuluvat v\u00f5i muud salastatud teavet, v\u00f5ib teadusprorektor n\u00f5ukogu ettepanekul kuulutada koosoleku kinniseks. 146. Kaitsmine toimub vaid siis, kui kohal on doktorikraadi taotleja &#8230;<\/p>\n","protected":false},"author":228,"featured_media":0,"parent":0,"menu_order":0,"comment_status":"closed","ping_status":"closed","template":"","meta":{"_acf_changed":false,"inline_featured_image":false,"footnotes":""},"class_list":["post-102","page","type-page","status-publish","hentry"],"acf":[],"_links":{"self":[{"href":"https:\/\/sisu.ut.ee\/ope\/wp-json\/wp\/v2\/pages\/102","targetHints":{"allow":["GET"]}}],"collection":[{"href":"https:\/\/sisu.ut.ee\/ope\/wp-json\/wp\/v2\/pages"}],"about":[{"href":"https:\/\/sisu.ut.ee\/ope\/wp-json\/wp\/v2\/types\/page"}],"author":[{"embeddable":true,"href":"https:\/\/sisu.ut.ee\/ope\/wp-json\/wp\/v2\/users\/228"}],"replies":[{"embeddable":true,"href":"https:\/\/sisu.ut.ee\/ope\/wp-json\/wp\/v2\/comments?post=102"}],"version-history":[{"count":7,"href":"https:\/\/sisu.ut.ee\/ope\/wp-json\/wp\/v2\/pages\/102\/revisions"}],"predecessor-version":[{"id":1891,"href":"https:\/\/sisu.ut.ee\/ope\/wp-json\/wp\/v2\/pages\/102\/revisions\/1891"}],"wp:attachment":[{"href":"https:\/\/sisu.ut.ee\/ope\/wp-json\/wp\/v2\/media?parent=102"}],"curies":[{"name":"wp","href":"https:\/\/api.w.org\/{rel}","templated":true}]}}